{"id":27117,"date":"2025-09-18T09:31:03","date_gmt":"2025-09-18T08:31:03","guid":{"rendered":"https:\/\/rosenvoldcamping.dk\/informationen\/"},"modified":"2025-12-16T21:23:42","modified_gmt":"2025-12-16T20:23:42","slug":"informationen","status":"publish","type":"page","link":"https:\/\/rosenvoldcamping.dk\/de\/praktikabilitaet\/informationen\/","title":{"rendered":"Informationen"},"content":{"rendered":"","protected":false},"excerpt":{"rendered":"","protected":false},"author":1,"featured_media":0,"parent":27729,"menu_order":0,"comment_status":"closed","ping_status":"closed","template":"","meta":{"_et_pb_use_builder":"","_et_pb_old_content":"","_et_gb_content_width":"","footnotes":""},"folder":[],"class_list":["post-27117","page","type-page","status-publish","hentry"],"yoast_head":"<!-- This site is optimized with the Yoast SEO plugin v27.5 - https:\/\/yoast.com\/product\/yoast-seo-wordpress\/ -->\n<title>Informationen \u00fcber Rosenvold Strand Camping bei Juelsminde<\/title>\n<meta name=\"description\" content=\"Entdecken Sie Rosenvold Strand Camping mit unseren Brosch\u00fcren und verschiedenen Videos. Planen Sie Ihren n\u00e4chsten Abenteuerurlaub an der K\u00fcste mit uns. Siehe mehr hier - Online buchen\" \/>\n<meta name=\"robots\" content=\"index, follow, max-snippet:-1, max-image-preview:large, max-video-preview:-1\" \/>\n<link rel=\"canonical\" href=\"https:\/\/rosenvoldcamping.dk\/de\/praktikabilitaet\/informationen\/\" \/>\n<meta property=\"og:locale\" content=\"de_DE\" \/>\n<meta property=\"og:type\" content=\"article\" \/>\n<meta property=\"og:title\" content=\"Informationen \u00fcber Rosenvold Strand Camping bei Juelsminde\" \/>\n<meta property=\"og:description\" content=\"Entdecken Sie Rosenvold Strand Camping mit unseren Brosch\u00fcren und verschiedenen Videos. Planen Sie Ihren n\u00e4chsten Abenteuerurlaub an der K\u00fcste mit uns. Siehe mehr hier - Online buchen\" \/>\n<meta property=\"og:url\" content=\"https:\/\/rosenvoldcamping.dk\/de\/praktikabilitaet\/informationen\/\" \/>\n<meta property=\"og:site_name\" content=\"Rosenvold Camping\" \/>\n<meta property=\"article:modified_time\" content=\"2025-12-16T20:23:42+00:00\" \/>\n<meta name=\"twitter:card\" content=\"summary_large_image\" \/>\n<script type=\"application\/ld+json\" class=\"yoast-schema-graph\">{\"@context\":\"https:\\\/\\\/schema.org\",\"@graph\":[{\"@type\":\"WebPage\",\"@id\":\"https:\\\/\\\/rosenvoldcamping.dk\\\/de\\\/praktikabilitaet\\\/informationen\\\/\",\"url\":\"https:\\\/\\\/rosenvoldcamping.dk\\\/de\\\/praktikabilitaet\\\/informationen\\\/\",\"name\":\"Informationen \u00fcber Rosenvold Strand Camping bei Juelsminde\",\"isPartOf\":{\"@id\":\"https:\\\/\\\/rosenvoldcamping.dk\\\/de\\\/#website\"},\"datePublished\":\"2025-09-18T08:31:03+00:00\",\"dateModified\":\"2025-12-16T20:23:42+00:00\",\"description\":\"Entdecken Sie Rosenvold Strand Camping mit unseren Brosch\u00fcren und verschiedenen Videos. Planen Sie Ihren n\u00e4chsten Abenteuerurlaub an der K\u00fcste mit uns. Siehe mehr hier - Online buchen\",\"breadcrumb\":{\"@id\":\"https:\\\/\\\/rosenvoldcamping.dk\\\/de\\\/praktikabilitaet\\\/informationen\\\/#breadcrumb\"},\"inLanguage\":\"de\",\"potentialAction\":[{\"@type\":\"ReadAction\",\"target\":[\"https:\\\/\\\/rosenvoldcamping.dk\\\/de\\\/praktikabilitaet\\\/informationen\\\/\"]}]},{\"@type\":\"BreadcrumbList\",\"@id\":\"https:\\\/\\\/rosenvoldcamping.dk\\\/de\\\/praktikabilitaet\\\/informationen\\\/#breadcrumb\",\"itemListElement\":[{\"@type\":\"ListItem\",\"position\":1,\"name\":\"Hjem\",\"item\":\"https:\\\/\\\/rosenvoldcamping.dk\\\/de\\\/hauptseite\\\/\"},{\"@type\":\"ListItem\",\"position\":2,\"name\":\"Praktikabilit\u00e4t\",\"item\":\"https:\\\/\\\/rosenvoldcamping.dk\\\/de\\\/praktisk\\\/\"},{\"@type\":\"ListItem\",\"position\":3,\"name\":\"Informationen\"}]},{\"@type\":\"WebSite\",\"@id\":\"https:\\\/\\\/rosenvoldcamping.dk\\\/de\\\/#website\",\"url\":\"https:\\\/\\\/rosenvoldcamping.dk\\\/de\\\/\",\"name\":\"Rosenvold Camping\",\"description\":\"En oase ved fjorden\",\"potentialAction\":[{\"@type\":\"SearchAction\",\"target\":{\"@type\":\"EntryPoint\",\"urlTemplate\":\"https:\\\/\\\/rosenvoldcamping.dk\\\/de\\\/?s={search_term_string}\"},\"query-input\":{\"@type\":\"PropertyValueSpecification\",\"valueRequired\":true,\"valueName\":\"search_term_string\"}}],\"inLanguage\":\"de\"}]}<\/script>\n<!-- \/ Yoast SEO plugin. -->","yoast_head_json":{"title":"Informationen \u00fcber Rosenvold Strand Camping bei Juelsminde","description":"Entdecken Sie Rosenvold Strand Camping mit unseren Brosch\u00fcren und verschiedenen Videos. Planen Sie Ihren n\u00e4chsten Abenteuerurlaub an der K\u00fcste mit uns. Siehe mehr hier - Online buchen","robots":{"index":"index","follow":"follow","max-snippet":"max-snippet:-1","max-image-preview":"max-image-preview:large","max-video-preview":"max-video-preview:-1"},"canonical":"https:\/\/rosenvoldcamping.dk\/de\/praktikabilitaet\/informationen\/","og_locale":"de_DE","og_type":"article","og_title":"Informationen \u00fcber Rosenvold Strand Camping bei Juelsminde","og_description":"Entdecken Sie Rosenvold Strand Camping mit unseren Brosch\u00fcren und verschiedenen Videos. Planen Sie Ihren n\u00e4chsten Abenteuerurlaub an der K\u00fcste mit uns. Siehe mehr hier - Online buchen","og_url":"https:\/\/rosenvoldcamping.dk\/de\/praktikabilitaet\/informationen\/","og_site_name":"Rosenvold Camping","article_modified_time":"2025-12-16T20:23:42+00:00","twitter_card":"summary_large_image","schema":{"@context":"https:\/\/schema.org","@graph":[{"@type":"WebPage","@id":"https:\/\/rosenvoldcamping.dk\/de\/praktikabilitaet\/informationen\/","url":"https:\/\/rosenvoldcamping.dk\/de\/praktikabilitaet\/informationen\/","name":"Informationen \u00fcber Rosenvold Strand Camping bei Juelsminde","isPartOf":{"@id":"https:\/\/rosenvoldcamping.dk\/de\/#website"},"datePublished":"2025-09-18T08:31:03+00:00","dateModified":"2025-12-16T20:23:42+00:00","description":"Entdecken Sie Rosenvold Strand Camping mit unseren Brosch\u00fcren und verschiedenen Videos. Planen Sie Ihren n\u00e4chsten Abenteuerurlaub an der K\u00fcste mit uns. Siehe mehr hier - Online buchen","breadcrumb":{"@id":"https:\/\/rosenvoldcamping.dk\/de\/praktikabilitaet\/informationen\/#breadcrumb"},"inLanguage":"de","potentialAction":[{"@type":"ReadAction","target":["https:\/\/rosenvoldcamping.dk\/de\/praktikabilitaet\/informationen\/"]}]},{"@type":"BreadcrumbList","@id":"https:\/\/rosenvoldcamping.dk\/de\/praktikabilitaet\/informationen\/#breadcrumb","itemListElement":[{"@type":"ListItem","position":1,"name":"Hjem","item":"https:\/\/rosenvoldcamping.dk\/de\/hauptseite\/"},{"@type":"ListItem","position":2,"name":"Praktikabilit\u00e4t","item":"https:\/\/rosenvoldcamping.dk\/de\/praktisk\/"},{"@type":"ListItem","position":3,"name":"Informationen"}]},{"@type":"WebSite","@id":"https:\/\/rosenvoldcamping.dk\/de\/#website","url":"https:\/\/rosenvoldcamping.dk\/de\/","name":"Rosenvold Camping","description":"En oase ved fjorden","potentialAction":[{"@type":"SearchAction","target":{"@type":"EntryPoint","urlTemplate":"https:\/\/rosenvoldcamping.dk\/de\/?s={search_term_string}"},"query-input":{"@type":"PropertyValueSpecification","valueRequired":true,"valueName":"search_term_string"}}],"inLanguage":"de"}]}},"_links":{"self":[{"href":"https:\/\/rosenvoldcamping.dk\/de\/wp-json\/wp\/v2\/pages\/27117","targetHints":{"allow":["GET"]}}],"collection":[{"href":"https:\/\/rosenvoldcamping.dk\/de\/wp-json\/wp\/v2\/pages"}],"about":[{"href":"https:\/\/rosenvoldcamping.dk\/de\/wp-json\/wp\/v2\/types\/page"}],"author":[{"embeddable":true,"href":"https:\/\/rosenvoldcamping.dk\/de\/wp-json\/wp\/v2\/users\/1"}],"replies":[{"embeddable":true,"href":"https:\/\/rosenvoldcamping.dk\/de\/wp-json\/wp\/v2\/comments?post=27117"}],"version-history":[{"count":1,"href":"https:\/\/rosenvoldcamping.dk\/de\/wp-json\/wp\/v2\/pages\/27117\/revisions"}],"predecessor-version":[{"id":27730,"href":"https:\/\/rosenvoldcamping.dk\/de\/wp-json\/wp\/v2\/pages\/27117\/revisions\/27730"}],"up":[{"embeddable":true,"href":"https:\/\/rosenvoldcamping.dk\/de\/wp-json\/wp\/v2\/pages\/27729"}],"wp:attachment":[{"href":"https:\/\/rosenvoldcamping.dk\/de\/wp-json\/wp\/v2\/media?parent=27117"}],"wp:term":[{"taxonomy":"folder","embeddable":true,"href":"https:\/\/rosenvoldcamping.dk\/de\/wp-json\/wp\/v2\/folder?post=27117"}],"curies":[{"name":"wp","href":"https:\/\/api.w.org\/{rel}","templated":true}]}}