{"id":27134,"date":"2025-09-18T09:31:07","date_gmt":"2025-09-18T08:31:07","guid":{"rendered":"https:\/\/rosenvoldcamping.dk\/allgemeine-informationen\/"},"modified":"2025-12-16T21:23:42","modified_gmt":"2025-12-16T20:23:42","slug":"allgemeine-informationen","status":"publish","type":"page","link":"https:\/\/rosenvoldcamping.dk\/de\/praktikabilitaet\/allgemeine-informationen\/","title":{"rendered":"Allgemeine Informationen"},"content":{"rendered":"<p>[et_pb_section fb_built=&#8220;1&#8243; _builder_version=&#8220;4.27.4&#8243; background_image=&#8220;https:\/\/rosenvoldcamping.dk\/wp-content\/uploads\/2025\/10\/Rosenvold_IMG_8434.jpg&#8220; min_height=&#8220;550px&#8220; global_colors_info=&#8220;{}&#8220;][et_pb_row _builder_version=&#8220;4.27.4&#8243; global_colors_info=&#8220;{}&#8220;][et_pb_column type=&#8220;4_4&#8243; _builder_version=&#8220;4.16&#8243; custom_padding=&#8220;|||&#8220; global_colors_info=&#8220;{}&#8220; custom_padding__hover=&#8220;|||&#8220;][et_pb_text _builder_version=&#8220;4.27.4&#8243; header_font=&#8220;|800|||||||&#8220; header_text_color=&#8220;gcid-heading-color&#8220; header_font_size=&#8220;44px&#8220; header_2_font=&#8220;|800|||||||&#8220; header_2_text_color=&#8220;gcid-heading-color&#8220; header_2_font_size=&#8220;44px&#8220; text_orientation=&#8220;center&#8220; custom_margin=&#8220;||15px&#8220; header_2_font_size_tablet=&#8220;&#8220; header_2_font_size_phone=&#8220;34px&#8220; header_2_font_size_last_edited=&#8220;on|phone&#8220; global_colors_info=&#8220;{%22gcid-heading-color%22:%91%22header_2_text_color%22,%22header_text_color%22%93}&#8220;]<\/p>\n<h1><span style=\"color: #ffffff;\">Allgemeine Informationen und FAQ<\/span><\/h1>\n<p>[\/et_pb_text][et_pb_divider divider_style=&#8220;dotted&#8220; divider_weight=&#8220;8px&#8220; _builder_version=&#8220;4.16&#8243; max_width=&#8220;8%&#8220; module_alignment=&#8220;center&#8220; custom_margin=&#8220;||15px&#8220; global_colors_info=&#8220;{}&#8220;][\/et_pb_divider][et_pb_text _builder_version=&#8220;4.27.4&#8243; header_font=&#8220;||||||||&#8220; header_2_font=&#8220;|800|||||||&#8220; header_2_text_align=&#8220;center&#8220; header_2_text_color=&#8220;#ffffff&#8220; header_2_font_size=&#8220;44px&#8220; custom_margin=&#8220;||15px&#8220; global_colors_info=&#8220;{}&#8220;][\/et_pb_text][\/et_pb_column][\/et_pb_row][\/et_pb_section][et_pb_section fb_built=&#8220;1&#8243; custom_padding_last_edited=&#8220;on|desktop&#8220; _builder_version=&#8220;4.27.4&#8243; custom_padding=&#8220;||144px||false|false&#8220; custom_padding_tablet=&#8220;||150px||false|false&#8220; custom_padding_phone=&#8220;||150px||false|false&#8220; bottom_divider_color=&#8220;gcid-54f53681-a1a7-480a-a9b1-2870b6981fc0&#8243; global_colors_info=&#8220;{%22gcid-54f53681-a1a7-480a-a9b1-2870b6981fc0%22:%91%22bottom_divider_color%22%93}&#8220;][et_pb_row padding_top_bottom_link_2=&#8220;true&#8220; padding_left_right_link_2=&#8220;true&#8220; _builder_version=&#8220;4.27.4&#8243; custom_padding=&#8220;32px|0px|0|0px|false|false&#8220; global_colors_info=&#8220;{}&#8220;][et_pb_column type=&#8220;4_4&#8243; _builder_version=&#8220;4.16&#8243; custom_padding=&#8220;|||&#8220; global_colors_info=&#8220;{}&#8220; custom_padding__hover=&#8220;|||&#8220;][et_pb_text _builder_version=&#8220;4.27.4&#8243; header_font=&#8220;||||||||&#8220; header_2_font=&#8220;|800|||||||&#8220; header_2_text_color=&#8220;#3a1d1d&#8220; header_2_font_size=&#8220;44px&#8220; custom_margin=&#8220;||15px&#8220; header_2_font_size_tablet=&#8220;&#8220; header_2_font_size_phone=&#8220;34px&#8220; header_2_font_size_last_edited=&#8220;on|phone&#8220; global_colors_info=&#8220;{}&#8220;]<\/p>\n<h2>FAQ und was Sie brauchen<\/h2>\n<p>[\/et_pb_text][\/et_pb_column][\/et_pb_row][et_pb_row column_structure=&#8220;1_2,1_2&#8243; make_equal=&#8220;on&#8220; admin_label=&#8220;Reihe&#8220; _builder_version=&#8220;4.27.4&#8243; _module_preset=&#8220;default&#8220; global_colors_info=&#8220;{}&#8220;][et_pb_column type=&#8220;1_2&#8243; _builder_version=&#8220;4.27.4&#8243; _module_preset=&#8220;default&#8220; sticky_limit_top=&#8220;row&#8220; sticky_limit_bottom=&#8220;section&#8220; sticky_position_tablet=&#8220;none&#8220; sticky_position_phone=&#8220;top&#8220; sticky_position_last_edited=&#8220;off|desktop&#8220; global_colors_info=&#8220;{}&#8220;][et_pb_text _builder_version=&#8220;4.27.4&#8243; header_font=&#8220;||||||||&#8220; header_2_font=&#8220;|800|||||||&#8220; header_2_text_color=&#8220;#3a1d1d&#8220; header_2_font_size=&#8220;44px&#8220; custom_margin=&#8220;||15px&#8220; header_2_font_size_tablet=&#8220;&#8220; header_2_font_size_phone=&#8220;34px&#8220; header_2_font_size_last_edited=&#8220;on|phone&#8220; global_colors_info=&#8220;{}&#8220;]<\/p>\n<h3>Antworten auf Ihre Fragen<\/h3>\n<p>[\/et_pb_text][et_pb_text _builder_version=&#8220;4.27.4&#8243; _module_preset=&#8220;default&#8220; global_colors_info=&#8220;{}&#8220;]<\/p>\n<p>Wenn Sie Fragen zur Website oder zu den Vorg\u00e4ngen rund um die Website haben, finden Sie hier viele Antworten &#8211; wenn Sie die Antwort nicht finden, k\u00f6nnen Sie sich nat\u00fcrlich jederzeit an die Rezeption wenden.<\/p>\n<p>Bitte informieren Sie uns \u00fcber Vandalismus, tropfende Wasserh\u00e4hne, St\u00f6rungen und andere ungl\u00fcckliche Umst\u00e4nde, die unserer sofortigen Aufmerksamkeit bed\u00fcrfen &#8211; dies kann an der Rezeption oder durch einen Anruf beim Campmanager unter der unten angegebenen Telefonnummer geschehen.<\/p>\n<p><strong>N\u00fctzliche Telefonnummern:<\/strong><br \/>Camp Manager: +45 7569 1415 \/ +45 2142 5242<br \/>\u00c4rztlicher Notdienst: +45 7011 3131<br \/>Notrufzentrale: 112<br \/>Polizei: 114<br \/>Juelsminde Apotheke: +45 7569 4361<br \/>Vejle Tierklinik: +45 7582 1600<\/p>\n<p>[\/et_pb_text][et_pb_toggle title=&#8220;Ankunft&#8220; _builder_version=&#8220;4.27.4&#8243; _module_preset=&#8220;default&#8220; global_colors_info=&#8220;{}&#8220;]<\/p>\n<p>Wir freuen uns darauf, Sie auf Rosenvold Strand Camping begr\u00fc\u00dfen zu d\u00fcrfen!<\/p>\n<p>Sie k\u00f6nnen ab 14.00 Uhr auf unseren Campingpl\u00e4tzen ankommen, so dass Sie gen\u00fcgend Zeit haben, Ihren Platz zu finden, Ihr Zelt aufzustellen oder Ihren Wohnwagen vorzubereiten, bevor Ihr Urlaub richtig beginnt.<\/p>\n<p>Wenn Sie eine unserer Mieteinheiten gemietet haben, k\u00f6nnen Sie erst ab 15:00 Uhr einchecken. Dies erm\u00f6glicht es uns, die Einheiten vorzubereiten, damit Sie von der ersten Minute an einen komfortablen und einladenden Aufenthalt genie\u00dfen k\u00f6nnen.<\/p>\n<p>[\/et_pb_toggle][et_pb_toggle title=&#8220;Abreise&#8220; _builder_version=&#8220;4.27.4&#8243; _module_preset=&#8220;default&#8220; hover_enabled=&#8220;0&#8243; global_colors_info=&#8220;{}&#8220; sticky_enabled=&#8220;0&#8243;]<\/p>\n<p>In der Nebensaison &#8211; muss der Platz vor 11 Uhr ger\u00e4umt sein. Sie m\u00fcssen bereit sein, den Stellplatz bis 12 Uhr mittags zu verlassen, da der Stellplatz von jemand anderem gebucht werden k\u00f6nnte. Wenn niemand kommt, ist es m\u00f6glich, etwas l\u00e4nger zu bleiben, damit der Stellplatz bis 15:00 Uhr ger\u00e4umt ist. Gemietete H\u00fctten, Mobilheime, Safarizelte, Wohnwagen und Zelte m\u00fcssen bis 11 Uhr ger\u00e4umt werden. <\/p>\n<p>In der Hochsaison &#8211; sp\u00e4testens um 12 Uhr ger\u00e4umt und verlassen. Gemietete H\u00fctten, Mobilheime, Safarizelte, Wohnwagen und Zelte m\u00fcssen bis 11 Uhr ger\u00e4umt sein.<\/p>\n<p>[\/et_pb_toggle][et_pb_toggle title=&#8220;\u00d6ffnungszeiten der Gesch\u00e4fte&#8220; _builder_version=&#8220;4.27.4&#8243; _module_preset=&#8220;default&#8220; global_colors_info=&#8220;{}&#8220;]<\/p>\n<p>In der Nebensaison k\u00f6nnen die \u00d6ffnungszeiten variieren, achten Sie also auf das Schild an der T\u00fcr. In der Hochsaison sind wir jeden Tag von 08:00 bis 20:00 Uhr ge\u00f6ffnet. <\/p>\n<p>Obwohl der Laden in der Nebensaison an manchen Tagen geschlossen ist, k\u00f6nnen die G\u00e4ste des Campingplatzes jederzeit zur Rezeption oder zum Informationsschalter gehen, wenn sie Brot bestellen oder abholen m\u00f6chten.<\/p>\n<p>Wir freuen uns darauf, Sie in unserem Gesch\u00e4ft begr\u00fc\u00dfen zu d\u00fcrfen!<\/p>\n<p>[\/et_pb_toggle][et_pb_toggle title=&#8220;\u00d6ffnungszeiten Rezeption\/Information&#8220; _builder_version=&#8220;4.27.4&#8243; _module_preset=&#8220;default&#8220; hover_enabled=&#8220;0&#8243; global_colors_info=&#8220;{}&#8220; sticky_enabled=&#8220;0&#8243;]<\/p>\n<p data-start=\"174\" data-end=\"186\"><strong data-start=\"174\" data-end=\"184\">Nebensaison:<\/strong><\/p>\n<ul data-start=\"187\" data-end=\"260\">\n<li data-start=\"187\" data-end=\"231\">\n<p data-start=\"189\" data-end=\"231\">Wochentags: 09.30-11.00 und 14.00-17.00<\/p>\n<\/li>\n<li data-start=\"232\" data-end=\"260\">\n<p data-start=\"234\" data-end=\"260\">Wochenende: 09.00-17.00<\/p>\n<\/li>\n<\/ul>\n<p data-start=\"262\" data-end=\"277\"><strong data-start=\"262\" data-end=\"275\">Hochsaison:<\/strong><\/p>\n<ul data-start=\"278\" data-end=\"323\">\n<li data-start=\"278\" data-end=\"323\">\n<p data-start=\"280\" data-end=\"323\">Alle Tage: 09.00-12.00 und 13.00-18.00<\/p>\n<\/li>\n<\/ul>\n<p data-start=\"325\" data-end=\"386\">  Die Anreise ist von 13:00-21:30 Uhr oder nach Vereinbarung m\u00f6glich.<\/p>\n<p data-start=\"388\" data-end=\"473\">Die \u00d6ffnungszeiten k\u00f6nnen sich je nach Bedarf \u00e4ndern, werden aber auf der Tafel an der T\u00fcr aktualisiert.<\/p>\n<p data-start=\"475\" data-end=\"574\">Wenn Sie au\u00dferhalb der \u00d6ffnungszeiten mit uns in Kontakt treten m\u00f6chten, k\u00f6nnen Sie uns jederzeit unter der Nummer +45 75 69 14 15 erreichen.<\/p>\n<p>[\/et_pb_toggle][et_pb_toggle title=&#8220;Defibrillator&#8220; _builder_version=&#8220;4.27.4&#8243; _module_preset=&#8220;default&#8220; global_colors_info=&#8220;{}&#8220;]<\/p>\n<p>Vor dem Gesch\u00e4ft befindet sich ein AED. Im Falle eines Herzstillstands rufen Sie 112 an und holen den Defibrillator. <\/p>\n<p>[\/et_pb_toggle][et_pb_toggle title=&#8220;Chemische Toilette und Abwasser&#8220; _builder_version=&#8220;4.27.4&#8243; _module_preset=&#8220;default&#8220; global_colors_info=&#8220;{}&#8220;]<\/p>\n<p>Leeren Sie den markierten Bereich bei den Servicegeb\u00e4uden C und D.<\/p>\n<p>[\/et_pb_toggle][et_pb_toggle title=&#8220;Das Quadrat&#8220; _builder_version=&#8220;4.27.4&#8243; _module_preset=&#8220;default&#8220; global_colors_info=&#8220;{}&#8220;]<\/p>\n<p data-start=\"96\" data-end=\"290\">Zwischen 23:00 und 07:00 Uhr muss es auf dem Gel\u00e4nde ruhig sein. Musik, Fernsehen und lautes Sprechen d\u00fcrfen andere G\u00e4ste nicht st\u00f6ren.<br data-start=\"217\" data-end=\"220\">W\u00e4hrend dieser Zeit ist es auch nicht erlaubt, mit dem Auto \u00fcber den Platz zu fahren. <\/p>\n<p data-start=\"292\" data-end=\"370\">Bitte nehmen Sie R\u00fccksicht &#8211; einige G\u00e4ste, sowohl Kinder als auch Erwachsene, gehen fr\u00fch zu Bett.<\/p>\n<p>[\/et_pb_toggle][et_pb_toggle title=&#8220;Badem\u00f6glichkeiten&#8220; _builder_version=&#8220;4.27.4&#8243; _module_preset=&#8220;default&#8220; hover_enabled=&#8220;0&#8243; global_colors_info=&#8220;{}&#8220; sticky_enabled=&#8220;0&#8243;]<\/p>\n<p>Unsere Duschen befinden sich im <strong>Servicegeb\u00e4ude C<\/strong>. In der Herren- und Damenabteilung wird das hei\u00dfe Wasser in den Duschen per Karte oder Chip aktiviert: Das hei\u00dfe Wasser wird f\u00fcr 2 Minuten aktiviert &#8211; dann muss es per Chip oder Karte aktiviert werden. Die normalen Duschen sind in Ihrem Aufenthalt inbegriffen.  <\/p>\n<p><strong>Im Servicebereich D<\/strong> gibt es 3 Zimmer mit Toilette und Dusche. Hier wird eine 5,- Dkk-M\u00fcnze verwendet. Sie erhalten etwa 3 Minuten lang hei\u00dfes Wasser in der Dusche.  <\/p>\n<p><strong>F\u00fcr die Familienb\u00e4der im Servicegeb\u00e4ude C<\/strong> wird der Chip oder die Karte verwendet, um die T\u00fcr zu \u00f6ffnen: dies kostet 20 DKK. In den Familienb\u00e4dern haben Sie Zugang zu Ihrer eigenen Toilette und es gibt kein Zeitlimit f\u00fcr das hei\u00dfe Wasser.<\/p>\n<p>Wenn Sie Zugang zu den behindertengerechten Einrichtungen ben\u00f6tigen, informieren Sie uns bitte bei Ihrer Ankunft.<\/p>\n<p>[\/et_pb_toggle][\/et_pb_column][et_pb_column type=&#8220;1_2&#8243; _builder_version=&#8220;4.27.4&#8243; _module_preset=&#8220;default&#8220; global_colors_info=&#8220;{}&#8220;][et_pb_toggle title=&#8220;Abfall&#8220; _builder_version=&#8220;4.27.4&#8243; _module_preset=&#8220;default&#8220; global_colors_info=&#8220;{}&#8220;]<\/p>\n<p>Bitte geben Sie Ihren Abfall im <strong>Servicegeb\u00e4ude B<\/strong> ab und sortieren Sie ihn nach Metall, Karton und Papier, Plastik und Glas. Alle anderen Abf\u00e4lle m\u00fcssen in geschlossenen, durchsichtigen M\u00fclls\u00e4cken sein und gelten als Restm\u00fcll. Kartons m\u00fcssen zusammen gepackt werden, bevor Sie sie abgeben.  <\/p>\n<p>Sperrm\u00fcll muss auf eigene Kosten entsorgt werden und darf nicht neben die Container gestellt werden.<\/p>\n<p>[\/et_pb_toggle][et_pb_toggle title=&#8220;Wohnmobil entleeren und Wasser auff\u00fcllen&#8220; _builder_version=&#8220;4.27.4&#8243; _module_preset=&#8220;default&#8220; global_colors_info=&#8220;{}&#8220;]<\/p>\n<p>Es ist m\u00f6glich, Grauwasser und chemische Toiletten zu entleeren und Wasser f\u00fcr Wohnmobile und Wohnwagen aufzuf\u00fcllen.<br \/>Diese Einrichtungen befinden sich im Servicegeb\u00e4ude D am Ende des Rosenvej.<\/p>\n<p>[\/et_pb_toggle][et_pb_toggle title=&#8220;Ballspiele und Drachen steigen lassen&#8220; _builder_version=&#8220;4.27.4&#8243; _module_preset=&#8220;default&#8220; global_colors_info=&#8220;{}&#8220;]<\/p>\n<p>Beziehen Sie sich auf den Strandbereich vor dem Campingplatz.<\/p>\n<p>[\/et_pb_toggle][et_pb_toggle title=&#8220;Zugangskarte&#8220; _builder_version=&#8220;4.27.4&#8243; _module_preset=&#8220;default&#8220; global_colors_info=&#8220;{}&#8220;]<\/p>\n<p>Die f\u00fcr die Einrichtungen des Platzes und die Schranke ausgegebenen Karten und\/oder Chips sind nur f\u00fcr die Nutzung der registrierten Camper auf dem Platz bestimmt und d\u00fcrfen nicht an andere verliehen werden.<\/p>\n<p>Wenn Sie etwas ausleihen m\u00f6chten, wenden Sie sich bitte an die Rezeption.<\/p>\n<p>[\/et_pb_toggle][et_pb_toggle title=&#8220;Laden Sie&#8220; _builder_version=&#8220;4.27.4&#8243; _module_preset=&#8220;default&#8220; global_colors_info=&#8220;{}&#8220;]<\/p>\n<p>In unserem Laden finden Sie alles, was das Campingleben einfacher und angenehmer macht. Hier k\u00f6nnen Sie Lebensmittel, kalte Getr\u00e4nke, Snacks und nat\u00fcrlich frisch gebackenes Brot kaufen. <\/p>\n<p>Das Brot sollten Sie am Vortag bestellen, um sicherzugehen, dass Sie genau das bekommen, was Sie wollen. An manchen Tagen backen wir extra. <\/p>\n<p>[\/et_pb_toggle][et_pb_toggle title=&#8220;Tagesbesucher f\u00fcr Camper&#8220; _builder_version=&#8220;4.27.4&#8243; _module_preset=&#8220;default&#8220; global_colors_info=&#8220;{}&#8220;]<\/p>\n<p data-start=\"93\" data-end=\"241\">Tagesg\u00e4ste sind auf dem Rosenvold Strand Camping immer willkommen.<br data-start=\"150\" data-end=\"153\">Der Preis betr\u00e4gt DKK 15 pro Person und alle G\u00e4ste werden gebeten, sich bei der Ankunft an der Rezeption anzumelden.<\/p>\n<p data-start=\"243\" data-end=\"337\">Der Parkplatz befindet sich am Eingang des Jachthafens und die G\u00e4ste m\u00fcssen den Platz bis 22:30 Uhr verlassen.<\/p>\n<p>[\/et_pb_toggle][et_pb_toggle title=&#8220;Elektrizit\u00e4t&#8220; _builder_version=&#8220;4.27.4&#8243; _module_preset=&#8220;default&#8220; global_colors_info=&#8220;{}&#8220;]<\/p>\n<p>Die Abrechnung erfolgt auf der Grundlage des Tagestarifs.<br data-start=\"125\" data-end=\"128\">Wenn ein Stromz\u00e4hler ausgeh\u00e4ndigt wird, muss dieser an <strong data-start=\"176\" data-end=\"192\">den Stromst\u00e4nder<\/strong> angeschlossen werden &#8211; nicht an den Wohnwagen.<br data-start=\"214\" data-end=\"217\">(Gilt f\u00fcr ACSI-G\u00e4ste und Dauerbewohner.)  <\/p>\n<p>[\/et_pb_toggle][et_pb_toggle title=&#8220;Gemeinsame Bereiche&#8220; _builder_version=&#8220;4.27.4&#8243; _module_preset=&#8220;default&#8220; global_colors_info=&#8220;{}&#8220;]<\/p>\n<p>Das Festzelt, der Pavillon und die gro\u00dfe H\u00fctte sind Gemeinschaftsbereiche, die Sie mieten k\u00f6nnen.  <\/p>\n<p>In allen unseren Geb\u00e4uden und im Bereich des Partyzelts ist das Rauchen w\u00e4hrend der Veranstaltungen verboten.<\/p>\n<p>[\/et_pb_toggle][et_pb_toggle title=&#8220;Hunde&#8220; _builder_version=&#8220;4.27.4&#8243; _module_preset=&#8220;default&#8220; global_colors_info=&#8220;{}&#8220;]<\/p>\n<p>Hunde sind auf dem Gel\u00e4nde willkommen. Sie m\u00fcssen \u00fcberall an der Leine gef\u00fchrt werden und ihre F\u00e4kalien m\u00fcssen entsorgt werden. Hinter dem Campingplatz gibt es einen Hundeauslauf, wo die Hunde frei herumlaufen k\u00f6nnen. Achten Sie auf die Signale, die die Hunde aussenden, wenn andere Hunde in der N\u00e4he sind. Die Benutzung des Hundeauslaufs erfolgt auf eigene Gefahr.    <\/p>\n<p>[\/et_pb_toggle][et_pb_toggle title=&#8220;Fahren&#8220; _builder_version=&#8220;4.27.4&#8243; _module_preset=&#8220;default&#8220; global_colors_info=&#8220;{}&#8220;]<\/p>\n<p>Alle Fahrten auf dem Campingplatz d\u00fcrfen nur im Schritttempo erfolgen, maximal 10 km. Das Fahren auf dem Campingplatz muss eingeschr\u00e4nkt werden. <\/p>\n<p>[\/et_pb_toggle][et_pb_toggle title=&#8220;Auto parken&#8220; _builder_version=&#8220;4.27.4&#8243; _module_preset=&#8220;default&#8220; global_colors_info=&#8220;{}&#8220;]<\/p>\n<p><span>Am Jachthafen. Nachtparken neben dem Gesch\u00e4ft (zwischen 21:00 und 08:00 Uhr). Tag- und Nachtparken gegen\u00fcber dem Gesch\u00e4ft den ganzen Tag.    <\/span><\/p>\n<p>[\/et_pb_toggle][et_pb_toggle title=&#8220;W\u00e4scherei&#8220; _builder_version=&#8220;4.27.4&#8243; _module_preset=&#8220;default&#8220; global_colors_info=&#8220;{}&#8220;]<\/p>\n<p><span>Die Waschmaschine und der W\u00e4schetrockner befinden sich in der Ecke des Informationsgeb\u00e4udes an der Giebelseite. Sie kosten 45 DKK pro W\u00e4sche\/Trockner. Dies wird im Laden bezahlt.  <\/span><\/p>\n<p>[\/et_pb_toggle][\/et_pb_column][\/et_pb_row][\/et_pb_section]<\/p>\n","protected":false},"excerpt":{"rendered":"<p>Allgemeine Informationen und FAQFAQ und was Sie brauchenAntworten auf Ihre FragenWenn Sie Fragen zur Website oder zu den Vorg\u00e4ngen rund um die Website haben, finden Sie hier viele Antworten &#8211; wenn Sie die Antwort nicht finden, k\u00f6nnen Sie sich nat\u00fcrlich jederzeit an die Rezeption wenden. Bitte informieren Sie uns \u00fcber Vandalismus, tropfende Wasserh\u00e4hne, St\u00f6rungen und [&hellip;]<\/p>\n","protected":false},"author":1,"featured_media":0,"parent":27729,"menu_order":0,"comment_status":"closed","ping_status":"closed","template":"","meta":{"_et_pb_use_builder":"on","_et_pb_old_content":"","_et_gb_content_width":"","footnotes":""},"folder":[],"class_list":["post-27134","page","type-page","status-publish","hentry"],"yoast_head":"<!-- This site is optimized with the Yoast SEO plugin v27.4 - https:\/\/yoast.com\/product\/yoast-seo-wordpress\/ -->\n<title>Allgemeine Informationen \u00fcber einen Aufenthalt auf Rosenvold Strand Camping<\/title>\n<meta name=\"description\" content=\"Hier k\u00f6nnen Sie sich \u00fcber die An- und Abreiseregeln, unsere \u00d6ffnungszeiten, das Parken, die Platzregeln, die Gemeinschaftsbereiche, Abfall, Hunde und vieles mehr informieren. Lesen Sie hier mehr\" \/>\n<meta name=\"robots\" content=\"index, follow, max-snippet:-1, max-image-preview:large, max-video-preview:-1\" \/>\n<link rel=\"canonical\" href=\"https:\/\/rosenvoldcamping.dk\/de\/praktikabilitaet\/allgemeine-informationen\/\" \/>\n<meta property=\"og:locale\" content=\"de_DE\" \/>\n<meta property=\"og:type\" content=\"article\" \/>\n<meta property=\"og:title\" content=\"Allgemeine Informationen \u00fcber einen Aufenthalt auf Rosenvold Strand Camping\" \/>\n<meta property=\"og:description\" content=\"Hier k\u00f6nnen Sie sich \u00fcber die An- und Abreiseregeln, unsere \u00d6ffnungszeiten, das Parken, die Platzregeln, die Gemeinschaftsbereiche, Abfall, Hunde und vieles mehr informieren. Lesen Sie hier mehr\" \/>\n<meta property=\"og:url\" content=\"https:\/\/rosenvoldcamping.dk\/de\/praktikabilitaet\/allgemeine-informationen\/\" \/>\n<meta property=\"og:site_name\" content=\"Rosenvold Camping\" \/>\n<meta property=\"article:modified_time\" content=\"2025-12-16T20:23:42+00:00\" \/>\n<meta name=\"twitter:card\" content=\"summary_large_image\" \/>\n<meta name=\"twitter:label1\" content=\"Gesch\u00e4tzte Lesezeit\" \/>\n\t<meta name=\"twitter:data1\" content=\"10\u00a0Minuten\" \/>\n<script type=\"application\/ld+json\" class=\"yoast-schema-graph\">{\"@context\":\"https:\\\/\\\/schema.org\",\"@graph\":[{\"@type\":\"WebPage\",\"@id\":\"https:\\\/\\\/rosenvoldcamping.dk\\\/de\\\/praktikabilitaet\\\/allgemeine-informationen\\\/\",\"url\":\"https:\\\/\\\/rosenvoldcamping.dk\\\/de\\\/praktikabilitaet\\\/allgemeine-informationen\\\/\",\"name\":\"Allgemeine Informationen \u00fcber einen Aufenthalt auf Rosenvold Strand Camping\",\"isPartOf\":{\"@id\":\"https:\\\/\\\/rosenvoldcamping.dk\\\/de\\\/#website\"},\"datePublished\":\"2025-09-18T08:31:07+00:00\",\"dateModified\":\"2025-12-16T20:23:42+00:00\",\"description\":\"Hier k\u00f6nnen Sie sich \u00fcber die An- und Abreiseregeln, unsere \u00d6ffnungszeiten, das Parken, die Platzregeln, die Gemeinschaftsbereiche, Abfall, Hunde und vieles mehr informieren. Lesen Sie hier mehr\",\"breadcrumb\":{\"@id\":\"https:\\\/\\\/rosenvoldcamping.dk\\\/de\\\/praktikabilitaet\\\/allgemeine-informationen\\\/#breadcrumb\"},\"inLanguage\":\"de\",\"potentialAction\":[{\"@type\":\"ReadAction\",\"target\":[\"https:\\\/\\\/rosenvoldcamping.dk\\\/de\\\/praktikabilitaet\\\/allgemeine-informationen\\\/\"]}]},{\"@type\":\"BreadcrumbList\",\"@id\":\"https:\\\/\\\/rosenvoldcamping.dk\\\/de\\\/praktikabilitaet\\\/allgemeine-informationen\\\/#breadcrumb\",\"itemListElement\":[{\"@type\":\"ListItem\",\"position\":1,\"name\":\"Hjem\",\"item\":\"https:\\\/\\\/rosenvoldcamping.dk\\\/de\\\/hauptseite\\\/\"},{\"@type\":\"ListItem\",\"position\":2,\"name\":\"Praktikabilit\u00e4t\",\"item\":\"https:\\\/\\\/rosenvoldcamping.dk\\\/de\\\/praktisk\\\/\"},{\"@type\":\"ListItem\",\"position\":3,\"name\":\"Allgemeine Informationen\"}]},{\"@type\":\"WebSite\",\"@id\":\"https:\\\/\\\/rosenvoldcamping.dk\\\/de\\\/#website\",\"url\":\"https:\\\/\\\/rosenvoldcamping.dk\\\/de\\\/\",\"name\":\"Rosenvold Camping\",\"description\":\"En oase ved fjorden\",\"potentialAction\":[{\"@type\":\"SearchAction\",\"target\":{\"@type\":\"EntryPoint\",\"urlTemplate\":\"https:\\\/\\\/rosenvoldcamping.dk\\\/de\\\/?s={search_term_string}\"},\"query-input\":{\"@type\":\"PropertyValueSpecification\",\"valueRequired\":true,\"valueName\":\"search_term_string\"}}],\"inLanguage\":\"de\"}]}<\/script>\n<!-- \/ Yoast SEO plugin. -->","yoast_head_json":{"title":"Allgemeine Informationen \u00fcber einen Aufenthalt auf Rosenvold Strand Camping","description":"Hier k\u00f6nnen Sie sich \u00fcber die An- und Abreiseregeln, unsere \u00d6ffnungszeiten, das Parken, die Platzregeln, die Gemeinschaftsbereiche, Abfall, Hunde und vieles mehr informieren. Lesen Sie hier mehr","robots":{"index":"index","follow":"follow","max-snippet":"max-snippet:-1","max-image-preview":"max-image-preview:large","max-video-preview":"max-video-preview:-1"},"canonical":"https:\/\/rosenvoldcamping.dk\/de\/praktikabilitaet\/allgemeine-informationen\/","og_locale":"de_DE","og_type":"article","og_title":"Allgemeine Informationen \u00fcber einen Aufenthalt auf Rosenvold Strand Camping","og_description":"Hier k\u00f6nnen Sie sich \u00fcber die An- und Abreiseregeln, unsere \u00d6ffnungszeiten, das Parken, die Platzregeln, die Gemeinschaftsbereiche, Abfall, Hunde und vieles mehr informieren. Lesen Sie hier mehr","og_url":"https:\/\/rosenvoldcamping.dk\/de\/praktikabilitaet\/allgemeine-informationen\/","og_site_name":"Rosenvold Camping","article_modified_time":"2025-12-16T20:23:42+00:00","twitter_card":"summary_large_image","twitter_misc":{"Gesch\u00e4tzte Lesezeit":"10\u00a0Minuten"},"schema":{"@context":"https:\/\/schema.org","@graph":[{"@type":"WebPage","@id":"https:\/\/rosenvoldcamping.dk\/de\/praktikabilitaet\/allgemeine-informationen\/","url":"https:\/\/rosenvoldcamping.dk\/de\/praktikabilitaet\/allgemeine-informationen\/","name":"Allgemeine Informationen \u00fcber einen Aufenthalt auf Rosenvold Strand Camping","isPartOf":{"@id":"https:\/\/rosenvoldcamping.dk\/de\/#website"},"datePublished":"2025-09-18T08:31:07+00:00","dateModified":"2025-12-16T20:23:42+00:00","description":"Hier k\u00f6nnen Sie sich \u00fcber die An- und Abreiseregeln, unsere \u00d6ffnungszeiten, das Parken, die Platzregeln, die Gemeinschaftsbereiche, Abfall, Hunde und vieles mehr informieren. Lesen Sie hier mehr","breadcrumb":{"@id":"https:\/\/rosenvoldcamping.dk\/de\/praktikabilitaet\/allgemeine-informationen\/#breadcrumb"},"inLanguage":"de","potentialAction":[{"@type":"ReadAction","target":["https:\/\/rosenvoldcamping.dk\/de\/praktikabilitaet\/allgemeine-informationen\/"]}]},{"@type":"BreadcrumbList","@id":"https:\/\/rosenvoldcamping.dk\/de\/praktikabilitaet\/allgemeine-informationen\/#breadcrumb","itemListElement":[{"@type":"ListItem","position":1,"name":"Hjem","item":"https:\/\/rosenvoldcamping.dk\/de\/hauptseite\/"},{"@type":"ListItem","position":2,"name":"Praktikabilit\u00e4t","item":"https:\/\/rosenvoldcamping.dk\/de\/praktisk\/"},{"@type":"ListItem","position":3,"name":"Allgemeine Informationen"}]},{"@type":"WebSite","@id":"https:\/\/rosenvoldcamping.dk\/de\/#website","url":"https:\/\/rosenvoldcamping.dk\/de\/","name":"Rosenvold Camping","description":"En oase ved fjorden","potentialAction":[{"@type":"SearchAction","target":{"@type":"EntryPoint","urlTemplate":"https:\/\/rosenvoldcamping.dk\/de\/?s={search_term_string}"},"query-input":{"@type":"PropertyValueSpecification","valueRequired":true,"valueName":"search_term_string"}}],"inLanguage":"de"}]}},"_links":{"self":[{"href":"https:\/\/rosenvoldcamping.dk\/de\/wp-json\/wp\/v2\/pages\/27134","targetHints":{"allow":["GET"]}}],"collection":[{"href":"https:\/\/rosenvoldcamping.dk\/de\/wp-json\/wp\/v2\/pages"}],"about":[{"href":"https:\/\/rosenvoldcamping.dk\/de\/wp-json\/wp\/v2\/types\/page"}],"author":[{"embeddable":true,"href":"https:\/\/rosenvoldcamping.dk\/de\/wp-json\/wp\/v2\/users\/1"}],"replies":[{"embeddable":true,"href":"https:\/\/rosenvoldcamping.dk\/de\/wp-json\/wp\/v2\/comments?post=27134"}],"version-history":[{"count":5,"href":"https:\/\/rosenvoldcamping.dk\/de\/wp-json\/wp\/v2\/pages\/27134\/revisions"}],"predecessor-version":[{"id":27190,"href":"https:\/\/rosenvoldcamping.dk\/de\/wp-json\/wp\/v2\/pages\/27134\/revisions\/27190"}],"up":[{"embeddable":true,"href":"https:\/\/rosenvoldcamping.dk\/de\/wp-json\/wp\/v2\/pages\/27729"}],"wp:attachment":[{"href":"https:\/\/rosenvoldcamping.dk\/de\/wp-json\/wp\/v2\/media?parent=27134"}],"wp:term":[{"taxonomy":"folder","embeddable":true,"href":"https:\/\/rosenvoldcamping.dk\/de\/wp-json\/wp\/v2\/folder?post=27134"}],"curies":[{"name":"wp","href":"https:\/\/api.w.org\/{rel}","templated":true}]}}