{"id":27173,"date":"2025-09-18T09:30:06","date_gmt":"2025-09-18T08:30:06","guid":{"rendered":"https:\/\/rosenvoldcamping.dk\/seekajak-und-surfen\/"},"modified":"2025-12-16T21:23:28","modified_gmt":"2025-12-16T20:23:28","slug":"seekajak-und-surfen","status":"publish","type":"page","link":"https:\/\/rosenvoldcamping.dk\/de\/meine-aktivitaeten\/seekajak-und-surfen\/","title":{"rendered":"Seekajak und Surfen"},"content":{"rendered":"<p>[et_pb_section fb_built=&#8220;1&#8243; _builder_version=&#8220;4.27.4&#8243; background_image=&#8220;https:\/\/rosenvoldcamping.dk\/wp-content\/uploads\/2025\/09\/havkajak1.jpg&#8220; min_height=&#8220;550px&#8220; global_colors_info=&#8220;{}&#8220;][et_pb_row _builder_version=&#8220;4.16&#8243; global_colors_info=&#8220;{}&#8220;][et_pb_column type=&#8220;4_4&#8243; _builder_version=&#8220;4.16&#8243; custom_padding=&#8220;|||&#8220; global_colors_info=&#8220;{}&#8220; custom_padding__hover=&#8220;|||&#8220;][et_pb_text _builder_version=&#8220;4.27.4&#8243; header_font=&#8220;|800|||||||&#8220; header_text_color=&#8220;gcid-heading-color&#8220; header_font_size=&#8220;44px&#8220; header_2_font=&#8220;|800|||||||&#8220; header_2_text_color=&#8220;gcid-heading-color&#8220; header_2_font_size=&#8220;44px&#8220; text_orientation=&#8220;center&#8220; custom_margin=&#8220;||15px&#8220; header_2_font_size_tablet=&#8220;&#8220; header_2_font_size_phone=&#8220;34px&#8220; header_2_font_size_last_edited=&#8220;on|phone&#8220; global_colors_info=&#8220;{%22gcid-heading-color%22:%91%22header_2_text_color%22,%22header_text_color%22%93}&#8220;]<\/p>\n<h1><span style=\"color: #ffffff;\">Seekajak und Surfen<\/span><\/h1>\n<p>[\/et_pb_text][et_pb_divider divider_style=&#8220;dotted&#8220; divider_weight=&#8220;8px&#8220; _builder_version=&#8220;4.16&#8243; max_width=&#8220;8%&#8220; module_alignment=&#8220;center&#8220; custom_margin=&#8220;||15px&#8220; global_colors_info=&#8220;{}&#8220;][\/et_pb_divider][et_pb_text _builder_version=&#8220;4.27.4&#8243; header_font=&#8220;||||||||&#8220; header_2_font=&#8220;|800|||||||&#8220; header_2_text_align=&#8220;center&#8220; header_2_text_color=&#8220;#ffffff&#8220; header_2_font_size=&#8220;44px&#8220; custom_margin=&#8220;||15px&#8220; global_colors_info=&#8220;{}&#8220;][\/et_pb_text][\/et_pb_column][\/et_pb_row][\/et_pb_section][et_pb_section fb_built=&#8220;1&#8243; custom_padding_last_edited=&#8220;on|phone&#8220; _builder_version=&#8220;4.27.4&#8243; custom_padding=&#8220;||0px||false|false&#8220; custom_padding_tablet=&#8220;||0px||false|false&#8220; custom_padding_phone=&#8220;||0px||false|false&#8220; bottom_divider_color=&#8220;gcid-54f53681-a1a7-480a-a9b1-2870b6981fc0&#8243; global_colors_info=&#8220;{%22gcid-54f53681-a1a7-480a-a9b1-2870b6981fc0%22:%91%22bottom_divider_color%22%93}&#8220;][et_pb_row padding_top_bottom_link_2=&#8220;true&#8220; padding_left_right_link_2=&#8220;true&#8220; _builder_version=&#8220;4.16&#8243; custom_padding=&#8220;32px|0px|0|0px|false|false&#8220; global_colors_info=&#8220;{}&#8220;][et_pb_column type=&#8220;4_4&#8243; _builder_version=&#8220;4.16&#8243; custom_padding=&#8220;|||&#8220; global_colors_info=&#8220;{}&#8220; custom_padding__hover=&#8220;|||&#8220;][et_pb_text _builder_version=&#8220;4.27.4&#8243; header_font=&#8220;||||||||&#8220; header_2_font=&#8220;|800|||||||&#8220; header_2_text_color=&#8220;#3a1d1d&#8220; header_2_font_size=&#8220;44px&#8220; custom_margin=&#8220;||15px&#8220; hover_enabled=&#8220;0&#8243; header_2_font_size_tablet=&#8220;&#8220; header_2_font_size_phone=&#8220;34px&#8220; header_2_font_size_last_edited=&#8220;on|phone&#8220; global_colors_info=&#8220;{}&#8220; sticky_enabled=&#8220;0&#8243;]<\/p>\n<h2 data-start=\"361\" data-end=\"387\">Kajakfahren entlang der K\u00fcste<\/h2>\n<p data-start=\"165\" data-end=\"414\">Die K\u00fcstenlinie rund um Rosenvold Strand Camping ist ideal f\u00fcr Tagesausfl\u00fcge mit dem Kajak. Hier finden Sie einige der sch\u00f6nsten K\u00fcstenlandschaften D\u00e4nemarks mit ruhigen Buchten, dramatischen Klippen und kleinen, ungest\u00f6rten Str\u00e4nden wie aus einer Robinson Crusoe Geschichte. <\/p>\n<p data-start=\"416\" data-end=\"748\">Wenn Sie nach Westen in den Vejle Fjord paddeln, erhebt sich die h\u00fcgelige Mor\u00e4nenlandschaft mit bis zu 20 Meter hohen Klippen und bildet eine beeindruckende Kulisse f\u00fcr das K\u00fcstenkajakfahren. Je nachdem, wie weit Sie paddeln, kommen Sie am sch\u00f6nen Vejlefjord Hotel vorbei &#8211; und vielleicht sogar bis zum Leuchtturm von Tr\u00e6skohage. <\/p>\n<p data-start=\"750\" data-end=\"1117\">Wenn Sie stattdessen nach Osten paddeln, kommen Sie schnell an der historischen Burg Rosenvold vorbei und bald \u00f6ffnet sich die Landschaft in Richtung Kattegat. Hier w\u00e4chst der Wald fast bis zum Meer und schafft einen skulpturalen K\u00fcstenabschnitt, an dem krumme Baumst\u00e4mme \u00fcber das Wasser ragen. <\/p>\n<p data-start=\"750\" data-end=\"1117\">Nach etwa 5 Kilometern erreichen Sie Stenh\u00f8j Strand, wo es mehrere Schutzh\u00fctten mit einer fantastischen Aussicht auf F\u00fcnen gibt. Ganz in der N\u00e4he &#8211; nur einen kurzen Spaziergang vom Wasser entfernt &#8211; finden Sie die Staksevold R\u00f8verborg, ein idealer Ort, um eine Pause einzulegen und Ihr Lunchpaket in der Ruhe des Waldes zu genie\u00dfen. <\/p>\n<p data-start=\"1267\" data-end=\"1418\">An sonnigen Tagen f\u00e4rbt sich das Wasser des Fjords dank der lehmigen K\u00fcstenlandschaft fast t\u00fcrkis &#8211; eine Farbe, die an s\u00fcdliche Gefilde erinnert.<\/p>\n<hr data-start=\"1656\" data-end=\"1659\">\n<h2 data-start=\"1661\" data-end=\"1684\">Kitesurfen &amp; Windsurfen<\/h2>\n<p data-start=\"189\" data-end=\"443\">Rosenvold Strand Camping liegt direkt am Wasser an der M\u00fcndung des Vejle Fjords, was die Gegend ideal f\u00fcr Kite- und Windsurfing macht. Der Strand direkt vor dem Campingplatz und der Bereich \u00f6stlich des Hafens von Rosenvold sind ideal f\u00fcr das Aufriggen der Ausr\u00fcstung. <\/p>\n<p data-start=\"445\" data-end=\"786\">Die Bucht in der N\u00e4he des Campingplatzes bietet hervorragende Bedingungen f\u00fcr Surfer &#8211; vor allem, wenn der Wind aus Nordwest bis S\u00fcdost kommt. An windigen Tagen erzeugt der Wind kleine und mittelgro\u00dfe Wellen, die perfekte Bump &amp; Jump-Bedingungen f\u00fcr erfahrenere Surfer bieten. Freerider und Racer profitieren ebenfalls von dem zus\u00e4tzlichen Wind, der von Westen her durch den Fjord kommt.  <\/p>\n<p data-start=\"788\" data-end=\"1045\">Wenn der Wind nachl\u00e4sst, verwandelt sich die Bucht in ein ruhiges Gebiet, das sich perfekt f\u00fcr SUP (Stand Up Paddle) eignet. Die Uferlinie auf beiden Seiten des Gel\u00e4ndes eignet sich au\u00dferdem hervorragend f\u00fcr kurze und l\u00e4ngere Ausfl\u00fcge &#8211; egal ob Sie Anf\u00e4nger oder erfahren auf dem Brett sind. <\/p>\n<p>Lesen Sie mehr:<\/p>\n<p><a href=\"https:\/\/www.visitjuelsminde.dk\/juelsminde\/planlaeg-din-tur\/traeskohage-fyr-gdk1082445\">H\u00f6lzerne Kohorte Kiefer<\/a><\/p>\n<p><a href=\"https:\/\/www.visitjuelsminde.dk\/juelsminde\/planlaeg-din-tur\/stenhoej-strand-gdk1082402\">Stenh\u00f8j Strand<\/a><\/p>\n<p>Als Neuheit haben wir <a href=\"https:\/\/rosenvoldcamping.dk\/aktiviteter\/sit-on-top-kajak\/\">Sit-On-Top-Kajaks<\/a> und <a href=\"https:\/\/rosenvoldcamping.dk\/aktiviteter\/paddle-boards\/\">SUP-Boards<\/a> hinzugef\u00fcgt.<\/p>\n<p>[\/et_pb_text][et_pb_divider divider_style=&#8220;dotted&#8220; divider_weight=&#8220;8px&#8220; _builder_version=&#8220;4.16&#8243; max_width=&#8220;7%&#8220; custom_margin=&#8220;||15px&#8220; custom_padding=&#8220;20px||&#8220; global_colors_info=&#8220;{}&#8220;][\/et_pb_divider][\/et_pb_column][\/et_pb_row][\/et_pb_section]<\/p>\n","protected":false},"excerpt":{"rendered":"<p>Seekajak und SurfenKajakfahren entlang der K\u00fcste Die K\u00fcstenlinie rund um Rosenvold Strand Camping ist ideal f\u00fcr Tagesausfl\u00fcge mit dem Kajak. Hier finden Sie einige der sch\u00f6nsten K\u00fcstenlandschaften D\u00e4nemarks mit ruhigen Buchten, dramatischen Klippen und kleinen, ungest\u00f6rten Str\u00e4nden wie aus einer Robinson Crusoe Geschichte. Wenn Sie nach Westen in den Vejle Fjord paddeln, erhebt sich die [&hellip;]<\/p>\n","protected":false},"author":1,"featured_media":0,"parent":27667,"menu_order":0,"comment_status":"closed","ping_status":"closed","template":"","meta":{"_et_pb_use_builder":"on","_et_pb_old_content":"","_et_gb_content_width":"","footnotes":""},"folder":[],"class_list":["post-27173","page","type-page","status-publish","hentry"],"yoast_head":"<!-- This site is optimized with the Yoast SEO plugin v27.4 - https:\/\/yoast.com\/product\/yoast-seo-wordpress\/ -->\n<title>Kajakverleih &amp; Surfen am Vejle Fjord | Lesen Sie hier mehr \u279c<\/title>\n<meta name=\"description\" content=\"Kajakverleih &amp; Surfen am Vejle Fjord | Lesen Sie hier \u00fcber Seekajak und Kajakverleih in Vejle Fjord in sch\u00f6ner Umgebung &amp; Mor\u00e4nenlandschaft \u279c\" \/>\n<meta name=\"robots\" content=\"index, follow, max-snippet:-1, max-image-preview:large, max-video-preview:-1\" \/>\n<link rel=\"canonical\" href=\"https:\/\/rosenvoldcamping.dk\/de\/meine-aktivitaeten\/seekajak-und-surfen\/\" \/>\n<meta property=\"og:locale\" content=\"de_DE\" \/>\n<meta property=\"og:type\" content=\"article\" \/>\n<meta property=\"og:title\" content=\"Kajakverleih &amp; Surfen am Vejle Fjord | Lesen Sie hier mehr \u279c\" \/>\n<meta property=\"og:description\" content=\"Kajakverleih &amp; Surfen am Vejle Fjord | Lesen Sie hier \u00fcber Seekajak und Kajakverleih in Vejle Fjord in sch\u00f6ner Umgebung &amp; Mor\u00e4nenlandschaft \u279c\" \/>\n<meta property=\"og:url\" content=\"https:\/\/rosenvoldcamping.dk\/de\/meine-aktivitaeten\/seekajak-und-surfen\/\" \/>\n<meta property=\"og:site_name\" content=\"Rosenvold Camping\" \/>\n<meta property=\"article:modified_time\" content=\"2025-12-16T20:23:28+00:00\" \/>\n<meta name=\"twitter:card\" content=\"summary_large_image\" \/>\n<meta name=\"twitter:label1\" content=\"Gesch\u00e4tzte Lesezeit\" \/>\n\t<meta name=\"twitter:data1\" content=\"4\u00a0Minuten\" \/>\n<script type=\"application\/ld+json\" class=\"yoast-schema-graph\">{\"@context\":\"https:\\\/\\\/schema.org\",\"@graph\":[{\"@type\":\"WebPage\",\"@id\":\"https:\\\/\\\/rosenvoldcamping.dk\\\/de\\\/meine-aktivitaeten\\\/seekajak-und-surfen\\\/\",\"url\":\"https:\\\/\\\/rosenvoldcamping.dk\\\/de\\\/meine-aktivitaeten\\\/seekajak-und-surfen\\\/\",\"name\":\"Kajakverleih & Surfen am Vejle Fjord | Lesen Sie hier mehr \u279c\",\"isPartOf\":{\"@id\":\"https:\\\/\\\/rosenvoldcamping.dk\\\/de\\\/#website\"},\"datePublished\":\"2025-09-18T08:30:06+00:00\",\"dateModified\":\"2025-12-16T20:23:28+00:00\",\"description\":\"Kajakverleih & Surfen am Vejle Fjord | Lesen Sie hier \u00fcber Seekajak und Kajakverleih in Vejle Fjord in sch\u00f6ner Umgebung & Mor\u00e4nenlandschaft \u279c\",\"breadcrumb\":{\"@id\":\"https:\\\/\\\/rosenvoldcamping.dk\\\/de\\\/meine-aktivitaeten\\\/seekajak-und-surfen\\\/#breadcrumb\"},\"inLanguage\":\"de\",\"potentialAction\":[{\"@type\":\"ReadAction\",\"target\":[\"https:\\\/\\\/rosenvoldcamping.dk\\\/de\\\/meine-aktivitaeten\\\/seekajak-und-surfen\\\/\"]}]},{\"@type\":\"BreadcrumbList\",\"@id\":\"https:\\\/\\\/rosenvoldcamping.dk\\\/de\\\/meine-aktivitaeten\\\/seekajak-und-surfen\\\/#breadcrumb\",\"itemListElement\":[{\"@type\":\"ListItem\",\"position\":1,\"name\":\"Hjem\",\"item\":\"https:\\\/\\\/rosenvoldcamping.dk\\\/de\\\/hauptseite\\\/\"},{\"@type\":\"ListItem\",\"position\":2,\"name\":\"Meine Aktivit\u00e4ten\",\"item\":\"https:\\\/\\\/rosenvoldcamping.dk\\\/de\\\/meine-aktivitaeten\\\/\"},{\"@type\":\"ListItem\",\"position\":3,\"name\":\"Seekajak und Surfen\"}]},{\"@type\":\"WebSite\",\"@id\":\"https:\\\/\\\/rosenvoldcamping.dk\\\/de\\\/#website\",\"url\":\"https:\\\/\\\/rosenvoldcamping.dk\\\/de\\\/\",\"name\":\"Rosenvold Camping\",\"description\":\"En oase ved fjorden\",\"potentialAction\":[{\"@type\":\"SearchAction\",\"target\":{\"@type\":\"EntryPoint\",\"urlTemplate\":\"https:\\\/\\\/rosenvoldcamping.dk\\\/de\\\/?s={search_term_string}\"},\"query-input\":{\"@type\":\"PropertyValueSpecification\",\"valueRequired\":true,\"valueName\":\"search_term_string\"}}],\"inLanguage\":\"de\"}]}<\/script>\n<!-- \/ Yoast SEO plugin. -->","yoast_head_json":{"title":"Kajakverleih & Surfen am Vejle Fjord | Lesen Sie hier mehr \u279c","description":"Kajakverleih & Surfen am Vejle Fjord | Lesen Sie hier \u00fcber Seekajak und Kajakverleih in Vejle Fjord in sch\u00f6ner Umgebung & Mor\u00e4nenlandschaft \u279c","robots":{"index":"index","follow":"follow","max-snippet":"max-snippet:-1","max-image-preview":"max-image-preview:large","max-video-preview":"max-video-preview:-1"},"canonical":"https:\/\/rosenvoldcamping.dk\/de\/meine-aktivitaeten\/seekajak-und-surfen\/","og_locale":"de_DE","og_type":"article","og_title":"Kajakverleih & Surfen am Vejle Fjord | Lesen Sie hier mehr \u279c","og_description":"Kajakverleih & Surfen am Vejle Fjord | Lesen Sie hier \u00fcber Seekajak und Kajakverleih in Vejle Fjord in sch\u00f6ner Umgebung & Mor\u00e4nenlandschaft \u279c","og_url":"https:\/\/rosenvoldcamping.dk\/de\/meine-aktivitaeten\/seekajak-und-surfen\/","og_site_name":"Rosenvold Camping","article_modified_time":"2025-12-16T20:23:28+00:00","twitter_card":"summary_large_image","twitter_misc":{"Gesch\u00e4tzte Lesezeit":"4\u00a0Minuten"},"schema":{"@context":"https:\/\/schema.org","@graph":[{"@type":"WebPage","@id":"https:\/\/rosenvoldcamping.dk\/de\/meine-aktivitaeten\/seekajak-und-surfen\/","url":"https:\/\/rosenvoldcamping.dk\/de\/meine-aktivitaeten\/seekajak-und-surfen\/","name":"Kajakverleih & Surfen am Vejle Fjord | Lesen Sie hier mehr \u279c","isPartOf":{"@id":"https:\/\/rosenvoldcamping.dk\/de\/#website"},"datePublished":"2025-09-18T08:30:06+00:00","dateModified":"2025-12-16T20:23:28+00:00","description":"Kajakverleih & Surfen am Vejle Fjord | Lesen Sie hier \u00fcber Seekajak und Kajakverleih in Vejle Fjord in sch\u00f6ner Umgebung & Mor\u00e4nenlandschaft \u279c","breadcrumb":{"@id":"https:\/\/rosenvoldcamping.dk\/de\/meine-aktivitaeten\/seekajak-und-surfen\/#breadcrumb"},"inLanguage":"de","potentialAction":[{"@type":"ReadAction","target":["https:\/\/rosenvoldcamping.dk\/de\/meine-aktivitaeten\/seekajak-und-surfen\/"]}]},{"@type":"BreadcrumbList","@id":"https:\/\/rosenvoldcamping.dk\/de\/meine-aktivitaeten\/seekajak-und-surfen\/#breadcrumb","itemListElement":[{"@type":"ListItem","position":1,"name":"Hjem","item":"https:\/\/rosenvoldcamping.dk\/de\/hauptseite\/"},{"@type":"ListItem","position":2,"name":"Meine Aktivit\u00e4ten","item":"https:\/\/rosenvoldcamping.dk\/de\/meine-aktivitaeten\/"},{"@type":"ListItem","position":3,"name":"Seekajak und Surfen"}]},{"@type":"WebSite","@id":"https:\/\/rosenvoldcamping.dk\/de\/#website","url":"https:\/\/rosenvoldcamping.dk\/de\/","name":"Rosenvold Camping","description":"En oase ved fjorden","potentialAction":[{"@type":"SearchAction","target":{"@type":"EntryPoint","urlTemplate":"https:\/\/rosenvoldcamping.dk\/de\/?s={search_term_string}"},"query-input":{"@type":"PropertyValueSpecification","valueRequired":true,"valueName":"search_term_string"}}],"inLanguage":"de"}]}},"_links":{"self":[{"href":"https:\/\/rosenvoldcamping.dk\/de\/wp-json\/wp\/v2\/pages\/27173","targetHints":{"allow":["GET"]}}],"collection":[{"href":"https:\/\/rosenvoldcamping.dk\/de\/wp-json\/wp\/v2\/pages"}],"about":[{"href":"https:\/\/rosenvoldcamping.dk\/de\/wp-json\/wp\/v2\/types\/page"}],"author":[{"embeddable":true,"href":"https:\/\/rosenvoldcamping.dk\/de\/wp-json\/wp\/v2\/users\/1"}],"replies":[{"embeddable":true,"href":"https:\/\/rosenvoldcamping.dk\/de\/wp-json\/wp\/v2\/comments?post=27173"}],"version-history":[{"count":3,"href":"https:\/\/rosenvoldcamping.dk\/de\/wp-json\/wp\/v2\/pages\/27173\/revisions"}],"predecessor-version":[{"id":27669,"href":"https:\/\/rosenvoldcamping.dk\/de\/wp-json\/wp\/v2\/pages\/27173\/revisions\/27669"}],"up":[{"embeddable":true,"href":"https:\/\/rosenvoldcamping.dk\/de\/wp-json\/wp\/v2\/pages\/27667"}],"wp:attachment":[{"href":"https:\/\/rosenvoldcamping.dk\/de\/wp-json\/wp\/v2\/media?parent=27173"}],"wp:term":[{"taxonomy":"folder","embeddable":true,"href":"https:\/\/rosenvoldcamping.dk\/de\/wp-json\/wp\/v2\/folder?post=27173"}],"curies":[{"name":"wp","href":"https:\/\/api.w.org\/{rel}","templated":true}]}}