{"id":27191,"date":"2025-09-18T09:30:05","date_gmt":"2025-09-18T08:30:05","guid":{"rendered":"https:\/\/rosenvoldcamping.dk\/sit-on-top-kajak\/"},"modified":"2025-12-16T21:23:28","modified_gmt":"2025-12-16T20:23:28","slug":"sit-on-top-kajak","status":"publish","type":"page","link":"https:\/\/rosenvoldcamping.dk\/de\/meine-aktivitaeten\/sit-on-top-kajak\/","title":{"rendered":"Sit-on-top Kajak"},"content":{"rendered":"<p>[et_pb_section fb_built=&#8220;1&#8243; _builder_version=&#8220;4.27.4&#8243; background_image=&#8220;https:\/\/rosenvoldcamping.dk\/wp-content\/uploads\/2025\/09\/sit-on-top-kajak.jpg&#8220; min_height=&#8220;550px&#8220; global_colors_info=&#8220;{}&#8220;][et_pb_row _builder_version=&#8220;4.16&#8243; global_colors_info=&#8220;{}&#8220;][et_pb_column type=&#8220;4_4&#8243; _builder_version=&#8220;4.16&#8243; custom_padding=&#8220;|||&#8220; global_colors_info=&#8220;{}&#8220; custom_padding__hover=&#8220;|||&#8220;][et_pb_text _builder_version=&#8220;4.27.4&#8243; header_font=&#8220;|800|||||||&#8220; header_text_color=&#8220;gcid-heading-color&#8220; header_font_size=&#8220;44px&#8220; header_2_font=&#8220;|800|||||||&#8220; header_2_text_color=&#8220;gcid-heading-color&#8220; header_2_font_size=&#8220;44px&#8220; text_orientation=&#8220;center&#8220; custom_margin=&#8220;||15px&#8220; header_2_font_size_tablet=&#8220;&#8220; header_2_font_size_phone=&#8220;34px&#8220; header_2_font_size_last_edited=&#8220;on|phone&#8220; global_colors_info=&#8220;{%22gcid-heading-color%22:%91%22header_2_text_color%22,%22header_text_color%22%93}&#8220;]<\/p>\n<h1><span style=\"color: #ffffff;\">Sit-on-top Kajak<\/span><\/h1>\n<p>[\/et_pb_text][et_pb_divider divider_style=&#8220;dotted&#8220; divider_weight=&#8220;8px&#8220; _builder_version=&#8220;4.16&#8243; max_width=&#8220;8%&#8220; module_alignment=&#8220;center&#8220; custom_margin=&#8220;||15px&#8220; global_colors_info=&#8220;{}&#8220;][\/et_pb_divider][et_pb_text _builder_version=&#8220;4.27.4&#8243; header_font=&#8220;||||||||&#8220; header_2_font=&#8220;|800|||||||&#8220; header_2_text_align=&#8220;center&#8220; header_2_text_color=&#8220;#ffffff&#8220; header_2_font_size=&#8220;44px&#8220; custom_margin=&#8220;||15px&#8220; global_colors_info=&#8220;{}&#8220;][\/et_pb_text][\/et_pb_column][\/et_pb_row][\/et_pb_section][et_pb_section fb_built=&#8220;1&#8243; custom_padding_last_edited=&#8220;on|phone&#8220; _builder_version=&#8220;4.27.4&#8243; custom_padding=&#8220;||0px||false|false&#8220; custom_padding_tablet=&#8220;||0px||false|false&#8220; custom_padding_phone=&#8220;||0px||false|false&#8220; bottom_divider_color=&#8220;gcid-54f53681-a1a7-480a-a9b1-2870b6981fc0&#8243; global_colors_info=&#8220;{%22gcid-54f53681-a1a7-480a-a9b1-2870b6981fc0%22:%91%22bottom_divider_color%22%93}&#8220;][et_pb_row padding_top_bottom_link_2=&#8220;true&#8220; padding_left_right_link_2=&#8220;true&#8220; _builder_version=&#8220;4.16&#8243; custom_padding=&#8220;32px|0px|0|0px|false|false&#8220; global_colors_info=&#8220;{}&#8220;][et_pb_column type=&#8220;4_4&#8243; _builder_version=&#8220;4.16&#8243; custom_padding=&#8220;|||&#8220; global_colors_info=&#8220;{}&#8220; custom_padding__hover=&#8220;|||&#8220;][et_pb_text _builder_version=&#8220;4.27.4&#8243; header_font=&#8220;||||||||&#8220; header_2_font=&#8220;|800|||||||&#8220; header_2_text_color=&#8220;#3a1d1d&#8220; header_2_font_size=&#8220;44px&#8220; custom_margin=&#8220;||15px&#8220; hover_enabled=&#8220;0&#8243; header_2_font_size_tablet=&#8220;&#8220; header_2_font_size_phone=&#8220;34px&#8220; header_2_font_size_last_edited=&#8220;on|phone&#8220; global_colors_info=&#8220;{}&#8220; sticky_enabled=&#8220;0&#8243;]<\/p>\n<p data-start=\"194\" data-end=\"351\">Sit-On-Top-Kajaks sind als Freizeitkajaks sehr beliebt geworden, da sie stabil, leicht zu man\u00f6vrieren und einfach zu halten sind &#8211; auch f\u00fcr Anf\u00e4nger.<\/p>\n<p data-start=\"353\" data-end=\"632\">Auf Rosenvold Strand Camping k\u00f6nnen Sie Sit-On-Top-Kajaks f\u00fcr 2-3 Personen mieten, die zu den bekanntesten Modellen in Europa geh\u00f6ren. Wenn Sie ein Kajak mieten, sind zwei Paddel, zwei Schwimmwesten und ein Anker inbegriffen, so dass Sie problemlos eine Pause auf dem Wasser machen k\u00f6nnen, ohne abzutreiben. <\/p>\n<p data-start=\"634\" data-end=\"822\">Die Kajaks bieten Platz f\u00fcr 2-3 Personen und sind eine gute Wahl, wenn Sie das Erlebnis mit der Familie oder Freunden teilen m\u00f6chten. Das macht die Fahrt noch angenehmer und sorgt f\u00fcr ein gem\u00fctliches Beisammensein auf dem Wasser. <\/p>\n<p data-start=\"824\" data-end=\"984\">Egal ob Sie Anf\u00e4nger oder erfahrener Kajakfahrer sind, mit einem Sit-On-Top-Kajak k\u00f6nnen Sie ganz einfach ein Abenteuer auf dem Vejle Fjord erleben und die sch\u00f6ne Natur vom Wasser aus genie\u00dfen.<\/p>\n<p>[\/et_pb_text][et_pb_divider divider_style=&#8220;dotted&#8220; divider_weight=&#8220;8px&#8220; _builder_version=&#8220;4.16&#8243; max_width=&#8220;7%&#8220; custom_margin=&#8220;||15px&#8220; custom_padding=&#8220;20px||&#8220; global_colors_info=&#8220;{}&#8220;][\/et_pb_divider][\/et_pb_column][\/et_pb_row][\/et_pb_section][et_pb_section fb_built=&#8220;1&#8243; _builder_version=&#8220;4.27.4&#8243; _module_preset=&#8220;default&#8220; background_enable_pattern_style=&#8220;on&#8220; background_pattern_style=&#8220;waves&#8220; background_pattern_color=&#8220;gcid-de747043-e1f0-40fa-9298-fb4ab72b677a&#8220; background_pattern_vertical_offset=&#8220;-3%&#8220; global_colors_info=&#8220;{%22gcid-de747043-e1f0-40fa-9298-fb4ab72b677a%22:%91%22background_pattern_color%22%93}&#8220;][et_pb_row _builder_version=&#8220;4.27.4&#8243; _module_preset=&#8220;default&#8220; global_colors_info=&#8220;{}&#8220;][et_pb_column type=&#8220;4_4&#8243; _builder_version=&#8220;4.27.4&#8243; _module_preset=&#8220;default&#8220; global_colors_info=&#8220;{}&#8220;][et_pb_code _builder_version=&#8220;4.27.4&#8243; _module_preset=&#8220;default&#8220; global_colors_info=&#8220;{}&#8220;]<\/p>\n<div class=\"ticketbutler-iframe\" data-type=\"EVENT_LIST\" data-domain=\"govisit.ticketbutler.io\" data-slug=\"rosenvoldsit-on-topkajak\" data-params=\"?calendar\"><\/div>\n<p><script type=\"text\/javascript\" src=\"https:\/\/unpkg.com\/@ticketbutler\/event-embedder@latest\/dist\/index.js\"><\/script>[\/et_pb_code][\/et_pb_column][\/et_pb_row][\/et_pb_section]<\/p>\n","protected":false},"excerpt":{"rendered":"<p>Sit-on-top KajakSit-On-Top-Kajaks sind als Freizeitkajaks sehr beliebt geworden, da sie stabil, leicht zu man\u00f6vrieren und einfach zu halten sind &#8211; auch f\u00fcr Anf\u00e4nger. Auf Rosenvold Strand Camping k\u00f6nnen Sie Sit-On-Top-Kajaks f\u00fcr 2-3 Personen mieten, die zu den bekanntesten Modellen in Europa geh\u00f6ren. Wenn Sie ein Kajak mieten, sind zwei Paddel, zwei Schwimmwesten und ein Anker [&hellip;]<\/p>\n","protected":false},"author":1,"featured_media":0,"parent":27667,"menu_order":0,"comment_status":"closed","ping_status":"closed","template":"","meta":{"_et_pb_use_builder":"on","_et_pb_old_content":"","_et_gb_content_width":"","footnotes":""},"folder":[],"class_list":["post-27191","page","type-page","status-publish","hentry"],"yoast_head":"<!-- This site is optimized with the Yoast SEO plugin v27.4 - https:\/\/yoast.com\/product\/yoast-seo-wordpress\/ -->\n<title>Sit-on-top Kajak auf dem Vejle Fjord | Lesen Sie hier \u00fcber den Kajakverleih\u279c<\/title>\n<meta name=\"description\" content=\"Sit-on-top Kajak im Vejle Fjord. Lesen Sie hier \u00fcber das Mieten von Seekajaks in Vejle Fjord in sch\u00f6ner Umgebung &amp; Mor\u00e4nenlandschaft \u279c Mit Platz f\u00fcr 2-3 Personen. Klicken Sie hier f\u00fcr weitere Informationen\" \/>\n<meta name=\"robots\" content=\"index, follow, max-snippet:-1, max-image-preview:large, max-video-preview:-1\" \/>\n<link rel=\"canonical\" href=\"https:\/\/rosenvoldcamping.dk\/de\/meine-aktivitaeten\/sit-on-top-kajak\/\" \/>\n<meta property=\"og:locale\" content=\"de_DE\" \/>\n<meta property=\"og:type\" content=\"article\" \/>\n<meta property=\"og:title\" content=\"Sit-on-top Kajak auf dem Vejle Fjord | Lesen Sie hier \u00fcber den Kajakverleih\u279c\" \/>\n<meta property=\"og:description\" content=\"Sit-on-top Kajak im Vejle Fjord. Lesen Sie hier \u00fcber das Mieten von Seekajaks in Vejle Fjord in sch\u00f6ner Umgebung &amp; Mor\u00e4nenlandschaft \u279c Mit Platz f\u00fcr 2-3 Personen. Klicken Sie hier f\u00fcr weitere Informationen\" \/>\n<meta property=\"og:url\" content=\"https:\/\/rosenvoldcamping.dk\/de\/meine-aktivitaeten\/sit-on-top-kajak\/\" \/>\n<meta property=\"og:site_name\" content=\"Rosenvold Camping\" \/>\n<meta property=\"article:modified_time\" content=\"2025-12-16T20:23:28+00:00\" \/>\n<meta name=\"twitter:card\" content=\"summary_large_image\" \/>\n<meta name=\"twitter:label1\" content=\"Gesch\u00e4tzte Lesezeit\" \/>\n\t<meta name=\"twitter:data1\" content=\"3\u00a0Minuten\" \/>\n<script type=\"application\/ld+json\" class=\"yoast-schema-graph\">{\"@context\":\"https:\\\/\\\/schema.org\",\"@graph\":[{\"@type\":\"WebPage\",\"@id\":\"https:\\\/\\\/rosenvoldcamping.dk\\\/de\\\/meine-aktivitaeten\\\/sit-on-top-kajak\\\/\",\"url\":\"https:\\\/\\\/rosenvoldcamping.dk\\\/de\\\/meine-aktivitaeten\\\/sit-on-top-kajak\\\/\",\"name\":\"Sit-on-top Kajak auf dem Vejle Fjord | Lesen Sie hier \u00fcber den Kajakverleih\u279c\",\"isPartOf\":{\"@id\":\"https:\\\/\\\/rosenvoldcamping.dk\\\/de\\\/#website\"},\"datePublished\":\"2025-09-18T08:30:05+00:00\",\"dateModified\":\"2025-12-16T20:23:28+00:00\",\"description\":\"Sit-on-top Kajak im Vejle Fjord. Lesen Sie hier \u00fcber das Mieten von Seekajaks in Vejle Fjord in sch\u00f6ner Umgebung & Mor\u00e4nenlandschaft \u279c Mit Platz f\u00fcr 2-3 Personen. Klicken Sie hier f\u00fcr weitere Informationen\",\"breadcrumb\":{\"@id\":\"https:\\\/\\\/rosenvoldcamping.dk\\\/de\\\/meine-aktivitaeten\\\/sit-on-top-kajak\\\/#breadcrumb\"},\"inLanguage\":\"de\",\"potentialAction\":[{\"@type\":\"ReadAction\",\"target\":[\"https:\\\/\\\/rosenvoldcamping.dk\\\/de\\\/meine-aktivitaeten\\\/sit-on-top-kajak\\\/\"]}]},{\"@type\":\"BreadcrumbList\",\"@id\":\"https:\\\/\\\/rosenvoldcamping.dk\\\/de\\\/meine-aktivitaeten\\\/sit-on-top-kajak\\\/#breadcrumb\",\"itemListElement\":[{\"@type\":\"ListItem\",\"position\":1,\"name\":\"Hjem\",\"item\":\"https:\\\/\\\/rosenvoldcamping.dk\\\/de\\\/hauptseite\\\/\"},{\"@type\":\"ListItem\",\"position\":2,\"name\":\"Meine Aktivit\u00e4ten\",\"item\":\"https:\\\/\\\/rosenvoldcamping.dk\\\/de\\\/meine-aktivitaeten\\\/\"},{\"@type\":\"ListItem\",\"position\":3,\"name\":\"Sit-on-top Kajak\"}]},{\"@type\":\"WebSite\",\"@id\":\"https:\\\/\\\/rosenvoldcamping.dk\\\/de\\\/#website\",\"url\":\"https:\\\/\\\/rosenvoldcamping.dk\\\/de\\\/\",\"name\":\"Rosenvold Camping\",\"description\":\"En oase ved fjorden\",\"potentialAction\":[{\"@type\":\"SearchAction\",\"target\":{\"@type\":\"EntryPoint\",\"urlTemplate\":\"https:\\\/\\\/rosenvoldcamping.dk\\\/de\\\/?s={search_term_string}\"},\"query-input\":{\"@type\":\"PropertyValueSpecification\",\"valueRequired\":true,\"valueName\":\"search_term_string\"}}],\"inLanguage\":\"de\"}]}<\/script>\n<!-- \/ Yoast SEO plugin. -->","yoast_head_json":{"title":"Sit-on-top Kajak auf dem Vejle Fjord | Lesen Sie hier \u00fcber den Kajakverleih\u279c","description":"Sit-on-top Kajak im Vejle Fjord. Lesen Sie hier \u00fcber das Mieten von Seekajaks in Vejle Fjord in sch\u00f6ner Umgebung & Mor\u00e4nenlandschaft \u279c Mit Platz f\u00fcr 2-3 Personen. Klicken Sie hier f\u00fcr weitere Informationen","robots":{"index":"index","follow":"follow","max-snippet":"max-snippet:-1","max-image-preview":"max-image-preview:large","max-video-preview":"max-video-preview:-1"},"canonical":"https:\/\/rosenvoldcamping.dk\/de\/meine-aktivitaeten\/sit-on-top-kajak\/","og_locale":"de_DE","og_type":"article","og_title":"Sit-on-top Kajak auf dem Vejle Fjord | Lesen Sie hier \u00fcber den Kajakverleih\u279c","og_description":"Sit-on-top Kajak im Vejle Fjord. Lesen Sie hier \u00fcber das Mieten von Seekajaks in Vejle Fjord in sch\u00f6ner Umgebung & Mor\u00e4nenlandschaft \u279c Mit Platz f\u00fcr 2-3 Personen. Klicken Sie hier f\u00fcr weitere Informationen","og_url":"https:\/\/rosenvoldcamping.dk\/de\/meine-aktivitaeten\/sit-on-top-kajak\/","og_site_name":"Rosenvold Camping","article_modified_time":"2025-12-16T20:23:28+00:00","twitter_card":"summary_large_image","twitter_misc":{"Gesch\u00e4tzte Lesezeit":"3\u00a0Minuten"},"schema":{"@context":"https:\/\/schema.org","@graph":[{"@type":"WebPage","@id":"https:\/\/rosenvoldcamping.dk\/de\/meine-aktivitaeten\/sit-on-top-kajak\/","url":"https:\/\/rosenvoldcamping.dk\/de\/meine-aktivitaeten\/sit-on-top-kajak\/","name":"Sit-on-top Kajak auf dem Vejle Fjord | Lesen Sie hier \u00fcber den Kajakverleih\u279c","isPartOf":{"@id":"https:\/\/rosenvoldcamping.dk\/de\/#website"},"datePublished":"2025-09-18T08:30:05+00:00","dateModified":"2025-12-16T20:23:28+00:00","description":"Sit-on-top Kajak im Vejle Fjord. Lesen Sie hier \u00fcber das Mieten von Seekajaks in Vejle Fjord in sch\u00f6ner Umgebung & Mor\u00e4nenlandschaft \u279c Mit Platz f\u00fcr 2-3 Personen. Klicken Sie hier f\u00fcr weitere Informationen","breadcrumb":{"@id":"https:\/\/rosenvoldcamping.dk\/de\/meine-aktivitaeten\/sit-on-top-kajak\/#breadcrumb"},"inLanguage":"de","potentialAction":[{"@type":"ReadAction","target":["https:\/\/rosenvoldcamping.dk\/de\/meine-aktivitaeten\/sit-on-top-kajak\/"]}]},{"@type":"BreadcrumbList","@id":"https:\/\/rosenvoldcamping.dk\/de\/meine-aktivitaeten\/sit-on-top-kajak\/#breadcrumb","itemListElement":[{"@type":"ListItem","position":1,"name":"Hjem","item":"https:\/\/rosenvoldcamping.dk\/de\/hauptseite\/"},{"@type":"ListItem","position":2,"name":"Meine Aktivit\u00e4ten","item":"https:\/\/rosenvoldcamping.dk\/de\/meine-aktivitaeten\/"},{"@type":"ListItem","position":3,"name":"Sit-on-top Kajak"}]},{"@type":"WebSite","@id":"https:\/\/rosenvoldcamping.dk\/de\/#website","url":"https:\/\/rosenvoldcamping.dk\/de\/","name":"Rosenvold Camping","description":"En oase ved fjorden","potentialAction":[{"@type":"SearchAction","target":{"@type":"EntryPoint","urlTemplate":"https:\/\/rosenvoldcamping.dk\/de\/?s={search_term_string}"},"query-input":{"@type":"PropertyValueSpecification","valueRequired":true,"valueName":"search_term_string"}}],"inLanguage":"de"}]}},"_links":{"self":[{"href":"https:\/\/rosenvoldcamping.dk\/de\/wp-json\/wp\/v2\/pages\/27191","targetHints":{"allow":["GET"]}}],"collection":[{"href":"https:\/\/rosenvoldcamping.dk\/de\/wp-json\/wp\/v2\/pages"}],"about":[{"href":"https:\/\/rosenvoldcamping.dk\/de\/wp-json\/wp\/v2\/types\/page"}],"author":[{"embeddable":true,"href":"https:\/\/rosenvoldcamping.dk\/de\/wp-json\/wp\/v2\/users\/1"}],"replies":[{"embeddable":true,"href":"https:\/\/rosenvoldcamping.dk\/de\/wp-json\/wp\/v2\/comments?post=27191"}],"version-history":[{"count":2,"href":"https:\/\/rosenvoldcamping.dk\/de\/wp-json\/wp\/v2\/pages\/27191\/revisions"}],"predecessor-version":[{"id":27194,"href":"https:\/\/rosenvoldcamping.dk\/de\/wp-json\/wp\/v2\/pages\/27191\/revisions\/27194"}],"up":[{"embeddable":true,"href":"https:\/\/rosenvoldcamping.dk\/de\/wp-json\/wp\/v2\/pages\/27667"}],"wp:attachment":[{"href":"https:\/\/rosenvoldcamping.dk\/de\/wp-json\/wp\/v2\/media?parent=27191"}],"wp:term":[{"taxonomy":"folder","embeddable":true,"href":"https:\/\/rosenvoldcamping.dk\/de\/wp-json\/wp\/v2\/folder?post=27191"}],"curies":[{"name":"wp","href":"https:\/\/api.w.org\/{rel}","templated":true}]}}