{"id":27233,"date":"2025-09-18T09:30:08","date_gmt":"2025-09-18T08:30:08","guid":{"rendered":"https:\/\/rosenvoldcamping.dk\/kreative-werkstatt\/"},"modified":"2025-12-16T21:23:28","modified_gmt":"2025-12-16T20:23:28","slug":"kreative-werkstatt","status":"publish","type":"page","link":"https:\/\/rosenvoldcamping.dk\/de\/meine-aktivitaeten\/kreative-werkstatt\/","title":{"rendered":"Kreative Werkstatt"},"content":{"rendered":"<p>[et_pb_section fb_built=&#8220;1&#8243; _builder_version=&#8220;4.27.4&#8243; background_image=&#8220;https:\/\/rosenvoldcamping.dk\/wp-content\/uploads\/2025\/09\/Kreativevaerksted1.jpg&#8220; background_position=&#8220;top_center&#8220; min_height=&#8220;550px&#8220; global_colors_info=&#8220;{}&#8220;][et_pb_row _builder_version=&#8220;4.16&#8243; global_colors_info=&#8220;{}&#8220;][et_pb_column type=&#8220;4_4&#8243; _builder_version=&#8220;4.16&#8243; custom_padding=&#8220;|||&#8220; global_colors_info=&#8220;{}&#8220; custom_padding__hover=&#8220;|||&#8220;][et_pb_text _builder_version=&#8220;4.27.4&#8243; header_font=&#8220;|800|||||||&#8220; header_text_color=&#8220;gcid-heading-color&#8220; header_font_size=&#8220;44px&#8220; header_2_font=&#8220;|800|||||||&#8220; header_2_text_color=&#8220;gcid-heading-color&#8220; header_2_font_size=&#8220;44px&#8220; text_orientation=&#8220;center&#8220; custom_margin=&#8220;||15px&#8220; header_2_font_size_tablet=&#8220;&#8220; header_2_font_size_phone=&#8220;34px&#8220; header_2_font_size_last_edited=&#8220;on|phone&#8220; global_colors_info=&#8220;{%22gcid-heading-color%22:%91%22header_2_text_color%22,%22header_text_color%22%93}&#8220;]<\/p>\n<h1><span style=\"color: #ffffff;\">Die Kreativwerkstatt<\/span><\/h1>\n<p>[\/et_pb_text][et_pb_divider divider_style=&#8220;dotted&#8220; divider_weight=&#8220;8px&#8220; _builder_version=&#8220;4.16&#8243; max_width=&#8220;8%&#8220; module_alignment=&#8220;center&#8220; custom_margin=&#8220;||15px&#8220; global_colors_info=&#8220;{}&#8220;][\/et_pb_divider][et_pb_text _builder_version=&#8220;4.27.4&#8243; header_font=&#8220;||||||||&#8220; header_2_font=&#8220;|800|||||||&#8220; header_2_text_align=&#8220;center&#8220; header_2_text_color=&#8220;#ffffff&#8220; header_2_font_size=&#8220;44px&#8220; custom_margin=&#8220;||15px&#8220; global_colors_info=&#8220;{}&#8220;][\/et_pb_text][\/et_pb_column][\/et_pb_row][\/et_pb_section][et_pb_section fb_built=&#8220;1&#8243; custom_padding_last_edited=&#8220;on|phone&#8220; _builder_version=&#8220;4.27.4&#8243; custom_padding=&#8220;||0px||false|false&#8220; custom_padding_tablet=&#8220;||0px||false|false&#8220; custom_padding_phone=&#8220;||0px||false|false&#8220; bottom_divider_color=&#8220;gcid-54f53681-a1a7-480a-a9b1-2870b6981fc0&#8243; global_colors_info=&#8220;{%22gcid-54f53681-a1a7-480a-a9b1-2870b6981fc0%22:%91%22bottom_divider_color%22%93}&#8220;][et_pb_row _builder_version=&#8220;4.27.4&#8243; _module_preset=&#8220;default&#8220; column_structure=&#8220;3_4,1_4&#8243;][et_pb_column _builder_version=&#8220;4.27.4&#8243; _module_preset=&#8220;default&#8220; type=&#8220;3_4&#8243;][et_pb_text _builder_version=&#8220;4.27.4&#8243; header_font=&#8220;||||||||&#8220; header_2_font=&#8220;|800|||||||&#8220; header_2_text_color=&#8220;#3a1d1d&#8220; header_2_font_size=&#8220;44px&#8220; text_orientation=&#8220;center&#8220; custom_margin=&#8220;||15px&#8220; header_2_font_size_tablet=&#8220;&#8220; header_2_font_size_phone=&#8220;34px&#8220; header_2_font_size_last_edited=&#8220;on|phone&#8220; global_colors_info=&#8220;{}&#8220;]<\/p>\n<p data-start=\"153\" data-end=\"327\">W\u00e4hrend Ihres Aufenthalts auf Rosenvold Strand Camping haben Sie die M\u00f6glichkeit, <strong data-start=\"228\" data-end=\"253\">die Kreativwerkstatt<\/strong> zu besuchen &#8211; ein gem\u00fctlicher Ort, an dem jeder willkommen ist, seiner Fantasie freien Lauf zu lassen.<\/p>\n<p data-start=\"329\" data-end=\"379\">Kinder unter 8 Jahren m\u00fcssen von einem Erwachsenen begleitet werden.<\/p>\n<p data-start=\"381\" data-end=\"600\">Ein typischer Tag im Workshop dauert etwa 2\u00bd-3\u00bd Stunden, je nachdem, was Sie herstellen m\u00f6chten. Die Preise beginnen bei nur \u00a310 und der gesamte Erl\u00f6s flie\u00dft in den Kauf von Materialien wie Posca-Stifte, Farbe und vieles mehr. <\/p>\n<p data-start=\"602\" data-end=\"734\">Folgen Sie uns auf <strong>GoVisit<\/strong><strong data-start=\"613\" data-end=\"662\"> <\/strong>und auf den <strong data-start=\"613\" data-end=\"662\">Event-Posts in unserer Facebook-Gruppe<\/strong>, wo wir regelm\u00e4\u00dfig Termine und Aktivit\u00e4ten in der Kreativwerkstatt mitteilen.<\/p>\n<p>[\/et_pb_text][\/et_pb_column][et_pb_column _builder_version=&#8220;4.27.4&#8243; _module_preset=&#8220;default&#8220; type=&#8220;1_4&#8243;][et_pb_icon font_icon=&#8220;&#xe0c1;||divi||400&#8243; icon_color=&#8220;gcid-54f53681-a1a7-480a-a9b1-2870b6981fc0&#8243; url=&#8220;https:\/\/www.facebook.com\/groups\/2070036829677584\/&#8220; _builder_version=&#8220;4.27.4&#8243; _module_preset=&#8220;default&#8220; hover_enabled=&#8220;0&#8243; global_colors_info=&#8220;{%22gcid-54f53681-a1a7-480a-a9b1-2870b6981fc0%22:%91%22icon_color%22%93}&#8220; icon_width=&#8220;66px&#8220; sticky_enabled=&#8220;0&#8243;][\/et_pb_icon][et_pb_button button_text=&#8220;Aktivit\u00e4tskalender&#8220; _builder_version=&#8220;4.27.4&#8243; _module_preset=&#8220;default&#8220; custom_button=&#8220;on&#8220; button_alignment=&#8220;center&#8220; global_colors_info=&#8220;{%22gcid-54f53681-a1a7-480a-a9b1-2870b6981fc0%22:%91%22button_bg_color%22%93}&#8220; button_bg_color=&#8220;gcid-54f53681-a1a7-480a-a9b1-2870b6981fc0&#8243; button_bg_enable_color=&#8220;on&#8220; button_text_color=&#8220;#FFFFFF&#8220; box_shadow_style=&#8220;preset1&#8243; button_border_radius=&#8220;25px&#8220; button_border_width=&#8220;0px&#8220; hover_enabled=&#8220;0&#8243; sticky_enabled=&#8220;0&#8243; button_url=&#8220;@ET-DC@eyJkeW5hbWljIjp0cnVlLCJjb250ZW50IjoicG9zdF9saW5rX3VybF9wYWdlIiwic2V0dGluZ3MiOnsicG9zdF9pZCI6Ijc5NSIsImVuYWJsZV9odG1sIjoib2ZmIn19@&#8220; _dynamic_attributes=&#8220;button_url&#8220;][\/et_pb_button][\/et_pb_column][\/et_pb_row][et_pb_row padding_top_bottom_link_2=&#8220;true&#8220; padding_left_right_link_2=&#8220;true&#8220; _builder_version=&#8220;4.27.4&#8243; custom_padding=&#8220;32px|0px|50px|0px|false|false&#8220; hover_enabled=&#8220;0&#8243; global_colors_info=&#8220;{}&#8220; sticky_enabled=&#8220;0&#8243;][et_pb_column type=&#8220;4_4&#8243; _builder_version=&#8220;4.16&#8243; custom_padding=&#8220;|||&#8220; global_colors_info=&#8220;{}&#8220; custom_padding__hover=&#8220;|||&#8220;][et_pb_image src=&#8220;https:\/\/rosenvoldcamping.dk\/wp-content\/uploads\/2025\/09\/Kreativevaerksted1.jpg&#8220; title_text=&#8220;Kreativ-Workshop1&#8243; align=&#8220;center&#8220; _builder_version=&#8220;4.27.4&#8243; _module_preset=&#8220;default&#8220; global_colors_info=&#8220;{}&#8220;][\/et_pb_image][\/et_pb_column][\/et_pb_row][\/et_pb_section]<\/p>\n","protected":false},"excerpt":{"rendered":"<p>Die KreativwerkstattW\u00e4hrend Ihres Aufenthalts auf Rosenvold Strand Camping haben Sie die M\u00f6glichkeit, die Kreativwerkstatt zu besuchen &#8211; ein gem\u00fctlicher Ort, an dem jeder willkommen ist, seiner Fantasie freien Lauf zu lassen. Kinder unter 8 Jahren m\u00fcssen von einem Erwachsenen begleitet werden. Ein typischer Tag im Workshop dauert etwa 2\u00bd-3\u00bd Stunden, je nachdem, was Sie herstellen [&hellip;]<\/p>\n","protected":false},"author":1,"featured_media":0,"parent":27667,"menu_order":0,"comment_status":"closed","ping_status":"closed","template":"","meta":{"_et_pb_use_builder":"on","_et_pb_old_content":"","_et_gb_content_width":"","footnotes":""},"folder":[],"class_list":["post-27233","page","type-page","status-publish","hentry"],"yoast_head":"<!-- This site is optimized with the Yoast SEO plugin v27.5 - https:\/\/yoast.com\/product\/yoast-seo-wordpress\/ -->\n<title>Kreativ-Workshop | Ab 10 DKK | Rosenvold Strand Camping<\/title>\n<meta name=\"description\" content=\"Besuchen Sie die Kreativwerkstatt auf dem Rosenvold Strand Camping. Offen f\u00fcr alle, auch f\u00fcr Kinder unter 8 Jahren in Begleitung eines Erwachsenen. Entdecken Sie die k\u00fcnstlerischen M\u00f6glichkeiten\" \/>\n<meta name=\"robots\" content=\"index, follow, max-snippet:-1, max-image-preview:large, max-video-preview:-1\" \/>\n<link rel=\"canonical\" href=\"https:\/\/rosenvoldcamping.dk\/de\/meine-aktivitaeten\/kreative-werkstatt\/\" \/>\n<meta property=\"og:locale\" content=\"de_DE\" \/>\n<meta property=\"og:type\" content=\"article\" \/>\n<meta property=\"og:title\" content=\"Kreativ-Workshop | Ab 10 DKK | Rosenvold Strand Camping\" \/>\n<meta property=\"og:description\" content=\"Besuchen Sie die Kreativwerkstatt auf dem Rosenvold Strand Camping. Offen f\u00fcr alle, auch f\u00fcr Kinder unter 8 Jahren in Begleitung eines Erwachsenen. Entdecken Sie die k\u00fcnstlerischen M\u00f6glichkeiten\" \/>\n<meta property=\"og:url\" content=\"https:\/\/rosenvoldcamping.dk\/de\/meine-aktivitaeten\/kreative-werkstatt\/\" \/>\n<meta property=\"og:site_name\" content=\"Rosenvold Camping\" \/>\n<meta property=\"article:modified_time\" content=\"2025-12-16T20:23:28+00:00\" \/>\n<meta name=\"twitter:card\" content=\"summary_large_image\" \/>\n<meta name=\"twitter:label1\" content=\"Gesch\u00e4tzte Lesezeit\" \/>\n\t<meta name=\"twitter:data1\" content=\"3\u00a0Minuten\" \/>\n<script type=\"application\/ld+json\" class=\"yoast-schema-graph\">{\"@context\":\"https:\\\/\\\/schema.org\",\"@graph\":[{\"@type\":\"WebPage\",\"@id\":\"https:\\\/\\\/rosenvoldcamping.dk\\\/de\\\/meine-aktivitaeten\\\/kreative-werkstatt\\\/\",\"url\":\"https:\\\/\\\/rosenvoldcamping.dk\\\/de\\\/meine-aktivitaeten\\\/kreative-werkstatt\\\/\",\"name\":\"Kreativ-Workshop | Ab 10 DKK | Rosenvold Strand Camping\",\"isPartOf\":{\"@id\":\"https:\\\/\\\/rosenvoldcamping.dk\\\/de\\\/#website\"},\"datePublished\":\"2025-09-18T08:30:08+00:00\",\"dateModified\":\"2025-12-16T20:23:28+00:00\",\"description\":\"Besuchen Sie die Kreativwerkstatt auf dem Rosenvold Strand Camping. Offen f\u00fcr alle, auch f\u00fcr Kinder unter 8 Jahren in Begleitung eines Erwachsenen. Entdecken Sie die k\u00fcnstlerischen M\u00f6glichkeiten\",\"breadcrumb\":{\"@id\":\"https:\\\/\\\/rosenvoldcamping.dk\\\/de\\\/meine-aktivitaeten\\\/kreative-werkstatt\\\/#breadcrumb\"},\"inLanguage\":\"de\",\"potentialAction\":[{\"@type\":\"ReadAction\",\"target\":[\"https:\\\/\\\/rosenvoldcamping.dk\\\/de\\\/meine-aktivitaeten\\\/kreative-werkstatt\\\/\"]}]},{\"@type\":\"BreadcrumbList\",\"@id\":\"https:\\\/\\\/rosenvoldcamping.dk\\\/de\\\/meine-aktivitaeten\\\/kreative-werkstatt\\\/#breadcrumb\",\"itemListElement\":[{\"@type\":\"ListItem\",\"position\":1,\"name\":\"Hjem\",\"item\":\"https:\\\/\\\/rosenvoldcamping.dk\\\/de\\\/hauptseite\\\/\"},{\"@type\":\"ListItem\",\"position\":2,\"name\":\"Meine Aktivit\u00e4ten\",\"item\":\"https:\\\/\\\/rosenvoldcamping.dk\\\/de\\\/meine-aktivitaeten\\\/\"},{\"@type\":\"ListItem\",\"position\":3,\"name\":\"Kreative Werkstatt\"}]},{\"@type\":\"WebSite\",\"@id\":\"https:\\\/\\\/rosenvoldcamping.dk\\\/de\\\/#website\",\"url\":\"https:\\\/\\\/rosenvoldcamping.dk\\\/de\\\/\",\"name\":\"Rosenvold Camping\",\"description\":\"En oase ved fjorden\",\"potentialAction\":[{\"@type\":\"SearchAction\",\"target\":{\"@type\":\"EntryPoint\",\"urlTemplate\":\"https:\\\/\\\/rosenvoldcamping.dk\\\/de\\\/?s={search_term_string}\"},\"query-input\":{\"@type\":\"PropertyValueSpecification\",\"valueRequired\":true,\"valueName\":\"search_term_string\"}}],\"inLanguage\":\"de\"}]}<\/script>\n<!-- \/ Yoast SEO plugin. -->","yoast_head_json":{"title":"Kreativ-Workshop | Ab 10 DKK | Rosenvold Strand Camping","description":"Besuchen Sie die Kreativwerkstatt auf dem Rosenvold Strand Camping. Offen f\u00fcr alle, auch f\u00fcr Kinder unter 8 Jahren in Begleitung eines Erwachsenen. Entdecken Sie die k\u00fcnstlerischen M\u00f6glichkeiten","robots":{"index":"index","follow":"follow","max-snippet":"max-snippet:-1","max-image-preview":"max-image-preview:large","max-video-preview":"max-video-preview:-1"},"canonical":"https:\/\/rosenvoldcamping.dk\/de\/meine-aktivitaeten\/kreative-werkstatt\/","og_locale":"de_DE","og_type":"article","og_title":"Kreativ-Workshop | Ab 10 DKK | Rosenvold Strand Camping","og_description":"Besuchen Sie die Kreativwerkstatt auf dem Rosenvold Strand Camping. Offen f\u00fcr alle, auch f\u00fcr Kinder unter 8 Jahren in Begleitung eines Erwachsenen. Entdecken Sie die k\u00fcnstlerischen M\u00f6glichkeiten","og_url":"https:\/\/rosenvoldcamping.dk\/de\/meine-aktivitaeten\/kreative-werkstatt\/","og_site_name":"Rosenvold Camping","article_modified_time":"2025-12-16T20:23:28+00:00","twitter_card":"summary_large_image","twitter_misc":{"Gesch\u00e4tzte Lesezeit":"3\u00a0Minuten"},"schema":{"@context":"https:\/\/schema.org","@graph":[{"@type":"WebPage","@id":"https:\/\/rosenvoldcamping.dk\/de\/meine-aktivitaeten\/kreative-werkstatt\/","url":"https:\/\/rosenvoldcamping.dk\/de\/meine-aktivitaeten\/kreative-werkstatt\/","name":"Kreativ-Workshop | Ab 10 DKK | Rosenvold Strand Camping","isPartOf":{"@id":"https:\/\/rosenvoldcamping.dk\/de\/#website"},"datePublished":"2025-09-18T08:30:08+00:00","dateModified":"2025-12-16T20:23:28+00:00","description":"Besuchen Sie die Kreativwerkstatt auf dem Rosenvold Strand Camping. Offen f\u00fcr alle, auch f\u00fcr Kinder unter 8 Jahren in Begleitung eines Erwachsenen. Entdecken Sie die k\u00fcnstlerischen M\u00f6glichkeiten","breadcrumb":{"@id":"https:\/\/rosenvoldcamping.dk\/de\/meine-aktivitaeten\/kreative-werkstatt\/#breadcrumb"},"inLanguage":"de","potentialAction":[{"@type":"ReadAction","target":["https:\/\/rosenvoldcamping.dk\/de\/meine-aktivitaeten\/kreative-werkstatt\/"]}]},{"@type":"BreadcrumbList","@id":"https:\/\/rosenvoldcamping.dk\/de\/meine-aktivitaeten\/kreative-werkstatt\/#breadcrumb","itemListElement":[{"@type":"ListItem","position":1,"name":"Hjem","item":"https:\/\/rosenvoldcamping.dk\/de\/hauptseite\/"},{"@type":"ListItem","position":2,"name":"Meine Aktivit\u00e4ten","item":"https:\/\/rosenvoldcamping.dk\/de\/meine-aktivitaeten\/"},{"@type":"ListItem","position":3,"name":"Kreative Werkstatt"}]},{"@type":"WebSite","@id":"https:\/\/rosenvoldcamping.dk\/de\/#website","url":"https:\/\/rosenvoldcamping.dk\/de\/","name":"Rosenvold Camping","description":"En oase ved fjorden","potentialAction":[{"@type":"SearchAction","target":{"@type":"EntryPoint","urlTemplate":"https:\/\/rosenvoldcamping.dk\/de\/?s={search_term_string}"},"query-input":{"@type":"PropertyValueSpecification","valueRequired":true,"valueName":"search_term_string"}}],"inLanguage":"de"}]}},"_links":{"self":[{"href":"https:\/\/rosenvoldcamping.dk\/de\/wp-json\/wp\/v2\/pages\/27233","targetHints":{"allow":["GET"]}}],"collection":[{"href":"https:\/\/rosenvoldcamping.dk\/de\/wp-json\/wp\/v2\/pages"}],"about":[{"href":"https:\/\/rosenvoldcamping.dk\/de\/wp-json\/wp\/v2\/types\/page"}],"author":[{"embeddable":true,"href":"https:\/\/rosenvoldcamping.dk\/de\/wp-json\/wp\/v2\/users\/1"}],"replies":[{"embeddable":true,"href":"https:\/\/rosenvoldcamping.dk\/de\/wp-json\/wp\/v2\/comments?post=27233"}],"version-history":[{"count":2,"href":"https:\/\/rosenvoldcamping.dk\/de\/wp-json\/wp\/v2\/pages\/27233\/revisions"}],"predecessor-version":[{"id":27236,"href":"https:\/\/rosenvoldcamping.dk\/de\/wp-json\/wp\/v2\/pages\/27233\/revisions\/27236"}],"up":[{"embeddable":true,"href":"https:\/\/rosenvoldcamping.dk\/de\/wp-json\/wp\/v2\/pages\/27667"}],"wp:attachment":[{"href":"https:\/\/rosenvoldcamping.dk\/de\/wp-json\/wp\/v2\/media?parent=27233"}],"wp:term":[{"taxonomy":"folder","embeddable":true,"href":"https:\/\/rosenvoldcamping.dk\/de\/wp-json\/wp\/v2\/folder?post=27233"}],"curies":[{"name":"wp","href":"https:\/\/api.w.org\/{rel}","templated":true}]}}