{"id":27237,"date":"2025-09-18T09:30:06","date_gmt":"2025-09-18T08:30:06","guid":{"rendered":"https:\/\/rosenvoldcamping.dk\/line-dance\/"},"modified":"2025-12-16T21:23:28","modified_gmt":"2025-12-16T20:23:28","slug":"line-dance","status":"publish","type":"page","link":"https:\/\/rosenvoldcamping.dk\/de\/meine-aktivitaeten\/line-dance\/","title":{"rendered":"Line Dance"},"content":{"rendered":"<p>[et_pb_section fb_built=&#8220;1&#8243; _builder_version=&#8220;4.27.4&#8243; background_image=&#8220;https:\/\/rosenvoldcamping.dk\/wp-content\/uploads\/2025\/09\/linedance.jpg&#8220; min_height=&#8220;550px&#8220; global_colors_info=&#8220;{}&#8220;][et_pb_row _builder_version=&#8220;4.16&#8243; global_colors_info=&#8220;{}&#8220;][et_pb_column type=&#8220;4_4&#8243; _builder_version=&#8220;4.16&#8243; custom_padding=&#8220;|||&#8220; global_colors_info=&#8220;{}&#8220; custom_padding__hover=&#8220;|||&#8220;][et_pb_text _builder_version=&#8220;4.27.4&#8243; header_font=&#8220;|800|||||||&#8220; header_text_color=&#8220;gcid-heading-color&#8220; header_font_size=&#8220;44px&#8220; header_2_font=&#8220;|800|||||||&#8220; header_2_text_color=&#8220;gcid-heading-color&#8220; header_2_font_size=&#8220;44px&#8220; text_orientation=&#8220;center&#8220; custom_margin=&#8220;||15px&#8220; header_2_font_size_tablet=&#8220;&#8220; header_2_font_size_phone=&#8220;34px&#8220; header_2_font_size_last_edited=&#8220;on|phone&#8220; global_colors_info=&#8220;{%22gcid-heading-color%22:%91%22header_2_text_color%22,%22header_text_color%22%93}&#8220;]<\/p>\n<h1><span style=\"color: #ffffff;\">Line Dance<\/span><\/h1>\n<p>[\/et_pb_text][et_pb_divider divider_style=&#8220;dotted&#8220; divider_weight=&#8220;8px&#8220; _builder_version=&#8220;4.16&#8243; max_width=&#8220;8%&#8220; module_alignment=&#8220;center&#8220; custom_margin=&#8220;||15px&#8220; global_colors_info=&#8220;{}&#8220;][\/et_pb_divider][et_pb_text _builder_version=&#8220;4.27.4&#8243; header_font=&#8220;||||||||&#8220; header_2_font=&#8220;|800|||||||&#8220; header_2_text_align=&#8220;center&#8220; header_2_text_color=&#8220;#ffffff&#8220; header_2_font_size=&#8220;44px&#8220; custom_margin=&#8220;||15px&#8220; global_colors_info=&#8220;{}&#8220;][\/et_pb_text][\/et_pb_column][\/et_pb_row][\/et_pb_section][et_pb_section fb_built=&#8220;1&#8243; custom_padding_last_edited=&#8220;on|phone&#8220; _builder_version=&#8220;4.27.4&#8243; custom_padding=&#8220;||0px||false|false&#8220; custom_padding_tablet=&#8220;||0px||false|false&#8220; custom_padding_phone=&#8220;||0px||false|false&#8220; bottom_divider_color=&#8220;gcid-54f53681-a1a7-480a-a9b1-2870b6981fc0&#8243; global_colors_info=&#8220;{%22gcid-54f53681-a1a7-480a-a9b1-2870b6981fc0%22:%91%22bottom_divider_color%22%93}&#8220;][et_pb_row column_structure=&#8220;1_2,1_2&#8243; padding_top_bottom_link_2=&#8220;true&#8220; padding_left_right_link_2=&#8220;true&#8220; _builder_version=&#8220;4.27.4&#8243; custom_padding=&#8220;32px|0px|0|0px|false|false&#8220; global_colors_info=&#8220;{}&#8220;][et_pb_column type=&#8220;1_2&#8243; _builder_version=&#8220;4.16&#8243; custom_padding=&#8220;|||&#8220; hover_enabled=&#8220;0&#8243; global_colors_info=&#8220;{}&#8220; custom_padding__hover=&#8220;|||&#8220; sticky_enabled=&#8220;0&#8243;][et_pb_text _builder_version=&#8220;4.27.4&#8243; header_font=&#8220;||||||||&#8220; header_2_font=&#8220;|800|||||||&#8220; header_2_text_color=&#8220;#3a1d1d&#8220; header_2_font_size=&#8220;44px&#8220; custom_margin=&#8220;||15px&#8220; hover_enabled=&#8220;0&#8243; header_2_font_size_tablet=&#8220;&#8220; header_2_font_size_phone=&#8220;34px&#8220; header_2_font_size_last_edited=&#8220;on|phone&#8220; global_colors_info=&#8220;{}&#8220; sticky_enabled=&#8220;0&#8243;]<\/p>\n<p>Erleben Sie mit uns einen Tag voller Spa\u00df beim Line Dance! Jeder kann mitmachen &#8211; Anf\u00e4nger und Fortgeschrittene gleicherma\u00dfen.<br data-start=\"250\" data-end=\"253\">Die einzige Voraussetzung ist, dass Sie Mitglied in einem Line Dance Club sind.<br data-start=\"309\" data-end=\"312\">Die Nachfrage nach Tickets ist gro\u00df, also beeilen Sie sich und sichern Sie sich Ihren Platz! <\/p>\n<p>Tickets k\u00f6nnen \u00fcber GoVisit gebucht werden: <a href=\"https:\/\/govisit.dk\/det-sker\/rosenvoldcamping-en\/\">https:\/\/govisit.dk\/det-sker\/rosenvoldcamping-en\/<\/a><\/p>\n<p>Wenn Sie an einigen Tagen Lebensmittel kaufen m\u00f6chten, m\u00fcssen Sie dies ebenfalls \u00fcber GoVisit tun.<\/p>\n<p>[\/et_pb_text][et_pb_image src=&#8220;https:\/\/rosenvoldcamping.dk\/wp-content\/uploads\/2025\/10\/Linedance-2026.jpg&#8220; title_text=&#8220;Line Dance 2026&#8243; _builder_version=&#8220;4.27.4&#8243; _module_preset=&#8220;default&#8220; global_colors_info=&#8220;{}&#8220;][\/et_pb_image][et_pb_divider divider_style=&#8220;dotted&#8220; divider_weight=&#8220;8px&#8220; _builder_version=&#8220;4.16&#8243; max_width=&#8220;7%&#8220; custom_margin=&#8220;||15px&#8220; custom_padding=&#8220;20px||&#8220; global_colors_info=&#8220;{}&#8220;][\/et_pb_divider][\/et_pb_column][et_pb_column type=&#8220;1_2&#8243; _builder_version=&#8220;4.27.4&#8243; _module_preset=&#8220;default&#8220; global_colors_info=&#8220;{}&#8220;][et_pb_code _builder_version=&#8220;4.27.4&#8243; _module_preset=&#8220;default&#8220; global_colors_info=&#8220;{}&#8220;]<\/p>\n<div class=\"ticketbutler-iframe\" data-type=\"EVENT\" data-domain=\"govisit.ticketbutler.io\" data-slug=\"linedance-arrangement-2026-1\"><\/div>\n<p><script type=\"text\/javascript\" src=\"https:\/\/cdn.ticketbutler.io\/event-embedder\/index.js\"><\/script>[\/et_pb_code][\/et_pb_column][\/et_pb_row][\/et_pb_section]<\/p>\n","protected":false},"excerpt":{"rendered":"<p>Line DanceErleben Sie mit uns einen Tag voller Spa\u00df beim Line Dance! Jeder kann mitmachen &#8211; Anf\u00e4nger und Fortgeschrittene gleicherma\u00dfen.Die einzige Voraussetzung ist, dass Sie Mitglied in einem Line Dance Club sind.Die Nachfrage nach Tickets ist gro\u00df, also beeilen Sie sich und sichern Sie sich Ihren Platz! Tickets k\u00f6nnen \u00fcber GoVisit gebucht werden: https:\/\/govisit.dk\/det-sker\/rosenvoldcamping-en\/ Wenn [&hellip;]<\/p>\n","protected":false},"author":1,"featured_media":0,"parent":27667,"menu_order":0,"comment_status":"closed","ping_status":"closed","template":"","meta":{"_et_pb_use_builder":"on","_et_pb_old_content":"","_et_gb_content_width":"","footnotes":""},"folder":[],"class_list":["post-27237","page","type-page","status-publish","hentry"],"yoast_head":"<!-- This site is optimized with the Yoast SEO plugin v27.5 - https:\/\/yoast.com\/product\/yoast-seo-wordpress\/ -->\n<title>Line Dance | Kommen Sie zum Line Dance auf Rosenvold Strand Camping<\/title>\n<meta name=\"description\" content=\"Kommen Sie und erleben Sie die Freude am Line Dance! Egal welches Niveau Sie haben, Sie sind willkommen. Voraussetzung f\u00fcr die Teilnahme ist, dass Sie Mitglied in einem Line Dance Club sind. Kommen Sie und tanzen Sie mit uns\" \/>\n<meta name=\"robots\" content=\"index, follow, max-snippet:-1, max-image-preview:large, max-video-preview:-1\" \/>\n<link rel=\"canonical\" href=\"https:\/\/rosenvoldcamping.dk\/de\/meine-aktivitaeten\/line-dance\/\" \/>\n<meta property=\"og:locale\" content=\"de_DE\" \/>\n<meta property=\"og:type\" content=\"article\" \/>\n<meta property=\"og:title\" content=\"Line Dance | Kommen Sie zum Line Dance auf Rosenvold Strand Camping\" \/>\n<meta property=\"og:description\" content=\"Kommen Sie und erleben Sie die Freude am Line Dance! Egal welches Niveau Sie haben, Sie sind willkommen. Voraussetzung f\u00fcr die Teilnahme ist, dass Sie Mitglied in einem Line Dance Club sind. Kommen Sie und tanzen Sie mit uns\" \/>\n<meta property=\"og:url\" content=\"https:\/\/rosenvoldcamping.dk\/de\/meine-aktivitaeten\/line-dance\/\" \/>\n<meta property=\"og:site_name\" content=\"Rosenvold Camping\" \/>\n<meta property=\"article:modified_time\" content=\"2025-12-16T20:23:28+00:00\" \/>\n<meta name=\"twitter:card\" content=\"summary_large_image\" \/>\n<meta name=\"twitter:label1\" content=\"Gesch\u00e4tzte Lesezeit\" \/>\n\t<meta name=\"twitter:data1\" content=\"2\u00a0Minuten\" \/>\n<script type=\"application\/ld+json\" class=\"yoast-schema-graph\">{\"@context\":\"https:\\\/\\\/schema.org\",\"@graph\":[{\"@type\":\"WebPage\",\"@id\":\"https:\\\/\\\/rosenvoldcamping.dk\\\/de\\\/meine-aktivitaeten\\\/line-dance\\\/\",\"url\":\"https:\\\/\\\/rosenvoldcamping.dk\\\/de\\\/meine-aktivitaeten\\\/line-dance\\\/\",\"name\":\"Line Dance | Kommen Sie zum Line Dance auf Rosenvold Strand Camping\",\"isPartOf\":{\"@id\":\"https:\\\/\\\/rosenvoldcamping.dk\\\/de\\\/#website\"},\"datePublished\":\"2025-09-18T08:30:06+00:00\",\"dateModified\":\"2025-12-16T20:23:28+00:00\",\"description\":\"Kommen Sie und erleben Sie die Freude am Line Dance! Egal welches Niveau Sie haben, Sie sind willkommen. Voraussetzung f\u00fcr die Teilnahme ist, dass Sie Mitglied in einem Line Dance Club sind. Kommen Sie und tanzen Sie mit uns\",\"breadcrumb\":{\"@id\":\"https:\\\/\\\/rosenvoldcamping.dk\\\/de\\\/meine-aktivitaeten\\\/line-dance\\\/#breadcrumb\"},\"inLanguage\":\"de\",\"potentialAction\":[{\"@type\":\"ReadAction\",\"target\":[\"https:\\\/\\\/rosenvoldcamping.dk\\\/de\\\/meine-aktivitaeten\\\/line-dance\\\/\"]}]},{\"@type\":\"BreadcrumbList\",\"@id\":\"https:\\\/\\\/rosenvoldcamping.dk\\\/de\\\/meine-aktivitaeten\\\/line-dance\\\/#breadcrumb\",\"itemListElement\":[{\"@type\":\"ListItem\",\"position\":1,\"name\":\"Hjem\",\"item\":\"https:\\\/\\\/rosenvoldcamping.dk\\\/de\\\/hauptseite\\\/\"},{\"@type\":\"ListItem\",\"position\":2,\"name\":\"Meine Aktivit\u00e4ten\",\"item\":\"https:\\\/\\\/rosenvoldcamping.dk\\\/de\\\/meine-aktivitaeten\\\/\"},{\"@type\":\"ListItem\",\"position\":3,\"name\":\"Line Dance\"}]},{\"@type\":\"WebSite\",\"@id\":\"https:\\\/\\\/rosenvoldcamping.dk\\\/de\\\/#website\",\"url\":\"https:\\\/\\\/rosenvoldcamping.dk\\\/de\\\/\",\"name\":\"Rosenvold Camping\",\"description\":\"En oase ved fjorden\",\"potentialAction\":[{\"@type\":\"SearchAction\",\"target\":{\"@type\":\"EntryPoint\",\"urlTemplate\":\"https:\\\/\\\/rosenvoldcamping.dk\\\/de\\\/?s={search_term_string}\"},\"query-input\":{\"@type\":\"PropertyValueSpecification\",\"valueRequired\":true,\"valueName\":\"search_term_string\"}}],\"inLanguage\":\"de\"}]}<\/script>\n<!-- \/ Yoast SEO plugin. -->","yoast_head_json":{"title":"Line Dance | Kommen Sie zum Line Dance auf Rosenvold Strand Camping","description":"Kommen Sie und erleben Sie die Freude am Line Dance! Egal welches Niveau Sie haben, Sie sind willkommen. Voraussetzung f\u00fcr die Teilnahme ist, dass Sie Mitglied in einem Line Dance Club sind. Kommen Sie und tanzen Sie mit uns","robots":{"index":"index","follow":"follow","max-snippet":"max-snippet:-1","max-image-preview":"max-image-preview:large","max-video-preview":"max-video-preview:-1"},"canonical":"https:\/\/rosenvoldcamping.dk\/de\/meine-aktivitaeten\/line-dance\/","og_locale":"de_DE","og_type":"article","og_title":"Line Dance | Kommen Sie zum Line Dance auf Rosenvold Strand Camping","og_description":"Kommen Sie und erleben Sie die Freude am Line Dance! Egal welches Niveau Sie haben, Sie sind willkommen. Voraussetzung f\u00fcr die Teilnahme ist, dass Sie Mitglied in einem Line Dance Club sind. Kommen Sie und tanzen Sie mit uns","og_url":"https:\/\/rosenvoldcamping.dk\/de\/meine-aktivitaeten\/line-dance\/","og_site_name":"Rosenvold Camping","article_modified_time":"2025-12-16T20:23:28+00:00","twitter_card":"summary_large_image","twitter_misc":{"Gesch\u00e4tzte Lesezeit":"2\u00a0Minuten"},"schema":{"@context":"https:\/\/schema.org","@graph":[{"@type":"WebPage","@id":"https:\/\/rosenvoldcamping.dk\/de\/meine-aktivitaeten\/line-dance\/","url":"https:\/\/rosenvoldcamping.dk\/de\/meine-aktivitaeten\/line-dance\/","name":"Line Dance | Kommen Sie zum Line Dance auf Rosenvold Strand Camping","isPartOf":{"@id":"https:\/\/rosenvoldcamping.dk\/de\/#website"},"datePublished":"2025-09-18T08:30:06+00:00","dateModified":"2025-12-16T20:23:28+00:00","description":"Kommen Sie und erleben Sie die Freude am Line Dance! Egal welches Niveau Sie haben, Sie sind willkommen. Voraussetzung f\u00fcr die Teilnahme ist, dass Sie Mitglied in einem Line Dance Club sind. Kommen Sie und tanzen Sie mit uns","breadcrumb":{"@id":"https:\/\/rosenvoldcamping.dk\/de\/meine-aktivitaeten\/line-dance\/#breadcrumb"},"inLanguage":"de","potentialAction":[{"@type":"ReadAction","target":["https:\/\/rosenvoldcamping.dk\/de\/meine-aktivitaeten\/line-dance\/"]}]},{"@type":"BreadcrumbList","@id":"https:\/\/rosenvoldcamping.dk\/de\/meine-aktivitaeten\/line-dance\/#breadcrumb","itemListElement":[{"@type":"ListItem","position":1,"name":"Hjem","item":"https:\/\/rosenvoldcamping.dk\/de\/hauptseite\/"},{"@type":"ListItem","position":2,"name":"Meine Aktivit\u00e4ten","item":"https:\/\/rosenvoldcamping.dk\/de\/meine-aktivitaeten\/"},{"@type":"ListItem","position":3,"name":"Line Dance"}]},{"@type":"WebSite","@id":"https:\/\/rosenvoldcamping.dk\/de\/#website","url":"https:\/\/rosenvoldcamping.dk\/de\/","name":"Rosenvold Camping","description":"En oase ved fjorden","potentialAction":[{"@type":"SearchAction","target":{"@type":"EntryPoint","urlTemplate":"https:\/\/rosenvoldcamping.dk\/de\/?s={search_term_string}"},"query-input":{"@type":"PropertyValueSpecification","valueRequired":true,"valueName":"search_term_string"}}],"inLanguage":"de"}]}},"_links":{"self":[{"href":"https:\/\/rosenvoldcamping.dk\/de\/wp-json\/wp\/v2\/pages\/27237","targetHints":{"allow":["GET"]}}],"collection":[{"href":"https:\/\/rosenvoldcamping.dk\/de\/wp-json\/wp\/v2\/pages"}],"about":[{"href":"https:\/\/rosenvoldcamping.dk\/de\/wp-json\/wp\/v2\/types\/page"}],"author":[{"embeddable":true,"href":"https:\/\/rosenvoldcamping.dk\/de\/wp-json\/wp\/v2\/users\/1"}],"replies":[{"embeddable":true,"href":"https:\/\/rosenvoldcamping.dk\/de\/wp-json\/wp\/v2\/comments?post=27237"}],"version-history":[{"count":2,"href":"https:\/\/rosenvoldcamping.dk\/de\/wp-json\/wp\/v2\/pages\/27237\/revisions"}],"predecessor-version":[{"id":27242,"href":"https:\/\/rosenvoldcamping.dk\/de\/wp-json\/wp\/v2\/pages\/27237\/revisions\/27242"}],"up":[{"embeddable":true,"href":"https:\/\/rosenvoldcamping.dk\/de\/wp-json\/wp\/v2\/pages\/27667"}],"wp:attachment":[{"href":"https:\/\/rosenvoldcamping.dk\/de\/wp-json\/wp\/v2\/media?parent=27237"}],"wp:term":[{"taxonomy":"folder","embeddable":true,"href":"https:\/\/rosenvoldcamping.dk\/de\/wp-json\/wp\/v2\/folder?post=27237"}],"curies":[{"name":"wp","href":"https:\/\/api.w.org\/{rel}","templated":true}]}}