{"id":27432,"date":"2025-09-18T09:28:37","date_gmt":"2025-09-18T08:28:37","guid":{"rendered":"https:\/\/rosenvoldcamping.dk\/mietautos\/"},"modified":"2025-12-16T21:23:16","modified_gmt":"2025-12-16T20:23:16","slug":"mietautos","status":"publish","type":"page","link":"https:\/\/rosenvoldcamping.dk\/de\/vermietungsdienstleistungen\/mietautos\/","title":{"rendered":"Mietautos"},"content":{"rendered":"<p>[et_pb_section fb_built=&#8220;1&#8243; _builder_version=&#8220;4.27.4&#8243; background_image=&#8220;https:\/\/rosenvoldcamping.dk\/wp-content\/uploads\/2025\/10\/Rosenvold_campingvogn_1_IMG_8162.jpg&#8220; min_height=&#8220;550px&#8220; global_colors_info=&#8220;{}&#8220;][et_pb_row _builder_version=&#8220;4.27.4&#8243; global_colors_info=&#8220;{}&#8220;][et_pb_column type=&#8220;4_4&#8243; _builder_version=&#8220;4.16&#8243; custom_padding=&#8220;|||&#8220; global_colors_info=&#8220;{}&#8220; custom_padding__hover=&#8220;|||&#8220;][et_pb_text _builder_version=&#8220;4.27.4&#8243; header_font=&#8220;|800|||||||&#8220; header_text_color=&#8220;gcid-heading-color&#8220; header_font_size=&#8220;44px&#8220; header_2_font=&#8220;|800|||||||&#8220; header_2_text_color=&#8220;gcid-heading-color&#8220; header_2_font_size=&#8220;44px&#8220; text_orientation=&#8220;center&#8220; custom_margin=&#8220;||15px&#8220; header_2_font_size_tablet=&#8220;&#8220; header_2_font_size_phone=&#8220;34px&#8220; header_2_font_size_last_edited=&#8220;on|phone&#8220; global_colors_info=&#8220;{%22gcid-heading-color%22:%91%22header_2_text_color%22,%22header_text_color%22%93}&#8220;]<\/p>\n<h1><span style=\"color: #ffffff;\">Leihwagen<\/span><\/h1>\n<p>[\/et_pb_text][et_pb_divider divider_style=&#8220;dotted&#8220; divider_weight=&#8220;8px&#8220; _builder_version=&#8220;4.16&#8243; max_width=&#8220;8%&#8220; module_alignment=&#8220;center&#8220; custom_margin=&#8220;||15px&#8220; global_colors_info=&#8220;{}&#8220;][\/et_pb_divider][et_pb_text _builder_version=&#8220;4.27.4&#8243; header_font=&#8220;||||||||&#8220; header_2_font=&#8220;|800|||||||&#8220; header_2_text_align=&#8220;center&#8220; header_2_text_color=&#8220;#ffffff&#8220; header_2_font_size=&#8220;44px&#8220; custom_margin=&#8220;||15px&#8220; global_colors_info=&#8220;{}&#8220;][\/et_pb_text][\/et_pb_column][\/et_pb_row][\/et_pb_section][et_pb_section fb_built=&#8220;1&#8243; custom_padding_last_edited=&#8220;on|desktop&#8220; _builder_version=&#8220;4.27.4&#8243; custom_padding=&#8220;||150px||false|false&#8220; custom_padding_tablet=&#8220;||150px||false|false&#8220; custom_padding_phone=&#8220;||150px||false|false&#8220; bottom_divider_style=&#8220;wave2&#8243; bottom_divider_color=&#8220;gcid-54f53681-a1a7-480a-a9b1-2870b6981fc0&#8243; global_colors_info=&#8220;{%22gcid-54f53681-a1a7-480a-a9b1-2870b6981fc0%22:%91%22bottom_divider_color%22%93}&#8220;][et_pb_row padding_top_bottom_link_2=&#8220;true&#8220; padding_left_right_link_2=&#8220;true&#8220; _builder_version=&#8220;4.16&#8243; custom_padding=&#8220;32px|0px|0|0px|false|false&#8220; global_colors_info=&#8220;{}&#8220;][et_pb_column type=&#8220;4_4&#8243; _builder_version=&#8220;4.16&#8243; custom_padding=&#8220;|||&#8220; global_colors_info=&#8220;{}&#8220; custom_padding__hover=&#8220;|||&#8220;][et_pb_text _builder_version=&#8220;4.27.4&#8243; header_font=&#8220;||||||||&#8220; header_2_font=&#8220;|800|||||||&#8220; header_2_text_color=&#8220;#3a1d1d&#8220; header_2_font_size=&#8220;44px&#8220; custom_margin=&#8220;||15px&#8220; header_2_font_size_tablet=&#8220;&#8220; header_2_font_size_phone=&#8220;34px&#8220; header_2_font_size_last_edited=&#8220;on|phone&#8220; global_colors_info=&#8220;{}&#8220;]<\/p>\n<h2>Mieten Sie einen Wohnwagen am Vejle Fjord<\/h2>\n<p>[\/et_pb_text][et_pb_text _builder_version=&#8220;4.27.4&#8243; header_font=&#8220;||||||||&#8220; header_2_font=&#8220;|800|||||||&#8220; header_2_text_color=&#8220;#3a1d1d&#8220; header_2_font_size=&#8220;44px&#8220; custom_margin=&#8220;||15px&#8220; header_2_font_size_tablet=&#8220;&#8220; header_2_font_size_phone=&#8220;34px&#8220; header_2_font_size_last_edited=&#8220;on|phone&#8220; global_colors_info=&#8220;{}&#8220;]<\/p>\n<p data-start=\"213\" data-end=\"636\">Wenn Sie als Familie zelten gehen, vielleicht zum ersten Mal, erwartet Sie eine Erfahrung voller Intimit\u00e4t, Natur und neuer Routinen. Das enge Zusammenleben &#8211; sechs Personen in einem Wohnwagen &#8211; bietet sowohl viel Gem\u00fctlichkeit als auch M\u00f6glichkeiten f\u00fcr gemeinsame Aktivit\u00e4ten. <\/p>\n<p data-start=\"638\" data-end=\"990\">Da der Wohnwagen direkt neben dem gro\u00dfen Spielplatz steht, sind den Kindern stundenlanges Spielen und neue Freundschaften fast garantiert. Gleichzeitig erm\u00f6glicht die Kreativwerkstatt vor Ort ruhige Pausen zum Malen, Schneiden und Basteln, wenn Sie Ihre Batterien wieder aufladen m\u00fcssen. Wenn die Kinder besch\u00e4ftigt sind, haben auch Sie als Erwachsene etwas Ruhe &#8211; entweder f\u00fcr sich selbst oder um am Rande mitzumachen.  <\/p>\n<p data-start=\"992\" data-end=\"1409\">Die umliegende Natur mit Strand und Wald l\u00e4dt zu vielen spontanen Abenteuern ein: Sandburgen, Krabbenfang, Spazierg\u00e4nge, Verstecken in den B\u00e4umen und vielleicht ein Sno-Cake am Lagerfeuer. Sie brauchen nicht zu viel zu planen &#8211; die besten Erinnerungen entstehen oft, wenn das Programm locker und flexibel ist.   <\/p>\n<p data-start=\"1411\" data-end=\"1628\">Bringen Sie praktische Kleidung und Ausr\u00fcstung mit &#8211; Regenkleidung, Gummistiefel, zus\u00e4tzliche Decken, etwas Spielzeug, Zeichenmaterial und Stirnlampen. Das erleichtert den Alltag und gibt Ihnen die Freiheit, drau\u00dfen zu spielen und es sich drinnen gem\u00fctlich zu machen, egal bei welchem Wetter. <\/p>\n<p data-start=\"1630\" data-end=\"1902\">Das Wichtigste ist nicht, ob alles glatt l\u00e4uft &#8211; das tut es beim Camping selten. Aber es ist die Unvollkommenheit, die f\u00fcr die besten Geschichten sorgt. Erwarten Sie Lachen, ein bisschen Chaos, ein bisschen Logistik und viele kleine Momente, in denen Sie einfach das Gef\u00fchl haben, dass die Familie zusammen und pr\u00e4sent ist.  <\/p>\n<p data-start=\"1904\" data-end=\"2148\">Seien Sie also aufgeschlossen und schaffen Sie vielleicht Ihre eigenen kleinen Traditionen &#8211; Pfannkuchen am Morgen, abendliche Ausfl\u00fcge zum Strand oder ein gemeinsames Fr\u00fchst\u00fcck ohne Bildschirme. Am Ende der Reise werden die Kinder h\u00f6chstwahrscheinlich fragen: <em data-start=\"2116\" data-end=\"2148\">&#8222;Wann fahren wir wieder?&#8220;<\/em> <\/p>\n<p>[\/et_pb_text][et_pb_divider divider_style=&#8220;dotted&#8220; divider_weight=&#8220;8px&#8220; _builder_version=&#8220;4.16&#8243; max_width=&#8220;7%&#8220; custom_margin=&#8220;||15px&#8220; custom_padding=&#8220;20px||&#8220; global_colors_info=&#8220;{}&#8220;][\/et_pb_divider][\/et_pb_column][\/et_pb_row][et_pb_row column_structure=&#8220;2_3,1_3&#8243; make_equal=&#8220;on&#8220; padding_top_bottom_link_2=&#8220;true&#8220; padding_left_right_link_2=&#8220;true&#8220; _builder_version=&#8220;4.27.4&#8243; custom_padding=&#8220;22px|0px|75px|0px|false|false&#8220; global_colors_info=&#8220;{}&#8220;][et_pb_column type=&#8220;2_3&#8243; _builder_version=&#8220;4.27.4&#8243; custom_padding=&#8220;|||&#8220; border_radii=&#8220;on|30px|30px|30px|30px&#8220; box_shadow_style=&#8220;preset1&#8243; global_colors_info=&#8220;{}&#8220; custom_padding__hover=&#8220;|||&#8220;][et_pb_gallery gallery_ids=&#8220;27433,27434,27435,27436,27437,27438,27439,27440,27441,27442&#8243; fullwidth=&#8220;on&#8220; _builder_version=&#8220;4.27.4&#8243; _module_preset=&#8220;default&#8220; global_colors_info=&#8220;{}&#8220;][\/et_pb_gallery][\/et_pb_column][et_pb_column type=&#8220;1_3&#8243; _builder_version=&#8220;4.27.4&#8243; background_enable_image=&#8220;off&#8220; custom_padding=&#8220;50px|50px|50px|50px&#8220; custom_css_main_element=&#8220;margin:auto;&#8220; box_shadow_style=&#8220;preset1&#8243; global_colors_info=&#8220;{}&#8220; custom_padding__hover=&#8220;|||&#8220;][et_pb_text _builder_version=&#8220;4.27.4&#8243; _module_preset=&#8220;default&#8220; global_colors_info=&#8220;{}&#8220;]<\/p>\n<h3>Wohnwagen f\u00fcr 6 Personen<\/h3>\n<p>[\/et_pb_text][et_pb_divider color=&#8220;gcid-54f53681-a1a7-480a-a9b1-2870b6981fc0&#8243; divider_position=&#8220;center&#8220; _builder_version=&#8220;4.27.4&#8243; global_colors_info=&#8220;{%22gcid-54f53681-a1a7-480a-a9b1-2870b6981fc0%22:%91%22color%22%93}&#8220;][\/et_pb_divider][et_pb_text _builder_version=&#8220;4.27.4&#8243; _module_preset=&#8220;default&#8220; global_colors_info=&#8220;{}&#8220;]<\/p>\n<p>Ein gem\u00fctlicher Wohnwagen mit Platz f\u00fcr bis zu 6 Personen, in dem Sie alles finden, was Sie in Bezug auf Wohnraum, K\u00fcchenausstattung und Vorzelt brauchen<\/p>\n<p>Alle Betten sind mit Bettdecke und Kopfkissen ausgestattet. Denken Sie also daran, Bettw\u00e4sche und Handt\u00fccher mitzubringen.<\/p>\n<p>Sie erhalten au\u00dferdem ein &#8218;Gartenset&#8216; mit Tisch und St\u00fchlen f\u00fcr alle G\u00e4ste im Vorzelt und einen Holzkohlegrill f\u00fcr einen Grillabend im Freien.<\/p>\n<p>[\/et_pb_text][\/et_pb_column][\/et_pb_row][et_pb_row column_structure=&#8220;1_3,1_3,1_3&#8243; use_custom_gutter=&#8220;on&#8220; gutter_width=&#8220;4&#8243; make_equal=&#8220;on&#8220; _builder_version=&#8220;4.27.4&#8243; _module_preset=&#8220;default&#8220; use_background_color_gradient=&#8220;on&#8220; background_color_gradient_stops=&#8220;rgba(0,0,0,0.6) 0%|rgba(0,0,0,0.6) 100%&#8220; background_color_gradient_overlays_image=&#8220;on&#8220; background_color_gradient_start=&#8220;rgba(0,0,0,0.6)&#8220; background_color_gradient_end=&#8220;rgba(0,0,0,0.6)&#8220; background_image=&#8220;https:\/\/rosenvoldcamping.dk\/wp-content\/uploads\/2025\/10\/Rosenvold_campingvogn_1_IMG_8170.jpg&#8220; parallax=&#8220;on&#8220; custom_padding=&#8220;50px|50px|50px|50px|true|true&#8220; box_shadow_style=&#8220;preset1&#8243; global_colors_info=&#8220;{}&#8220;][et_pb_column type=&#8220;1_3&#8243; _builder_version=&#8220;4.27.4&#8243; custom_padding=&#8220;|||&#8220; custom_css_main_element=&#8220;border-right: 1px solid #fff;||&#8220; global_colors_info=&#8220;{}&#8220; custom_padding__hover=&#8220;|||&#8220;][et_pb_blurb title=&#8220;Unterkunft&#8220; icon_placement=&#8220;left&#8220; _builder_version=&#8220;4.27.4&#8243; background_layout=&#8220;dark&#8220; global_colors_info=&#8220;{%22gcid-54f53681-a1a7-480a-a9b1-2870b6981fc0%22:%91%22icon_color%22%93}&#8220;]<\/p>\n<ul>\n<li><span>Elektroheizung + Gasheizung<\/span><\/li>\n<li>1 Doppelbett<\/li>\n<li>Etagenbett mit 3 Betten<\/li>\n<li>1 kleine Seitengruppe f\u00fcr ein Bett<\/li>\n<li>Gro\u00dfe Seitengruppe f\u00fcr Doppelbett<\/li>\n<\/ul>\n<p><strong>Bitte beachten Sie<\/strong>: Bettw\u00e4sche wird gestellt oder kann f\u00fcr Ihren Aufenthalt gemietet werden.<\/p>\n<p>[\/et_pb_blurb][\/et_pb_column][et_pb_column type=&#8220;1_3&#8243; _builder_version=&#8220;4.16&#8243; custom_padding=&#8220;|||&#8220; custom_css_main_element=&#8220;border-right: 1px solid #fff;&#8220; global_colors_info=&#8220;{}&#8220; custom_padding__hover=&#8220;|||&#8220;][et_pb_blurb title=&#8220;Notwendiges&#8220; icon_placement=&#8220;left&#8220; image_icon_width=&#8220;33px&#8220; _builder_version=&#8220;4.27.4&#8243; background_layout=&#8220;dark&#8220; icon_font_size=&#8220;33px&#8220; global_colors_info=&#8220;{%22gcid-54f53681-a1a7-480a-a9b1-2870b6981fc0%22:%91%22icon_color%22%93}&#8220;]<\/p>\n<ul>\n<li><span>Gro\u00dfe m\u00f6blierte Markise<\/span><\/li>\n<li><span>Elektrischer Wasserkocher und Kaffeemaschine<\/span><\/li>\n<li><span>K\u00fchlschrank mit kleinem Gefrierfach<\/span><\/li>\n<li><span>M\u00f6glichkeit zum leichteren Kochen<\/span><\/li>\n<li><span>Geschirr, T\u00f6pfe, Besteck usw.<\/span><\/li>\n<li><span>Weber Grill f\u00fcr Holzkohle.<\/span><span><\/span><\/li>\n<li><span>Entleerung der Toilette durch den Mieter<\/span><\/li>\n<\/ul>\n<p>[\/et_pb_blurb][\/et_pb_column][et_pb_column type=&#8220;1_3&#8243; _builder_version=&#8220;4.27.4&#8243; custom_padding=&#8220;|||&#8220; custom_css_main_element=&#8220;margin: auto;&#8220; global_colors_info=&#8220;{}&#8220; custom_padding__hover=&#8220;|||&#8220;][et_pb_button button_url=&#8220;https:\/\/booking.rosenvoldcamping.dk\/daybooking\/product?cid=270&amp;lc=da&amp;wid=1&amp;pid=6920&amp;start=2026-05-01&#8243; url_new_window=&#8220;on&#8220; button_text=&#8220;JETZT BUCHEN&#8220; button_alignment=&#8220;center&#8220; _builder_version=&#8220;4.27.4&#8243; _module_preset=&#8220;default&#8220; custom_button=&#8220;on&#8220; button_text_color=&#8220;#FFFFFF&#8220; button_bg_color=&#8220;gcid-54f53681-a1a7-480a-a9b1-2870b6981fc0&#8243; button_border_width=&#8220;0px&#8220; button_border_radius=&#8220;30px&#8220; button_icon=&#8220;&#x24;||divi||400&#8243; button_icon_placement=&#8220;left&#8220; hover_enabled=&#8220;0&#8243; box_shadow_style=&#8220;preset1&#8243; global_colors_info=&#8220;{%22gcid-54f53681-a1a7-480a-a9b1-2870b6981fc0%22:%91%22button_bg_color%22%93,%22gcid-secondary-color%22:%91%22button_bg_color__hover%22%93}&#8220; button_text_color__hover_enabled=&#8220;on|desktop&#8220; button_bg_color__hover_enabled=&#8220;on|hover&#8220; button_bg_color__hover=&#8220;#eac7a5&#8243; button_bg_enable_color__hover=&#8220;on&#8220; button_text_color__hover=&#8220;#FFFFFF&#8220; sticky_enabled=&#8220;0&#8243;][\/et_pb_button][et_pb_button button_url=&#8220;@ET-DC@eyJkeW5hbWljIjp0cnVlLCJjb250ZW50IjoicG9zdF9saW5rX3VybF9wYWdlIiwic2V0dGluZ3MiOnsicG9zdF9pZCI6IjgwNSIsImVuYWJsZV9odG1sIjoib2ZmIn19@&#8220; button_text=&#8220;PREISE SEHEN&#8220; button_alignment=&#8220;center&#8220; _builder_version=&#8220;4.27.4&#8243; _dynamic_attributes=&#8220;button_url&#8220; _module_preset=&#8220;default&#8220; custom_button=&#8220;on&#8220; button_text_color=&#8220;#FFFFFF&#8220; button_bg_color=&#8220;gcid-54f53681-a1a7-480a-a9b1-2870b6981fc0&#8243; button_border_width=&#8220;0px&#8220; button_border_radius=&#8220;30px&#8220; button_icon=&#8220;&#x24;||divi||400&#8243; button_icon_placement=&#8220;left&#8220; box_shadow_style=&#8220;preset1&#8243; global_colors_info=&#8220;{%22gcid-54f53681-a1a7-480a-a9b1-2870b6981fc0%22:%91%22button_bg_color%22%93,%22gcid-secondary-color%22:%91%22button_bg_color__hover%22%93}&#8220; button_text_color__hover_enabled=&#8220;on|desktop&#8220; button_bg_color__hover_enabled=&#8220;on|hover&#8220; button_bg_color__hover=&#8220;#eac7a5&#8243; button_bg_enable_color__hover=&#8220;on&#8220; button_text_color__hover=&#8220;#FFFFFF&#8220;][\/et_pb_button][\/et_pb_column][\/et_pb_row][\/et_pb_section]<\/p>\n","protected":false},"excerpt":{"rendered":"<p>LeihwagenMieten Sie einen Wohnwagen am Vejle FjordWenn Sie als Familie zelten gehen, vielleicht zum ersten Mal, erwartet Sie eine Erfahrung voller Intimit\u00e4t, Natur und neuer Routinen. Das enge Zusammenleben &#8211; sechs Personen in einem Wohnwagen &#8211; bietet sowohl viel Gem\u00fctlichkeit als auch M\u00f6glichkeiten f\u00fcr gemeinsame Aktivit\u00e4ten. Da der Wohnwagen direkt neben dem gro\u00dfen Spielplatz steht, [&hellip;]<\/p>\n","protected":false},"author":1,"featured_media":0,"parent":27629,"menu_order":0,"comment_status":"closed","ping_status":"closed","template":"","meta":{"_et_pb_use_builder":"on","_et_pb_old_content":"","_et_gb_content_width":"","footnotes":""},"folder":[],"class_list":["post-27432","page","type-page","status-publish","hentry"],"yoast_head":"<!-- This site is optimized with the Yoast SEO plugin v27.4 - https:\/\/yoast.com\/product\/yoast-seo-wordpress\/ -->\n<title>Wohnwagenvermietung | Wohnwagenvermietung in Juelsminde<\/title>\n<meta name=\"description\" content=\"Wir haben die besten Mietwohnwagen auf Rosenvold Camping, also kommen Sie vorbei und sehen Sie, was wir haben. Die gesamte Ausr\u00fcstung ist inbegriffen, packen Sie nur Bettw\u00e4sche und Handt\u00fccher ein. Buchen Sie hier\" \/>\n<meta name=\"robots\" content=\"index, follow, max-snippet:-1, max-image-preview:large, max-video-preview:-1\" \/>\n<link rel=\"canonical\" href=\"https:\/\/rosenvoldcamping.dk\/de\/vermietungsdienstleistungen\/mietautos\/\" \/>\n<meta property=\"og:locale\" content=\"de_DE\" \/>\n<meta property=\"og:type\" content=\"article\" \/>\n<meta property=\"og:title\" content=\"Wohnwagenvermietung | Wohnwagenvermietung in Juelsminde\" \/>\n<meta property=\"og:description\" content=\"Wir haben die besten Mietwohnwagen auf Rosenvold Camping, also kommen Sie vorbei und sehen Sie, was wir haben. Die gesamte Ausr\u00fcstung ist inbegriffen, packen Sie nur Bettw\u00e4sche und Handt\u00fccher ein. Buchen Sie hier\" \/>\n<meta property=\"og:url\" content=\"https:\/\/rosenvoldcamping.dk\/de\/vermietungsdienstleistungen\/mietautos\/\" \/>\n<meta property=\"og:site_name\" content=\"Rosenvold Camping\" \/>\n<meta property=\"article:modified_time\" content=\"2025-12-16T20:23:16+00:00\" \/>\n<meta name=\"twitter:card\" content=\"summary_large_image\" \/>\n<meta name=\"twitter:label1\" content=\"Gesch\u00e4tzte Lesezeit\" \/>\n\t<meta name=\"twitter:data1\" content=\"8\u00a0Minuten\" \/>\n<script type=\"application\/ld+json\" class=\"yoast-schema-graph\">{\"@context\":\"https:\\\/\\\/schema.org\",\"@graph\":[{\"@type\":\"WebPage\",\"@id\":\"https:\\\/\\\/rosenvoldcamping.dk\\\/de\\\/vermietungsdienstleistungen\\\/mietautos\\\/\",\"url\":\"https:\\\/\\\/rosenvoldcamping.dk\\\/de\\\/vermietungsdienstleistungen\\\/mietautos\\\/\",\"name\":\"Wohnwagenvermietung | Wohnwagenvermietung in Juelsminde\",\"isPartOf\":{\"@id\":\"https:\\\/\\\/rosenvoldcamping.dk\\\/de\\\/#website\"},\"datePublished\":\"2025-09-18T08:28:37+00:00\",\"dateModified\":\"2025-12-16T20:23:16+00:00\",\"description\":\"Wir haben die besten Mietwohnwagen auf Rosenvold Camping, also kommen Sie vorbei und sehen Sie, was wir haben. Die gesamte Ausr\u00fcstung ist inbegriffen, packen Sie nur Bettw\u00e4sche und Handt\u00fccher ein. Buchen Sie hier\",\"breadcrumb\":{\"@id\":\"https:\\\/\\\/rosenvoldcamping.dk\\\/de\\\/vermietungsdienstleistungen\\\/mietautos\\\/#breadcrumb\"},\"inLanguage\":\"de\",\"potentialAction\":[{\"@type\":\"ReadAction\",\"target\":[\"https:\\\/\\\/rosenvoldcamping.dk\\\/de\\\/vermietungsdienstleistungen\\\/mietautos\\\/\"]}]},{\"@type\":\"BreadcrumbList\",\"@id\":\"https:\\\/\\\/rosenvoldcamping.dk\\\/de\\\/vermietungsdienstleistungen\\\/mietautos\\\/#breadcrumb\",\"itemListElement\":[{\"@type\":\"ListItem\",\"position\":1,\"name\":\"Hjem\",\"item\":\"https:\\\/\\\/rosenvoldcamping.dk\\\/de\\\/hauptseite\\\/\"},{\"@type\":\"ListItem\",\"position\":2,\"name\":\"Vermietungsdienstleistungen\",\"item\":\"https:\\\/\\\/rosenvoldcamping.dk\\\/de\\\/udlejning\\\/\"},{\"@type\":\"ListItem\",\"position\":3,\"name\":\"Mietautos\"}]},{\"@type\":\"WebSite\",\"@id\":\"https:\\\/\\\/rosenvoldcamping.dk\\\/de\\\/#website\",\"url\":\"https:\\\/\\\/rosenvoldcamping.dk\\\/de\\\/\",\"name\":\"Rosenvold Camping\",\"description\":\"En oase ved fjorden\",\"potentialAction\":[{\"@type\":\"SearchAction\",\"target\":{\"@type\":\"EntryPoint\",\"urlTemplate\":\"https:\\\/\\\/rosenvoldcamping.dk\\\/de\\\/?s={search_term_string}\"},\"query-input\":{\"@type\":\"PropertyValueSpecification\",\"valueRequired\":true,\"valueName\":\"search_term_string\"}}],\"inLanguage\":\"de\"}]}<\/script>\n<!-- \/ Yoast SEO plugin. -->","yoast_head_json":{"title":"Wohnwagenvermietung | Wohnwagenvermietung in Juelsminde","description":"Wir haben die besten Mietwohnwagen auf Rosenvold Camping, also kommen Sie vorbei und sehen Sie, was wir haben. Die gesamte Ausr\u00fcstung ist inbegriffen, packen Sie nur Bettw\u00e4sche und Handt\u00fccher ein. Buchen Sie hier","robots":{"index":"index","follow":"follow","max-snippet":"max-snippet:-1","max-image-preview":"max-image-preview:large","max-video-preview":"max-video-preview:-1"},"canonical":"https:\/\/rosenvoldcamping.dk\/de\/vermietungsdienstleistungen\/mietautos\/","og_locale":"de_DE","og_type":"article","og_title":"Wohnwagenvermietung | Wohnwagenvermietung in Juelsminde","og_description":"Wir haben die besten Mietwohnwagen auf Rosenvold Camping, also kommen Sie vorbei und sehen Sie, was wir haben. Die gesamte Ausr\u00fcstung ist inbegriffen, packen Sie nur Bettw\u00e4sche und Handt\u00fccher ein. Buchen Sie hier","og_url":"https:\/\/rosenvoldcamping.dk\/de\/vermietungsdienstleistungen\/mietautos\/","og_site_name":"Rosenvold Camping","article_modified_time":"2025-12-16T20:23:16+00:00","twitter_card":"summary_large_image","twitter_misc":{"Gesch\u00e4tzte Lesezeit":"8\u00a0Minuten"},"schema":{"@context":"https:\/\/schema.org","@graph":[{"@type":"WebPage","@id":"https:\/\/rosenvoldcamping.dk\/de\/vermietungsdienstleistungen\/mietautos\/","url":"https:\/\/rosenvoldcamping.dk\/de\/vermietungsdienstleistungen\/mietautos\/","name":"Wohnwagenvermietung | Wohnwagenvermietung in Juelsminde","isPartOf":{"@id":"https:\/\/rosenvoldcamping.dk\/de\/#website"},"datePublished":"2025-09-18T08:28:37+00:00","dateModified":"2025-12-16T20:23:16+00:00","description":"Wir haben die besten Mietwohnwagen auf Rosenvold Camping, also kommen Sie vorbei und sehen Sie, was wir haben. Die gesamte Ausr\u00fcstung ist inbegriffen, packen Sie nur Bettw\u00e4sche und Handt\u00fccher ein. Buchen Sie hier","breadcrumb":{"@id":"https:\/\/rosenvoldcamping.dk\/de\/vermietungsdienstleistungen\/mietautos\/#breadcrumb"},"inLanguage":"de","potentialAction":[{"@type":"ReadAction","target":["https:\/\/rosenvoldcamping.dk\/de\/vermietungsdienstleistungen\/mietautos\/"]}]},{"@type":"BreadcrumbList","@id":"https:\/\/rosenvoldcamping.dk\/de\/vermietungsdienstleistungen\/mietautos\/#breadcrumb","itemListElement":[{"@type":"ListItem","position":1,"name":"Hjem","item":"https:\/\/rosenvoldcamping.dk\/de\/hauptseite\/"},{"@type":"ListItem","position":2,"name":"Vermietungsdienstleistungen","item":"https:\/\/rosenvoldcamping.dk\/de\/udlejning\/"},{"@type":"ListItem","position":3,"name":"Mietautos"}]},{"@type":"WebSite","@id":"https:\/\/rosenvoldcamping.dk\/de\/#website","url":"https:\/\/rosenvoldcamping.dk\/de\/","name":"Rosenvold Camping","description":"En oase ved fjorden","potentialAction":[{"@type":"SearchAction","target":{"@type":"EntryPoint","urlTemplate":"https:\/\/rosenvoldcamping.dk\/de\/?s={search_term_string}"},"query-input":{"@type":"PropertyValueSpecification","valueRequired":true,"valueName":"search_term_string"}}],"inLanguage":"de"}]}},"_links":{"self":[{"href":"https:\/\/rosenvoldcamping.dk\/de\/wp-json\/wp\/v2\/pages\/27432","targetHints":{"allow":["GET"]}}],"collection":[{"href":"https:\/\/rosenvoldcamping.dk\/de\/wp-json\/wp\/v2\/pages"}],"about":[{"href":"https:\/\/rosenvoldcamping.dk\/de\/wp-json\/wp\/v2\/types\/page"}],"author":[{"embeddable":true,"href":"https:\/\/rosenvoldcamping.dk\/de\/wp-json\/wp\/v2\/users\/1"}],"replies":[{"embeddable":true,"href":"https:\/\/rosenvoldcamping.dk\/de\/wp-json\/wp\/v2\/comments?post=27432"}],"version-history":[{"count":3,"href":"https:\/\/rosenvoldcamping.dk\/de\/wp-json\/wp\/v2\/pages\/27432\/revisions"}],"predecessor-version":[{"id":27465,"href":"https:\/\/rosenvoldcamping.dk\/de\/wp-json\/wp\/v2\/pages\/27432\/revisions\/27465"}],"up":[{"embeddable":true,"href":"https:\/\/rosenvoldcamping.dk\/de\/wp-json\/wp\/v2\/pages\/27629"}],"wp:attachment":[{"href":"https:\/\/rosenvoldcamping.dk\/de\/wp-json\/wp\/v2\/media?parent=27432"}],"wp:term":[{"taxonomy":"folder","embeddable":true,"href":"https:\/\/rosenvoldcamping.dk\/de\/wp-json\/wp\/v2\/folder?post=27432"}],"curies":[{"name":"wp","href":"https:\/\/api.w.org\/{rel}","templated":true}]}}