{"id":27489,"date":"2025-09-18T09:27:43","date_gmt":"2025-09-18T08:27:43","guid":{"rendered":"https:\/\/rosenvoldcamping.dk\/last-minute-angebote\/"},"modified":"2025-12-16T21:23:26","modified_gmt":"2025-12-16T20:23:26","slug":"last-minute-angebote","status":"publish","type":"page","link":"https:\/\/rosenvoldcamping.dk\/de\/preise\/last-minute-angebote\/","title":{"rendered":"Last Minute \/ Angebote"},"content":{"rendered":"<p>[et_pb_section fb_built=&#8220;1&#8243; _builder_version=&#8220;4.27.4&#8243; background_image=&#8220;https:\/\/rosenvoldcamping.dk\/wp-content\/uploads\/2025\/09\/Rosenvold_camping_pladsen2.jpg&#8220; min_height=&#8220;450px&#8220; global_colors_info=&#8220;{}&#8220;][et_pb_row _builder_version=&#8220;4.16&#8243; global_colors_info=&#8220;{}&#8220;][et_pb_column type=&#8220;4_4&#8243; _builder_version=&#8220;4.16&#8243; custom_padding=&#8220;|||&#8220; global_colors_info=&#8220;{}&#8220; custom_padding__hover=&#8220;|||&#8220;][et_pb_divider divider_style=&#8220;dotted&#8220; divider_weight=&#8220;8px&#8220; _builder_version=&#8220;4.16&#8243; max_width=&#8220;8%&#8220; module_alignment=&#8220;center&#8220; custom_margin=&#8220;||15px&#8220; global_colors_info=&#8220;{}&#8220;][\/et_pb_divider][et_pb_text _builder_version=&#8220;4.27.4&#8243; header_font=&#8220;||||||||&#8220; header_2_font=&#8220;|800|||||||&#8220; header_2_text_align=&#8220;center&#8220; header_2_text_color=&#8220;#ffffff&#8220; header_2_font_size=&#8220;44px&#8220; custom_margin=&#8220;||15px&#8220; global_colors_info=&#8220;{}&#8220;][\/et_pb_text][\/et_pb_column][\/et_pb_row][\/et_pb_section][et_pb_section fb_built=&#8220;1&#8243; _builder_version=&#8220;4.16&#8243; global_colors_info=&#8220;{}&#8220;][et_pb_row padding_top_bottom_link_2=&#8220;true&#8220; padding_left_right_link_2=&#8220;true&#8220; _builder_version=&#8220;4.16&#8243; custom_padding=&#8220;32px|0px|0|0px|false|false&#8220; global_colors_info=&#8220;{}&#8220;][et_pb_column type=&#8220;4_4&#8243; _builder_version=&#8220;4.16&#8243; custom_padding=&#8220;|||&#8220; global_colors_info=&#8220;{}&#8220; custom_padding__hover=&#8220;|||&#8220;][et_pb_text _builder_version=&#8220;4.27.4&#8243; header_font=&#8220;||||||||&#8220; header_2_font=&#8220;|800|||||||&#8220; header_2_text_color=&#8220;#3a1d1d&#8220; header_2_font_size=&#8220;44px&#8220; custom_margin=&#8220;||15px&#8220; header_2_font_size_tablet=&#8220;&#8220; header_2_font_size_phone=&#8220;34px&#8220; header_2_font_size_last_edited=&#8220;on|phone&#8220; global_colors_info=&#8220;{}&#8220;]<\/p>\n<h2>LAST-MINUTE-ANGEBOTE<\/h2>\n<p>[\/et_pb_text][et_pb_text _builder_version=&#8220;4.27.4&#8243; header_font=&#8220;||||||||&#8220; header_2_font=&#8220;|800|||||||&#8220; header_2_text_color=&#8220;#3a1d1d&#8220; header_2_font_size=&#8220;44px&#8220; custom_margin=&#8220;||15px&#8220; header_2_font_size_tablet=&#8220;&#8220; header_2_font_size_phone=&#8220;34px&#8220; header_2_font_size_last_edited=&#8220;on|phone&#8220; global_colors_info=&#8220;{}&#8220;]<\/p>\n<p>Auf dieser Seite finden Sie unsere aktuellen Angebote und Sonderpreise.<br data-start=\"316\" data-end=\"319\">Wir aktualisieren unsere <strong data-start=\"344\" data-end=\"366\">Last-Minute-Angebote<\/strong> regelm\u00e4\u00dfig, also halten Sie die Augen offen &#8211; vielleicht finden Sie ja das perfekte Angebot f\u00fcr Ihren n\u00e4chsten Campingurlaub.<\/p>\n<p>[\/et_pb_text][et_pb_text _builder_version=&#8220;4.27.4&#8243; _module_preset=&#8220;default&#8220; global_colors_info=&#8220;{}&#8220;]<\/p>\n<h3 data-start=\"470\" data-end=\"486\">Saison 2026<\/h3>\n<p data-start=\"488\" data-end=\"573\"><strong data-start=\"488\" data-end=\"501\">Nebensaison:<\/strong><br data-start=\"501\" data-end=\"504\">27\/03 &#8211; 27\/06 (au\u00dfer an Feiertagswochenenden)<br data-start=\"550\" data-end=\"553\">und 16\/08 &#8211; 18\/10<\/p>\n<p data-start=\"575\" data-end=\"654\"><strong data-start=\"575\" data-end=\"588\">Hochsaison:<\/strong><br data-start=\"588\" data-end=\"591\">13\/05 &#8211; 17\/05<br data-start=\"604\" data-end=\"607\">22\/05 &#8211; 25\/05<br data-start=\"620\" data-end=\"623\">26\/06 &#8211; 11\/07<br data-start=\"636\" data-end=\"639\">01\/08 &#8211; 16\/08<\/p>\n<p data-start=\"656\" data-end=\"692\"><strong data-start=\"656\" data-end=\"674\">H\u00f6chste Saison:<\/strong><br data-start=\"674\" data-end=\"677\">11\/07 &#8211; 01\/08<\/p>\n<p data-start=\"694\" data-end=\"885\">Unsere <a href=\"https:\/\/booking.danplanner.dk\/daybooking\/step1?cId=270&amp;lc=da&amp;wId=1\">Online-Buchung<\/a> wird immer mit den neuesten Preisen, Zeitr\u00e4umen und Verf\u00fcgbarkeiten aktualisiert.<br data-start=\"792\" data-end=\"795\">Hier k\u00f6nnen Sie sich schnell einen \u00dcberblick \u00fcber aktuelle Angebote verschaffen und Ihren n\u00e4chsten Urlaub direkt buchen.<\/p>\n<p>[\/et_pb_text][et_pb_slider _builder_version=&#8220;4.27.4&#8243; _module_preset=&#8220;default&#8220; background_color=&#8220;#FFFFFF&#8220; hover_enabled=&#8220;0&#8243; locked=&#8220;off&#8220; global_colors_info=&#8220;{}&#8220; sticky_enabled=&#8220;0&#8243;][et_pb_slide heading=&#8220;Senior Angebot 60+&#8220; button_text=&#8220;Online buchen&#8220; button_link=&#8220;https:\/\/booking.rosenvoldcamping.dk\/daybooking\/product?cId=270&amp;lc=da&amp;wId=1&amp;pId=7307&amp;b=1&#8243; _builder_version=&#8220;4.27.4&#8243; _module_preset=&#8220;default&#8220; background_layout=&#8220;light&#8220; locked=&#8220;off&#8220; global_colors_info=&#8220;{}&#8220; sticky_transition=&#8220;on&#8220;]<\/p>\n<p data-start=\"182\" data-end=\"272\">F\u00fcr 2 Personen (min. 60 Jahre)<br data-start=\"209\" data-end=\"212\">Beinhaltet einen Standardstellplatz und freien Zugang zu unseren Duscheinrichtungen.<\/p>\n<p data-start=\"274\" data-end=\"345\">G\u00fcltig in der Nebensaison<br data-start=\"293\" data-end=\"296\">Mindestaufenthalt: 3 Tage<br data-start=\"318\" data-end=\"321\">Preis ohne Strom<\/p>\n<p data-start=\"274\" data-end=\"345\"><strong>Preis ab 200,- pro Tag<\/strong><\/p>\n<p>[\/et_pb_slide][et_pb_slide heading=&#8220;Himmelfahrt &amp; Pfingsten Angebote&#8220; button_text=&#8220;Online buchen&#8220; button_link=&#8220;https:\/\/booking.rosenvoldcamping.dk\/daybooking\/product?cid=270&amp;lc=da&amp;wid=1&amp;pid=7426&amp;start=2026-05-01&#8243; heading_last_edited=&#8220;off|desktop&#8220; _builder_version=&#8220;4.27.4&#8243; _module_preset=&#8220;default&#8220; background_enable_color=&#8220;off&#8220; background_layout=&#8220;light&#8220; hover_enabled=&#8220;0&#8243; locked=&#8220;off&#8220; global_colors_info=&#8220;{}&#8220; sticky_transition=&#8220;on&#8220; sticky_enabled=&#8220;0&#8243;]<\/p>\n<p data-start=\"132\" data-end=\"260\">Zelten Sie w\u00e4hrend der Himmelfahrts- und Pfingstferien!<br data-start=\"189\" data-end=\"192\">Lassen Sie Ihren Einkaufswagen zwischen den beiden Feiertagswochenenden leer &#8211; kostenlos.<\/p>\n<p data-start=\"262\" data-end=\"327\">7 N\u00e4chte aufgeteilt auf die beiden Wochenenden<br data-start=\"308\" data-end=\"311\">Inkl. 2 Erwachsene, Standardstellplatz und freier Zugang zu den Badeeinrichtungen.<\/p>\n<p data-start=\"329\" data-end=\"495\">Der Wohnwagen\/das Zelt ist leer und zwischen den Perioden ohne Strom.<br data-start=\"387\" data-end=\"390\">Wenn Sie weitere Erwachsene oder Kinder hinzuf\u00fcgen m\u00f6chten, kontaktieren Sie uns bitte per E-Mail.<br data-start=\"467\" data-end=\"470\">Der Preis versteht sich ohne Strom.<\/p>\n<p data-start=\"497\" data-end=\"516\"><strong data-start=\"497\" data-end=\"514\">Preis: 1.995,-<\/strong><\/p>\n<p>[\/et_pb_slide][et_pb_slide heading=&#8220;Sommer Angebote&#8220; button_text=&#8220;Online buchen&#8220; button_link=&#8220;https:\/\/booking.rosenvoldcamping.dk\/daybooking\/product?cId=270&amp;lc=da&amp;wId=1&amp;pId=7306&amp;b=1&#8243; _builder_version=&#8220;4.27.4&#8243; _module_preset=&#8220;default&#8220; background_layout=&#8220;light&#8220; hover_enabled=&#8220;0&#8243; locked=&#8220;off&#8220; global_colors_info=&#8220;{}&#8220; sticky_transition=&#8220;on&#8220; sticky_enabled=&#8220;0&#8243;]<\/p>\n<h3 data-start=\"128\" data-end=\"157\"><strong data-start=\"132\" data-end=\"155\">Kostenlose Angebote f\u00fcr Kinder<\/strong><\/h3>\n<p data-start=\"158\" data-end=\"253\">Nehmen Sie Kinder oder Enkelkinder im Alter von <strong data-start=\"193\" data-end=\"204\">0-13 Jahren<\/strong> vom Ende der Woche 25 bis Mitte der Woche 28 <strong data-start=\"220\" data-end=\"235\">kostenlos <\/strong>zum Zelten mit.<\/p>\n<p data-start=\"255\" data-end=\"417\">Das Angebot gilt f\u00fcr Standard-Stellpl\u00e4tze.<br data-start=\"292\" data-end=\"295\">Vielleicht m\u00f6chten Sie einen Stellplatz in der N\u00e4he des Spielplatzes w\u00e4hlen, damit die Kinder problemlos hin\u00fcberlaufen k\u00f6nnen. Der Zugang zu den Duschen ist im Preis inbegriffen. <\/p>\n<p data-start=\"255\" data-end=\"417\">Der Preis ist exklusive Strom.<\/p>\n<p data-start=\"419\" data-end=\"461\"><strong>Preis ab 275,- pro Tag<\/strong><\/p>\n<p>[\/et_pb_slide][et_pb_slide heading=&#8220;Standard Kabine  &#8220; button_text=&#8220;Kontaktieren Sie uns f\u00fcr Buchungen&#8220; button_link=&#8220;@ET-DC@eyJkeW5hbWljIjp0cnVlLCJjb250ZW50IjoicG9zdF9saW5rX3VybF9wYWdlIiwic2V0dGluZ3MiOnsicG9zdF9pZCI6Ijc4MCIsImVuYWJsZV9odG1sIjoib2ZmIn19@&#8220; heading_last_edited=&#8220;off|desktop&#8220; _builder_version=&#8220;4.27.4&#8243; _dynamic_attributes=&#8220;button_link&#8220; _module_preset=&#8220;default&#8220; background_enable_color=&#8220;off&#8220; background_layout=&#8220;light&#8220; hover_enabled=&#8220;0&#8243; locked=&#8220;off&#8220; global_colors_info=&#8220;{}&#8220; sticky_transition=&#8220;on&#8220; sticky_enabled=&#8220;0&#8243;]<\/p>\n<h3 data-start=\"103\" data-end=\"126\"><strong data-start=\"107\" data-end=\"124\">Allt\u00e4gliche Angebote<\/strong><\/h3>\n<p data-start=\"127\" data-end=\"203\">3 Wochentage &#8211; f\u00fcr 2 Erwachsene <em data-start=\"153\" data-end=\"160\">oder<\/em> 2 Erwachsene und 2 Kinder<br data-start=\"179\" data-end=\"182\">Inklusive Reinigung und freiem Zugang zu unseren Duscheinrichtungen.<\/p>\n<p data-start=\"205\" data-end=\"224\"><strong data-start=\"205\" data-end=\"222\">Preis: 1.050,-<\/strong><\/p>\n<p data-start=\"226\" data-end=\"268\">Das Angebot ist nur in der Nebensaison g\u00fcltig.<\/p>\n<p data-start=\"226\" data-end=\"268\">Rufen Sie an oder schicken Sie eine E-Mail, um zu buchen.<\/p>\n<p>[\/et_pb_slide][\/et_pb_slider][et_pb_divider divider_style=&#8220;dotted&#8220; divider_weight=&#8220;8px&#8220; _builder_version=&#8220;4.16&#8243; max_width=&#8220;7%&#8220; custom_margin=&#8220;||15px&#8220; custom_padding=&#8220;20px||&#8220; global_colors_info=&#8220;{}&#8220;][\/et_pb_divider][\/et_pb_column][\/et_pb_row][et_pb_row _builder_version=&#8220;4.27.4&#8243; _module_preset=&#8220;default&#8220; global_colors_info=&#8220;{}&#8220;][et_pb_column type=&#8220;4_4&#8243; _builder_version=&#8220;4.27.4&#8243; _module_preset=&#8220;default&#8220; global_colors_info=&#8220;{}&#8220;][\/et_pb_column][\/et_pb_row][\/et_pb_section]<\/p>\n","protected":false},"excerpt":{"rendered":"<p>LAST-MINUTE-ANGEBOTEAuf dieser Seite finden Sie unsere aktuellen Angebote und Sonderpreise.Wir aktualisieren unsere Last-Minute-Angebote regelm\u00e4\u00dfig, also halten Sie die Augen offen &#8211; vielleicht finden Sie ja das perfekte Angebot f\u00fcr Ihren n\u00e4chsten Campingurlaub.Saison 2026 Nebensaison:27\/03 &#8211; 27\/06 (au\u00dfer an Feiertagswochenenden)und 16\/08 &#8211; 18\/10 Hochsaison:13\/05 &#8211; 17\/0522\/05 &#8211; 25\/0526\/06 &#8211; 11\/0701\/08 &#8211; 16\/08 H\u00f6chste Saison:11\/07 &#8211; 01\/08 [&hellip;]<\/p>\n","protected":false},"author":1,"featured_media":0,"parent":27661,"menu_order":0,"comment_status":"closed","ping_status":"closed","template":"","meta":{"_et_pb_use_builder":"on","_et_pb_old_content":"","_et_gb_content_width":"","footnotes":""},"folder":[],"class_list":["post-27489","page","type-page","status-publish","hentry"],"yoast_head":"<!-- This site is optimized with the Yoast SEO plugin v27.4 - https:\/\/yoast.com\/product\/yoast-seo-wordpress\/ -->\n<title>Last Minute\/Angebot | Rosenvold Strand Camping bei Juelsminde<\/title>\n<meta name=\"description\" content=\"Holen Sie sich tolle Last-Minute-Angebote f\u00fcr Camping-Erlebnisse am Vejle Fjord. H\u00fctten, Zelte, Wohnwagen und Mobilheime zu g\u00fcnstigen Preisen. Jetzt online buchen\" \/>\n<meta name=\"robots\" content=\"index, follow, max-snippet:-1, max-image-preview:large, max-video-preview:-1\" \/>\n<link rel=\"canonical\" href=\"https:\/\/rosenvoldcamping.dk\/de\/preise\/last-minute-angebote\/\" \/>\n<meta property=\"og:locale\" content=\"de_DE\" \/>\n<meta property=\"og:type\" content=\"article\" \/>\n<meta property=\"og:title\" content=\"Last Minute\/Angebot | Rosenvold Strand Camping bei Juelsminde\" \/>\n<meta property=\"og:description\" content=\"Holen Sie sich tolle Last-Minute-Angebote f\u00fcr Camping-Erlebnisse am Vejle Fjord. H\u00fctten, Zelte, Wohnwagen und Mobilheime zu g\u00fcnstigen Preisen. Jetzt online buchen\" \/>\n<meta property=\"og:url\" content=\"https:\/\/rosenvoldcamping.dk\/de\/preise\/last-minute-angebote\/\" \/>\n<meta property=\"og:site_name\" content=\"Rosenvold Camping\" \/>\n<meta property=\"article:modified_time\" content=\"2025-12-16T20:23:26+00:00\" \/>\n<meta name=\"twitter:card\" content=\"summary_large_image\" \/>\n<meta name=\"twitter:label1\" content=\"Gesch\u00e4tzte Lesezeit\" \/>\n\t<meta name=\"twitter:data1\" content=\"4\u00a0Minuten\" \/>\n<script type=\"application\/ld+json\" class=\"yoast-schema-graph\">{\"@context\":\"https:\\\/\\\/schema.org\",\"@graph\":[{\"@type\":\"WebPage\",\"@id\":\"https:\\\/\\\/rosenvoldcamping.dk\\\/de\\\/preise\\\/last-minute-angebote\\\/\",\"url\":\"https:\\\/\\\/rosenvoldcamping.dk\\\/de\\\/preise\\\/last-minute-angebote\\\/\",\"name\":\"Last Minute\\\/Angebot | Rosenvold Strand Camping bei Juelsminde\",\"isPartOf\":{\"@id\":\"https:\\\/\\\/rosenvoldcamping.dk\\\/de\\\/#website\"},\"datePublished\":\"2025-09-18T08:27:43+00:00\",\"dateModified\":\"2025-12-16T20:23:26+00:00\",\"description\":\"Holen Sie sich tolle Last-Minute-Angebote f\u00fcr Camping-Erlebnisse am Vejle Fjord. H\u00fctten, Zelte, Wohnwagen und Mobilheime zu g\u00fcnstigen Preisen. Jetzt online buchen\",\"breadcrumb\":{\"@id\":\"https:\\\/\\\/rosenvoldcamping.dk\\\/de\\\/preise\\\/last-minute-angebote\\\/#breadcrumb\"},\"inLanguage\":\"de\",\"potentialAction\":[{\"@type\":\"ReadAction\",\"target\":[\"https:\\\/\\\/rosenvoldcamping.dk\\\/de\\\/preise\\\/last-minute-angebote\\\/\"]}]},{\"@type\":\"BreadcrumbList\",\"@id\":\"https:\\\/\\\/rosenvoldcamping.dk\\\/de\\\/preise\\\/last-minute-angebote\\\/#breadcrumb\",\"itemListElement\":[{\"@type\":\"ListItem\",\"position\":1,\"name\":\"Hjem\",\"item\":\"https:\\\/\\\/rosenvoldcamping.dk\\\/de\\\/hauptseite\\\/\"},{\"@type\":\"ListItem\",\"position\":2,\"name\":\"Preise\",\"item\":\"https:\\\/\\\/rosenvoldcamping.dk\\\/de\\\/preise\\\/\"},{\"@type\":\"ListItem\",\"position\":3,\"name\":\"Last Minute \\\/ Angebote\"}]},{\"@type\":\"WebSite\",\"@id\":\"https:\\\/\\\/rosenvoldcamping.dk\\\/de\\\/#website\",\"url\":\"https:\\\/\\\/rosenvoldcamping.dk\\\/de\\\/\",\"name\":\"Rosenvold Camping\",\"description\":\"En oase ved fjorden\",\"potentialAction\":[{\"@type\":\"SearchAction\",\"target\":{\"@type\":\"EntryPoint\",\"urlTemplate\":\"https:\\\/\\\/rosenvoldcamping.dk\\\/de\\\/?s={search_term_string}\"},\"query-input\":{\"@type\":\"PropertyValueSpecification\",\"valueRequired\":true,\"valueName\":\"search_term_string\"}}],\"inLanguage\":\"de\"}]}<\/script>\n<!-- \/ Yoast SEO plugin. -->","yoast_head_json":{"title":"Last Minute\/Angebot | Rosenvold Strand Camping bei Juelsminde","description":"Holen Sie sich tolle Last-Minute-Angebote f\u00fcr Camping-Erlebnisse am Vejle Fjord. H\u00fctten, Zelte, Wohnwagen und Mobilheime zu g\u00fcnstigen Preisen. Jetzt online buchen","robots":{"index":"index","follow":"follow","max-snippet":"max-snippet:-1","max-image-preview":"max-image-preview:large","max-video-preview":"max-video-preview:-1"},"canonical":"https:\/\/rosenvoldcamping.dk\/de\/preise\/last-minute-angebote\/","og_locale":"de_DE","og_type":"article","og_title":"Last Minute\/Angebot | Rosenvold Strand Camping bei Juelsminde","og_description":"Holen Sie sich tolle Last-Minute-Angebote f\u00fcr Camping-Erlebnisse am Vejle Fjord. H\u00fctten, Zelte, Wohnwagen und Mobilheime zu g\u00fcnstigen Preisen. Jetzt online buchen","og_url":"https:\/\/rosenvoldcamping.dk\/de\/preise\/last-minute-angebote\/","og_site_name":"Rosenvold Camping","article_modified_time":"2025-12-16T20:23:26+00:00","twitter_card":"summary_large_image","twitter_misc":{"Gesch\u00e4tzte Lesezeit":"4\u00a0Minuten"},"schema":{"@context":"https:\/\/schema.org","@graph":[{"@type":"WebPage","@id":"https:\/\/rosenvoldcamping.dk\/de\/preise\/last-minute-angebote\/","url":"https:\/\/rosenvoldcamping.dk\/de\/preise\/last-minute-angebote\/","name":"Last Minute\/Angebot | Rosenvold Strand Camping bei Juelsminde","isPartOf":{"@id":"https:\/\/rosenvoldcamping.dk\/de\/#website"},"datePublished":"2025-09-18T08:27:43+00:00","dateModified":"2025-12-16T20:23:26+00:00","description":"Holen Sie sich tolle Last-Minute-Angebote f\u00fcr Camping-Erlebnisse am Vejle Fjord. H\u00fctten, Zelte, Wohnwagen und Mobilheime zu g\u00fcnstigen Preisen. Jetzt online buchen","breadcrumb":{"@id":"https:\/\/rosenvoldcamping.dk\/de\/preise\/last-minute-angebote\/#breadcrumb"},"inLanguage":"de","potentialAction":[{"@type":"ReadAction","target":["https:\/\/rosenvoldcamping.dk\/de\/preise\/last-minute-angebote\/"]}]},{"@type":"BreadcrumbList","@id":"https:\/\/rosenvoldcamping.dk\/de\/preise\/last-minute-angebote\/#breadcrumb","itemListElement":[{"@type":"ListItem","position":1,"name":"Hjem","item":"https:\/\/rosenvoldcamping.dk\/de\/hauptseite\/"},{"@type":"ListItem","position":2,"name":"Preise","item":"https:\/\/rosenvoldcamping.dk\/de\/preise\/"},{"@type":"ListItem","position":3,"name":"Last Minute \/ Angebote"}]},{"@type":"WebSite","@id":"https:\/\/rosenvoldcamping.dk\/de\/#website","url":"https:\/\/rosenvoldcamping.dk\/de\/","name":"Rosenvold Camping","description":"En oase ved fjorden","potentialAction":[{"@type":"SearchAction","target":{"@type":"EntryPoint","urlTemplate":"https:\/\/rosenvoldcamping.dk\/de\/?s={search_term_string}"},"query-input":{"@type":"PropertyValueSpecification","valueRequired":true,"valueName":"search_term_string"}}],"inLanguage":"de"}]}},"_links":{"self":[{"href":"https:\/\/rosenvoldcamping.dk\/de\/wp-json\/wp\/v2\/pages\/27489","targetHints":{"allow":["GET"]}}],"collection":[{"href":"https:\/\/rosenvoldcamping.dk\/de\/wp-json\/wp\/v2\/pages"}],"about":[{"href":"https:\/\/rosenvoldcamping.dk\/de\/wp-json\/wp\/v2\/types\/page"}],"author":[{"embeddable":true,"href":"https:\/\/rosenvoldcamping.dk\/de\/wp-json\/wp\/v2\/users\/1"}],"replies":[{"embeddable":true,"href":"https:\/\/rosenvoldcamping.dk\/de\/wp-json\/wp\/v2\/comments?post=27489"}],"version-history":[{"count":5,"href":"https:\/\/rosenvoldcamping.dk\/de\/wp-json\/wp\/v2\/pages\/27489\/revisions"}],"predecessor-version":[{"id":27528,"href":"https:\/\/rosenvoldcamping.dk\/de\/wp-json\/wp\/v2\/pages\/27489\/revisions\/27528"}],"up":[{"embeddable":true,"href":"https:\/\/rosenvoldcamping.dk\/de\/wp-json\/wp\/v2\/pages\/27661"}],"wp:attachment":[{"href":"https:\/\/rosenvoldcamping.dk\/de\/wp-json\/wp\/v2\/media?parent=27489"}],"wp:term":[{"taxonomy":"folder","embeddable":true,"href":"https:\/\/rosenvoldcamping.dk\/de\/wp-json\/wp\/v2\/folder?post=27489"}],"curies":[{"name":"wp","href":"https:\/\/api.w.org\/{rel}","templated":true}]}}