{"id":27626,"date":"2025-09-18T09:27:33","date_gmt":"2025-09-18T08:27:33","guid":{"rendered":"https:\/\/rosenvoldcamping.dk\/preise-fuer-mobilheime\/"},"modified":"2025-12-16T21:23:26","modified_gmt":"2025-12-16T20:23:26","slug":"preise-fuer-mobilheime","status":"publish","type":"page","link":"https:\/\/rosenvoldcamping.dk\/de\/preise\/preise-fuer-mobilheime\/","title":{"rendered":"Preise f\u00fcr Mobilheime"},"content":{"rendered":"<p>[et_pb_section fb_built=&#8220;1&#8243; _builder_version=&#8220;4.27.4&#8243; background_image=&#8220;https:\/\/rosenvoldcamping.dk\/wp-content\/uploads\/2025\/09\/Rosenvold_camping_pladsen2.jpg&#8220; min_height=&#8220;450px&#8220; global_colors_info=&#8220;{}&#8220;][et_pb_row _builder_version=&#8220;4.16&#8243; global_colors_info=&#8220;{}&#8220;][et_pb_column type=&#8220;4_4&#8243; _builder_version=&#8220;4.16&#8243; custom_padding=&#8220;|||&#8220; global_colors_info=&#8220;{}&#8220; custom_padding__hover=&#8220;|||&#8220;][et_pb_divider divider_style=&#8220;dotted&#8220; divider_weight=&#8220;8px&#8220; _builder_version=&#8220;4.16&#8243; max_width=&#8220;8%&#8220; module_alignment=&#8220;center&#8220; custom_margin=&#8220;||15px&#8220; global_colors_info=&#8220;{}&#8220;][\/et_pb_divider][et_pb_text _builder_version=&#8220;4.27.4&#8243; header_font=&#8220;||||||||&#8220; header_2_font=&#8220;|800|||||||&#8220; header_2_text_align=&#8220;center&#8220; header_2_text_color=&#8220;#ffffff&#8220; header_2_font_size=&#8220;44px&#8220; custom_margin=&#8220;||15px&#8220; global_colors_info=&#8220;{}&#8220;][\/et_pb_text][\/et_pb_column][\/et_pb_row][\/et_pb_section][et_pb_section fb_built=&#8220;1&#8243; _builder_version=&#8220;4.16&#8243; global_colors_info=&#8220;{}&#8220;][et_pb_row padding_top_bottom_link_2=&#8220;true&#8220; padding_left_right_link_2=&#8220;true&#8220; _builder_version=&#8220;4.16&#8243; custom_padding=&#8220;32px|0px|0|0px|false|false&#8220; global_colors_info=&#8220;{}&#8220;][et_pb_column type=&#8220;4_4&#8243; _builder_version=&#8220;4.16&#8243; custom_padding=&#8220;|||&#8220; global_colors_info=&#8220;{}&#8220; custom_padding__hover=&#8220;|||&#8220;][et_pb_text _builder_version=&#8220;4.27.4&#8243; header_font=&#8220;||||||||&#8220; header_2_font=&#8220;|800|||||||&#8220; header_2_text_color=&#8220;#3a1d1d&#8220; header_2_font_size=&#8220;44px&#8220; custom_margin=&#8220;||15px&#8220; header_2_font_size_tablet=&#8220;&#8220; header_2_font_size_phone=&#8220;34px&#8220; header_2_font_size_last_edited=&#8220;on|phone&#8220; global_colors_info=&#8220;{}&#8220;]<\/p>\n<h2>PREISLISTE F\u00dcR MOBILHEIM<\/h2>\n<p>[\/et_pb_text][et_pb_text _builder_version=&#8220;4.27.4&#8243; header_font=&#8220;||||||||&#8220; header_2_font=&#8220;|800|||||||&#8220; header_2_text_color=&#8220;#3a1d1d&#8220; header_2_font_size=&#8220;44px&#8220; custom_margin=&#8220;||15px&#8220; header_2_font_size_tablet=&#8220;&#8220; header_2_font_size_phone=&#8220;34px&#8220; header_2_font_size_last_edited=&#8220;on|phone&#8220; global_colors_info=&#8220;{}&#8220;]<\/p>\n<p>Auf dieser Seite finden Sie eine aktuelle Preisliste f\u00fcr unsere H\u00fctten.<\/p>\n<p>[\/et_pb_text][et_pb_text _builder_version=&#8220;4.27.4&#8243; _module_preset=&#8220;default&#8220; global_colors_info=&#8220;{}&#8220;]<\/p>\n<h3>Saison 2025<\/h3>\n<p>Nebensaison = 28\/03 &#8211; 26\/06 (au\u00dfer am Wochenende der Feiertage) und 17\/08 &#8211; 19\/10<\/p>\n<p>Hochsaison = 28\/05-31\/05, 06\/06-08\/06, 27\/06-07\/07 und 02\/08 &#8211; 16\/08<\/p>\n<p>(H\u00f6chststand = 12\/07 &#8211; 01\/08)<\/p>\n<p>Siehe Online-Reservierung f\u00fcr mehrt\u00e4gige Angebote<\/p>\n<p>[\/et_pb_text][et_pb_divider divider_style=&#8220;dotted&#8220; divider_weight=&#8220;8px&#8220; _builder_version=&#8220;4.16&#8243; max_width=&#8220;7%&#8220; custom_margin=&#8220;||15px&#8220; custom_padding=&#8220;20px||&#8220; global_colors_info=&#8220;{}&#8220;][\/et_pb_divider][\/et_pb_column][\/et_pb_row][et_pb_row make_equal=&#8220;on&#8220; padding_top_bottom_link_2=&#8220;true&#8220; padding_left_right_link_2=&#8220;true&#8220; _builder_version=&#8220;4.27.4&#8243; custom_padding=&#8220;22px|0px|75px|0px|false|false&#8220; global_colors_info=&#8220;{}&#8220;][et_pb_column type=&#8220;4_4&#8243; _builder_version=&#8220;4.27.4&#8243; custom_padding=&#8220;|||&#8220; border_width_right=&#8220;3px&#8220; border_color_right=&#8220;gcid-54f53681-a1a7-480a-a9b1-2870b6981fc0&#8243; global_colors_info=&#8220;{%22gcid-54f53681-a1a7-480a-a9b1-2870b6981fc0%22:%91%22border_color_right%22%93}&#8220; custom_padding__hover=&#8220;|||&#8220;][et_pb_heading title=&#8220;Mobilheim&#8220; _builder_version=&#8220;4.27.4&#8243; _module_preset=&#8220;default&#8220; title_level=&#8220;h2&#8243; title_text_align=&#8220;center&#8220; global_colors_info=&#8220;{}&#8220;][\/et_pb_heading][et_pb_text _builder_version=&#8220;4.27.4&#8243; _module_preset=&#8220;default&#8220; text_orientation=&#8220;center&#8220; global_colors_info=&#8220;{}&#8220;]<\/p>\n<p>1-4 Personen<\/p>\n<p>[\/et_pb_text][et_pb_slider _builder_version=&#8220;4.27.4&#8243; _module_preset=&#8220;default&#8220; background_color=&#8220;#FFFFFF&#8220; hover_enabled=&#8220;0&#8243; global_colors_info=&#8220;{}&#8220; sticky_enabled=&#8220;0&#8243;][et_pb_slide heading=&#8220;Nebensaison&#8220; button_text=&#8220;JETZT BUCHEN&#8220; button_link=&#8220;https:\/\/booking.rosenvoldcamping.dk\/daybooking\/product?cid=270&amp;lc=da&amp;wid=1&amp;pid=1416&amp;start=2026-03-01&#8243; _builder_version=&#8220;4.27.4&#8243; _module_preset=&#8220;default&#8220; background_enable_color=&#8220;off&#8220; background_layout=&#8220;light&#8220; hover_enabled=&#8220;0&#8243; global_colors_info=&#8220;{}&#8220; sticky_transition=&#8220;on&#8220; sticky_enabled=&#8220;0&#8243;]<\/p>\n<table border=\"1\" style=\"border-collapse: collapse; width: 100%; height: 192px;\">\n<tbody>\n<tr style=\"height: 24px;\">\n<td style=\"width: 75%; height: 24px;\">Pro Nacht<\/td>\n<td style=\"width: 25%; height: 24px;\">DKK PRO NACHT<\/td>\n<\/tr>\n<tr style=\"height: 24px;\">\n<td style=\"width: 75%; height: 24px;\">Mobilheim inkl. aller Personen<\/td>\n<td style=\"width: 25%; height: 24px;\">1000,-<\/td>\n<\/tr>\n<tr style=\"height: 24px;\">\n<td style=\"width: 75%; height: 24px;\">Hund (pro Hund und Tag)<\/td>\n<td style=\"width: 25%; height: 24px;\">35,-<\/td>\n<\/tr>\n<tr>\n<td style=\"width: 75%;\">Zuschlag f\u00fcr eine Nacht<\/td>\n<td style=\"width: 25%;\">250,-<\/td>\n<\/tr>\n<tr style=\"height: 24px;\">\n<td style=\"width: 75%; height: 24px;\">Energiezuschlag je nach Verbrauch<\/td>\n<td style=\"width: 25%; height: 24px;\">4,5 kr pro kWh<\/td>\n<\/tr>\n<tr style=\"height: 24px;\">\n<td style=\"width: 75%; height: 24px;\">Reinigungsdienste<\/td>\n<td style=\"width: 25%; height: 24px;\">450,-<\/td>\n<\/tr>\n<\/tbody>\n<\/table>\n<p>Kostenloses Internet &#8211; eigene Wohnmobile.<\/p>\n<p>[\/et_pb_slide][et_pb_slide heading=&#8220;Hochsaison&#8220; button_text=&#8220;JETZT BUCHEN&#8220; button_link=&#8220;https:\/\/booking.rosenvoldcamping.dk\/daybooking\/product?cid=270&amp;lc=da&amp;wid=1&amp;pid=1416&amp;start=2026-03-01&#8243; _builder_version=&#8220;4.27.4&#8243; _module_preset=&#8220;default&#8220; background_enable_color=&#8220;off&#8220; background_layout=&#8220;light&#8220; hover_enabled=&#8220;0&#8243; global_colors_info=&#8220;{}&#8220; sticky_transition=&#8220;on&#8220; sticky_enabled=&#8220;0&#8243;]<\/p>\n<table border=\"1\" style=\"border-collapse: collapse; width: 100%; height: 192px;\">\n<tbody>\n<tr style=\"height: 24px;\">\n<td style=\"width: 75%; height: 24px;\">Pro Nacht<\/td>\n<td style=\"width: 25%; height: 24px;\">DKK PRO NACHT<\/td>\n<\/tr>\n<tr style=\"height: 24px;\">\n<td style=\"width: 75%; height: 24px;\">Mobilheim inkl. aller Personen<\/td>\n<td style=\"width: 25%; height: 24px;\">1195,-<\/td>\n<\/tr>\n<tr style=\"height: 24px;\">\n<td style=\"width: 75%; height: 24px;\">Hund (pro Hund und Tag)<\/td>\n<td style=\"width: 25%; height: 24px;\">35,-<\/td>\n<\/tr>\n<tr>\n<td style=\"width: 75%;\">Zuschlag f\u00fcr eine Nacht<\/td>\n<td style=\"width: 25%;\">250,-<\/td>\n<\/tr>\n<tr style=\"height: 24px;\">\n<td style=\"width: 75%; height: 24px;\">Energiezuschlag je nach Verbrauch<\/td>\n<td style=\"width: 25%; height: 24px;\">4,5 kr pro kWh<\/td>\n<\/tr>\n<tr style=\"height: 24px;\">\n<td style=\"width: 75%; height: 24px;\">Reinigungsdienste<\/td>\n<td style=\"width: 25%; height: 24px;\">450,-<\/td>\n<\/tr>\n<\/tbody>\n<\/table>\n<p>Kostenloses Internet &#8211; eigene Wohnmobile.<\/p>\n<p>[\/et_pb_slide][et_pb_slide heading=&#8220;Hochsaison &#8211; Ganze Woche&#8220; button_text=&#8220;JETZT BUCHEN&#8220; button_link=&#8220;https:\/\/booking.rosenvoldcamping.dk\/daybooking\/product?cid=270&amp;lc=da&amp;wid=1&amp;pid=1416&amp;start=2026-03-01&#8243; _builder_version=&#8220;4.27.4&#8243; _module_preset=&#8220;default&#8220; background_enable_color=&#8220;off&#8220; background_layout=&#8220;light&#8220; hover_enabled=&#8220;0&#8243; global_colors_info=&#8220;{}&#8220; sticky_transition=&#8220;on&#8220; sticky_enabled=&#8220;0&#8243;]<\/p>\n<table border=\"1\" style=\"border-collapse: collapse; width: 100%; height: 192px;\">\n<tbody>\n<tr style=\"height: 24px;\">\n<td style=\"width: 75%; height: 24px;\">Pro Nacht<\/td>\n<td style=\"width: 25%; height: 24px;\">DKK PRO NACHT<\/td>\n<\/tr>\n<tr style=\"height: 24px;\">\n<td style=\"width: 75%; height: 24px;\">Mobilheim inkl. aller Personen<\/td>\n<td style=\"width: 25%; height: 24px;\">8000,-<\/td>\n<\/tr>\n<tr style=\"height: 24px;\">\n<td style=\"width: 75%; height: 24px;\">Hund (pro Hund und Tag)<\/td>\n<td style=\"width: 25%; height: 24px;\">35,-<\/td>\n<\/tr>\n<tr style=\"height: 24px;\">\n<td style=\"width: 75%; height: 24px;\">Energiezuschlag je nach Verbrauch<\/td>\n<td style=\"width: 25%; height: 24px;\">4,5 kr pro kWh<\/td>\n<\/tr>\n<tr style=\"height: 24px;\">\n<td style=\"width: 75%; height: 24px;\">Reinigungsdienste<\/td>\n<td style=\"width: 25%; height: 24px;\">450,-<\/td>\n<\/tr>\n<\/tbody>\n<\/table>\n<p>Kostenloses Internet &#8211; eigene Wohnmobile.<\/p>\n<p>[\/et_pb_slide][\/et_pb_slider][\/et_pb_column][\/et_pb_row][et_pb_row padding_top_bottom_link_2=&#8220;true&#8220; padding_left_right_link_2=&#8220;true&#8220; _builder_version=&#8220;4.16&#8243; custom_padding=&#8220;32px|0px|0|0px|false|false&#8220; global_colors_info=&#8220;{}&#8220;][et_pb_column type=&#8220;4_4&#8243; _builder_version=&#8220;4.16&#8243; custom_padding=&#8220;|||&#8220; global_colors_info=&#8220;{}&#8220; custom_padding__hover=&#8220;|||&#8220;][et_pb_text _builder_version=&#8220;4.27.4&#8243; header_font=&#8220;||||||||&#8220; header_2_font=&#8220;|800|||||||&#8220; header_2_text_color=&#8220;#3a1d1d&#8220; header_2_font_size=&#8220;44px&#8220; custom_margin=&#8220;||15px&#8220; header_2_font_size_tablet=&#8220;&#8220; header_2_font_size_phone=&#8220;34px&#8220; header_2_font_size_last_edited=&#8220;on|phone&#8220; global_colors_info=&#8220;{}&#8220;]<\/p>\n<h3>Zusatzk\u00e4ufe<\/h3>\n<p>[\/et_pb_text][et_pb_divider divider_style=&#8220;dotted&#8220; divider_weight=&#8220;8px&#8220; _builder_version=&#8220;4.16&#8243; max_width=&#8220;7%&#8220; custom_margin=&#8220;||15px&#8220; custom_padding=&#8220;20px||&#8220; global_colors_info=&#8220;{}&#8220;][\/et_pb_divider][et_pb_text _builder_version=&#8220;4.27.4&#8243; _module_preset=&#8220;default&#8220; global_colors_info=&#8220;{}&#8220;]<\/p>\n<table border=\"1\" style=\"border-collapse: collapse; width: 100%; height: 192px;\">\n<tbody>\n<tr style=\"height: 24px;\">\n<td style=\"width: 75%; height: 24px;\"><\/td>\n<td style=\"width: 25%; height: 24px;\">DKK<\/td>\n<\/tr>\n<tr style=\"height: 24px;\">\n<td style=\"width: 75%; height: 24px;\">Internet (2 Codes)<\/td>\n<td style=\"width: 25%; height: 24px;\">25,-<\/td>\n<\/tr>\n<tr style=\"height: 24px;\">\n<td style=\"width: 75%; height: 24px;\">Internet Folgetage pro Tag<\/td>\n<td style=\"width: 25%; height: 24px;\">10,-<\/td>\n<\/tr>\n<tr style=\"height: 24px;\">\n<td style=\"width: 75%; height: 24px;\">Hochstuhl (pro Aufenthalt)<\/td>\n<td style=\"width: 25%; height: 24px;\">25,-<\/td>\n<\/tr>\n<tr style=\"height: 24px;\">\n<td style=\"width: 75%; height: 24px;\">Leinen-Paket<\/td>\n<td style=\"width: 25%; height: 24px;\">75,-<\/td>\n<\/tr>\n<tr style=\"height: 24px;\">\n<td style=\"width: 75%; height: 24px;\">W\u00e4schepaket inkl. Handtuch &#8211; pro Bett<\/td>\n<td style=\"width: 25%; height: 24px;\">95,-<\/td>\n<\/tr>\n<tr style=\"height: 24px;\">\n<td style=\"width: 75%; height: 24px;\">Energiezuschlag je nach Verbrauch &#8211; pro Bett<\/td>\n<td style=\"width: 25%; height: 24px;\">pro kWh<\/td>\n<\/tr>\n<tr style=\"height: 24px;\">\n<td style=\"width: 75%; height: 24px;\">\n<p>Partyzelt\/gro\u00dfe H\u00fctte f\u00fcr Familientreffen (Miete)<\/p>\n<p>Fragen Sie an der Rezeption nach weiteren Informationen<\/p>\n<\/td>\n<td style=\"width: 25%; height: 24px;\">Von 700,-<\/td>\n<\/tr>\n<\/tbody>\n<\/table>\n<p>&nbsp;<\/p>\n<p>[\/et_pb_text][\/et_pb_column][\/et_pb_row][\/et_pb_section]<\/p>\n","protected":false},"excerpt":{"rendered":"<p>PREISLISTE F\u00dcR MOBILHEIMAuf dieser Seite finden Sie eine aktuelle Preisliste f\u00fcr unsere H\u00fctten.Saison 2025 Nebensaison = 28\/03 &#8211; 26\/06 (au\u00dfer am Wochenende der Feiertage) und 17\/08 &#8211; 19\/10 Hochsaison = 28\/05-31\/05, 06\/06-08\/06, 27\/06-07\/07 und 02\/08 &#8211; 16\/08 (H\u00f6chststand = 12\/07 &#8211; 01\/08) Siehe Online-Reservierung f\u00fcr mehrt\u00e4gige Angebote1-4 Personen Pro Nacht DKK PRO NACHT Mobilheim inkl. [&hellip;]<\/p>\n","protected":false},"author":1,"featured_media":0,"parent":27661,"menu_order":0,"comment_status":"closed","ping_status":"closed","template":"","meta":{"_et_pb_use_builder":"on","_et_pb_old_content":"","_et_gb_content_width":"","footnotes":""},"folder":[],"class_list":["post-27626","page","type-page","status-publish","hentry"],"yoast_head":"<!-- This site is optimized with the Yoast SEO plugin v27.4 - https:\/\/yoast.com\/product\/yoast-seo-wordpress\/ -->\n<title>Preise Mobilheim\/Luxush\u00fctte | Rosenvold Strand Camping<\/title>\n<meta name=\"description\" content=\"Buchen Sie einen luxuri\u00f6sen Aufenthalt in unseren Mobilheimen. Hunde sind nicht erlaubt. Preise ab DKK 845 pro Nacht. Sehen Sie weitere Tagesangebote in unserer Online-Buchung. Buchen Sie online\" \/>\n<meta name=\"robots\" content=\"index, follow, max-snippet:-1, max-image-preview:large, max-video-preview:-1\" \/>\n<link rel=\"canonical\" href=\"https:\/\/rosenvoldcamping.dk\/de\/preise\/preise-fuer-mobilheime\/\" \/>\n<meta property=\"og:locale\" content=\"de_DE\" \/>\n<meta property=\"og:type\" content=\"article\" \/>\n<meta property=\"og:title\" content=\"Preise Mobilheim\/Luxush\u00fctte | Rosenvold Strand Camping\" \/>\n<meta property=\"og:description\" content=\"Buchen Sie einen luxuri\u00f6sen Aufenthalt in unseren Mobilheimen. Hunde sind nicht erlaubt. Preise ab DKK 845 pro Nacht. Sehen Sie weitere Tagesangebote in unserer Online-Buchung. Buchen Sie online\" \/>\n<meta property=\"og:url\" content=\"https:\/\/rosenvoldcamping.dk\/de\/preise\/preise-fuer-mobilheime\/\" \/>\n<meta property=\"og:site_name\" content=\"Rosenvold Camping\" \/>\n<meta property=\"article:modified_time\" content=\"2025-12-16T20:23:26+00:00\" \/>\n<meta name=\"twitter:card\" content=\"summary_large_image\" \/>\n<meta name=\"twitter:label1\" content=\"Gesch\u00e4tzte Lesezeit\" \/>\n\t<meta name=\"twitter:data1\" content=\"5\u00a0Minuten\" \/>\n<script type=\"application\/ld+json\" class=\"yoast-schema-graph\">{\"@context\":\"https:\\\/\\\/schema.org\",\"@graph\":[{\"@type\":\"WebPage\",\"@id\":\"https:\\\/\\\/rosenvoldcamping.dk\\\/de\\\/preise\\\/preise-fuer-mobilheime\\\/\",\"url\":\"https:\\\/\\\/rosenvoldcamping.dk\\\/de\\\/preise\\\/preise-fuer-mobilheime\\\/\",\"name\":\"Preise Mobilheim\\\/Luxush\u00fctte | Rosenvold Strand Camping\",\"isPartOf\":{\"@id\":\"https:\\\/\\\/rosenvoldcamping.dk\\\/de\\\/#website\"},\"datePublished\":\"2025-09-18T08:27:33+00:00\",\"dateModified\":\"2025-12-16T20:23:26+00:00\",\"description\":\"Buchen Sie einen luxuri\u00f6sen Aufenthalt in unseren Mobilheimen. Hunde sind nicht erlaubt. Preise ab DKK 845 pro Nacht. Sehen Sie weitere Tagesangebote in unserer Online-Buchung. Buchen Sie online\",\"breadcrumb\":{\"@id\":\"https:\\\/\\\/rosenvoldcamping.dk\\\/de\\\/preise\\\/preise-fuer-mobilheime\\\/#breadcrumb\"},\"inLanguage\":\"de\",\"potentialAction\":[{\"@type\":\"ReadAction\",\"target\":[\"https:\\\/\\\/rosenvoldcamping.dk\\\/de\\\/preise\\\/preise-fuer-mobilheime\\\/\"]}]},{\"@type\":\"BreadcrumbList\",\"@id\":\"https:\\\/\\\/rosenvoldcamping.dk\\\/de\\\/preise\\\/preise-fuer-mobilheime\\\/#breadcrumb\",\"itemListElement\":[{\"@type\":\"ListItem\",\"position\":1,\"name\":\"Hjem\",\"item\":\"https:\\\/\\\/rosenvoldcamping.dk\\\/de\\\/hauptseite\\\/\"},{\"@type\":\"ListItem\",\"position\":2,\"name\":\"Preise\",\"item\":\"https:\\\/\\\/rosenvoldcamping.dk\\\/de\\\/preise\\\/\"},{\"@type\":\"ListItem\",\"position\":3,\"name\":\"Preise f\u00fcr Mobilheime\"}]},{\"@type\":\"WebSite\",\"@id\":\"https:\\\/\\\/rosenvoldcamping.dk\\\/de\\\/#website\",\"url\":\"https:\\\/\\\/rosenvoldcamping.dk\\\/de\\\/\",\"name\":\"Rosenvold Camping\",\"description\":\"En oase ved fjorden\",\"potentialAction\":[{\"@type\":\"SearchAction\",\"target\":{\"@type\":\"EntryPoint\",\"urlTemplate\":\"https:\\\/\\\/rosenvoldcamping.dk\\\/de\\\/?s={search_term_string}\"},\"query-input\":{\"@type\":\"PropertyValueSpecification\",\"valueRequired\":true,\"valueName\":\"search_term_string\"}}],\"inLanguage\":\"de\"}]}<\/script>\n<!-- \/ Yoast SEO plugin. -->","yoast_head_json":{"title":"Preise Mobilheim\/Luxush\u00fctte | Rosenvold Strand Camping","description":"Buchen Sie einen luxuri\u00f6sen Aufenthalt in unseren Mobilheimen. Hunde sind nicht erlaubt. Preise ab DKK 845 pro Nacht. Sehen Sie weitere Tagesangebote in unserer Online-Buchung. Buchen Sie online","robots":{"index":"index","follow":"follow","max-snippet":"max-snippet:-1","max-image-preview":"max-image-preview:large","max-video-preview":"max-video-preview:-1"},"canonical":"https:\/\/rosenvoldcamping.dk\/de\/preise\/preise-fuer-mobilheime\/","og_locale":"de_DE","og_type":"article","og_title":"Preise Mobilheim\/Luxush\u00fctte | Rosenvold Strand Camping","og_description":"Buchen Sie einen luxuri\u00f6sen Aufenthalt in unseren Mobilheimen. Hunde sind nicht erlaubt. Preise ab DKK 845 pro Nacht. Sehen Sie weitere Tagesangebote in unserer Online-Buchung. Buchen Sie online","og_url":"https:\/\/rosenvoldcamping.dk\/de\/preise\/preise-fuer-mobilheime\/","og_site_name":"Rosenvold Camping","article_modified_time":"2025-12-16T20:23:26+00:00","twitter_card":"summary_large_image","twitter_misc":{"Gesch\u00e4tzte Lesezeit":"5\u00a0Minuten"},"schema":{"@context":"https:\/\/schema.org","@graph":[{"@type":"WebPage","@id":"https:\/\/rosenvoldcamping.dk\/de\/preise\/preise-fuer-mobilheime\/","url":"https:\/\/rosenvoldcamping.dk\/de\/preise\/preise-fuer-mobilheime\/","name":"Preise Mobilheim\/Luxush\u00fctte | Rosenvold Strand Camping","isPartOf":{"@id":"https:\/\/rosenvoldcamping.dk\/de\/#website"},"datePublished":"2025-09-18T08:27:33+00:00","dateModified":"2025-12-16T20:23:26+00:00","description":"Buchen Sie einen luxuri\u00f6sen Aufenthalt in unseren Mobilheimen. Hunde sind nicht erlaubt. Preise ab DKK 845 pro Nacht. Sehen Sie weitere Tagesangebote in unserer Online-Buchung. Buchen Sie online","breadcrumb":{"@id":"https:\/\/rosenvoldcamping.dk\/de\/preise\/preise-fuer-mobilheime\/#breadcrumb"},"inLanguage":"de","potentialAction":[{"@type":"ReadAction","target":["https:\/\/rosenvoldcamping.dk\/de\/preise\/preise-fuer-mobilheime\/"]}]},{"@type":"BreadcrumbList","@id":"https:\/\/rosenvoldcamping.dk\/de\/preise\/preise-fuer-mobilheime\/#breadcrumb","itemListElement":[{"@type":"ListItem","position":1,"name":"Hjem","item":"https:\/\/rosenvoldcamping.dk\/de\/hauptseite\/"},{"@type":"ListItem","position":2,"name":"Preise","item":"https:\/\/rosenvoldcamping.dk\/de\/preise\/"},{"@type":"ListItem","position":3,"name":"Preise f\u00fcr Mobilheime"}]},{"@type":"WebSite","@id":"https:\/\/rosenvoldcamping.dk\/de\/#website","url":"https:\/\/rosenvoldcamping.dk\/de\/","name":"Rosenvold Camping","description":"En oase ved fjorden","potentialAction":[{"@type":"SearchAction","target":{"@type":"EntryPoint","urlTemplate":"https:\/\/rosenvoldcamping.dk\/de\/?s={search_term_string}"},"query-input":{"@type":"PropertyValueSpecification","valueRequired":true,"valueName":"search_term_string"}}],"inLanguage":"de"}]}},"_links":{"self":[{"href":"https:\/\/rosenvoldcamping.dk\/de\/wp-json\/wp\/v2\/pages\/27626","targetHints":{"allow":["GET"]}}],"collection":[{"href":"https:\/\/rosenvoldcamping.dk\/de\/wp-json\/wp\/v2\/pages"}],"about":[{"href":"https:\/\/rosenvoldcamping.dk\/de\/wp-json\/wp\/v2\/types\/page"}],"author":[{"embeddable":true,"href":"https:\/\/rosenvoldcamping.dk\/de\/wp-json\/wp\/v2\/users\/1"}],"replies":[{"embeddable":true,"href":"https:\/\/rosenvoldcamping.dk\/de\/wp-json\/wp\/v2\/comments?post=27626"}],"version-history":[{"count":2,"href":"https:\/\/rosenvoldcamping.dk\/de\/wp-json\/wp\/v2\/pages\/27626\/revisions"}],"predecessor-version":[{"id":27628,"href":"https:\/\/rosenvoldcamping.dk\/de\/wp-json\/wp\/v2\/pages\/27626\/revisions\/27628"}],"up":[{"embeddable":true,"href":"https:\/\/rosenvoldcamping.dk\/de\/wp-json\/wp\/v2\/pages\/27661"}],"wp:attachment":[{"href":"https:\/\/rosenvoldcamping.dk\/de\/wp-json\/wp\/v2\/media?parent=27626"}],"wp:term":[{"taxonomy":"folder","embeddable":true,"href":"https:\/\/rosenvoldcamping.dk\/de\/wp-json\/wp\/v2\/folder?post=27626"}],"curies":[{"name":"wp","href":"https:\/\/api.w.org\/{rel}","templated":true}]}}