{"id":27636,"date":"2025-09-18T09:27:33","date_gmt":"2025-09-18T08:27:33","guid":{"rendered":"https:\/\/rosenvoldcamping.dk\/preise-kabinen\/"},"modified":"2025-12-16T21:23:26","modified_gmt":"2025-12-16T20:23:26","slug":"preise-kabinen","status":"publish","type":"page","link":"https:\/\/rosenvoldcamping.dk\/de\/preise\/preise-kabinen\/","title":{"rendered":"Preise Kabinen"},"content":{"rendered":"<p>[et_pb_section fb_built=&#8220;1&#8243; _builder_version=&#8220;4.27.4&#8243; background_image=&#8220;https:\/\/rosenvoldcamping.dk\/wp-content\/uploads\/2025\/09\/Rosenvold_camping_pladsen2.jpg&#8220; min_height=&#8220;450px&#8220; global_colors_info=&#8220;{}&#8220;][et_pb_row _builder_version=&#8220;4.16&#8243; global_colors_info=&#8220;{}&#8220;][et_pb_column type=&#8220;4_4&#8243; _builder_version=&#8220;4.16&#8243; custom_padding=&#8220;|||&#8220; global_colors_info=&#8220;{}&#8220; custom_padding__hover=&#8220;|||&#8220;][et_pb_divider divider_style=&#8220;dotted&#8220; divider_weight=&#8220;8px&#8220; _builder_version=&#8220;4.16&#8243; max_width=&#8220;8%&#8220; module_alignment=&#8220;center&#8220; custom_margin=&#8220;||15px&#8220; global_colors_info=&#8220;{}&#8220;][\/et_pb_divider][et_pb_text _builder_version=&#8220;4.27.4&#8243; header_font=&#8220;||||||||&#8220; header_2_font=&#8220;|800|||||||&#8220; header_2_text_align=&#8220;center&#8220; header_2_text_color=&#8220;#ffffff&#8220; header_2_font_size=&#8220;44px&#8220; custom_margin=&#8220;||15px&#8220; global_colors_info=&#8220;{}&#8220;][\/et_pb_text][\/et_pb_column][\/et_pb_row][\/et_pb_section][et_pb_section fb_built=&#8220;1&#8243; _builder_version=&#8220;4.16&#8243; global_colors_info=&#8220;{}&#8220;][et_pb_row padding_top_bottom_link_2=&#8220;true&#8220; padding_left_right_link_2=&#8220;true&#8220; _builder_version=&#8220;4.16&#8243; custom_padding=&#8220;32px|0px|0|0px|false|false&#8220; global_colors_info=&#8220;{}&#8220;][et_pb_column type=&#8220;4_4&#8243; _builder_version=&#8220;4.16&#8243; custom_padding=&#8220;|||&#8220; global_colors_info=&#8220;{}&#8220; custom_padding__hover=&#8220;|||&#8220;][et_pb_text _builder_version=&#8220;4.27.4&#8243; header_font=&#8220;||||||||&#8220; header_2_font=&#8220;|800|||||||&#8220; header_2_text_color=&#8220;#3a1d1d&#8220; header_2_font_size=&#8220;44px&#8220; custom_margin=&#8220;||15px&#8220; header_2_font_size_tablet=&#8220;&#8220; header_2_font_size_phone=&#8220;34px&#8220; header_2_font_size_last_edited=&#8220;on|phone&#8220; global_colors_info=&#8220;{}&#8220;]<\/p>\n<h2>PREISLISTE F\u00dcR KABINEN<\/h2>\n<p>[\/et_pb_text][et_pb_text _builder_version=&#8220;4.27.4&#8243; header_font=&#8220;||||||||&#8220; header_2_font=&#8220;|800|||||||&#8220; header_2_text_color=&#8220;#3a1d1d&#8220; header_2_font_size=&#8220;44px&#8220; custom_margin=&#8220;||15px&#8220; header_2_font_size_tablet=&#8220;&#8220; header_2_font_size_phone=&#8220;34px&#8220; header_2_font_size_last_edited=&#8220;on|phone&#8220; global_colors_info=&#8220;{}&#8220;]<\/p>\n<p>Auf dieser Seite finden Sie eine aktuelle Preisliste f\u00fcr unsere H\u00fctten.<\/p>\n<p>[\/et_pb_text][et_pb_text _builder_version=&#8220;4.27.4&#8243; _module_preset=&#8220;default&#8220; global_colors_info=&#8220;{}&#8220;]<\/p>\n<h3 data-start=\"470\" data-end=\"486\">Saison 2026<\/h3>\n<p data-start=\"488\" data-end=\"573\"><strong data-start=\"488\" data-end=\"501\">Nebensaison:<\/strong><br data-start=\"501\" data-end=\"504\">27\/03 &#8211; 27\/06 (au\u00dfer an Feiertagswochenenden)<br data-start=\"550\" data-end=\"553\">und 16\/08 &#8211; 18\/10<\/p>\n<p data-start=\"575\" data-end=\"654\"><strong data-start=\"575\" data-end=\"588\">Hochsaison:<\/strong><br data-start=\"588\" data-end=\"591\">13\/05 &#8211; 17\/05<br data-start=\"604\" data-end=\"607\">22\/05 &#8211; 25\/05<br data-start=\"620\" data-end=\"623\">26\/06 &#8211; 11\/07<br data-start=\"636\" data-end=\"639\">01\/08 &#8211; 16\/08<\/p>\n<p data-start=\"656\" data-end=\"692\"><strong data-start=\"656\" data-end=\"674\">H\u00f6chste Saison:<\/strong><br data-start=\"674\" data-end=\"677\">11\/07 &#8211; 01\/08<\/p>\n<p data-start=\"694\" data-end=\"885\">Unsere<span> <\/span><a href=\"https:\/\/booking.danplanner.dk\/daybooking\/step1?cId=270&amp;lc=da&amp;wId=1\">Online-Buchung<\/a> ist immer mit den neuesten Preisen, Zeitr\u00e4umen und Verf\u00fcgbarkeiten aktualisiert.<br data-start=\"792\" data-end=\"795\">Hier k\u00f6nnen Sie sich schnell einen \u00dcberblick \u00fcber die aktuellen Angebote verschaffen und Ihren n\u00e4chsten Urlaub direkt buchen.<\/p>\n<p>[\/et_pb_text][et_pb_divider divider_style=&#8220;dotted&#8220; divider_weight=&#8220;8px&#8220; _builder_version=&#8220;4.16&#8243; max_width=&#8220;7%&#8220; custom_margin=&#8220;||15px&#8220; custom_padding=&#8220;20px||&#8220; global_colors_info=&#8220;{}&#8220;][\/et_pb_divider][\/et_pb_column][\/et_pb_row][et_pb_row column_structure=&#8220;1_2,1_2&#8243; make_equal=&#8220;on&#8220; padding_top_bottom_link_2=&#8220;true&#8220; padding_left_right_link_2=&#8220;true&#8220; _builder_version=&#8220;4.27.4&#8243; custom_padding=&#8220;22px|0px|75px|0px|false|false&#8220; global_colors_info=&#8220;{}&#8220;][et_pb_column type=&#8220;1_2&#8243; _builder_version=&#8220;4.27.4&#8243; custom_padding=&#8220;|||&#8220; border_width_right=&#8220;3px&#8220; border_color_right=&#8220;gcid-54f53681-a1a7-480a-a9b1-2870b6981fc0&#8243; global_colors_info=&#8220;{%22gcid-54f53681-a1a7-480a-a9b1-2870b6981fc0%22:%91%22border_color_right%22%93}&#8220; custom_padding__hover=&#8220;|||&#8220;][et_pb_heading title=&#8220;Vejle Fjord H\u00fctte &#8211; 30 m2&#8243; _builder_version=&#8220;4.27.4&#8243; _module_preset=&#8220;default&#8220; title_level=&#8220;h2&#8243; title_text_align=&#8220;center&#8220; global_colors_info=&#8220;{}&#8220;][\/et_pb_heading][et_pb_text _builder_version=&#8220;4.27.4&#8243; _module_preset=&#8220;default&#8220; text_orientation=&#8220;center&#8220; global_colors_info=&#8220;{}&#8220;]<\/p>\n<p>4-6 Personen (Max. 4 Erwachsene)<\/p>\n<p>[\/et_pb_text][et_pb_slider _builder_version=&#8220;4.27.4&#8243; _module_preset=&#8220;default&#8220; hover_enabled=&#8220;0&#8243; global_colors_info=&#8220;{}&#8220; sticky_enabled=&#8220;0&#8243;][et_pb_slide heading=&#8220;Nebensaison&#8220; button_text=&#8220;JETZT BUCHEN&#8220; button_link=&#8220;https:\/\/booking.rosenvoldcamping.dk\/daybooking\/product?cid=270&amp;lc=da&amp;wid=1&amp;pid=6915&amp;start=2026-03-01&#8243; _builder_version=&#8220;4.27.4&#8243; _module_preset=&#8220;default&#8220; background_enable_color=&#8220;off&#8220; background_layout=&#8220;light&#8220; hover_enabled=&#8220;0&#8243; global_colors_info=&#8220;{}&#8220; sticky_transition=&#8220;on&#8220; sticky_enabled=&#8220;0&#8243;]<\/p>\n<table border=\"1\" style=\"border-collapse: collapse; width: 100%; height: 216px;\">\n<tbody>\n<tr style=\"height: 24px;\">\n<td style=\"width: 75%; height: 24px;\">Pro Nacht<\/td>\n<td style=\"width: 25%; height: 24px;\">DKK PRO NACHT<\/td>\n<\/tr>\n<tr style=\"height: 24px;\">\n<td style=\"width: 75%; height: 24px;\">Kabine inkl. aller Personen<\/td>\n<td style=\"width: 25%; height: 24px;\">1100,-<\/td>\n<\/tr>\n<tr style=\"height: 24px;\">\n<td style=\"width: 75%; height: 24px;\">Nur Erwachsene<\/td>\n<td style=\"width: 25%; height: 24px;\">0,-<\/td>\n<\/tr>\n<tr style=\"height: 24px;\">\n<td style=\"width: 75%; height: 24px;\">Jung<\/td>\n<td style=\"width: 25%; height: 24px;\">0,-<\/td>\n<\/tr>\n<tr style=\"height: 24px;\">\n<td style=\"width: 75%; height: 24px;\">Kinder<\/td>\n<td style=\"width: 25%; height: 24px;\">0,-<\/td>\n<\/tr>\n<tr style=\"height: 24px;\">\n<td style=\"width: 75%; height: 24px;\">Hund (pro Hund und Tag)<\/td>\n<td style=\"width: 25%; height: 24px;\">35,-<\/td>\n<\/tr>\n<tr style=\"height: 24px;\">\n<td style=\"width: 75%; height: 24px;\">Energiezuschlag je nach Verbrauch<\/td>\n<td style=\"width: 25%; height: 24px;\">pro kWh<\/td>\n<\/tr>\n<tr style=\"height: 24px;\">\n<td style=\"width: 75%; height: 24px;\">Reinigungsdienste<\/td>\n<td style=\"width: 25%; height: 24px;\">450,-<\/td>\n<\/tr>\n<\/tbody>\n<\/table>\n<p>Kostenloses Internet in den H\u00fctten von Vejle Fjord.<\/p>\n<p>[\/et_pb_slide][et_pb_slide heading=&#8220;Hochsaison&#8220; button_text=&#8220;JETZT BUCHEN&#8220; button_link=&#8220;https:\/\/booking.rosenvoldcamping.dk\/daybooking\/product?cid=270&amp;lc=da&amp;wid=1&amp;pid=6915&amp;start=2026-03-01&#8243; _builder_version=&#8220;4.27.4&#8243; _module_preset=&#8220;default&#8220; background_enable_color=&#8220;off&#8220; background_layout=&#8220;light&#8220; hover_enabled=&#8220;0&#8243; global_colors_info=&#8220;{}&#8220; sticky_transition=&#8220;on&#8220; sticky_enabled=&#8220;0&#8243;]<\/p>\n<table border=\"1\" style=\"border-collapse: collapse; width: 100%; height: 216px;\">\n<tbody>\n<tr style=\"height: 24px;\">\n<td style=\"width: 75%; height: 24px;\">Pro Nacht<\/td>\n<td style=\"width: 25%; height: 24px;\">DKK PRO NACHT<\/td>\n<\/tr>\n<tr style=\"height: 24px;\">\n<td style=\"width: 75%; height: 24px;\">Kabine inkl. aller Personen<\/td>\n<td style=\"width: 25%; height: 24px;\">1295,-<\/td>\n<\/tr>\n<tr style=\"height: 24px;\">\n<td style=\"width: 75%; height: 24px;\">Nur Erwachsene<\/td>\n<td style=\"width: 25%; height: 24px;\">0,-<\/td>\n<\/tr>\n<tr style=\"height: 24px;\">\n<td style=\"width: 75%; height: 24px;\">Jung<\/td>\n<td style=\"width: 25%; height: 24px;\">0,-<\/td>\n<\/tr>\n<tr style=\"height: 24px;\">\n<td style=\"width: 75%; height: 24px;\">Kinder<\/td>\n<td style=\"width: 25%; height: 24px;\">0,-<\/td>\n<\/tr>\n<tr style=\"height: 24px;\">\n<td style=\"width: 75%; height: 24px;\">Hund (pro Hund und Tag)<\/td>\n<td style=\"width: 25%; height: 24px;\">35,-<\/td>\n<\/tr>\n<tr style=\"height: 24px;\">\n<td style=\"width: 75%; height: 24px;\">Energiezuschlag je nach Verbrauch<\/td>\n<td style=\"width: 25%; height: 24px;\">pro kWh<\/td>\n<\/tr>\n<tr style=\"height: 24px;\">\n<td style=\"width: 75%; height: 24px;\">Reinigungsdienste<\/td>\n<td style=\"width: 25%; height: 24px;\">450,-<\/td>\n<\/tr>\n<\/tbody>\n<\/table>\n<p>Kostenloses Internet in den H\u00fctten von Vejle Fjord.<\/p>\n<p>[\/et_pb_slide][\/et_pb_slider][\/et_pb_column][et_pb_column type=&#8220;1_2&#8243; _builder_version=&#8220;4.16&#8243; custom_padding=&#8220;|||&#8220; global_colors_info=&#8220;{}&#8220; custom_padding__hover=&#8220;|||&#8220;][et_pb_heading title=&#8220;Standard-Kabine &#8211; 15 m2&#8243; _builder_version=&#8220;4.27.4&#8243; _module_preset=&#8220;default&#8220; title_level=&#8220;h2&#8243; title_text_align=&#8220;center&#8220; global_colors_info=&#8220;{}&#8220;][\/et_pb_heading][et_pb_text _builder_version=&#8220;4.27.4&#8243; _module_preset=&#8220;default&#8220; text_orientation=&#8220;center&#8220; global_colors_info=&#8220;{}&#8220;]<\/p>\n<p>2-4 Personen (Max. 2 Erwachsene)<\/p>\n<p>[\/et_pb_text][et_pb_slider _builder_version=&#8220;4.27.4&#8243; _module_preset=&#8220;default&#8220; hover_enabled=&#8220;0&#8243; global_colors_info=&#8220;{}&#8220; sticky_enabled=&#8220;0&#8243;][et_pb_slide heading=&#8220;Nebensaison&#8220; button_text=&#8220;JETZT BUCHEN&#8220; button_link=&#8220;https:\/\/booking.rosenvoldcamping.dk\/daybooking\/product?cid=270&amp;lc=da&amp;wid=1&amp;pid=1408&amp;start=2026-03-01&#8243; _builder_version=&#8220;4.27.4&#8243; _module_preset=&#8220;default&#8220; background_enable_color=&#8220;off&#8220; background_layout=&#8220;light&#8220; hover_enabled=&#8220;0&#8243; global_colors_info=&#8220;{}&#8220; sticky_transition=&#8220;on&#8220; sticky_enabled=&#8220;0&#8243;]<\/p>\n<table border=\"1\" style=\"border-collapse: collapse; width: 100%; height: 216px;\">\n<tbody>\n<tr style=\"height: 24px;\">\n<td style=\"width: 75%; height: 24px;\">Pro Nacht<\/td>\n<td style=\"width: 25%; height: 24px;\">DKK PRO NACHT<\/td>\n<\/tr>\n<tr style=\"height: 24px;\">\n<td style=\"width: 75%; height: 24px;\">Kabine inkl. 2 Pers.<\/td>\n<td style=\"width: 25%; height: 24px;\">490,-<\/td>\n<\/tr>\n<tr style=\"height: 24px;\">\n<td style=\"width: 75%; height: 24px;\">Nur Erwachsene<\/td>\n<td style=\"width: 25%; height: 24px;\">0,-<\/td>\n<\/tr>\n<tr style=\"height: 24px;\">\n<td style=\"width: 75%; height: 24px;\">Jung<\/td>\n<td style=\"width: 25%; height: 24px;\">0,-<\/td>\n<\/tr>\n<tr style=\"height: 24px;\">\n<td style=\"width: 75%; height: 24px;\">Kinder<\/td>\n<td style=\"width: 25%; height: 24px;\">0,-<\/td>\n<\/tr>\n<tr style=\"height: 24px;\">\n<td style=\"width: 75%; height: 24px;\">Hund (pro Hund und Tag)<\/td>\n<td style=\"width: 25%; height: 24px;\">35,-<\/td>\n<\/tr>\n<tr style=\"height: 24px;\">\n<td style=\"width: 75%; height: 24px;\">Energiezuschlag je nach Verbrauch<\/td>\n<td style=\"width: 25%; height: 24px;\">pro kWh<\/td>\n<\/tr>\n<tr style=\"height: 24px;\">\n<td style=\"width: 75%; height: 24px;\">Reinigungsdienste<\/td>\n<td style=\"width: 25%; height: 24px;\">250,-<\/td>\n<\/tr>\n<\/tbody>\n<\/table>\n<p>&nbsp;<\/p>\n<p>[\/et_pb_slide][et_pb_slide heading=&#8220;Hochsaison&#8220; button_text=&#8220;JETZT BUCHEN&#8220; button_link=&#8220;https:\/\/booking.rosenvoldcamping.dk\/daybooking\/product?cid=270&amp;lc=da&amp;wid=1&amp;pid=1408&amp;start=2026-03-01&#8243; _builder_version=&#8220;4.27.4&#8243; _module_preset=&#8220;default&#8220; background_enable_color=&#8220;off&#8220; background_layout=&#8220;light&#8220; hover_enabled=&#8220;0&#8243; global_colors_info=&#8220;{}&#8220; sticky_transition=&#8220;on&#8220; sticky_enabled=&#8220;0&#8243;]<\/p>\n<table border=\"1\" style=\"border-collapse: collapse; width: 100%; height: 216px;\">\n<tbody>\n<tr style=\"height: 24px;\">\n<td style=\"width: 75%; height: 24px;\">Pro Nacht<\/td>\n<td style=\"width: 25%; height: 24px;\">DKK PRO NACHT<\/td>\n<\/tr>\n<tr style=\"height: 24px;\">\n<td style=\"width: 75%; height: 24px;\">Kabine inkl. aller Personen<\/td>\n<td style=\"width: 25%; height: 24px;\">590,-<\/td>\n<\/tr>\n<tr style=\"height: 24px;\">\n<td style=\"width: 75%; height: 24px;\">Nur Erwachsene<\/td>\n<td style=\"width: 25%; height: 24px;\">0,-<\/td>\n<\/tr>\n<tr style=\"height: 24px;\">\n<td style=\"width: 75%; height: 24px;\">Jung<\/td>\n<td style=\"width: 25%; height: 24px;\">0,-<\/td>\n<\/tr>\n<tr style=\"height: 24px;\">\n<td style=\"width: 75%; height: 24px;\">Kinder<\/td>\n<td style=\"width: 25%; height: 24px;\">0,-<\/td>\n<\/tr>\n<tr style=\"height: 24px;\">\n<td style=\"width: 75%; height: 24px;\">Hund (pro Hund und Tag)<\/td>\n<td style=\"width: 25%; height: 24px;\">35,-<\/td>\n<\/tr>\n<tr style=\"height: 24px;\">\n<td style=\"width: 75%; height: 24px;\">Energiezuschlag je nach Verbrauch<\/td>\n<td style=\"width: 25%; height: 24px;\">pro kWh<\/td>\n<\/tr>\n<tr style=\"height: 24px;\">\n<td style=\"width: 75%; height: 24px;\">Reinigungsdienste<\/td>\n<td style=\"width: 25%; height: 24px;\">250,-<\/td>\n<\/tr>\n<\/tbody>\n<\/table>\n<p>&nbsp;<\/p>\n<p>[\/et_pb_slide][\/et_pb_slider][\/et_pb_column][\/et_pb_row][et_pb_row padding_top_bottom_link_2=&#8220;true&#8220; padding_left_right_link_2=&#8220;true&#8220; _builder_version=&#8220;4.16&#8243; custom_padding=&#8220;32px|0px|0|0px|false|false&#8220; global_colors_info=&#8220;{}&#8220;][et_pb_column type=&#8220;4_4&#8243; _builder_version=&#8220;4.16&#8243; custom_padding=&#8220;|||&#8220; global_colors_info=&#8220;{}&#8220; custom_padding__hover=&#8220;|||&#8220;][et_pb_text _builder_version=&#8220;4.27.4&#8243; header_font=&#8220;||||||||&#8220; header_2_font=&#8220;|800|||||||&#8220; header_2_text_color=&#8220;#3a1d1d&#8220; header_2_font_size=&#8220;44px&#8220; custom_margin=&#8220;||15px&#8220; header_2_font_size_tablet=&#8220;&#8220; header_2_font_size_phone=&#8220;34px&#8220; header_2_font_size_last_edited=&#8220;on|phone&#8220; global_colors_info=&#8220;{}&#8220;]<\/p>\n<h3>Zusatzk\u00e4ufe<\/h3>\n<p>[\/et_pb_text][et_pb_divider divider_style=&#8220;dotted&#8220; divider_weight=&#8220;8px&#8220; _builder_version=&#8220;4.16&#8243; max_width=&#8220;7%&#8220; custom_margin=&#8220;||15px&#8220; custom_padding=&#8220;20px||&#8220; global_colors_info=&#8220;{}&#8220;][\/et_pb_divider][et_pb_text _builder_version=&#8220;4.27.4&#8243; _module_preset=&#8220;default&#8220; global_colors_info=&#8220;{}&#8220;]<\/p>\n<table border=\"1\" style=\"border-collapse: collapse; width: 100%; height: 192px;\">\n<tbody>\n<tr style=\"height: 24px;\">\n<td style=\"width: 75%; height: 24px;\"><\/td>\n<td style=\"width: 25%; height: 24px;\">DKK<\/td>\n<\/tr>\n<tr style=\"height: 24px;\">\n<td style=\"width: 75%; height: 24px;\">Internet (2 Codes)<\/td>\n<td style=\"width: 25%; height: 24px;\">25,-<\/td>\n<\/tr>\n<tr style=\"height: 24px;\">\n<td style=\"width: 75%; height: 24px;\">Internet Folgetage pro Tag<\/td>\n<td style=\"width: 25%; height: 24px;\">10,-<\/td>\n<\/tr>\n<tr style=\"height: 24px;\">\n<td style=\"width: 75%; height: 24px;\">Hochstuhl (pro Aufenthalt)<\/td>\n<td style=\"width: 25%; height: 24px;\">25,-<\/td>\n<\/tr>\n<tr style=\"height: 24px;\">\n<td style=\"width: 75%; height: 24px;\">Leinen-Paket<\/td>\n<td style=\"width: 25%; height: 24px;\">75,-<\/td>\n<\/tr>\n<tr style=\"height: 24px;\">\n<td style=\"width: 75%; height: 24px;\">W\u00e4schepaket inkl. Handtuch &#8211; pro Bett<\/td>\n<td style=\"width: 25%; height: 24px;\">95,-<\/td>\n<\/tr>\n<tr style=\"height: 24px;\">\n<td style=\"width: 75%; height: 24px;\">Energiezuschlag je nach Verbrauch &#8211; pro Bett<\/td>\n<td style=\"width: 25%; height: 24px;\">pro kWh<\/td>\n<\/tr>\n<tr style=\"height: 24px;\">\n<td style=\"width: 75%; height: 24px;\">\n<p>Partyzelt\/gro\u00dfe H\u00fctte f\u00fcr Familientreffen (Miete)<\/p>\n<p>Fragen Sie an der Rezeption nach weiteren Informationen<\/p>\n<\/td>\n<td style=\"width: 25%; height: 24px;\">Von 700,-<\/td>\n<\/tr>\n<\/tbody>\n<\/table>\n<p>Kostenloses Internet in den H\u00fctten und Mobilheimen am Vejle Fjord.<\/p>\n<p>[\/et_pb_text][\/et_pb_column][\/et_pb_row][\/et_pb_section]<\/p>\n","protected":false},"excerpt":{"rendered":"<p>PREISLISTE F\u00dcR KABINENAuf dieser Seite finden Sie eine aktuelle Preisliste f\u00fcr unsere H\u00fctten.Saison 2026 Nebensaison:27\/03 &#8211; 27\/06 (au\u00dfer an Feiertagswochenenden)und 16\/08 &#8211; 18\/10 Hochsaison:13\/05 &#8211; 17\/0522\/05 &#8211; 25\/0526\/06 &#8211; 11\/0701\/08 &#8211; 16\/08 H\u00f6chste Saison:11\/07 &#8211; 01\/08 Unsere Online-Buchung ist immer mit den neuesten Preisen, Zeitr\u00e4umen und Verf\u00fcgbarkeiten aktualisiert.Hier k\u00f6nnen Sie sich schnell einen \u00dcberblick \u00fcber [&hellip;]<\/p>\n","protected":false},"author":1,"featured_media":0,"parent":27661,"menu_order":0,"comment_status":"closed","ping_status":"closed","template":"","meta":{"_et_pb_use_builder":"on","_et_pb_old_content":"","_et_gb_content_width":"","footnotes":""},"folder":[],"class_list":["post-27636","page","type-page","status-publish","hentry"],"yoast_head":"<!-- This site is optimized with the Yoast SEO plugin v27.4 - https:\/\/yoast.com\/product\/yoast-seo-wordpress\/ -->\n<title>Preise H\u00fctten | Campingh\u00fctten | Rosenvold Strand Camping<\/title>\n<meta name=\"description\" content=\"Buchen Sie komfortable H\u00fctten am Vejle Fjord. Preise ab DKK 490\/Nacht. Erleben Sie fantastische Einrichtungen. W\u00e4schepakete verf\u00fcgbar. Rauchfreie Umgebung. Buchen Sie online\" \/>\n<meta name=\"robots\" content=\"index, follow, max-snippet:-1, max-image-preview:large, max-video-preview:-1\" \/>\n<link rel=\"canonical\" href=\"https:\/\/rosenvoldcamping.dk\/de\/preise\/preise-kabinen\/\" \/>\n<meta property=\"og:locale\" content=\"de_DE\" \/>\n<meta property=\"og:type\" content=\"article\" \/>\n<meta property=\"og:title\" content=\"Preise H\u00fctten | Campingh\u00fctten | Rosenvold Strand Camping\" \/>\n<meta property=\"og:description\" content=\"Buchen Sie komfortable H\u00fctten am Vejle Fjord. Preise ab DKK 490\/Nacht. Erleben Sie fantastische Einrichtungen. W\u00e4schepakete verf\u00fcgbar. Rauchfreie Umgebung. Buchen Sie online\" \/>\n<meta property=\"og:url\" content=\"https:\/\/rosenvoldcamping.dk\/de\/preise\/preise-kabinen\/\" \/>\n<meta property=\"og:site_name\" content=\"Rosenvold Camping\" \/>\n<meta property=\"article:modified_time\" content=\"2025-12-16T20:23:26+00:00\" \/>\n<meta name=\"twitter:card\" content=\"summary_large_image\" \/>\n<meta name=\"twitter:label1\" content=\"Gesch\u00e4tzte Lesezeit\" \/>\n\t<meta name=\"twitter:data1\" content=\"6\u00a0Minuten\" \/>\n<script type=\"application\/ld+json\" class=\"yoast-schema-graph\">{\"@context\":\"https:\\\/\\\/schema.org\",\"@graph\":[{\"@type\":\"WebPage\",\"@id\":\"https:\\\/\\\/rosenvoldcamping.dk\\\/de\\\/preise\\\/preise-kabinen\\\/\",\"url\":\"https:\\\/\\\/rosenvoldcamping.dk\\\/de\\\/preise\\\/preise-kabinen\\\/\",\"name\":\"Preise H\u00fctten | Campingh\u00fctten | Rosenvold Strand Camping\",\"isPartOf\":{\"@id\":\"https:\\\/\\\/rosenvoldcamping.dk\\\/de\\\/#website\"},\"datePublished\":\"2025-09-18T08:27:33+00:00\",\"dateModified\":\"2025-12-16T20:23:26+00:00\",\"description\":\"Buchen Sie komfortable H\u00fctten am Vejle Fjord. Preise ab DKK 490\\\/Nacht. Erleben Sie fantastische Einrichtungen. W\u00e4schepakete verf\u00fcgbar. Rauchfreie Umgebung. Buchen Sie online\",\"breadcrumb\":{\"@id\":\"https:\\\/\\\/rosenvoldcamping.dk\\\/de\\\/preise\\\/preise-kabinen\\\/#breadcrumb\"},\"inLanguage\":\"de\",\"potentialAction\":[{\"@type\":\"ReadAction\",\"target\":[\"https:\\\/\\\/rosenvoldcamping.dk\\\/de\\\/preise\\\/preise-kabinen\\\/\"]}]},{\"@type\":\"BreadcrumbList\",\"@id\":\"https:\\\/\\\/rosenvoldcamping.dk\\\/de\\\/preise\\\/preise-kabinen\\\/#breadcrumb\",\"itemListElement\":[{\"@type\":\"ListItem\",\"position\":1,\"name\":\"Hjem\",\"item\":\"https:\\\/\\\/rosenvoldcamping.dk\\\/de\\\/hauptseite\\\/\"},{\"@type\":\"ListItem\",\"position\":2,\"name\":\"Preise\",\"item\":\"https:\\\/\\\/rosenvoldcamping.dk\\\/de\\\/priser\\\/\"},{\"@type\":\"ListItem\",\"position\":3,\"name\":\"Preise Kabinen\"}]},{\"@type\":\"WebSite\",\"@id\":\"https:\\\/\\\/rosenvoldcamping.dk\\\/de\\\/#website\",\"url\":\"https:\\\/\\\/rosenvoldcamping.dk\\\/de\\\/\",\"name\":\"Rosenvold Camping\",\"description\":\"En oase ved fjorden\",\"potentialAction\":[{\"@type\":\"SearchAction\",\"target\":{\"@type\":\"EntryPoint\",\"urlTemplate\":\"https:\\\/\\\/rosenvoldcamping.dk\\\/de\\\/?s={search_term_string}\"},\"query-input\":{\"@type\":\"PropertyValueSpecification\",\"valueRequired\":true,\"valueName\":\"search_term_string\"}}],\"inLanguage\":\"de\"}]}<\/script>\n<!-- \/ Yoast SEO plugin. -->","yoast_head_json":{"title":"Preise H\u00fctten | Campingh\u00fctten | Rosenvold Strand Camping","description":"Buchen Sie komfortable H\u00fctten am Vejle Fjord. Preise ab DKK 490\/Nacht. Erleben Sie fantastische Einrichtungen. W\u00e4schepakete verf\u00fcgbar. Rauchfreie Umgebung. Buchen Sie online","robots":{"index":"index","follow":"follow","max-snippet":"max-snippet:-1","max-image-preview":"max-image-preview:large","max-video-preview":"max-video-preview:-1"},"canonical":"https:\/\/rosenvoldcamping.dk\/de\/preise\/preise-kabinen\/","og_locale":"de_DE","og_type":"article","og_title":"Preise H\u00fctten | Campingh\u00fctten | Rosenvold Strand Camping","og_description":"Buchen Sie komfortable H\u00fctten am Vejle Fjord. Preise ab DKK 490\/Nacht. Erleben Sie fantastische Einrichtungen. W\u00e4schepakete verf\u00fcgbar. Rauchfreie Umgebung. Buchen Sie online","og_url":"https:\/\/rosenvoldcamping.dk\/de\/preise\/preise-kabinen\/","og_site_name":"Rosenvold Camping","article_modified_time":"2025-12-16T20:23:26+00:00","twitter_card":"summary_large_image","twitter_misc":{"Gesch\u00e4tzte Lesezeit":"6\u00a0Minuten"},"schema":{"@context":"https:\/\/schema.org","@graph":[{"@type":"WebPage","@id":"https:\/\/rosenvoldcamping.dk\/de\/preise\/preise-kabinen\/","url":"https:\/\/rosenvoldcamping.dk\/de\/preise\/preise-kabinen\/","name":"Preise H\u00fctten | Campingh\u00fctten | Rosenvold Strand Camping","isPartOf":{"@id":"https:\/\/rosenvoldcamping.dk\/de\/#website"},"datePublished":"2025-09-18T08:27:33+00:00","dateModified":"2025-12-16T20:23:26+00:00","description":"Buchen Sie komfortable H\u00fctten am Vejle Fjord. Preise ab DKK 490\/Nacht. Erleben Sie fantastische Einrichtungen. W\u00e4schepakete verf\u00fcgbar. Rauchfreie Umgebung. Buchen Sie online","breadcrumb":{"@id":"https:\/\/rosenvoldcamping.dk\/de\/preise\/preise-kabinen\/#breadcrumb"},"inLanguage":"de","potentialAction":[{"@type":"ReadAction","target":["https:\/\/rosenvoldcamping.dk\/de\/preise\/preise-kabinen\/"]}]},{"@type":"BreadcrumbList","@id":"https:\/\/rosenvoldcamping.dk\/de\/preise\/preise-kabinen\/#breadcrumb","itemListElement":[{"@type":"ListItem","position":1,"name":"Hjem","item":"https:\/\/rosenvoldcamping.dk\/de\/hauptseite\/"},{"@type":"ListItem","position":2,"name":"Preise","item":"https:\/\/rosenvoldcamping.dk\/de\/priser\/"},{"@type":"ListItem","position":3,"name":"Preise Kabinen"}]},{"@type":"WebSite","@id":"https:\/\/rosenvoldcamping.dk\/de\/#website","url":"https:\/\/rosenvoldcamping.dk\/de\/","name":"Rosenvold Camping","description":"En oase ved fjorden","potentialAction":[{"@type":"SearchAction","target":{"@type":"EntryPoint","urlTemplate":"https:\/\/rosenvoldcamping.dk\/de\/?s={search_term_string}"},"query-input":{"@type":"PropertyValueSpecification","valueRequired":true,"valueName":"search_term_string"}}],"inLanguage":"de"}]}},"_links":{"self":[{"href":"https:\/\/rosenvoldcamping.dk\/de\/wp-json\/wp\/v2\/pages\/27636","targetHints":{"allow":["GET"]}}],"collection":[{"href":"https:\/\/rosenvoldcamping.dk\/de\/wp-json\/wp\/v2\/pages"}],"about":[{"href":"https:\/\/rosenvoldcamping.dk\/de\/wp-json\/wp\/v2\/types\/page"}],"author":[{"embeddable":true,"href":"https:\/\/rosenvoldcamping.dk\/de\/wp-json\/wp\/v2\/users\/1"}],"replies":[{"embeddable":true,"href":"https:\/\/rosenvoldcamping.dk\/de\/wp-json\/wp\/v2\/comments?post=27636"}],"version-history":[{"count":5,"href":"https:\/\/rosenvoldcamping.dk\/de\/wp-json\/wp\/v2\/pages\/27636\/revisions"}],"predecessor-version":[{"id":27641,"href":"https:\/\/rosenvoldcamping.dk\/de\/wp-json\/wp\/v2\/pages\/27636\/revisions\/27641"}],"up":[{"embeddable":true,"href":"https:\/\/rosenvoldcamping.dk\/de\/wp-json\/wp\/v2\/pages\/27661"}],"wp:attachment":[{"href":"https:\/\/rosenvoldcamping.dk\/de\/wp-json\/wp\/v2\/media?parent=27636"}],"wp:term":[{"taxonomy":"folder","embeddable":true,"href":"https:\/\/rosenvoldcamping.dk\/de\/wp-json\/wp\/v2\/folder?post=27636"}],"curies":[{"name":"wp","href":"https:\/\/api.w.org\/{rel}","templated":true}]}}