{"id":27667,"date":"2025-09-18T09:25:15","date_gmt":"2025-09-18T08:25:15","guid":{"rendered":"https:\/\/rosenvoldcamping.dk\/meine-aktivitaeten\/"},"modified":"2025-12-16T21:23:28","modified_gmt":"2025-12-16T20:23:28","slug":"meine-aktivitaeten","status":"publish","type":"page","link":"https:\/\/rosenvoldcamping.dk\/de\/meine-aktivitaeten\/","title":{"rendered":"Meine Aktivit\u00e4ten"},"content":{"rendered":"<p>[et_pb_section fb_built=&#8220;1&#8243; _builder_version=&#8220;4.27.4&#8243; background_image=&#8220;https:\/\/rosenvoldcamping.dk\/wp-content\/uploads\/2025\/09\/paddleboard-2.jpg&#8220; min_height=&#8220;550px&#8220; global_colors_info=&#8220;{}&#8220;][et_pb_row _builder_version=&#8220;4.16&#8243; global_colors_info=&#8220;{}&#8220;][et_pb_column type=&#8220;4_4&#8243; _builder_version=&#8220;4.16&#8243; custom_padding=&#8220;|||&#8220; global_colors_info=&#8220;{}&#8220; custom_padding__hover=&#8220;|||&#8220;][et_pb_text _builder_version=&#8220;4.27.4&#8243; header_font=&#8220;|800|||||||&#8220; header_text_color=&#8220;gcid-heading-color&#8220; header_font_size=&#8220;44px&#8220; header_2_font=&#8220;|800|||||||&#8220; header_2_text_color=&#8220;gcid-heading-color&#8220; header_2_font_size=&#8220;44px&#8220; text_orientation=&#8220;center&#8220; custom_margin=&#8220;||15px&#8220; header_2_font_size_tablet=&#8220;&#8220; header_2_font_size_phone=&#8220;34px&#8220; header_2_font_size_last_edited=&#8220;on|phone&#8220; global_colors_info=&#8220;{%22gcid-heading-color%22:%91%22header_2_text_color%22,%22header_text_color%22%93}&#8220;]<\/p>\n<h1><span style=\"color: #ffffff;\">Aktivit\u00e4ten f\u00fcr die ganze Familie<\/span><\/h1>\n<p>[\/et_pb_text][et_pb_divider divider_style=&#8220;dotted&#8220; divider_weight=&#8220;8px&#8220; _builder_version=&#8220;4.16&#8243; max_width=&#8220;8%&#8220; module_alignment=&#8220;center&#8220; custom_margin=&#8220;||15px&#8220; global_colors_info=&#8220;{}&#8220;][\/et_pb_divider][et_pb_text _builder_version=&#8220;4.27.4&#8243; header_font=&#8220;||||||||&#8220; header_2_font=&#8220;|800|||||||&#8220; header_2_text_align=&#8220;center&#8220; header_2_text_color=&#8220;#ffffff&#8220; header_2_font_size=&#8220;44px&#8220; custom_margin=&#8220;||15px&#8220; global_colors_info=&#8220;{}&#8220;][\/et_pb_text][\/et_pb_column][\/et_pb_row][\/et_pb_section][et_pb_section fb_built=&#8220;1&#8243; custom_padding_last_edited=&#8220;on|phone&#8220; _builder_version=&#8220;4.27.4&#8243; custom_padding=&#8220;||0px||false|false&#8220; custom_padding_tablet=&#8220;||0px||false|false&#8220; custom_padding_phone=&#8220;||0px||false|false&#8220; bottom_divider_color=&#8220;gcid-54f53681-a1a7-480a-a9b1-2870b6981fc0&#8243; global_colors_info=&#8220;{%22gcid-54f53681-a1a7-480a-a9b1-2870b6981fc0%22:%91%22bottom_divider_color%22%93}&#8220;][et_pb_row padding_top_bottom_link_2=&#8220;true&#8220; padding_left_right_link_2=&#8220;true&#8220; _builder_version=&#8220;4.16&#8243; custom_padding=&#8220;32px|0px|0|0px|false|false&#8220; global_colors_info=&#8220;{}&#8220;][et_pb_column type=&#8220;4_4&#8243; _builder_version=&#8220;4.16&#8243; custom_padding=&#8220;|||&#8220; global_colors_info=&#8220;{}&#8220; custom_padding__hover=&#8220;|||&#8220;][et_pb_text _builder_version=&#8220;4.27.4&#8243; header_font=&#8220;||||||||&#8220; header_2_font=&#8220;|800|||||||&#8220; header_2_text_color=&#8220;#3a1d1d&#8220; header_2_font_size=&#8220;44px&#8220; custom_margin=&#8220;||15px&#8220; hover_enabled=&#8220;0&#8243; header_2_font_size_tablet=&#8220;&#8220; header_2_font_size_phone=&#8220;34px&#8220; header_2_font_size_last_edited=&#8220;on|phone&#8220; global_colors_info=&#8220;{}&#8220; sticky_enabled=&#8220;0&#8243;]<\/p>\n<div class=\"fusion-text fusion-text-1\">\n<p>Verschaffen Sie sich einen \u00dcberblick \u00fcber die vielen verschiedenen, gem\u00fctlichen und lustigen Aktivit\u00e4ten, die wir w\u00e4hrend der Saison anbieten. Ob Sie nun Entspannung, Spiel oder gemeinsame Erlebnisse suchen, Sie werden etwas Passendes f\u00fcr Ihren Urlaub finden. <\/p>\n<p>Klicken Sie auf die einzelnen Veranstaltungen, um mehr zu erfahren und die Zeiten zu sehen.<\/p>\n<\/div>\n<p>[\/et_pb_text][et_pb_divider divider_style=&#8220;dotted&#8220; divider_weight=&#8220;8px&#8220; _builder_version=&#8220;4.16&#8243; max_width=&#8220;7%&#8220; custom_margin=&#8220;||15px&#8220; custom_padding=&#8220;20px||&#8220; global_colors_info=&#8220;{}&#8220;][\/et_pb_divider][\/et_pb_column][\/et_pb_row][\/et_pb_section][et_pb_section fb_built=&#8220;1&#8243; _builder_version=&#8220;4.27.4&#8243; _module_preset=&#8220;default&#8220; background_pattern_vertical_offset=&#8220;-3%&#8220; custom_margin=&#8220;0px||||false|false&#8220; custom_padding=&#8220;0px||||false|false&#8220; global_colors_info=&#8220;{%22gcid-de747043-e1f0-40fa-9298-fb4ab72b677a%22:%91%22background_pattern_color%22%93}&#8220;][et_pb_row _builder_version=&#8220;4.27.4&#8243; _module_preset=&#8220;default&#8220; global_colors_info=&#8220;{}&#8220;][et_pb_column type=&#8220;4_4&#8243; _builder_version=&#8220;4.27.4&#8243; _module_preset=&#8220;default&#8220; global_colors_info=&#8220;{}&#8220;][et_pb_code _builder_version=&#8220;4.27.4&#8243; _module_preset=&#8220;default&#8220; global_colors_info=&#8220;{}&#8220;]<iframe loading=\"lazy\" id=\"webcalenderv2\" title=\"Rosenvold Strand Camping\" src=\"https:\/\/login.govisit.dk\/webcalendarpagev2?ID=7093&amp;Backgroundcolor=ffffff&amp;view=daily&amp;pagesize=5&amp;lang=da\" width=\"100%\" height=\"1400\" frameborder=\"0\" scrolling=\"no\"> <\/iframe> <script> var eventMethod = window.addEventListener ? \"addEventListener\" : \"attachEvent\"; var eventer = window[eventMethod]; var messageEvent = eventMethod == \"attachEvent\" ? \"onmessage\" : \"message\"; \/\/ Listen to message from child window eventer(messageEvent, function (e) { var iframe = document.getElementById(\"webcalenderv2\"); iframe.style.height = e.data + 'px'; }, false); <\/script> <script> window.addEventListener('message', function(event) { if (event.data === 'getParentUrl') { const origin = event.origin; const iframeWindow = event.source; iframeWindow.postMessage({ type: 'parentUrl', url: window.location.href }, origin); } if (typeof event.data === 'object' && event.data.type === 'setEventID') { const eventName = event.data.eventName; const newUrl = new URL(window.location.href); newUrl.searchParams.set('openEventID', eventName); window.history.replaceState({}, '', newUrl.toString()); } }); <\/script>[\/et_pb_code][\/et_pb_column][\/et_pb_row][\/et_pb_section]<\/p>\n","protected":false},"excerpt":{"rendered":"<p>Aktivit\u00e4ten f\u00fcr die ganze Familie Verschaffen Sie sich einen \u00dcberblick \u00fcber die vielen verschiedenen, gem\u00fctlichen und lustigen Aktivit\u00e4ten, die wir w\u00e4hrend der Saison anbieten. Ob Sie nun Entspannung, Spiel oder gemeinsame Erlebnisse suchen, Sie werden etwas Passendes f\u00fcr Ihren Urlaub finden. Klicken Sie auf die einzelnen Veranstaltungen, um mehr zu erfahren und die Zeiten zu [&hellip;]<\/p>\n","protected":false},"author":1,"featured_media":0,"parent":0,"menu_order":0,"comment_status":"closed","ping_status":"closed","template":"","meta":{"_et_pb_use_builder":"on","_et_pb_old_content":"","_et_gb_content_width":"","footnotes":""},"folder":[],"class_list":["post-27667","page","type-page","status-publish","hentry"],"yoast_head":"<!-- This site is optimized with the Yoast SEO plugin v27.5 - https:\/\/yoast.com\/product\/yoast-seo-wordpress\/ -->\n<title>Aktivit\u00e4ten | Spa\u00df f\u00fcr die ganze Familie | Sehen Sie hier unseren Kalender<\/title>\n<meta name=\"description\" content=\"Auf Rosenvold Strand Camping veranstalten wir viele lustige Aktivit\u00e4ten. Hier finden Sie eine \u00dcbersicht \u00fcber unsere Aktivit\u00e4ten im Laufe des Jahres. Klicken Sie hier, um mehr zu lesen\" \/>\n<meta name=\"robots\" content=\"index, follow, max-snippet:-1, max-image-preview:large, max-video-preview:-1\" \/>\n<link rel=\"canonical\" href=\"https:\/\/rosenvoldcamping.dk\/de\/meine-aktivitaeten\/\" \/>\n<meta property=\"og:locale\" content=\"de_DE\" \/>\n<meta property=\"og:type\" content=\"article\" \/>\n<meta property=\"og:title\" content=\"Aktivit\u00e4ten | Spa\u00df f\u00fcr die ganze Familie | Sehen Sie hier unseren Kalender\" \/>\n<meta property=\"og:description\" content=\"Auf Rosenvold Strand Camping veranstalten wir viele lustige Aktivit\u00e4ten. Hier finden Sie eine \u00dcbersicht \u00fcber unsere Aktivit\u00e4ten im Laufe des Jahres. Klicken Sie hier, um mehr zu lesen\" \/>\n<meta property=\"og:url\" content=\"https:\/\/rosenvoldcamping.dk\/de\/meine-aktivitaeten\/\" \/>\n<meta property=\"og:site_name\" content=\"Rosenvold Camping\" \/>\n<meta property=\"article:modified_time\" content=\"2025-12-16T20:23:28+00:00\" \/>\n<meta name=\"twitter:card\" content=\"summary_large_image\" \/>\n<meta name=\"twitter:label1\" content=\"Gesch\u00e4tzte Lesezeit\" \/>\n\t<meta name=\"twitter:data1\" content=\"2\u00a0Minuten\" \/>\n<script type=\"application\/ld+json\" class=\"yoast-schema-graph\">{\"@context\":\"https:\\\/\\\/schema.org\",\"@graph\":[{\"@type\":\"WebPage\",\"@id\":\"https:\\\/\\\/rosenvoldcamping.dk\\\/de\\\/meine-aktivitaeten\\\/\",\"url\":\"https:\\\/\\\/rosenvoldcamping.dk\\\/de\\\/meine-aktivitaeten\\\/\",\"name\":\"Aktivit\u00e4ten | Spa\u00df f\u00fcr die ganze Familie | Sehen Sie hier unseren Kalender\",\"isPartOf\":{\"@id\":\"https:\\\/\\\/rosenvoldcamping.dk\\\/de\\\/#website\"},\"datePublished\":\"2025-09-18T08:25:15+00:00\",\"dateModified\":\"2025-12-16T20:23:28+00:00\",\"description\":\"Auf Rosenvold Strand Camping veranstalten wir viele lustige Aktivit\u00e4ten. Hier finden Sie eine \u00dcbersicht \u00fcber unsere Aktivit\u00e4ten im Laufe des Jahres. Klicken Sie hier, um mehr zu lesen\",\"breadcrumb\":{\"@id\":\"https:\\\/\\\/rosenvoldcamping.dk\\\/de\\\/meine-aktivitaeten\\\/#breadcrumb\"},\"inLanguage\":\"de\",\"potentialAction\":[{\"@type\":\"ReadAction\",\"target\":[\"https:\\\/\\\/rosenvoldcamping.dk\\\/de\\\/meine-aktivitaeten\\\/\"]}]},{\"@type\":\"BreadcrumbList\",\"@id\":\"https:\\\/\\\/rosenvoldcamping.dk\\\/de\\\/meine-aktivitaeten\\\/#breadcrumb\",\"itemListElement\":[{\"@type\":\"ListItem\",\"position\":1,\"name\":\"Hjem\",\"item\":\"https:\\\/\\\/rosenvoldcamping.dk\\\/de\\\/hauptseite\\\/\"},{\"@type\":\"ListItem\",\"position\":2,\"name\":\"Meine Aktivit\u00e4ten\"}]},{\"@type\":\"WebSite\",\"@id\":\"https:\\\/\\\/rosenvoldcamping.dk\\\/de\\\/#website\",\"url\":\"https:\\\/\\\/rosenvoldcamping.dk\\\/de\\\/\",\"name\":\"Rosenvold Camping\",\"description\":\"En oase ved fjorden\",\"potentialAction\":[{\"@type\":\"SearchAction\",\"target\":{\"@type\":\"EntryPoint\",\"urlTemplate\":\"https:\\\/\\\/rosenvoldcamping.dk\\\/de\\\/?s={search_term_string}\"},\"query-input\":{\"@type\":\"PropertyValueSpecification\",\"valueRequired\":true,\"valueName\":\"search_term_string\"}}],\"inLanguage\":\"de\"}]}<\/script>\n<!-- \/ Yoast SEO plugin. -->","yoast_head_json":{"title":"Aktivit\u00e4ten | Spa\u00df f\u00fcr die ganze Familie | Sehen Sie hier unseren Kalender","description":"Auf Rosenvold Strand Camping veranstalten wir viele lustige Aktivit\u00e4ten. Hier finden Sie eine \u00dcbersicht \u00fcber unsere Aktivit\u00e4ten im Laufe des Jahres. Klicken Sie hier, um mehr zu lesen","robots":{"index":"index","follow":"follow","max-snippet":"max-snippet:-1","max-image-preview":"max-image-preview:large","max-video-preview":"max-video-preview:-1"},"canonical":"https:\/\/rosenvoldcamping.dk\/de\/meine-aktivitaeten\/","og_locale":"de_DE","og_type":"article","og_title":"Aktivit\u00e4ten | Spa\u00df f\u00fcr die ganze Familie | Sehen Sie hier unseren Kalender","og_description":"Auf Rosenvold Strand Camping veranstalten wir viele lustige Aktivit\u00e4ten. Hier finden Sie eine \u00dcbersicht \u00fcber unsere Aktivit\u00e4ten im Laufe des Jahres. Klicken Sie hier, um mehr zu lesen","og_url":"https:\/\/rosenvoldcamping.dk\/de\/meine-aktivitaeten\/","og_site_name":"Rosenvold Camping","article_modified_time":"2025-12-16T20:23:28+00:00","twitter_card":"summary_large_image","twitter_misc":{"Gesch\u00e4tzte Lesezeit":"2\u00a0Minuten"},"schema":{"@context":"https:\/\/schema.org","@graph":[{"@type":"WebPage","@id":"https:\/\/rosenvoldcamping.dk\/de\/meine-aktivitaeten\/","url":"https:\/\/rosenvoldcamping.dk\/de\/meine-aktivitaeten\/","name":"Aktivit\u00e4ten | Spa\u00df f\u00fcr die ganze Familie | Sehen Sie hier unseren Kalender","isPartOf":{"@id":"https:\/\/rosenvoldcamping.dk\/de\/#website"},"datePublished":"2025-09-18T08:25:15+00:00","dateModified":"2025-12-16T20:23:28+00:00","description":"Auf Rosenvold Strand Camping veranstalten wir viele lustige Aktivit\u00e4ten. Hier finden Sie eine \u00dcbersicht \u00fcber unsere Aktivit\u00e4ten im Laufe des Jahres. Klicken Sie hier, um mehr zu lesen","breadcrumb":{"@id":"https:\/\/rosenvoldcamping.dk\/de\/meine-aktivitaeten\/#breadcrumb"},"inLanguage":"de","potentialAction":[{"@type":"ReadAction","target":["https:\/\/rosenvoldcamping.dk\/de\/meine-aktivitaeten\/"]}]},{"@type":"BreadcrumbList","@id":"https:\/\/rosenvoldcamping.dk\/de\/meine-aktivitaeten\/#breadcrumb","itemListElement":[{"@type":"ListItem","position":1,"name":"Hjem","item":"https:\/\/rosenvoldcamping.dk\/de\/hauptseite\/"},{"@type":"ListItem","position":2,"name":"Meine Aktivit\u00e4ten"}]},{"@type":"WebSite","@id":"https:\/\/rosenvoldcamping.dk\/de\/#website","url":"https:\/\/rosenvoldcamping.dk\/de\/","name":"Rosenvold Camping","description":"En oase ved fjorden","potentialAction":[{"@type":"SearchAction","target":{"@type":"EntryPoint","urlTemplate":"https:\/\/rosenvoldcamping.dk\/de\/?s={search_term_string}"},"query-input":{"@type":"PropertyValueSpecification","valueRequired":true,"valueName":"search_term_string"}}],"inLanguage":"de"}]}},"_links":{"self":[{"href":"https:\/\/rosenvoldcamping.dk\/de\/wp-json\/wp\/v2\/pages\/27667","targetHints":{"allow":["GET"]}}],"collection":[{"href":"https:\/\/rosenvoldcamping.dk\/de\/wp-json\/wp\/v2\/pages"}],"about":[{"href":"https:\/\/rosenvoldcamping.dk\/de\/wp-json\/wp\/v2\/types\/page"}],"author":[{"embeddable":true,"href":"https:\/\/rosenvoldcamping.dk\/de\/wp-json\/wp\/v2\/users\/1"}],"replies":[{"embeddable":true,"href":"https:\/\/rosenvoldcamping.dk\/de\/wp-json\/wp\/v2\/comments?post=27667"}],"version-history":[{"count":2,"href":"https:\/\/rosenvoldcamping.dk\/de\/wp-json\/wp\/v2\/pages\/27667\/revisions"}],"predecessor-version":[{"id":27671,"href":"https:\/\/rosenvoldcamping.dk\/de\/wp-json\/wp\/v2\/pages\/27667\/revisions\/27671"}],"wp:attachment":[{"href":"https:\/\/rosenvoldcamping.dk\/de\/wp-json\/wp\/v2\/media?parent=27667"}],"wp:term":[{"taxonomy":"folder","embeddable":true,"href":"https:\/\/rosenvoldcamping.dk\/de\/wp-json\/wp\/v2\/folder?post=27667"}],"curies":[{"name":"wp","href":"https:\/\/api.w.org\/{rel}","templated":true}]}}