{"id":27693,"date":"2025-09-18T09:24:38","date_gmt":"2025-09-18T08:24:38","guid":{"rendered":"https:\/\/rosenvoldcamping.dk\/camping-juelsminde\/"},"modified":"2025-12-16T21:23:40","modified_gmt":"2025-12-16T20:23:40","slug":"camping-juelsminde","status":"publish","type":"page","link":"https:\/\/rosenvoldcamping.dk\/de\/camping-juelsminde\/","title":{"rendered":"Camping Juelsminde"},"content":{"rendered":"<p>[et_pb_section fb_built=&#8220;1&#8243; _builder_version=&#8220;4.27.4&#8243; background_image=&#8220;https:\/\/rosenvoldcamping.dk\/wp-content\/uploads\/2025\/09\/Rosenvold_camping_pladsen2.jpg&#8220; min_height=&#8220;450px&#8220; global_colors_info=&#8220;{}&#8220;][et_pb_row _builder_version=&#8220;4.16&#8243; global_colors_info=&#8220;{}&#8220;][et_pb_column type=&#8220;4_4&#8243; _builder_version=&#8220;4.16&#8243; custom_padding=&#8220;|||&#8220; global_colors_info=&#8220;{}&#8220; custom_padding__hover=&#8220;|||&#8220;][et_pb_divider divider_style=&#8220;dotted&#8220; divider_weight=&#8220;8px&#8220; _builder_version=&#8220;4.16&#8243; max_width=&#8220;8%&#8220; module_alignment=&#8220;center&#8220; custom_margin=&#8220;||15px&#8220; global_colors_info=&#8220;{}&#8220;][\/et_pb_divider][et_pb_text _builder_version=&#8220;4.27.4&#8243; header_font=&#8220;||||||||&#8220; header_2_font=&#8220;|800|||||||&#8220; header_2_text_align=&#8220;center&#8220; header_2_text_color=&#8220;#ffffff&#8220; header_2_font_size=&#8220;44px&#8220; custom_margin=&#8220;||15px&#8220; global_colors_info=&#8220;{}&#8220;][\/et_pb_text][\/et_pb_column][\/et_pb_row][\/et_pb_section][et_pb_section fb_built=&#8220;1&#8243; _builder_version=&#8220;4.16&#8243; global_colors_info=&#8220;{}&#8220; locked=&#8220;off&#8220;][et_pb_row padding_top_bottom_link_2=&#8220;true&#8220; padding_left_right_link_2=&#8220;true&#8220; _builder_version=&#8220;4.16&#8243; custom_padding=&#8220;32px|0px|0|0px|false|false&#8220; global_colors_info=&#8220;{}&#8220;][et_pb_column type=&#8220;4_4&#8243; _builder_version=&#8220;4.16&#8243; custom_padding=&#8220;|||&#8220; global_colors_info=&#8220;{}&#8220; custom_padding__hover=&#8220;|||&#8220;][et_pb_text _builder_version=&#8220;4.27.4&#8243; header_font=&#8220;||||||||&#8220; header_2_font=&#8220;|800|||||||&#8220; header_2_text_color=&#8220;#3a1d1d&#8220; header_2_font_size=&#8220;44px&#8220; custom_margin=&#8220;||15px&#8220; hover_enabled=&#8220;0&#8243; header_2_font_size_tablet=&#8220;&#8220; header_2_font_size_phone=&#8220;34px&#8220; header_2_font_size_last_edited=&#8220;on|phone&#8220; global_colors_info=&#8220;{}&#8220; sticky_enabled=&#8220;0&#8243;]<\/p>\n<h2>URLAUB IN DER N\u00c4HE DER SCH\u00d6NEN JUELSMINDE<br \/>AUF DEM \u00d6RTLICHEN CAMPINGPLATZ<\/h2>\n<p>[\/et_pb_text][et_pb_text _builder_version=&#8220;4.27.4&#8243; header_font=&#8220;||||||||&#8220; header_2_font=&#8220;|800|||||||&#8220; header_2_text_color=&#8220;#3a1d1d&#8220; header_2_font_size=&#8220;44px&#8220; custom_margin=&#8220;||15px&#8220; hover_enabled=&#8220;0&#8243; header_2_font_size_tablet=&#8220;&#8220; header_2_font_size_phone=&#8220;34px&#8220; header_2_font_size_last_edited=&#8220;on|phone&#8220; global_colors_info=&#8220;{}&#8220; sticky_enabled=&#8220;0&#8243;]<\/p>\n<p>Camping Juelsminde<\/p>\n<p>[\/et_pb_text][et_pb_text _builder_version=&#8220;4.27.4&#8243; _module_preset=&#8220;default&#8220; hover_enabled=&#8220;0&#8243; global_colors_info=&#8220;{}&#8220; sticky_enabled=&#8220;0&#8243;]<\/p>\n<div>\n<p>In der N\u00e4he von Juelsminde finden Sie den Rosenvold Strand Camping &#8211; eine gem\u00fctliche Anlage mit einer Lage in der N\u00e4he von Juelsminde und mit allen Einrichtungen, die Sie sich w\u00fcnschen. Hier bieten wir einen gro\u00dfen Spielplatz f\u00fcr die Kinder an, wo es viele M\u00f6glichkeiten gibt, den Seilzug, die H\u00fcpfburg und die Kletterwand zu nutzen. <\/p>\n<p>F\u00fcr die Erwachsenen bieten wir ein umfangreiches Sportangebot, so dass Sie nach Herzenslust Beachvolleyball, Petanque, Minigolf, SUP-Board und Sit-on-Top-Kajak spielen k\u00f6nnen. All dies und mehr. <\/p>\n<\/div>\n<div class=\"fusion-text fusion-text-2\">\n<h3 data-fontsize=\"24\" data-lineheight=\"28.8px\" class=\"fusion-responsive-typography-calculated\"><strong>Ein gem\u00fctlicher Campingplatz bei Juelsminde<\/strong><\/h3>\n<p>Bei Rosenvold bieten wir viele M\u00f6glichkeiten zum Campen in der N\u00e4he von Juelsminde. Wir haben gro\u00dfe offene Stellpl\u00e4tze, auf denen Sie Ihren eigenen <span> <\/span><a href=\"https:\/\/rosenvoldcamping.dk\/campingvogn\/\">Wohnwagen<\/a>, Zelt oder<span> <\/span><a href=\"https:\/\/rosenvoldcamping.dk\/autocamper\/\">Wohnmobil<\/a><span> <\/span>med.<\/p>\n<p><strong><br \/>\nMieten ist auch m\u00f6glich<\/strong><br \/>\nWenn Sie keines von beiden haben, ist das kein Problem. Sie k\u00f6nnen Wohnwagen mieten, <span> <\/span><a href=\"https:\/\/rosenvoldcamping.dk\/de\/vermietungsdienstleistungen\/familienzelte\/\">Familienzelte<\/a><span> <\/span>und<span> <\/span><a href=\"https:\/\/rosenvoldcamping.dk\/udlejning\/mobilhome\/\">Mobilheime<\/a><span> <\/span>mit uns. F\u00fcr eine ganz andere Erfahrung k\u00f6nnen Sie auch eines unserer gem\u00fctlichen H\u00e4user mieten. <span> <\/span><a href=\"https:\/\/rosenvoldcamping.dk\/de\/vermietungsdienstleistungen\/huetten\/\">Holzh\u00fctten<\/a><span> <\/span>mit Platz f\u00fcr 4 Personen.<\/p>\n<p>Wenn Sie auf der Suche nach einem Campingplatz in der N\u00e4he von Juelsminde sind, auf dem Sie an den Festlichkeiten teilnehmen und sich zur\u00fcckziehen k\u00f6nnen, um die \u00f6rtliche Natur zu genie\u00dfen, ist Ihre Suche vorbei. Das alles finden Sie bei <span> <\/span><a href=\"https:\/\/rosenvoldcamping.dk\/de\/\">Rosenvold Strand Camping<\/a> und Sie k\u00f6nnen Ihren Aufenthalt buchen<span> <\/span><a href=\"https:\/\/v2.onlinebooking.camp\/Rosenvold\">Hier<\/a>.<\/p>\n<\/div>\n<p>[\/et_pb_text][et_pb_divider divider_style=&#8220;dotted&#8220; divider_weight=&#8220;8px&#8220; _builder_version=&#8220;4.16&#8243; max_width=&#8220;7%&#8220; custom_margin=&#8220;||15px&#8220; custom_padding=&#8220;20px||&#8220; global_colors_info=&#8220;{}&#8220;][\/et_pb_divider][\/et_pb_column][\/et_pb_row][et_pb_row _builder_version=&#8220;4.27.4&#8243; _module_preset=&#8220;default&#8220; column_structure=&#8220;1_3,1_3,1_3&#8243; hover_enabled=&#8220;0&#8243; sticky_enabled=&#8220;0&#8243;][et_pb_column _builder_version=&#8220;4.27.4&#8243; _module_preset=&#8220;default&#8220; type=&#8220;1_3&#8243;][et_pb_image src=&#8220;https:\/\/rosenvoldcamping.dk\/wp-content\/uploads\/2025\/09\/RosenvoldStrandCamping-026.jpg&#8220; _builder_version=&#8220;4.27.4&#8243; _module_preset=&#8220;default&#8220; title_text=&#8220;RosenvoldStrandCamping-026&#8243; hover_enabled=&#8220;0&#8243; sticky_enabled=&#8220;0&#8243;][\/et_pb_image][\/et_pb_column][et_pb_column _builder_version=&#8220;4.27.4&#8243; _module_preset=&#8220;default&#8220; type=&#8220;1_3&#8243;][et_pb_image src=&#8220;https:\/\/rosenvoldcamping.dk\/wp-content\/uploads\/2025\/09\/pladskort-web-stor.jpg&#8220; _builder_version=&#8220;4.27.4&#8243; _module_preset=&#8220;default&#8220; title_text=&#8220;raumkarte-web-gro\u00df&#8220; hover_enabled=&#8220;0&#8243; sticky_enabled=&#8220;0&#8243;][\/et_pb_image][\/et_pb_column][et_pb_column _builder_version=&#8220;4.27.4&#8243; _module_preset=&#8220;default&#8220; type=&#8220;1_3&#8243;][et_pb_image src=&#8220;https:\/\/rosenvoldcamping.dk\/wp-content\/uploads\/2025\/09\/DJI_0002-scaled.jpg&#8220; _builder_version=&#8220;4.27.4&#8243; _module_preset=&#8220;default&#8220; title_text=&#8220;DJI_0002&#8243; hover_enabled=&#8220;0&#8243; sticky_enabled=&#8220;0&#8243;][\/et_pb_image][\/et_pb_column][\/et_pb_row][et_pb_row padding_top_bottom_link_2=&#8220;true&#8220; padding_left_right_link_2=&#8220;true&#8220; _builder_version=&#8220;4.16&#8243; custom_padding=&#8220;32px|0px|0|0px|false|false&#8220; global_colors_info=&#8220;{}&#8220;][et_pb_column type=&#8220;4_4&#8243; _builder_version=&#8220;4.16&#8243; custom_padding=&#8220;|||&#8220; global_colors_info=&#8220;{}&#8220; custom_padding__hover=&#8220;|||&#8220;][et_pb_text _builder_version=&#8220;4.27.4&#8243; header_font=&#8220;||||||||&#8220; header_2_font=&#8220;|800|||||||&#8220; header_2_text_color=&#8220;#3a1d1d&#8220; header_2_font_size=&#8220;44px&#8220; custom_margin=&#8220;||15px&#8220; hover_enabled=&#8220;0&#8243; header_2_font_size_tablet=&#8220;&#8220; header_2_font_size_phone=&#8220;34px&#8220; header_2_font_size_last_edited=&#8220;on|phone&#8220; global_colors_info=&#8220;{}&#8220; sticky_enabled=&#8220;0&#8243;]<\/p>\n<h3 data-fontsize=\"24\" data-lineheight=\"28.8px\" class=\"fusion-responsive-typography-calculated\"><strong>Entdecken Sie die Umgebung von Juelsminde<\/strong><\/h3>\n<p>[\/et_pb_text][et_pb_text _builder_version=&#8220;4.27.4&#8243; _module_preset=&#8220;default&#8220; hover_enabled=&#8220;0&#8243; global_colors_info=&#8220;{}&#8220; sticky_enabled=&#8220;0&#8243;]<\/p>\n<p>Rosenvold ist zentral gelegen f\u00fcr viele Naturerlebnisse. Unsere Mitarbeiter k\u00f6nnen Ihnen gute Angelpl\u00e4tze in der N\u00e4he des Meeres und gute Wanderrouten im \u00fcppigen Staksrode-Wald zeigen. In Zusammenarbeit mit Aktiv Danmark bieten wir auch die richtigen Bedingungen f\u00fcr Bed&#8217;n&#8217;Bike, so dass Sie Ihr Fahrrad zwischen den vielen Radtouren in der Umgebung reparieren lassen k\u00f6nnen.  <\/p>\n<p>Wenn Sie nach Juelsminde wollen, gibt es viele kleine, weniger befahrene Stra\u00dfen und Radwege, die von Rosenvold direkt in die Stadt f\u00fchren. Hier k\u00f6nnen Sie durch die gem\u00fctlichen, kopfsteingepflasterten Stra\u00dfen von Juelsminde schlendern oder zum belebten Jachthafen hinuntergehen, wo es tolle Restaurants und eine stets fantastische Atmosph\u00e4re gibt. <\/p>\n<p>Wenn Sie Juelsminde f\u00fcr einen Moment verlassen m\u00fcssen, k\u00f6nnen Sie zur\u00fcck nach Rosenvold fahren und die Ruhe genie\u00dfen &#8211; umgeben von der Natur.<\/p>\n<p>&nbsp;<\/p>\n<p><strong>Wenn Sie Juelsminde besuchen<\/strong><\/p>\n<p>In Juelsminde finden Sie eine Menge toller Erlebnisse. Die Hafenumgebung ist ein beliebtes Ausflugsziel. Lesen Sie mehr \u00fcber <span> <\/span><a href=\"https:\/\/juelsmindehavn.dk\/\" target=\"_blank\" rel=\"noopener\">Der Hafen von Juelsminde hier<\/a> <br \/>Wenn Sie Juelsminde besuchen, gibt es auch eine Reihe von guten Orten zum Essen und Einkaufen.<span> <\/span><a href=\"https:\/\/www.visitjuelsminde.dk\/juelsminde\/oplevelser\/shopping\/shopping-i-juelsminde\" target=\"_blank\" rel=\"noopener\">Sie k\u00f6nnen sie hier sehen<\/a> <\/p>\n<p>[\/et_pb_text][\/et_pb_column][\/et_pb_row][\/et_pb_section]<\/p>\n","protected":false},"excerpt":{"rendered":"<p>URLAUB IN DER N\u00c4HE DER SCH\u00d6NEN JUELSMINDEAUF DEM \u00d6RTLICHEN CAMPINGPLATZCamping Juelsminde In der N\u00e4he von Juelsminde finden Sie den Rosenvold Strand Camping &#8211; eine gem\u00fctliche Anlage mit einer Lage in der N\u00e4he von Juelsminde und mit allen Einrichtungen, die Sie sich w\u00fcnschen. Hier bieten wir einen gro\u00dfen Spielplatz f\u00fcr die Kinder an, wo es viele [&hellip;]<\/p>\n","protected":false},"author":1,"featured_media":0,"parent":0,"menu_order":0,"comment_status":"closed","ping_status":"closed","template":"","meta":{"_et_pb_use_builder":"on","_et_pb_old_content":"","_et_gb_content_width":"","footnotes":""},"folder":[],"class_list":["post-27693","page","type-page","status-publish","hentry"],"yoast_head":"<!-- This site is optimized with the Yoast SEO plugin v27.3 - https:\/\/yoast.com\/product\/yoast-seo-wordpress\/ -->\n<title>Campingplatz bei Juelsminde | Familiencamping am Meer \u279c.<\/title>\n<meta name=\"description\" content=\"Camping in Juelsminde - Direkt am Wasser \u2714\ufe0fSjove Einrichtungen f\u00fcr Kinder jeden Alters \u2714\ufe0fT\u00e6t in Juelsminde Stadt und Hafen \u2714\ufe0fBestil Campingurlaub heute \u279c.\" \/>\n<meta name=\"robots\" content=\"index, follow, max-snippet:-1, max-image-preview:large, max-video-preview:-1\" \/>\n<link rel=\"canonical\" href=\"https:\/\/rosenvoldcamping.dk\/de\/camping-juelsminde\/\" \/>\n<meta property=\"og:locale\" content=\"de_DE\" \/>\n<meta property=\"og:type\" content=\"article\" \/>\n<meta property=\"og:title\" content=\"Campingplatz bei Juelsminde | Familiencamping am Meer \u279c.\" \/>\n<meta property=\"og:description\" content=\"Camping in Juelsminde - Direkt am Wasser \u2714\ufe0fSjove Einrichtungen f\u00fcr Kinder jeden Alters \u2714\ufe0fT\u00e6t in Juelsminde Stadt und Hafen \u2714\ufe0fBestil Campingurlaub heute \u279c.\" \/>\n<meta property=\"og:url\" content=\"https:\/\/rosenvoldcamping.dk\/de\/camping-juelsminde\/\" \/>\n<meta property=\"og:site_name\" content=\"Rosenvold Camping\" \/>\n<meta property=\"article:modified_time\" content=\"2025-12-16T20:23:40+00:00\" \/>\n<meta name=\"twitter:card\" content=\"summary_large_image\" \/>\n<meta name=\"twitter:label1\" content=\"Gesch\u00e4tzte Lesezeit\" \/>\n\t<meta name=\"twitter:data1\" content=\"5\u00a0Minuten\" \/>\n<script type=\"application\/ld+json\" class=\"yoast-schema-graph\">{\"@context\":\"https:\\\/\\\/schema.org\",\"@graph\":[{\"@type\":\"WebPage\",\"@id\":\"https:\\\/\\\/rosenvoldcamping.dk\\\/de\\\/camping-juelsminde\\\/\",\"url\":\"https:\\\/\\\/rosenvoldcamping.dk\\\/de\\\/camping-juelsminde\\\/\",\"name\":\"Campingplatz bei Juelsminde | Familiencamping am Meer \u279c.\",\"isPartOf\":{\"@id\":\"https:\\\/\\\/rosenvoldcamping.dk\\\/de\\\/#website\"},\"datePublished\":\"2025-09-18T08:24:38+00:00\",\"dateModified\":\"2025-12-16T20:23:40+00:00\",\"description\":\"Camping in Juelsminde - Direkt am Wasser \u2714\ufe0fSjove Einrichtungen f\u00fcr Kinder jeden Alters \u2714\ufe0fT\u00e6t in Juelsminde Stadt und Hafen \u2714\ufe0fBestil Campingurlaub heute \u279c.\",\"breadcrumb\":{\"@id\":\"https:\\\/\\\/rosenvoldcamping.dk\\\/de\\\/camping-juelsminde\\\/#breadcrumb\"},\"inLanguage\":\"de\",\"potentialAction\":[{\"@type\":\"ReadAction\",\"target\":[\"https:\\\/\\\/rosenvoldcamping.dk\\\/de\\\/camping-juelsminde\\\/\"]}]},{\"@type\":\"BreadcrumbList\",\"@id\":\"https:\\\/\\\/rosenvoldcamping.dk\\\/de\\\/camping-juelsminde\\\/#breadcrumb\",\"itemListElement\":[{\"@type\":\"ListItem\",\"position\":1,\"name\":\"Hjem\",\"item\":\"https:\\\/\\\/rosenvoldcamping.dk\\\/de\\\/hauptseite\\\/\"},{\"@type\":\"ListItem\",\"position\":2,\"name\":\"Camping Juelsminde\"}]},{\"@type\":\"WebSite\",\"@id\":\"https:\\\/\\\/rosenvoldcamping.dk\\\/de\\\/#website\",\"url\":\"https:\\\/\\\/rosenvoldcamping.dk\\\/de\\\/\",\"name\":\"Rosenvold Camping\",\"description\":\"En oase ved fjorden\",\"potentialAction\":[{\"@type\":\"SearchAction\",\"target\":{\"@type\":\"EntryPoint\",\"urlTemplate\":\"https:\\\/\\\/rosenvoldcamping.dk\\\/de\\\/?s={search_term_string}\"},\"query-input\":{\"@type\":\"PropertyValueSpecification\",\"valueRequired\":true,\"valueName\":\"search_term_string\"}}],\"inLanguage\":\"de\"}]}<\/script>\n<!-- \/ Yoast SEO plugin. -->","yoast_head_json":{"title":"Campingplatz bei Juelsminde | Familiencamping am Meer \u279c.","description":"Camping in Juelsminde - Direkt am Wasser \u2714\ufe0fSjove Einrichtungen f\u00fcr Kinder jeden Alters \u2714\ufe0fT\u00e6t in Juelsminde Stadt und Hafen \u2714\ufe0fBestil Campingurlaub heute \u279c.","robots":{"index":"index","follow":"follow","max-snippet":"max-snippet:-1","max-image-preview":"max-image-preview:large","max-video-preview":"max-video-preview:-1"},"canonical":"https:\/\/rosenvoldcamping.dk\/de\/camping-juelsminde\/","og_locale":"de_DE","og_type":"article","og_title":"Campingplatz bei Juelsminde | Familiencamping am Meer \u279c.","og_description":"Camping in Juelsminde - Direkt am Wasser \u2714\ufe0fSjove Einrichtungen f\u00fcr Kinder jeden Alters \u2714\ufe0fT\u00e6t in Juelsminde Stadt und Hafen \u2714\ufe0fBestil Campingurlaub heute \u279c.","og_url":"https:\/\/rosenvoldcamping.dk\/de\/camping-juelsminde\/","og_site_name":"Rosenvold Camping","article_modified_time":"2025-12-16T20:23:40+00:00","twitter_card":"summary_large_image","twitter_misc":{"Gesch\u00e4tzte Lesezeit":"5\u00a0Minuten"},"schema":{"@context":"https:\/\/schema.org","@graph":[{"@type":"WebPage","@id":"https:\/\/rosenvoldcamping.dk\/de\/camping-juelsminde\/","url":"https:\/\/rosenvoldcamping.dk\/de\/camping-juelsminde\/","name":"Campingplatz bei Juelsminde | Familiencamping am Meer \u279c.","isPartOf":{"@id":"https:\/\/rosenvoldcamping.dk\/de\/#website"},"datePublished":"2025-09-18T08:24:38+00:00","dateModified":"2025-12-16T20:23:40+00:00","description":"Camping in Juelsminde - Direkt am Wasser \u2714\ufe0fSjove Einrichtungen f\u00fcr Kinder jeden Alters \u2714\ufe0fT\u00e6t in Juelsminde Stadt und Hafen \u2714\ufe0fBestil Campingurlaub heute \u279c.","breadcrumb":{"@id":"https:\/\/rosenvoldcamping.dk\/de\/camping-juelsminde\/#breadcrumb"},"inLanguage":"de","potentialAction":[{"@type":"ReadAction","target":["https:\/\/rosenvoldcamping.dk\/de\/camping-juelsminde\/"]}]},{"@type":"BreadcrumbList","@id":"https:\/\/rosenvoldcamping.dk\/de\/camping-juelsminde\/#breadcrumb","itemListElement":[{"@type":"ListItem","position":1,"name":"Hjem","item":"https:\/\/rosenvoldcamping.dk\/de\/hauptseite\/"},{"@type":"ListItem","position":2,"name":"Camping Juelsminde"}]},{"@type":"WebSite","@id":"https:\/\/rosenvoldcamping.dk\/de\/#website","url":"https:\/\/rosenvoldcamping.dk\/de\/","name":"Rosenvold Camping","description":"En oase ved fjorden","potentialAction":[{"@type":"SearchAction","target":{"@type":"EntryPoint","urlTemplate":"https:\/\/rosenvoldcamping.dk\/de\/?s={search_term_string}"},"query-input":{"@type":"PropertyValueSpecification","valueRequired":true,"valueName":"search_term_string"}}],"inLanguage":"de"}]}},"_links":{"self":[{"href":"https:\/\/rosenvoldcamping.dk\/de\/wp-json\/wp\/v2\/pages\/27693","targetHints":{"allow":["GET"]}}],"collection":[{"href":"https:\/\/rosenvoldcamping.dk\/de\/wp-json\/wp\/v2\/pages"}],"about":[{"href":"https:\/\/rosenvoldcamping.dk\/de\/wp-json\/wp\/v2\/types\/page"}],"author":[{"embeddable":true,"href":"https:\/\/rosenvoldcamping.dk\/de\/wp-json\/wp\/v2\/users\/1"}],"replies":[{"embeddable":true,"href":"https:\/\/rosenvoldcamping.dk\/de\/wp-json\/wp\/v2\/comments?post=27693"}],"version-history":[{"count":5,"href":"https:\/\/rosenvoldcamping.dk\/de\/wp-json\/wp\/v2\/pages\/27693\/revisions"}],"predecessor-version":[{"id":27711,"href":"https:\/\/rosenvoldcamping.dk\/de\/wp-json\/wp\/v2\/pages\/27693\/revisions\/27711"}],"wp:attachment":[{"href":"https:\/\/rosenvoldcamping.dk\/de\/wp-json\/wp\/v2\/media?parent=27693"}],"wp:term":[{"taxonomy":"folder","embeddable":true,"href":"https:\/\/rosenvoldcamping.dk\/de\/wp-json\/wp\/v2\/folder?post=27693"}],"curies":[{"name":"wp","href":"https:\/\/api.w.org\/{rel}","templated":true}]}}