{"id":27762,"date":"2025-09-18T09:23:42","date_gmt":"2025-09-18T08:23:42","guid":{"rendered":"https:\/\/rosenvoldcamping.dk\/wohnmobil\/"},"modified":"2026-04-29T14:30:18","modified_gmt":"2026-04-29T13:30:18","slug":"wohnmobil","status":"publish","type":"page","link":"https:\/\/rosenvoldcamping.dk\/de\/wohnmobil\/","title":{"rendered":"Wohnmobil"},"content":{"rendered":"<p>[et_pb_section fb_built=&#8220;1&#8243; _builder_version=&#8220;4.27.4&#8243; background_image=&#8220;https:\/\/rosenvoldcamping.dk\/wp-content\/uploads\/2025\/10\/Rosenvold_autocamper_IMG_3157.jpg&#8220; min_height=&#8220;550px&#8220; global_colors_info=&#8220;{}&#8220;][et_pb_row _builder_version=&#8220;4.16&#8243; global_colors_info=&#8220;{}&#8220;][et_pb_column type=&#8220;4_4&#8243; _builder_version=&#8220;4.16&#8243; custom_padding=&#8220;|||&#8220; global_colors_info=&#8220;{}&#8220; custom_padding__hover=&#8220;|||&#8220;][et_pb_text _builder_version=&#8220;4.27.4&#8243; header_font=&#8220;|800|||||||&#8220; header_text_color=&#8220;gcid-heading-color&#8220; header_font_size=&#8220;42px&#8220; header_2_font=&#8220;|800|||||||&#8220; header_2_text_color=&#8220;gcid-heading-color&#8220; header_2_font_size=&#8220;44px&#8220; text_orientation=&#8220;center&#8220; custom_margin=&#8220;||15px&#8220; header_2_font_size_tablet=&#8220;&#8220; header_2_font_size_phone=&#8220;34px&#8220; header_2_font_size_last_edited=&#8220;on|phone&#8220; global_colors_info=&#8220;{%22gcid-heading-color%22:%91%22header_2_text_color%22,%22header_text_color%22%93}&#8220;]<\/p>\n<div class=\"fusion-title title fusion-title-1 sep-underline sep-solid fusion-title-text fusion-title-size-one\">\n<h1 class=\"title-heading-left fusion-responsive-typography-calculated\"><span style=\"color: #ffffff;\">CAMPING F\u00dcR DIE GANZE FAMILIE MIT EINEM WOHNMOBIL<\/span><\/h1>\n<\/div>\n<div class=\"fusion-text fusion-text-1\"><\/div>\n<p>[\/et_pb_text][et_pb_divider divider_style=&#8220;dotted&#8220; divider_weight=&#8220;8px&#8220; _builder_version=&#8220;4.16&#8243; max_width=&#8220;8%&#8220; module_alignment=&#8220;center&#8220; custom_margin=&#8220;||15px&#8220; global_colors_info=&#8220;{}&#8220;][\/et_pb_divider][et_pb_text _builder_version=&#8220;4.27.4&#8243; header_font=&#8220;||||||||&#8220; header_2_font=&#8220;|800|||||||&#8220; header_2_text_align=&#8220;center&#8220; header_2_text_color=&#8220;#ffffff&#8220; header_2_font_size=&#8220;44px&#8220; custom_margin=&#8220;||15px&#8220; global_colors_info=&#8220;{}&#8220;][\/et_pb_text][\/et_pb_column][\/et_pb_row][\/et_pb_section][et_pb_section fb_built=&#8220;1&#8243; custom_padding_last_edited=&#8220;on|desktop&#8220; _builder_version=&#8220;4.27.4&#8243; custom_padding=&#8220;||150px||false|false&#8220; custom_padding_tablet=&#8220;||150px||false|false&#8220; custom_padding_phone=&#8220;||150px||false|false&#8220; bottom_divider_style=&#8220;wave2&#8243; bottom_divider_color=&#8220;gcid-54f53681-a1a7-480a-a9b1-2870b6981fc0&#8243; global_colors_info=&#8220;{%22gcid-54f53681-a1a7-480a-a9b1-2870b6981fc0%22:%91%22bottom_divider_color%22%93}&#8220;][et_pb_row padding_top_bottom_link_2=&#8220;true&#8220; padding_left_right_link_2=&#8220;true&#8220; _builder_version=&#8220;4.16&#8243; custom_padding=&#8220;32px|0px|0|0px|false|false&#8220; global_colors_info=&#8220;{}&#8220;][et_pb_column type=&#8220;4_4&#8243; _builder_version=&#8220;4.16&#8243; custom_padding=&#8220;|||&#8220; global_colors_info=&#8220;{}&#8220; custom_padding__hover=&#8220;|||&#8220;][et_pb_text _builder_version=&#8220;4.27.4&#8243; header_font=&#8220;||||||||&#8220; header_2_font=&#8220;|800|||||||&#8220; header_2_text_color=&#8220;#3a1d1d&#8220; header_2_font_size=&#8220;44px&#8220; custom_margin=&#8220;||15px&#8220; header_2_font_size_tablet=&#8220;&#8220; header_2_font_size_phone=&#8220;34px&#8220; header_2_font_size_last_edited=&#8220;on|phone&#8220; global_colors_info=&#8220;{}&#8220;]<\/p>\n<h2 data-fontsize=\"33\" data-lineheight=\"33px\" class=\"fusion-responsive-typography-calculated\">Wohnmobilstellpl\u00e4tze bei Vejle und Juelsminde<\/h2>\n<p data-start=\"253\" data-end=\"472\">Rosenvold Strand Camping bietet viel Platz f\u00fcr Wohnmobile. Ob Sie einen Platz f\u00fcr eine Nacht brauchen oder die sch\u00f6ne Umgebung f\u00fcr einen l\u00e4ngeren Zeitraum genie\u00dfen m\u00f6chten, Rosenvold ist die richtige Wahl. <\/p>\n<p data-start=\"474\" data-end=\"703\">Sind Sie auf der Suche nach einem landschaftlich reizvollen <a href=\"https:\/\/rosenvoldcamping.dk\/de\/\">Campingplatz<\/a><span> <\/span>mit gro\u00dfartigen Einrichtungen, auf dem Sie sich entspannen und Ihren Urlaub genie\u00dfen k\u00f6nnen?<br data-start=\"578\" data-end=\"581\">Auf Rosenvold Strand Camping finden Sie alles, was einen idyllischen Wohnmobilstellplatz ausmacht &#8211; Ruhe, Natur und Intimit\u00e4t.<\/p>\n<p data-start=\"705\" data-end=\"929\">Jedes Jahr schaffen wir den Rahmen f\u00fcr viele sch\u00f6ne Urlaubserinnerungen f\u00fcr Jung und Alt.<br data-start=\"793\" data-end=\"796\">Es ist der richtige Ort f\u00fcr alle, die Wohnmobil-Camping an der frischen Luft lieben, umgeben von wundersch\u00f6ner Natur und mit vielen M\u00f6glichkeiten f\u00fcr Entspannung und Gem\u00fctlichkeit.<\/p>\n<p>&nbsp;<\/p>\n<p>&nbsp;<\/p>\n<p>[\/et_pb_text][et_pb_divider divider_style=&#8220;dotted&#8220; divider_weight=&#8220;8px&#8220; _builder_version=&#8220;4.16&#8243; max_width=&#8220;7%&#8220; custom_margin=&#8220;||15px&#8220; custom_padding=&#8220;20px||&#8220; global_colors_info=&#8220;{}&#8220;][\/et_pb_divider][\/et_pb_column][\/et_pb_row][et_pb_row column_structure=&#8220;2_3,1_3&#8243; make_equal=&#8220;on&#8220; padding_top_bottom_link_2=&#8220;true&#8220; padding_left_right_link_2=&#8220;true&#8220; _builder_version=&#8220;4.27.4&#8243; custom_padding=&#8220;22px|0px|75px|0px|false|false&#8220; global_colors_info=&#8220;{}&#8220;][et_pb_column type=&#8220;2_3&#8243; _builder_version=&#8220;4.27.4&#8243; custom_padding=&#8220;|||&#8220; custom_css_main_element=&#8220;margin:auto;&#8220; border_radii=&#8220;on|30px|30px|30px|30px&#8220; box_shadow_style=&#8220;preset1&#8243; global_colors_info=&#8220;{}&#8220; custom_padding__hover=&#8220;|||&#8220;][et_pb_gallery gallery_ids=&#8220;27763,27764,27663&#8243; fullwidth=&#8220;on&#8220; _builder_version=&#8220;4.27.4&#8243; _module_preset=&#8220;default&#8220; global_colors_info=&#8220;{}&#8220;][\/et_pb_gallery][\/et_pb_column][et_pb_column type=&#8220;1_3&#8243; _builder_version=&#8220;4.27.4&#8243; background_enable_image=&#8220;off&#8220; custom_padding=&#8220;50px|50px|50px|50px&#8220; custom_css_main_element=&#8220;margin:auto;&#8220; box_shadow_style=&#8220;preset1&#8243; global_colors_info=&#8220;{}&#8220; custom_padding__hover=&#8220;|||&#8220;][et_pb_text _builder_version=&#8220;4.27.4&#8243; _module_preset=&#8220;default&#8220; global_colors_info=&#8220;{}&#8220;]<\/p>\n<h3 style=\"text-align: center;\">Wohnmobile<\/h3>\n<h3 style=\"text-align: center;\">Innenausleger<\/h3>\n<p>[\/et_pb_text][et_pb_divider color=&#8220;gcid-54f53681-a1a7-480a-a9b1-2870b6981fc0&#8243; divider_position=&#8220;center&#8220; _builder_version=&#8220;4.27.4&#8243; global_colors_info=&#8220;{%22gcid-54f53681-a1a7-480a-a9b1-2870b6981fc0%22:%91%22color%22%93}&#8220;][\/et_pb_divider][et_pb_text _builder_version=&#8220;4.27.4&#8243; _module_preset=&#8220;default&#8220; global_colors_info=&#8220;{}&#8220;]<\/p>\n<p data-start=\"208\" data-end=\"345\">Alle Wohnmobile sind auf dem Campingplatz willkommen, wo Sie unter allen Stellpl\u00e4tzen frei w\u00e4hlen k\u00f6nnen &#8211; zu gleichen Bedingungen wie andere Camper.<\/p>\n<p data-start=\"347\" data-end=\"566\">Im Preis inbegriffen sind sowohl das Entleeren des Abwassers als auch das Auff\u00fcllen des Trinkwassertanks. Auch Strom ist auf allen Stellpl\u00e4tzen vorhanden, so dass Sie einen komfortablen Aufenthalt in ruhiger und landschaftlich reizvoller Umgebung genie\u00dfen k\u00f6nnen. <\/p>\n<p>&nbsp;<\/p>\n<p>[\/et_pb_text][\/et_pb_column][\/et_pb_row][et_pb_row column_structure=&#8220;1_3,1_3,1_3&#8243; use_custom_gutter=&#8220;on&#8220; gutter_width=&#8220;4&#8243; make_equal=&#8220;on&#8220; _builder_version=&#8220;4.27.4&#8243; _module_preset=&#8220;default&#8220; use_background_color_gradient=&#8220;on&#8220; background_color_gradient_stops=&#8220;rgba(0,0,0,0.6) 0%|rgba(0,0,0,0.6) 100%&#8220; background_color_gradient_overlays_image=&#8220;on&#8220; background_color_gradient_start=&#8220;rgba(0,0,0,0.6)&#8220; background_color_gradient_end=&#8220;rgba(0,0,0,0.6)&#8220; background_image=&#8220;https:\/\/rosenvoldcamping.dk\/wp-content\/uploads\/2025\/10\/Rosenvold_autocamper.jpg&#8220; parallax=&#8220;on&#8220; custom_padding=&#8220;50px|50px|50px|50px|true|true&#8220; box_shadow_style=&#8220;preset1&#8243; global_colors_info=&#8220;{}&#8220;][et_pb_column type=&#8220;1_3&#8243; _builder_version=&#8220;4.27.4&#8243; custom_padding=&#8220;|||&#8220; custom_css_main_element=&#8220;border-right: 1px solid #fff;||&#8220; global_colors_info=&#8220;{}&#8220; custom_padding__hover=&#8220;|||&#8220;][et_pb_blurb title=&#8220;Standardsitz &#8211; Preisbeispiele&#8220; icon_placement=&#8220;left&#8220; _builder_version=&#8220;4.27.4&#8243; background_layout=&#8220;dark&#8220; custom_padding=&#8220;||0px|||&#8220; global_colors_info=&#8220;{%22gcid-54f53681-a1a7-480a-a9b1-2870b6981fc0%22:%91%22icon_color%22%93}&#8220;]<\/p>\n<p><em>2 Erwachsene im Wohnmobil<\/em><br data-start=\"219\" data-end=\"222\">Der Preis beinhaltet das Entleeren des Abwassers, das Auff\u00fcllen des Trinkwassers und den Zugang zur Dusche.<\/p>\n<h3 data-start=\"158\" data-end=\"193\"><\/h3>\n<ul data-start=\"320\" data-end=\"467\">\n<li data-start=\"320\" data-end=\"393\">\n<p data-start=\"322\" data-end=\"393\">Nebensaison: ab DKK 210 pro Nacht inkl. 4 kWh Strom (Abrechnung \u00fcber Z\u00e4hler)<\/p>\n<\/li>\n<li data-start=\"394\" data-end=\"467\">\n<p data-start=\"396\" data-end=\"467\">Hochsaison: ab DKK 245 pro Nacht inkl. 4 kWh Strom (Abrechnung \u00fcber Z\u00e4hler)<\/p>\n<\/li>\n<\/ul>\n<p>[\/et_pb_blurb][\/et_pb_column][et_pb_column type=&#8220;1_3&#8243; _builder_version=&#8220;4.16&#8243; custom_padding=&#8220;|||&#8220; custom_css_main_element=&#8220;border-right: 1px solid #fff;&#8220; global_colors_info=&#8220;{}&#8220; custom_padding__hover=&#8220;|||&#8220;][\/et_pb_column][et_pb_column type=&#8220;1_3&#8243; _builder_version=&#8220;4.27.4&#8243; custom_padding=&#8220;|||&#8220; custom_css_main_element=&#8220;margin: auto;&#8220; global_colors_info=&#8220;{}&#8220; custom_padding__hover=&#8220;|||&#8220;][et_pb_button button_url=&#8220;https:\/\/booking.rosenvoldcamping.dk\/daybooking\/step1?cId=270&amp;lc=da&amp;wId=1&#8243; button_text=&#8220;JETZT BUCHEN&#8220; button_alignment=&#8220;center&#8220; _builder_version=&#8220;4.27.4&#8243; _module_preset=&#8220;default&#8220; custom_button=&#8220;on&#8220; button_text_color=&#8220;#FFFFFF&#8220; button_bg_color=&#8220;gcid-54f53681-a1a7-480a-a9b1-2870b6981fc0&#8243; button_border_width=&#8220;0px&#8220; button_border_radius=&#8220;30px&#8220; button_icon=&#8220;&#x24;||divi||400&#8243; button_icon_placement=&#8220;left&#8220; box_shadow_style=&#8220;preset1&#8243; global_colors_info=&#8220;{%22gcid-54f53681-a1a7-480a-a9b1-2870b6981fc0%22:%91%22button_bg_color%22%93,%22gcid-secondary-color%22:%91%22button_bg_color__hover%22%93}&#8220; button_text_color__hover_enabled=&#8220;on|desktop&#8220; button_bg_color__hover_enabled=&#8220;on|hover&#8220; button_bg_color__hover=&#8220;#eac7a5&#8243; button_bg_enable_color__hover=&#8220;on&#8220; button_text_color__hover=&#8220;#FFFFFF&#8220;][\/et_pb_button][et_pb_button button_url=&#8220;@ET-DC@eyJkeW5hbWljIjp0cnVlLCJjb250ZW50IjoicG9zdF9saW5rX3VybF9wYWdlIiwic2V0dGluZ3MiOnsicG9zdF9pZCI6IjgwMiJ9fQ==@&#8220; button_text=&#8220;PREISE SEHEN&#8220; button_alignment=&#8220;center&#8220; _builder_version=&#8220;4.27.6&#8243; _dynamic_attributes=&#8220;button_url&#8220; _module_preset=&#8220;default&#8220; custom_button=&#8220;on&#8220; button_text_color=&#8220;#FFFFFF&#8220; button_bg_color=&#8220;gcid-54f53681-a1a7-480a-a9b1-2870b6981fc0&#8243; button_border_width=&#8220;0px&#8220; button_border_radius=&#8220;30px&#8220; button_icon=&#8220;&#x24;||divi||400&#8243; button_icon_placement=&#8220;left&#8220; hover_enabled=&#8220;0&#8243; box_shadow_style=&#8220;preset1&#8243; global_colors_info=&#8220;{%22gcid-54f53681-a1a7-480a-a9b1-2870b6981fc0%22:%91%22button_bg_color%22%93,%22gcid-secondary-color%22:%91%22button_bg_color__hover%22%93}&#8220; button_text_color__hover_enabled=&#8220;on|desktop&#8220; button_bg_color__hover_enabled=&#8220;on|hover&#8220; button_bg_color__hover=&#8220;#eac7a5&#8243; button_bg_enable_color__hover=&#8220;on&#8220; button_text_color__hover=&#8220;#FFFFFF&#8220; sticky_enabled=&#8220;0&#8243;][\/et_pb_button][\/et_pb_column][\/et_pb_row][et_pb_row column_structure=&#8220;1_3,2_3&#8243; make_equal=&#8220;on&#8220; padding_top_bottom_link_2=&#8220;true&#8220; padding_left_right_link_2=&#8220;true&#8220; _builder_version=&#8220;4.27.4&#8243; custom_padding=&#8220;22px|0px|75px|0px|false|false&#8220; global_colors_info=&#8220;{}&#8220;][et_pb_column type=&#8220;1_3&#8243; _builder_version=&#8220;4.27.4&#8243; background_enable_image=&#8220;off&#8220; custom_padding=&#8220;50px|50px|50px|50px&#8220; custom_css_main_element=&#8220;margin:auto;&#8220; box_shadow_style=&#8220;preset1&#8243; global_colors_info=&#8220;{}&#8220; custom_padding__hover=&#8220;|||&#8220;][et_pb_text _builder_version=&#8220;4.27.4&#8243; _module_preset=&#8220;default&#8220; global_colors_info=&#8220;{}&#8220;]<\/p>\n<h3 style=\"text-align: center;\">Wohnmobile<\/h3>\n<h3 style=\"text-align: center;\">Ausleger au\u00dfen<\/h3>\n<p>[\/et_pb_text][et_pb_divider color=&#8220;gcid-54f53681-a1a7-480a-a9b1-2870b6981fc0&#8243; divider_position=&#8220;center&#8220; _builder_version=&#8220;4.27.4&#8243; global_colors_info=&#8220;{%22gcid-54f53681-a1a7-480a-a9b1-2870b6981fc0%22:%91%22color%22%93}&#8220;][\/et_pb_divider][et_pb_text _builder_version=&#8220;4.27.4&#8243; _module_preset=&#8220;default&#8220; global_colors_info=&#8220;{}&#8220;]<\/p>\n<p data-start=\"142\" data-end=\"376\">Rosenvold Strand Camping bietet auch Wohnmobilstellpl\u00e4tze am Hafen von Rosenvold.<\/p>\n<p data-start=\"142\" data-end=\"376\">Allerdings gibt es hier keine M\u00f6glichkeit, Strom anzuschlie\u00dfen.<\/p>\n<p data-start=\"142\" data-end=\"376\">Die Entleerung des Abwassers und das Auff\u00fcllen des Trinkwassers sind gegen eine Geb\u00fchr auf dem Campingplatz m\u00f6glich.<\/p>\n<ul data-start=\"378\" data-end=\"445\">\n<li data-start=\"378\" data-end=\"411\">\n<p data-start=\"380\" data-end=\"411\"><strong data-start=\"380\" data-end=\"393\">Nebensaison:<\/strong> 120 DKK pro Nacht<\/p>\n<\/li>\n<li data-start=\"412\" data-end=\"445\">\n<p data-start=\"414\" data-end=\"445\"><strong data-start=\"414\" data-end=\"427\">Hochsaison:<\/strong> 150 DKK pro Nacht<\/p>\n<\/li>\n<\/ul>\n<p>&nbsp;<\/p>\n<p>[\/et_pb_text][\/et_pb_column][et_pb_column type=&#8220;2_3&#8243; _builder_version=&#8220;4.27.4&#8243; custom_padding=&#8220;|||&#8220; border_radii=&#8220;on|30px|30px|30px|30px&#8220; box_shadow_style=&#8220;preset1&#8243; global_colors_info=&#8220;{}&#8220; custom_padding__hover=&#8220;|||&#8220;][et_pb_gallery gallery_ids=&#8220;27765,27766,27767&#8243; fullwidth=&#8220;on&#8220; _builder_version=&#8220;4.27.4&#8243; _module_preset=&#8220;default&#8220; global_colors_info=&#8220;{}&#8220;][\/et_pb_gallery][\/et_pb_column][\/et_pb_row][\/et_pb_section][et_pb_section fb_built=&#8220;1&#8243; _builder_version=&#8220;4.27.4&#8243; custom_padding=&#8220;100px||||false|false&#8220; top_divider_style=&#8220;wave2&#8243; top_divider_color=&#8220;gcid-54f53681-a1a7-480a-a9b1-2870b6981fc0&#8243; global_colors_info=&#8220;{%22gcid-54f53681-a1a7-480a-a9b1-2870b6981fc0%22:%91%22top_divider_color%22%93}&#8220;][\/et_pb_section]<\/p>\n","protected":false},"excerpt":{"rendered":"<p>CAMPING F\u00dcR DIE GANZE FAMILIE MIT EINEM WOHNMOBIL Wohnmobilstellpl\u00e4tze bei Vejle und Juelsminde Rosenvold Strand Camping bietet viel Platz f\u00fcr Wohnmobile. Ob Sie einen Platz f\u00fcr eine Nacht brauchen oder die sch\u00f6ne Umgebung f\u00fcr einen l\u00e4ngeren Zeitraum genie\u00dfen m\u00f6chten, Rosenvold ist die richtige Wahl. Sind Sie auf der Suche nach einem landschaftlich reizvollen Campingplatz mit [&hellip;]<\/p>\n","protected":false},"author":1,"featured_media":0,"parent":0,"menu_order":0,"comment_status":"closed","ping_status":"closed","template":"","meta":{"_et_pb_use_builder":"on","_et_pb_old_content":"","_et_gb_content_width":"","footnotes":""},"folder":[],"class_list":["post-27762","page","type-page","status-publish","hentry"],"yoast_head":"<!-- This site is optimized with the Yoast SEO plugin v27.5 - https:\/\/yoast.com\/product\/yoast-seo-wordpress\/ -->\n<title>Wohnmobilstellplatz in Vejle | Gem\u00fctliches Autocamping f\u00fcr die ganze Familie\u2705<\/title>\n<meta name=\"description\" content=\"Idyllischer Wohnmobilstellplatz am Vejlefjord \u2705 Das perfekte Urlaubsziel f\u00fcr Familien und Kinder - Tolle Einrichtungen und Unterhaltung \u2705 Lesen Sie hier mehr \u279f\" \/>\n<meta name=\"robots\" content=\"index, follow, max-snippet:-1, max-image-preview:large, max-video-preview:-1\" \/>\n<link rel=\"canonical\" href=\"https:\/\/rosenvoldcamping.dk\/de\/wohnmobil\/\" \/>\n<meta property=\"og:locale\" content=\"de_DE\" \/>\n<meta property=\"og:type\" content=\"article\" \/>\n<meta property=\"og:title\" content=\"Wohnmobilstellplatz in Vejle | Gem\u00fctliches Autocamping f\u00fcr die ganze Familie\u2705\" \/>\n<meta property=\"og:description\" content=\"Idyllischer Wohnmobilstellplatz am Vejlefjord \u2705 Das perfekte Urlaubsziel f\u00fcr Familien und Kinder - Tolle Einrichtungen und Unterhaltung \u2705 Lesen Sie hier mehr \u279f\" \/>\n<meta property=\"og:url\" content=\"https:\/\/rosenvoldcamping.dk\/de\/wohnmobil\/\" \/>\n<meta property=\"og:site_name\" content=\"Rosenvold Camping\" \/>\n<meta property=\"article:modified_time\" content=\"2026-04-29T13:30:18+00:00\" \/>\n<meta name=\"twitter:card\" content=\"summary_large_image\" \/>\n<meta name=\"twitter:label1\" content=\"Gesch\u00e4tzte Lesezeit\" \/>\n\t<meta name=\"twitter:data1\" content=\"8\u00a0Minuten\" \/>\n<script type=\"application\/ld+json\" class=\"yoast-schema-graph\">{\"@context\":\"https:\\\/\\\/schema.org\",\"@graph\":[{\"@type\":\"WebPage\",\"@id\":\"https:\\\/\\\/rosenvoldcamping.dk\\\/de\\\/wohnmobil\\\/\",\"url\":\"https:\\\/\\\/rosenvoldcamping.dk\\\/de\\\/wohnmobil\\\/\",\"name\":\"Wohnmobilstellplatz in Vejle | Gem\u00fctliches Autocamping f\u00fcr die ganze Familie\u2705\",\"isPartOf\":{\"@id\":\"https:\\\/\\\/rosenvoldcamping.dk\\\/de\\\/#website\"},\"datePublished\":\"2025-09-18T08:23:42+00:00\",\"dateModified\":\"2026-04-29T13:30:18+00:00\",\"description\":\"Idyllischer Wohnmobilstellplatz am Vejlefjord \u2705 Das perfekte Urlaubsziel f\u00fcr Familien und Kinder - Tolle Einrichtungen und Unterhaltung \u2705 Lesen Sie hier mehr \u279f\",\"breadcrumb\":{\"@id\":\"https:\\\/\\\/rosenvoldcamping.dk\\\/de\\\/wohnmobil\\\/#breadcrumb\"},\"inLanguage\":\"de\",\"potentialAction\":[{\"@type\":\"ReadAction\",\"target\":[\"https:\\\/\\\/rosenvoldcamping.dk\\\/de\\\/wohnmobil\\\/\"]}]},{\"@type\":\"BreadcrumbList\",\"@id\":\"https:\\\/\\\/rosenvoldcamping.dk\\\/de\\\/wohnmobil\\\/#breadcrumb\",\"itemListElement\":[{\"@type\":\"ListItem\",\"position\":1,\"name\":\"Hjem\",\"item\":\"https:\\\/\\\/rosenvoldcamping.dk\\\/de\\\/hauptseite\\\/\"},{\"@type\":\"ListItem\",\"position\":2,\"name\":\"Wohnmobil\"}]},{\"@type\":\"WebSite\",\"@id\":\"https:\\\/\\\/rosenvoldcamping.dk\\\/de\\\/#website\",\"url\":\"https:\\\/\\\/rosenvoldcamping.dk\\\/de\\\/\",\"name\":\"Rosenvold Camping\",\"description\":\"En oase ved fjorden\",\"potentialAction\":[{\"@type\":\"SearchAction\",\"target\":{\"@type\":\"EntryPoint\",\"urlTemplate\":\"https:\\\/\\\/rosenvoldcamping.dk\\\/de\\\/?s={search_term_string}\"},\"query-input\":{\"@type\":\"PropertyValueSpecification\",\"valueRequired\":true,\"valueName\":\"search_term_string\"}}],\"inLanguage\":\"de\"}]}<\/script>\n<!-- \/ Yoast SEO plugin. -->","yoast_head_json":{"title":"Wohnmobilstellplatz in Vejle | Gem\u00fctliches Autocamping f\u00fcr die ganze Familie\u2705","description":"Idyllischer Wohnmobilstellplatz am Vejlefjord \u2705 Das perfekte Urlaubsziel f\u00fcr Familien und Kinder - Tolle Einrichtungen und Unterhaltung \u2705 Lesen Sie hier mehr \u279f","robots":{"index":"index","follow":"follow","max-snippet":"max-snippet:-1","max-image-preview":"max-image-preview:large","max-video-preview":"max-video-preview:-1"},"canonical":"https:\/\/rosenvoldcamping.dk\/de\/wohnmobil\/","og_locale":"de_DE","og_type":"article","og_title":"Wohnmobilstellplatz in Vejle | Gem\u00fctliches Autocamping f\u00fcr die ganze Familie\u2705","og_description":"Idyllischer Wohnmobilstellplatz am Vejlefjord \u2705 Das perfekte Urlaubsziel f\u00fcr Familien und Kinder - Tolle Einrichtungen und Unterhaltung \u2705 Lesen Sie hier mehr \u279f","og_url":"https:\/\/rosenvoldcamping.dk\/de\/wohnmobil\/","og_site_name":"Rosenvold Camping","article_modified_time":"2026-04-29T13:30:18+00:00","twitter_card":"summary_large_image","twitter_misc":{"Gesch\u00e4tzte Lesezeit":"8\u00a0Minuten"},"schema":{"@context":"https:\/\/schema.org","@graph":[{"@type":"WebPage","@id":"https:\/\/rosenvoldcamping.dk\/de\/wohnmobil\/","url":"https:\/\/rosenvoldcamping.dk\/de\/wohnmobil\/","name":"Wohnmobilstellplatz in Vejle | Gem\u00fctliches Autocamping f\u00fcr die ganze Familie\u2705","isPartOf":{"@id":"https:\/\/rosenvoldcamping.dk\/de\/#website"},"datePublished":"2025-09-18T08:23:42+00:00","dateModified":"2026-04-29T13:30:18+00:00","description":"Idyllischer Wohnmobilstellplatz am Vejlefjord \u2705 Das perfekte Urlaubsziel f\u00fcr Familien und Kinder - Tolle Einrichtungen und Unterhaltung \u2705 Lesen Sie hier mehr \u279f","breadcrumb":{"@id":"https:\/\/rosenvoldcamping.dk\/de\/wohnmobil\/#breadcrumb"},"inLanguage":"de","potentialAction":[{"@type":"ReadAction","target":["https:\/\/rosenvoldcamping.dk\/de\/wohnmobil\/"]}]},{"@type":"BreadcrumbList","@id":"https:\/\/rosenvoldcamping.dk\/de\/wohnmobil\/#breadcrumb","itemListElement":[{"@type":"ListItem","position":1,"name":"Hjem","item":"https:\/\/rosenvoldcamping.dk\/de\/hauptseite\/"},{"@type":"ListItem","position":2,"name":"Wohnmobil"}]},{"@type":"WebSite","@id":"https:\/\/rosenvoldcamping.dk\/de\/#website","url":"https:\/\/rosenvoldcamping.dk\/de\/","name":"Rosenvold Camping","description":"En oase ved fjorden","potentialAction":[{"@type":"SearchAction","target":{"@type":"EntryPoint","urlTemplate":"https:\/\/rosenvoldcamping.dk\/de\/?s={search_term_string}"},"query-input":{"@type":"PropertyValueSpecification","valueRequired":true,"valueName":"search_term_string"}}],"inLanguage":"de"}]}},"_links":{"self":[{"href":"https:\/\/rosenvoldcamping.dk\/de\/wp-json\/wp\/v2\/pages\/27762","targetHints":{"allow":["GET"]}}],"collection":[{"href":"https:\/\/rosenvoldcamping.dk\/de\/wp-json\/wp\/v2\/pages"}],"about":[{"href":"https:\/\/rosenvoldcamping.dk\/de\/wp-json\/wp\/v2\/types\/page"}],"author":[{"embeddable":true,"href":"https:\/\/rosenvoldcamping.dk\/de\/wp-json\/wp\/v2\/users\/1"}],"replies":[{"embeddable":true,"href":"https:\/\/rosenvoldcamping.dk\/de\/wp-json\/wp\/v2\/comments?post=27762"}],"version-history":[{"count":10,"href":"https:\/\/rosenvoldcamping.dk\/de\/wp-json\/wp\/v2\/pages\/27762\/revisions"}],"predecessor-version":[{"id":28487,"href":"https:\/\/rosenvoldcamping.dk\/de\/wp-json\/wp\/v2\/pages\/27762\/revisions\/28487"}],"wp:attachment":[{"href":"https:\/\/rosenvoldcamping.dk\/de\/wp-json\/wp\/v2\/media?parent=27762"}],"wp:term":[{"taxonomy":"folder","embeddable":true,"href":"https:\/\/rosenvoldcamping.dk\/de\/wp-json\/wp\/v2\/folder?post=27762"}],"curies":[{"name":"wp","href":"https:\/\/api.w.org\/{rel}","templated":true}]}}