{"id":27771,"date":"2025-09-18T09:24:03","date_gmt":"2025-09-18T08:24:03","guid":{"rendered":"https:\/\/rosenvoldcamping.dk\/zeltplatz\/"},"modified":"2025-12-16T21:23:50","modified_gmt":"2025-12-16T20:23:50","slug":"zeltplatz","status":"publish","type":"page","link":"https:\/\/rosenvoldcamping.dk\/de\/zeltplatz\/","title":{"rendered":"Zeltplatz"},"content":{"rendered":"<p>[et_pb_section fb_built=&#8220;1&#8243; _builder_version=&#8220;4.27.4&#8243; background_image=&#8220;https:\/\/rosenvoldcamping.dk\/wp-content\/uploads\/2025\/10\/Rosenvold_camping_pladsen_IMG_8399.jpg&#8220; min_height=&#8220;550px&#8220; global_colors_info=&#8220;{}&#8220;][et_pb_row _builder_version=&#8220;4.16&#8243; global_colors_info=&#8220;{}&#8220;][et_pb_column type=&#8220;4_4&#8243; _builder_version=&#8220;4.16&#8243; custom_padding=&#8220;|||&#8220; global_colors_info=&#8220;{}&#8220; custom_padding__hover=&#8220;|||&#8220;][et_pb_text _builder_version=&#8220;4.27.4&#8243; header_font=&#8220;|800|||||||&#8220; header_text_color=&#8220;gcid-heading-color&#8220; header_font_size=&#8220;44px&#8220; header_2_font=&#8220;|800|||||||&#8220; header_2_text_color=&#8220;gcid-heading-color&#8220; header_2_font_size=&#8220;44px&#8220; text_orientation=&#8220;center&#8220; custom_margin=&#8220;||15px&#8220; header_2_font_size_tablet=&#8220;&#8220; header_2_font_size_phone=&#8220;34px&#8220; header_2_font_size_last_edited=&#8220;on|phone&#8220; global_colors_info=&#8220;{%22gcid-heading-color%22:%91%22header_2_text_color%22,%22header_text_color%22%93}&#8220;]<\/p>\n<div class=\"fusion-title title fusion-title-1 sep-underline sep-solid fusion-title-text fusion-title-size-one\">\n<h1 class=\"title-heading-left fusion-responsive-typography-calculated\"><span style=\"color: #ffffff;\">Zeltplatz f\u00fcr die ganze Familie in Vejle<\/span><\/h1>\n<\/div>\n<p>[\/et_pb_text][et_pb_divider divider_style=&#8220;dotted&#8220; divider_weight=&#8220;8px&#8220; _builder_version=&#8220;4.16&#8243; max_width=&#8220;8%&#8220; module_alignment=&#8220;center&#8220; custom_margin=&#8220;||15px&#8220; global_colors_info=&#8220;{}&#8220;][\/et_pb_divider][et_pb_text _builder_version=&#8220;4.27.4&#8243; header_font=&#8220;||||||||&#8220; header_2_font=&#8220;|800|||||||&#8220; header_2_text_align=&#8220;center&#8220; header_2_text_color=&#8220;#ffffff&#8220; header_2_font_size=&#8220;44px&#8220; custom_margin=&#8220;||15px&#8220; global_colors_info=&#8220;{}&#8220;][\/et_pb_text][\/et_pb_column][\/et_pb_row][\/et_pb_section][et_pb_section fb_built=&#8220;1&#8243; custom_padding_last_edited=&#8220;on|desktop&#8220; _builder_version=&#8220;4.27.4&#8243; custom_padding=&#8220;||150px||false|false&#8220; custom_padding_tablet=&#8220;||150px||false|false&#8220; custom_padding_phone=&#8220;||150px||false|false&#8220; bottom_divider_color=&#8220;gcid-54f53681-a1a7-480a-a9b1-2870b6981fc0&#8243; global_colors_info=&#8220;{%22gcid-54f53681-a1a7-480a-a9b1-2870b6981fc0%22:%91%22bottom_divider_color%22%93}&#8220;][et_pb_row padding_top_bottom_link_2=&#8220;true&#8220; padding_left_right_link_2=&#8220;true&#8220; _builder_version=&#8220;4.16&#8243; custom_padding=&#8220;32px|0px|0|0px|false|false&#8220; global_colors_info=&#8220;{}&#8220;][et_pb_column type=&#8220;4_4&#8243; _builder_version=&#8220;4.16&#8243; custom_padding=&#8220;|||&#8220; global_colors_info=&#8220;{}&#8220; custom_padding__hover=&#8220;|||&#8220;][et_pb_text _builder_version=&#8220;4.27.4&#8243; header_font=&#8220;||||||||&#8220; header_2_font=&#8220;|800|||||||&#8220; header_2_text_color=&#8220;#3a1d1d&#8220; header_2_font_size=&#8220;44px&#8220; custom_margin=&#8220;||15px&#8220; header_2_font_size_tablet=&#8220;&#8220; header_2_font_size_phone=&#8220;34px&#8220; header_2_font_size_last_edited=&#8220;on|phone&#8220; global_colors_info=&#8220;{}&#8220;]<\/p>\n<h2 data-fontsize=\"33\" data-lineheight=\"33px\" class=\"fusion-responsive-typography-calculated\">Camping in malerischer Umgebung<\/h2>\n<p>Ziehen Sie einen Campingausflug in Betracht und suchen Sie einen Campingplatz inmitten der Natur? Der Campingplatz von Rosenvold Strand Camping liegt mitten in der herrlichen Natur, in der N\u00e4he von Wald und Strand. Ein Campingausflug ist sowohl eine g\u00fcnstige als auch unglaublich angenehme Art, Urlaub zu machen, egal ob Sie eine Familie mit Kindern, eine Gruppe von Freunden oder ein Paar sind. Neben der sch\u00f6nen Natur liegt der Campingplatz auch in der N\u00e4he von Vejle und Juelsminde, die f\u00fcr ihr gem\u00fctliches Stadtleben und ihren Hafen bekannt sind. Es gibt also viele M\u00f6glichkeiten f\u00fcr gem\u00fctliche Tagesaktivit\u00e4ten, bei denen Sie die vielen Einrichtungen auf dem Campingplatz selbst nutzen k\u00f6nnen.    <span> <\/span><a href=\"https:\/\/rosenvoldcamping.dk\/de\/\">des Campingplatzes<\/a>, k\u00f6nnen auch die aufregenden Sehensw\u00fcrdigkeiten der umliegenden St\u00e4dte erleben.<\/p>\n<p>Auf unserem Campingplatz sind Sie der Natur ganz nah, weit weg von Stra\u00dfen und L\u00e4rm, so dass Sie bei Einbruch der Dunkelheit ungest\u00f6rt liegen und den vielen Ger\u00e4uschen der Natur lauschen k\u00f6nnen. Der Campingplatz ist mit Stromanschl\u00fcssen ausgestattet und die Servicegeb\u00e4ude mit K\u00fcche, Toiletten und Duschen sind nur wenige Meter entfernt. <\/p>\n<p>[\/et_pb_text][et_pb_divider divider_style=&#8220;dotted&#8220; divider_weight=&#8220;8px&#8220; _builder_version=&#8220;4.16&#8243; max_width=&#8220;7%&#8220; custom_margin=&#8220;||15px&#8220; custom_padding=&#8220;20px||&#8220; global_colors_info=&#8220;{}&#8220;][\/et_pb_divider][\/et_pb_column][\/et_pb_row][et_pb_row column_structure=&#8220;2_3,1_3&#8243; make_equal=&#8220;on&#8220; padding_top_bottom_link_2=&#8220;true&#8220; padding_left_right_link_2=&#8220;true&#8220; _builder_version=&#8220;4.27.4&#8243; custom_padding=&#8220;22px|0px|75px|0px|false|false&#8220; global_colors_info=&#8220;{}&#8220;][et_pb_column type=&#8220;2_3&#8243; _builder_version=&#8220;4.27.4&#8243; custom_padding=&#8220;|||&#8220; custom_css_main_element=&#8220;margin:auto;&#8220; border_radii=&#8220;on|30px|30px|30px|30px&#8220; box_shadow_style=&#8220;preset1&#8243; global_colors_info=&#8220;{}&#8220; custom_padding__hover=&#8220;|||&#8220;][et_pb_gallery gallery_ids=&#8220;27773,27775,27776,27778,27780,27782&#8243; fullwidth=&#8220;on&#8220; _builder_version=&#8220;4.27.4&#8243; _module_preset=&#8220;default&#8220; global_colors_info=&#8220;{}&#8220;][\/et_pb_gallery][\/et_pb_column][et_pb_column type=&#8220;1_3&#8243; _builder_version=&#8220;4.27.4&#8243; background_enable_image=&#8220;off&#8220; custom_padding=&#8220;50px|50px|50px|50px&#8220; custom_css_main_element=&#8220;margin:auto;&#8220; box_shadow_style=&#8220;preset1&#8243; global_colors_info=&#8220;{}&#8220; custom_padding__hover=&#8220;|||&#8220;][et_pb_text _builder_version=&#8220;4.27.4&#8243; _module_preset=&#8220;default&#8220; global_colors_info=&#8220;{}&#8220;]<\/p>\n<h3>Der Zeltplatz<\/h3>\n<p>[\/et_pb_text][et_pb_divider color=&#8220;gcid-54f53681-a1a7-480a-a9b1-2870b6981fc0&#8243; divider_position=&#8220;center&#8220; _builder_version=&#8220;4.27.4&#8243; global_colors_info=&#8220;{%22gcid-54f53681-a1a7-480a-a9b1-2870b6981fc0%22:%91%22color%22%93}&#8220;][\/et_pb_divider][et_pb_text _builder_version=&#8220;4.27.4&#8243; _module_preset=&#8220;default&#8220; global_colors_info=&#8220;{}&#8220;]<\/p>\n<p data-start=\"192\" data-end=\"281\">Rosenvold Strand Camping hat drei gem\u00fctliche Zeltbereiche &#8211; jeder mit seinem eigenen Charme.<\/p>\n<p data-start=\"247\" data-end=\"396\">An der Vorderseite des Grundst\u00fccks befindet sich ein Bereich in Strandn\u00e4he &#8211; perfekt, wenn Sie ein Kajak oder Paddelbrett mitbringen oder einfach nur zum Rauschen der Wellen aufwachen m\u00f6chten.<\/p>\n<p data-start=\"398\" data-end=\"552\">Der gr\u00f6\u00dfte Zeltbereich befindet sich im hinteren Teil des Gel\u00e4ndes, in der N\u00e4he der Schwimmanlagen und des Spielplatzes &#8211; ideal f\u00fcr Familien, die viel Platz und leichten Zugang zu allem haben m\u00f6chten.<\/p>\n<p data-start=\"554\" data-end=\"664\">Der ruhigste Bereich befindet sich in der N\u00e4he des Hundeparks und der stimmungsvollen Tipi-Zelte, umgeben von friedlicher Natur.<\/p>\n<p data-start=\"666\" data-end=\"753\">In allen drei Bereichen k\u00f6nnen Sie ein Lagerfeuer entz\u00fcnden und einen gem\u00fctlichen Abend unter dem Sternenhimmel genie\u00dfen.<\/p>\n<p>[\/et_pb_text][\/et_pb_column][\/et_pb_row][et_pb_row column_structure=&#8220;1_3,1_3,1_3&#8243; use_custom_gutter=&#8220;on&#8220; gutter_width=&#8220;4&#8243; make_equal=&#8220;on&#8220; _builder_version=&#8220;4.27.4&#8243; _module_preset=&#8220;default&#8220; use_background_color_gradient=&#8220;on&#8220; background_color_gradient_stops=&#8220;rgba(0,0,0,0.6) 0%|rgba(0,0,0,0.6) 100%&#8220; background_color_gradient_overlays_image=&#8220;on&#8220; background_color_gradient_start=&#8220;rgba(0,0,0,0.6)&#8220; background_color_gradient_end=&#8220;rgba(0,0,0,0.6)&#8220; background_image=&#8220;https:\/\/rosenvoldcamping.dk\/wp-content\/uploads\/2025\/10\/Rosenvold_camping_pladsen_IMG_8399.jpg&#8220; parallax=&#8220;on&#8220; custom_padding=&#8220;50px|50px|50px|50px|true|true&#8220; box_shadow_style=&#8220;preset1&#8243; global_colors_info=&#8220;{}&#8220;][et_pb_column type=&#8220;1_3&#8243; _builder_version=&#8220;4.27.4&#8243; custom_padding=&#8220;|||&#8220; custom_css_main_element=&#8220;border-right: 1px solid #fff;||&#8220; global_colors_info=&#8220;{}&#8220; custom_padding__hover=&#8220;|||&#8220;][et_pb_blurb title=&#8220;Zeltplatz &#8211; Preisbeispiele&#8220; icon_placement=&#8220;left&#8220; _builder_version=&#8220;4.27.4&#8243; background_layout=&#8220;dark&#8220; global_colors_info=&#8220;{%22gcid-54f53681-a1a7-480a-a9b1-2870b6981fc0%22:%91%22icon_color%22%93}&#8220;]<\/p>\n<p> <em>2 Erwachsene in ihrem eigenen Zelt<\/em><br data-start=\"219\" data-end=\"222\">Der Preis beinhaltet den Zugang zu den Duscheinrichtungen.<\/p>\n<p><em data-start=\"223\" data-end=\"234\">Die Preise verstehen sich ohne Strom.  <\/em><\/p>\n<p><em data-start=\"223\" data-end=\"234\">Es ist m\u00f6glich, an zwei der Zeltpl\u00e4tze Strom zu kaufen. <\/em><em data-start=\"223\" data-end=\"234\">der Zeltpl\u00e4tze.<\/em><\/p>\n<ul>\n<li data-start=\"238\" data-end=\"265\">Nebensaison: ab 215 DKK pro Nacht<\/li>\n<li data-start=\"238\" data-end=\"265\">Hochsaison: ab 245 DKK pro Nacht<\/li>\n<li style=\"list-style-type: none;\">\n<ul data-start=\"236\" data-end=\"299\"><\/ul>\n<\/li>\n<\/ul>\n<p>[\/et_pb_blurb][\/et_pb_column][et_pb_column type=&#8220;1_3&#8243; _builder_version=&#8220;4.16&#8243; custom_padding=&#8220;|||&#8220; custom_css_main_element=&#8220;border-right: 1px solid #fff;&#8220; global_colors_info=&#8220;{}&#8220; custom_padding__hover=&#8220;|||&#8220;][\/et_pb_column][et_pb_column type=&#8220;1_3&#8243; _builder_version=&#8220;4.27.4&#8243; custom_padding=&#8220;|||&#8220; custom_css_main_element=&#8220;margin: auto;&#8220; global_colors_info=&#8220;{}&#8220; custom_padding__hover=&#8220;|||&#8220;][et_pb_button button_url=&#8220;https:\/\/booking.rosenvoldcamping.dk\/daybooking\/product?cid=270&amp;lc=da&amp;wid=1&amp;pid=1391&amp;start=2026-03-01&#8243; button_text=&#8220;JETZT BUCHEN&#8220; button_alignment=&#8220;center&#8220; _builder_version=&#8220;4.27.4&#8243; _module_preset=&#8220;default&#8220; custom_button=&#8220;on&#8220; button_text_color=&#8220;#FFFFFF&#8220; button_bg_color=&#8220;gcid-54f53681-a1a7-480a-a9b1-2870b6981fc0&#8243; button_border_width=&#8220;0px&#8220; button_border_radius=&#8220;30px&#8220; button_icon=&#8220;&#x24;||divi||400&#8243; button_icon_placement=&#8220;left&#8220; hover_enabled=&#8220;0&#8243; box_shadow_style=&#8220;preset1&#8243; global_colors_info=&#8220;{%22gcid-54f53681-a1a7-480a-a9b1-2870b6981fc0%22:%91%22button_bg_color%22%93,%22gcid-secondary-color%22:%91%22button_bg_color__hover%22%93}&#8220; button_text_color__hover_enabled=&#8220;on|desktop&#8220; button_bg_color__hover_enabled=&#8220;on|hover&#8220; button_bg_color__hover=&#8220;#eac7a5&#8243; button_bg_enable_color__hover=&#8220;on&#8220; button_text_color__hover=&#8220;#FFFFFF&#8220; sticky_enabled=&#8220;0&#8243;][\/et_pb_button][et_pb_button button_url=&#8220;@ET-DC@eyJkeW5hbWljIjp0cnVlLCJjb250ZW50IjoicG9zdF9saW5rX3VybF9wYWdlIiwic2V0dGluZ3MiOnsicG9zdF9pZCI6IjgwMyIsImVuYWJsZV9odG1sIjoib2ZmIn19@&#8220; button_text=&#8220;PREISE SEHEN&#8220; button_alignment=&#8220;center&#8220; _builder_version=&#8220;4.27.4&#8243; _dynamic_attributes=&#8220;button_url&#8220; _module_preset=&#8220;default&#8220; custom_button=&#8220;on&#8220; button_text_color=&#8220;#FFFFFF&#8220; button_bg_color=&#8220;gcid-54f53681-a1a7-480a-a9b1-2870b6981fc0&#8243; button_border_width=&#8220;0px&#8220; button_border_radius=&#8220;30px&#8220; button_icon=&#8220;&#x24;||divi||400&#8243; button_icon_placement=&#8220;left&#8220; box_shadow_style=&#8220;preset1&#8243; global_colors_info=&#8220;{%22gcid-54f53681-a1a7-480a-a9b1-2870b6981fc0%22:%91%22button_bg_color%22%93,%22gcid-secondary-color%22:%91%22button_bg_color__hover%22%93}&#8220; button_text_color__hover_enabled=&#8220;on|desktop&#8220; button_bg_color__hover_enabled=&#8220;on|hover&#8220; button_bg_color__hover=&#8220;#eac7a5&#8243; button_bg_enable_color__hover=&#8220;on&#8220; button_text_color__hover=&#8220;#FFFFFF&#8220;][\/et_pb_button][\/et_pb_column][\/et_pb_row][et_pb_row _builder_version=&#8220;4.27.4&#8243; _module_preset=&#8220;default&#8220; global_colors_info=&#8220;{}&#8220;][et_pb_column type=&#8220;4_4&#8243; _builder_version=&#8220;4.27.4&#8243; _module_preset=&#8220;default&#8220; global_colors_info=&#8220;{}&#8220;][et_pb_text _builder_version=&#8220;4.27.4&#8243; header_font=&#8220;||||||||&#8220; header_2_font=&#8220;|800|||||||&#8220; header_2_text_color=&#8220;#3a1d1d&#8220; header_2_font_size=&#8220;44px&#8220; custom_margin=&#8220;||15px&#8220; header_2_font_size_tablet=&#8220;&#8220; header_2_font_size_phone=&#8220;34px&#8220; header_2_font_size_last_edited=&#8220;on|phone&#8220; global_colors_info=&#8220;{}&#8220;]<\/p>\n<h2 data-fontsize=\"33\" data-lineheight=\"33px\" class=\"fusion-responsive-typography-calculated\"><strong>Zeltplatz mit lustigen Aktivit\u00e4ten<\/strong><\/h2>\n<p>Auf unserem Camping- und Zeltplatz finden Sie viele lustige Einrichtungen f\u00fcr die gro\u00dfen, kleinen und vierbeinigen Mitglieder der Familie:<\/p>\n<ul>\n<li>Petanque-Platz<\/li>\n<li>Beachvolleyball<\/li>\n<li>Tischtennis<\/li>\n<li>H\u00e4ngematten<\/li>\n<li>Spielplatz<\/li>\n<li>Ziegen falten<\/li>\n<li>Hundeauslaufplatz<\/li>\n<li>Wohnkabine\/TV-Lounge<\/li>\n<\/ul>\n<h2 data-fontsize=\"33\" data-lineheight=\"33px\" class=\"fusion-responsive-typography-calculated\"><strong>Zelt mit Blick auf den Strand oder den Wald<\/strong><\/h2>\n<p data-start=\"168\" data-end=\"651\">Rosenvold Strand Camping bietet eine Vielzahl von Unterkunftsm\u00f6glichkeiten, darunter einen Wohnmobilstellplatz, Campingh\u00fctten, Mobilheime und zwei malerische Zeltpl\u00e4tze. Ein Campingplatz befindet sich im Westen mit direktem Zugang zum Strand durch ein kleines Tor. Das Meer ist ganz in der N\u00e4he &#8211; perfekt f\u00fcr Kajakfahrer und Morgenschwimmer, die ein kurzes Bad sch\u00e4tzen. An diesem Teil des Strandes finden Sie auch eine Feuerstelle, an der Sie die Abende mit Blick auf das Wasser und ein loderndes Feuer genie\u00dfen k\u00f6nnen.   <\/p>\n<p data-start=\"653\" data-end=\"927\">Der zweite Campingplatz befindet sich im n\u00f6rdlichen Teil des Gebiets, umgeben von wundersch\u00f6ner Natur und einer reichen Tierwelt &#8211; besonders stimmungsvoll in den fr\u00fchen Morgenstunden. Wenn Sie eine kleinere Gruppe sind, ist es von hier aus nicht weit zu unseren Campingpl\u00e4tzen, die zum geselligen Beisammensein und Genie\u00dfen der Natur einladen. <\/p>\n<p data-start=\"929\" data-end=\"1141\">Wenn Sie mehr \u00fcber unsere Stellpl\u00e4tze, andere Einrichtungen oder Preise erfahren m\u00f6chten, z\u00f6gern Sie nicht, uns zu kontaktieren.<br data-start=\"1102\" data-end=\"1105\">Rufen Sie uns an unter<span> <\/span><strong data-start=\"1120\" data-end=\"1135\">75 69 14 15<\/strong><span> <\/span>oder senden Sie eine E-Mail an<span> <\/span><strong data-start=\"1159\" data-end=\"1187\"><a data-start=\"1161\" data-end=\"1185\" class=\"decorated-link cursor-pointer\" rel=\"noopener\">info@rosenvoldcamping.dk<span aria-hidden=\"true\" class=\"ms-0.5 inline-block align-middle leading-none\"><svg width=\"20\" height=\"20\" viewbox=\"0 0 20 20\" fill=\"currentColor\" xmlns=\"http:\/\/www.w3.org\/2000\/svg\" data-rtl-flip=\"\" class=\"block h-[0.75em] w-[0.75em] stroke-current stroke-[0.75]\"><path d=\"M14.3349 13.3301V6.60645L5.47065 15.4707C5.21095 15.7304 4.78895 15.7304 4.52925 15.4707C4.26955 15.211 4.26955 14.789 4.52925 14.5293L13.3935 5.66504H6.66011C6.29284 5.66504 5.99507 5.36727 5.99507 5C5.99507 4.63273 6.29284 4.33496 6.66011 4.33496H14.9999L15.1337 4.34863C15.4369 4.41057 15.665 4.67857 15.665 5V13.3301C15.6649 13.6973 15.3672 13.9951 14.9999 13.9951C14.6327 13.9951 14.335 13.6973 14.3349 13.3301Z\"><\/path><\/svg><\/span><\/a><\/strong>.<br data-start=\"1188\" data-end=\"1191\">Wir freuen uns darauf, Sie auf Rosenvold Strand Camping begr\u00fc\u00dfen zu d\u00fcrfen!<\/p>\n<p data-start=\"1143\" data-end=\"1319\">Wir haben Besucher aus dem ganzen Land &#8211; unter anderem aus Vejle, Juelsminde, Aarhus und F\u00fcnen &#8211; und wir freuen uns darauf, Sie zu einem unvergesslichen Campingerlebnis am Wasser begr\u00fc\u00dfen zu d\u00fcrfen!<\/p>\n<p>[\/et_pb_text][\/et_pb_column][\/et_pb_row][\/et_pb_section]<\/p>\n","protected":false},"excerpt":{"rendered":"<p>Zeltplatz f\u00fcr die ganze Familie in Vejle Camping in malerischer Umgebung Ziehen Sie einen Campingausflug in Betracht und suchen Sie einen Campingplatz inmitten der Natur? Der Campingplatz von Rosenvold Strand Camping liegt mitten in der herrlichen Natur, in der N\u00e4he von Wald und Strand. Ein Campingausflug ist sowohl eine g\u00fcnstige als auch unglaublich angenehme Art, [&hellip;]<\/p>\n","protected":false},"author":1,"featured_media":0,"parent":0,"menu_order":0,"comment_status":"closed","ping_status":"closed","template":"","meta":{"_et_pb_use_builder":"on","_et_pb_old_content":"","_et_gb_content_width":"","footnotes":""},"folder":[],"class_list":["post-27771","page","type-page","status-publish","hentry"],"yoast_head":"<!-- This site is optimized with the Yoast SEO plugin v27.4 - https:\/\/yoast.com\/product\/yoast-seo-wordpress\/ -->\n<title>Zeltplatz bei Vejle | Rufen Sie an \u260e75 69 14 15 15 | Buchen Sie Ihren Zelturlaub<\/title>\n<meta name=\"description\" content=\"Zelturlaub in familienfreundlicher und landschaftlich reizvoller Umgebung in der N\u00e4he von Vejlfjord - Wir bieten Zeltpl\u00e4tze mit Blick auf Wald und Strand - Lesen Sie hier mehr \u279f\" \/>\n<meta name=\"robots\" content=\"index, follow, max-snippet:-1, max-image-preview:large, max-video-preview:-1\" \/>\n<link rel=\"canonical\" href=\"https:\/\/rosenvoldcamping.dk\/de\/zeltplatz\/\" \/>\n<meta property=\"og:locale\" content=\"de_DE\" \/>\n<meta property=\"og:type\" content=\"article\" \/>\n<meta property=\"og:title\" content=\"Zeltplatz bei Vejle | Rufen Sie an \u260e75 69 14 15 15 | Buchen Sie Ihren Zelturlaub\" \/>\n<meta property=\"og:description\" content=\"Zelturlaub in familienfreundlicher und landschaftlich reizvoller Umgebung in der N\u00e4he von Vejlfjord - Wir bieten Zeltpl\u00e4tze mit Blick auf Wald und Strand - Lesen Sie hier mehr \u279f\" \/>\n<meta property=\"og:url\" content=\"https:\/\/rosenvoldcamping.dk\/de\/zeltplatz\/\" \/>\n<meta property=\"og:site_name\" content=\"Rosenvold Camping\" \/>\n<meta property=\"article:modified_time\" content=\"2025-12-16T20:23:50+00:00\" \/>\n<meta name=\"twitter:card\" content=\"summary_large_image\" \/>\n<meta name=\"twitter:label1\" content=\"Gesch\u00e4tzte Lesezeit\" \/>\n\t<meta name=\"twitter:data1\" content=\"8\u00a0Minuten\" \/>\n<script type=\"application\/ld+json\" class=\"yoast-schema-graph\">{\"@context\":\"https:\\\/\\\/schema.org\",\"@graph\":[{\"@type\":\"WebPage\",\"@id\":\"https:\\\/\\\/rosenvoldcamping.dk\\\/de\\\/zeltplatz\\\/\",\"url\":\"https:\\\/\\\/rosenvoldcamping.dk\\\/de\\\/zeltplatz\\\/\",\"name\":\"Zeltplatz bei Vejle | Rufen Sie an \u260e75 69 14 15 15 | Buchen Sie Ihren Zelturlaub\",\"isPartOf\":{\"@id\":\"https:\\\/\\\/rosenvoldcamping.dk\\\/de\\\/#website\"},\"datePublished\":\"2025-09-18T08:24:03+00:00\",\"dateModified\":\"2025-12-16T20:23:50+00:00\",\"description\":\"Zelturlaub in familienfreundlicher und landschaftlich reizvoller Umgebung in der N\u00e4he von Vejlfjord - Wir bieten Zeltpl\u00e4tze mit Blick auf Wald und Strand - Lesen Sie hier mehr \u279f\",\"breadcrumb\":{\"@id\":\"https:\\\/\\\/rosenvoldcamping.dk\\\/de\\\/zeltplatz\\\/#breadcrumb\"},\"inLanguage\":\"de\",\"potentialAction\":[{\"@type\":\"ReadAction\",\"target\":[\"https:\\\/\\\/rosenvoldcamping.dk\\\/de\\\/zeltplatz\\\/\"]}]},{\"@type\":\"BreadcrumbList\",\"@id\":\"https:\\\/\\\/rosenvoldcamping.dk\\\/de\\\/zeltplatz\\\/#breadcrumb\",\"itemListElement\":[{\"@type\":\"ListItem\",\"position\":1,\"name\":\"Hjem\",\"item\":\"https:\\\/\\\/rosenvoldcamping.dk\\\/de\\\/hauptseite\\\/\"},{\"@type\":\"ListItem\",\"position\":2,\"name\":\"Zeltplatz\"}]},{\"@type\":\"WebSite\",\"@id\":\"https:\\\/\\\/rosenvoldcamping.dk\\\/de\\\/#website\",\"url\":\"https:\\\/\\\/rosenvoldcamping.dk\\\/de\\\/\",\"name\":\"Rosenvold Camping\",\"description\":\"En oase ved fjorden\",\"potentialAction\":[{\"@type\":\"SearchAction\",\"target\":{\"@type\":\"EntryPoint\",\"urlTemplate\":\"https:\\\/\\\/rosenvoldcamping.dk\\\/de\\\/?s={search_term_string}\"},\"query-input\":{\"@type\":\"PropertyValueSpecification\",\"valueRequired\":true,\"valueName\":\"search_term_string\"}}],\"inLanguage\":\"de\"}]}<\/script>\n<!-- \/ Yoast SEO plugin. -->","yoast_head_json":{"title":"Zeltplatz bei Vejle | Rufen Sie an \u260e75 69 14 15 15 | Buchen Sie Ihren Zelturlaub","description":"Zelturlaub in familienfreundlicher und landschaftlich reizvoller Umgebung in der N\u00e4he von Vejlfjord - Wir bieten Zeltpl\u00e4tze mit Blick auf Wald und Strand - Lesen Sie hier mehr \u279f","robots":{"index":"index","follow":"follow","max-snippet":"max-snippet:-1","max-image-preview":"max-image-preview:large","max-video-preview":"max-video-preview:-1"},"canonical":"https:\/\/rosenvoldcamping.dk\/de\/zeltplatz\/","og_locale":"de_DE","og_type":"article","og_title":"Zeltplatz bei Vejle | Rufen Sie an \u260e75 69 14 15 15 | Buchen Sie Ihren Zelturlaub","og_description":"Zelturlaub in familienfreundlicher und landschaftlich reizvoller Umgebung in der N\u00e4he von Vejlfjord - Wir bieten Zeltpl\u00e4tze mit Blick auf Wald und Strand - Lesen Sie hier mehr \u279f","og_url":"https:\/\/rosenvoldcamping.dk\/de\/zeltplatz\/","og_site_name":"Rosenvold Camping","article_modified_time":"2025-12-16T20:23:50+00:00","twitter_card":"summary_large_image","twitter_misc":{"Gesch\u00e4tzte Lesezeit":"8\u00a0Minuten"},"schema":{"@context":"https:\/\/schema.org","@graph":[{"@type":"WebPage","@id":"https:\/\/rosenvoldcamping.dk\/de\/zeltplatz\/","url":"https:\/\/rosenvoldcamping.dk\/de\/zeltplatz\/","name":"Zeltplatz bei Vejle | Rufen Sie an \u260e75 69 14 15 15 | Buchen Sie Ihren Zelturlaub","isPartOf":{"@id":"https:\/\/rosenvoldcamping.dk\/de\/#website"},"datePublished":"2025-09-18T08:24:03+00:00","dateModified":"2025-12-16T20:23:50+00:00","description":"Zelturlaub in familienfreundlicher und landschaftlich reizvoller Umgebung in der N\u00e4he von Vejlfjord - Wir bieten Zeltpl\u00e4tze mit Blick auf Wald und Strand - Lesen Sie hier mehr \u279f","breadcrumb":{"@id":"https:\/\/rosenvoldcamping.dk\/de\/zeltplatz\/#breadcrumb"},"inLanguage":"de","potentialAction":[{"@type":"ReadAction","target":["https:\/\/rosenvoldcamping.dk\/de\/zeltplatz\/"]}]},{"@type":"BreadcrumbList","@id":"https:\/\/rosenvoldcamping.dk\/de\/zeltplatz\/#breadcrumb","itemListElement":[{"@type":"ListItem","position":1,"name":"Hjem","item":"https:\/\/rosenvoldcamping.dk\/de\/hauptseite\/"},{"@type":"ListItem","position":2,"name":"Zeltplatz"}]},{"@type":"WebSite","@id":"https:\/\/rosenvoldcamping.dk\/de\/#website","url":"https:\/\/rosenvoldcamping.dk\/de\/","name":"Rosenvold Camping","description":"En oase ved fjorden","potentialAction":[{"@type":"SearchAction","target":{"@type":"EntryPoint","urlTemplate":"https:\/\/rosenvoldcamping.dk\/de\/?s={search_term_string}"},"query-input":{"@type":"PropertyValueSpecification","valueRequired":true,"valueName":"search_term_string"}}],"inLanguage":"de"}]}},"_links":{"self":[{"href":"https:\/\/rosenvoldcamping.dk\/de\/wp-json\/wp\/v2\/pages\/27771","targetHints":{"allow":["GET"]}}],"collection":[{"href":"https:\/\/rosenvoldcamping.dk\/de\/wp-json\/wp\/v2\/pages"}],"about":[{"href":"https:\/\/rosenvoldcamping.dk\/de\/wp-json\/wp\/v2\/types\/page"}],"author":[{"embeddable":true,"href":"https:\/\/rosenvoldcamping.dk\/de\/wp-json\/wp\/v2\/users\/1"}],"replies":[{"embeddable":true,"href":"https:\/\/rosenvoldcamping.dk\/de\/wp-json\/wp\/v2\/comments?post=27771"}],"version-history":[{"count":4,"href":"https:\/\/rosenvoldcamping.dk\/de\/wp-json\/wp\/v2\/pages\/27771\/revisions"}],"predecessor-version":[{"id":27789,"href":"https:\/\/rosenvoldcamping.dk\/de\/wp-json\/wp\/v2\/pages\/27771\/revisions\/27789"}],"wp:attachment":[{"href":"https:\/\/rosenvoldcamping.dk\/de\/wp-json\/wp\/v2\/media?parent=27771"}],"wp:term":[{"taxonomy":"folder","embeddable":true,"href":"https:\/\/rosenvoldcamping.dk\/de\/wp-json\/wp\/v2\/folder?post=27771"}],"curies":[{"name":"wp","href":"https:\/\/api.w.org\/{rel}","templated":true}]}}