{"id":28230,"date":"2025-09-18T09:24:21","date_gmt":"2025-09-18T08:24:21","guid":{"rendered":"https:\/\/rosenvoldcamping.dk\/neem-contact-met-ons-op\/"},"modified":"2026-01-18T19:05:54","modified_gmt":"2026-01-18T18:05:54","slug":"neem-contact-met-ons-op","status":"publish","type":"page","link":"https:\/\/rosenvoldcamping.dk\/nl\/neem-contact-met-ons-op\/","title":{"rendered":"Neem contact met ons op"},"content":{"rendered":"<p>[et_pb_section fb_built=&#8221;1&#8243; _builder_version=&#8221;4.27.4&#8243; background_image=&#8221;https:\/\/rosenvoldcamping.dk\/wp-content\/uploads\/2025\/09\/DJI_0015-scaled.jpg&#8221; background_position=&#8221;top_center&#8221; background_vertical_offset=&#8221;20%&#8221; min_height=&#8221;550px&#8221; global_colors_info=&#8221;{}&#8221;][et_pb_row _builder_version=&#8221;4.16&#8243; global_colors_info=&#8221;{}&#8221;][et_pb_column type=&#8221;4_4&#8243; _builder_version=&#8221;4.16&#8243; custom_padding=&#8221;|||&#8221; global_colors_info=&#8221;{}&#8221; custom_padding__hover=&#8221;|||&#8221;][et_pb_text _builder_version=&#8221;4.27.4&#8243; header_font=&#8221;|800|||||||&#8221; header_font_size=&#8221;44px&#8221; header_2_font=&#8221;|800|||||||&#8221; header_2_text_color=&#8221;#3a1d1d&#8221; header_2_font_size=&#8221;44px&#8221; text_orientation=&#8221;center&#8221; custom_margin=&#8221;||15px&#8221; header_2_font_size_tablet=&#8221;&#8221; header_2_font_size_phone=&#8221;34px&#8221; header_2_font_size_last_edited=&#8221;on|phone&#8221; global_colors_info=&#8221;{}&#8221;]<\/p>\n<h1><span style=\"color: #ffffff;\">Kontakt os<\/span><\/h1>\n<p>[\/et_pb_text][et_pb_divider divider_style=&#8221;dotted&#8221; divider_weight=&#8221;8px&#8221; _builder_version=&#8221;4.16&#8243; max_width=&#8221;8%&#8221; module_alignment=&#8221;center&#8221; custom_margin=&#8221;||15px&#8221; global_colors_info=&#8221;{}&#8221;][\/et_pb_divider][et_pb_text _builder_version=&#8221;4.27.4&#8243; header_font=&#8221;||||||||&#8221; header_2_font=&#8221;|800|||||||&#8221; header_2_text_align=&#8221;center&#8221; header_2_text_color=&#8221;#ffffff&#8221; header_2_font_size=&#8221;44px&#8221; custom_margin=&#8221;||15px&#8221; global_colors_info=&#8221;{}&#8221;][\/et_pb_text][\/et_pb_column][\/et_pb_row][\/et_pb_section][et_pb_section fb_built=&#8221;1&#8243; _builder_version=&#8221;4.16&#8243; global_colors_info=&#8221;{}&#8221;][et_pb_row padding_top_bottom_link_2=&#8221;true&#8221; padding_left_right_link_2=&#8221;true&#8221; _builder_version=&#8221;4.16&#8243; custom_padding=&#8221;32px|0px|0|0px|false|false&#8221; global_colors_info=&#8221;{}&#8221;][et_pb_column type=&#8221;4_4&#8243; _builder_version=&#8221;4.16&#8243; custom_padding=&#8221;|||&#8221; global_colors_info=&#8221;{}&#8221; custom_padding__hover=&#8221;|||&#8221;][et_pb_text _builder_version=&#8221;4.16&#8243; header_font=&#8221;||||||||&#8221; header_2_font=&#8221;|800|||||||&#8221; header_2_text_color=&#8221;#3a1d1d&#8221; header_2_font_size=&#8221;44px&#8221; custom_margin=&#8221;||15px&#8221; header_2_font_size_tablet=&#8221;&#8221; header_2_font_size_phone=&#8221;34px&#8221; header_2_font_size_last_edited=&#8221;on|phone&#8221; global_colors_info=&#8221;{}&#8221;]<\/p>\n<h2>Kontakt os<\/h2>\n<p>[\/et_pb_text][et_pb_text _builder_version=&#8221;4.27.4&#8243; header_font=&#8221;||||||||&#8221; header_2_font=&#8221;|800|||||||&#8221; header_2_text_color=&#8221;#3a1d1d&#8221; header_2_font_size=&#8221;44px&#8221; custom_margin=&#8221;||15px&#8221; header_2_font_size_tablet=&#8221;&#8221; header_2_font_size_phone=&#8221;34px&#8221; header_2_font_size_last_edited=&#8221;on|phone&#8221; global_colors_info=&#8221;{}&#8221;]<\/p>\n<p>Vi bestr\u00e6ber os p\u00e5 at besvare henvendelser s\u00e5 hurtigt som muligt. Udfyld venligst kontaktformularen herunder, s\u00e5 vender vi tilbage til dig p\u00e5 mail.<\/p>\n<p>[\/et_pb_text][et_pb_divider divider_style=&#8221;dotted&#8221; divider_weight=&#8221;8px&#8221; _builder_version=&#8221;4.16&#8243; max_width=&#8221;7%&#8221; custom_margin=&#8221;||15px&#8221; custom_padding=&#8221;20px||&#8221; global_colors_info=&#8221;{}&#8221;][\/et_pb_divider][\/et_pb_column][\/et_pb_row][et_pb_row column_structure=&#8221;2_3,1_3&#8243; padding_top_bottom_link_2=&#8221;true&#8221; padding_left_right_link_2=&#8221;true&#8221; _builder_version=&#8221;4.27.4&#8243; custom_padding=&#8221;22px|0px|75px|0px|false|false&#8221; global_colors_info=&#8221;{}&#8221;][et_pb_column type=&#8221;2_3&#8243; _builder_version=&#8221;4.16&#8243; custom_padding=&#8221;|||&#8221; global_colors_info=&#8221;{}&#8221; custom_padding__hover=&#8221;|||&#8221;][et_pb_contact_form email=&#8221;info@rosenvoldcamping.dk&#8221; custom_message=&#8221;Der er ny besked fra hjemmesiden p\u00e5 dansk||et_pb_line_break_holder||||et_pb_line_break_holder||%%Name%%||et_pb_line_break_holder||%%Email%%||et_pb_line_break_holder||%%Message%%&#8221; success_message=&#8221;Tak for din besked &#8211; vi svarer hurtigst muligt&#8221; _builder_version=&#8221;4.27.4&#8243; form_field_background_color=&#8221;gcid-54f53681-a1a7-480a-a9b1-2870b6981fc0&#8243; form_field_text_color=&#8221;#ffffff&#8221; form_field_font=&#8221;||||||||&#8221; hover_enabled=&#8221;0&#8243; form_background_color=&#8221;#c47f17&#8243; global_colors_info=&#8221;{%22gcid-54f53681-a1a7-480a-a9b1-2870b6981fc0%22:%91%22form_field_background_color%22%93}&#8221; sticky_enabled=&#8221;0&#8243;][et_pb_contact_field field_id=&#8221;Name&#8221; field_title=&#8221;Name&#8221; _builder_version=&#8221;4.16&#8243; global_colors_info=&#8221;{}&#8221; button_text_size__hover_enabled=&#8221;off&#8221; button_one_text_size__hover_enabled=&#8221;off&#8221; button_two_text_size__hover_enabled=&#8221;off&#8221; button_text_color__hover_enabled=&#8221;off&#8221; button_one_text_color__hover_enabled=&#8221;off&#8221; button_two_text_color__hover_enabled=&#8221;off&#8221; button_border_width__hover_enabled=&#8221;off&#8221; button_one_border_width__hover_enabled=&#8221;off&#8221; button_two_border_width__hover_enabled=&#8221;off&#8221; button_border_color__hover_enabled=&#8221;off&#8221; button_one_border_color__hover_enabled=&#8221;off&#8221; button_two_border_color__hover_enabled=&#8221;off&#8221; button_border_radius__hover_enabled=&#8221;off&#8221; button_one_border_radius__hover_enabled=&#8221;off&#8221; button_two_border_radius__hover_enabled=&#8221;off&#8221; button_letter_spacing__hover_enabled=&#8221;off&#8221; button_one_letter_spacing__hover_enabled=&#8221;off&#8221; button_two_letter_spacing__hover_enabled=&#8221;off&#8221; button_bg_color__hover_enabled=&#8221;off&#8221; button_one_bg_color__hover_enabled=&#8221;off&#8221; button_two_bg_color__hover_enabled=&#8221;off&#8221;][\/et_pb_contact_field][et_pb_contact_field field_id=&#8221;Email&#8221; field_title=&#8221;Email Address&#8221; field_type=&#8221;email&#8221; _builder_version=&#8221;4.16&#8243; global_colors_info=&#8221;{}&#8221; button_text_size__hover_enabled=&#8221;off&#8221; button_one_text_size__hover_enabled=&#8221;off&#8221; button_two_text_size__hover_enabled=&#8221;off&#8221; button_text_color__hover_enabled=&#8221;off&#8221; button_one_text_color__hover_enabled=&#8221;off&#8221; button_two_text_color__hover_enabled=&#8221;off&#8221; button_border_width__hover_enabled=&#8221;off&#8221; button_one_border_width__hover_enabled=&#8221;off&#8221; button_two_border_width__hover_enabled=&#8221;off&#8221; button_border_color__hover_enabled=&#8221;off&#8221; button_one_border_color__hover_enabled=&#8221;off&#8221; button_two_border_color__hover_enabled=&#8221;off&#8221; button_border_radius__hover_enabled=&#8221;off&#8221; button_one_border_radius__hover_enabled=&#8221;off&#8221; button_two_border_radius__hover_enabled=&#8221;off&#8221; button_letter_spacing__hover_enabled=&#8221;off&#8221; button_one_letter_spacing__hover_enabled=&#8221;off&#8221; button_two_letter_spacing__hover_enabled=&#8221;off&#8221; button_bg_color__hover_enabled=&#8221;off&#8221; button_one_bg_color__hover_enabled=&#8221;off&#8221; button_two_bg_color__hover_enabled=&#8221;off&#8221;][\/et_pb_contact_field][et_pb_contact_field field_id=&#8221;Message&#8221; field_title=&#8221;Message&#8221; field_type=&#8221;text&#8221; fullwidth_field=&#8221;on&#8221; _builder_version=&#8221;4.16&#8243; global_colors_info=&#8221;{}&#8221; button_text_size__hover_enabled=&#8221;off&#8221; button_one_text_size__hover_enabled=&#8221;off&#8221; button_two_text_size__hover_enabled=&#8221;off&#8221; button_text_color__hover_enabled=&#8221;off&#8221; button_one_text_color__hover_enabled=&#8221;off&#8221; button_two_text_color__hover_enabled=&#8221;off&#8221; button_border_width__hover_enabled=&#8221;off&#8221; button_one_border_width__hover_enabled=&#8221;off&#8221; button_two_border_width__hover_enabled=&#8221;off&#8221; button_border_color__hover_enabled=&#8221;off&#8221; button_one_border_color__hover_enabled=&#8221;off&#8221; button_two_border_color__hover_enabled=&#8221;off&#8221; button_border_radius__hover_enabled=&#8221;off&#8221; button_one_border_radius__hover_enabled=&#8221;off&#8221; button_two_border_radius__hover_enabled=&#8221;off&#8221; button_letter_spacing__hover_enabled=&#8221;off&#8221; button_one_letter_spacing__hover_enabled=&#8221;off&#8221; button_two_letter_spacing__hover_enabled=&#8221;off&#8221; button_bg_color__hover_enabled=&#8221;off&#8221; button_one_bg_color__hover_enabled=&#8221;off&#8221; button_two_bg_color__hover_enabled=&#8221;off&#8221;][\/et_pb_contact_field][\/et_pb_contact_form][\/et_pb_column][et_pb_column type=&#8221;1_3&#8243; _builder_version=&#8221;4.27.4&#8243; use_background_color_gradient=&#8221;on&#8221; background_color_gradient_stops=&#8221;rgba(0,0,0,0.6) 0%|rgba(0,0,0,0.6) 100%&#8221; background_color_gradient_overlays_image=&#8221;on&#8221; background_color_gradient_start=&#8221;rgba(0,0,0,0.6)&#8221; background_color_gradient_end=&#8221;rgba(0,0,0,0.6)&#8221; background_image=&#8221;https:\/\/rosenvoldcamping.dk\/wp-content\/uploads\/2025\/09\/IMG_0616photo.jpg&#8221; custom_padding=&#8221;50px|50px|50px|50px&#8221; box_shadow_style=&#8221;preset1&#8243; global_colors_info=&#8221;{}&#8221; custom_padding__hover=&#8221;|||&#8221;][et_pb_text _builder_version=&#8221;4.27.4&#8243; text_font=&#8221;||||||||&#8221; text_text_color=&#8221;#ffffff&#8221; header_3_text_color=&#8221;#FFFFFF&#8221; global_module=&#8221;26131&#8243; saved_tabs=&#8221;all&#8221; global_colors_info=&#8221;{}&#8221;]<\/p>\n<h3>S\u00e6son 2026<\/h3>\n<p>27\/3 &#8211; 18\/10<\/p>\n<p>[\/et_pb_text][et_pb_divider color=&#8221;gcid-54f53681-a1a7-480a-a9b1-2870b6981fc0&#8243; divider_position=&#8221;center&#8221; _builder_version=&#8221;4.27.4&#8243; global_colors_info=&#8221;{%22gcid-54f53681-a1a7-480a-a9b1-2870b6981fc0%22:%91%22color%22%93}&#8221;][\/et_pb_divider][et_pb_text _builder_version=&#8221;4.27.4&#8243; text_font=&#8221;||||||||&#8221; text_text_color=&#8221;#ffffff&#8221; header_3_text_color=&#8221;#FFFFFF&#8221; global_module=&#8221;26134&#8243; saved_tabs=&#8221;all&#8221; global_colors_info=&#8221;{}&#8221;]<\/p>\n<h3>\u00c5bningstider reception<\/h3>\n<p><strong>Lavs\u00e6son<\/strong><br \/>09:30 &#8211; 11:00 &amp; 14.00 &#8211; 17:00<\/p>\n<p><b>H\u00f8js\u00e6son<br \/><\/b>09:00 &#8211; 19.00<\/p>\n<p>[\/et_pb_text][\/et_pb_column][\/et_pb_row][et_pb_row column_structure=&#8221;1_3,1_3,1_3&#8243; use_custom_gutter=&#8221;on&#8221; gutter_width=&#8221;4&#8243; make_equal=&#8221;on&#8221; _builder_version=&#8221;4.27.4&#8243; use_background_color_gradient=&#8221;on&#8221; background_color_gradient_stops=&#8221;rgba(0,0,0,0.6) 0%|rgba(0,0,0,0.6) 100%&#8221; background_color_gradient_overlays_image=&#8221;on&#8221; background_color_gradient_start=&#8221;rgba(0,0,0,0.6)&#8221; background_color_gradient_end=&#8221;rgba(0,0,0,0.6)&#8221; background_image=&#8221;https:\/\/rosenvoldcamping.dk\/wp-content\/uploads\/2025\/09\/RosenvoldStrandCamping-047.jpg&#8221; background_position=&#8221;bottom_center&#8221; background_vertical_offset=&#8221;24%&#8221; custom_padding=&#8221;50px|50px|50px|50px|true|true&#8221; box_shadow_style=&#8221;preset1&#8243; global_colors_info=&#8221;{}&#8221;][et_pb_column type=&#8221;1_3&#8243; _builder_version=&#8221;4.16&#8243; custom_padding=&#8221;|||&#8221; custom_css_main_element=&#8221;border-right: 1px solid #fff;||&#8221; global_colors_info=&#8221;{}&#8221; custom_padding__hover=&#8221;|||&#8221;][et_pb_blurb title=&#8221;Addresse&#8221; use_icon=&#8221;on&#8221; font_icon=&#8221;&#xe081;||divi||400&#8243; icon_color=&#8221;gcid-54f53681-a1a7-480a-a9b1-2870b6981fc0&#8243; icon_placement=&#8221;left&#8221; _builder_version=&#8221;4.27.4&#8243; background_layout=&#8221;dark&#8221; global_colors_info=&#8221;{%22gcid-54f53681-a1a7-480a-a9b1-2870b6981fc0%22:%91%22icon_color%22%93}&#8221;]<\/p>\n<p>Rosenvoldvej 19<br \/>7140 Stouby<\/p>\n<p>[\/et_pb_blurb][\/et_pb_column][et_pb_column type=&#8221;1_3&#8243; _builder_version=&#8221;4.16&#8243; custom_padding=&#8221;|||&#8221; custom_css_main_element=&#8221;border-right: 1px solid #fff;&#8221; global_colors_info=&#8221;{}&#8221; custom_padding__hover=&#8221;|||&#8221;][et_pb_blurb title=&#8221;Email&#8221; use_icon=&#8221;on&#8221; font_icon=&#8221;&#xe076;||divi||400&#8243; icon_color=&#8221;gcid-54f53681-a1a7-480a-a9b1-2870b6981fc0&#8243; icon_placement=&#8221;left&#8221; image_icon_width=&#8221;33px&#8221; _builder_version=&#8221;4.27.4&#8243; background_layout=&#8221;dark&#8221; icon_font_size=&#8221;33px&#8221; global_colors_info=&#8221;{%22gcid-54f53681-a1a7-480a-a9b1-2870b6981fc0%22:%91%22icon_color%22%93}&#8221;]<\/p>\n<p><a style=\"color: white;\" href=\"mailto:info@rosenvoldcamping.dk\">info@rosenvoldcamping.dk<\/a><\/p>\n<p>[\/et_pb_blurb][\/et_pb_column][et_pb_column type=&#8221;1_3&#8243; _builder_version=&#8221;4.16&#8243; custom_padding=&#8221;|||&#8221; global_colors_info=&#8221;{}&#8221; custom_padding__hover=&#8221;|||&#8221;][et_pb_blurb title=&#8221;Telefon&#8221; use_icon=&#8221;on&#8221; font_icon=&#8221;&#xe090;||divi||400&#8243; icon_color=&#8221;gcid-54f53681-a1a7-480a-a9b1-2870b6981fc0&#8243; icon_placement=&#8221;left&#8221; image_icon_width=&#8221;33px&#8221; _builder_version=&#8221;4.27.4&#8243; background_layout=&#8221;dark&#8221; icon_font_size=&#8221;33px&#8221; global_colors_info=&#8221;{%22gcid-54f53681-a1a7-480a-a9b1-2870b6981fc0%22:%91%22icon_color%22%93}&#8221;]<\/p>\n<p>Fast net: <a style=\"color: white;\" href=\"tel:+4575691415\">+45 7569 1415<\/a><br \/>Mobil: <a style=\"color: white;\" href=\"tel:+4521425242\">+45 2142 5242<\/a><\/p>\n<p>[\/et_pb_blurb][\/et_pb_column][\/et_pb_row][\/et_pb_section][et_pb_section fb_built=&#8221;1&#8243; fullwidth=&#8221;on&#8221; disabled_on=&#8221;on|on|on&#8221; _builder_version=&#8221;4.27.4&#8243; disabled=&#8221;on&#8221; global_colors_info=&#8221;{}&#8221;][et_pb_fullwidth_map address=&#8221;Rosenvoldvej 19 7140 Stouby&#8221; zoom_level=&#8221;14&#8243; address_lat=&#8221;32.715015849973&#8243; address_lng=&#8221;-117.15421734492&#8243; mouse_wheel=&#8221;off&#8221; _builder_version=&#8221;4.27.4&#8243; z_index_tablet=&#8221;500&#8243; global_colors_info=&#8221;{}&#8221;][et_pb_map_pin pin_address=&#8221;Rosenvoldvej 19 7140 Stouby&#8221; zoom_level=&#8221;12&#8243; pin_address_lat=&#8221;32.824282758472&#8243; pin_address_lng=&#8221;-117.21738873164&#8243; _builder_version=&#8221;4.27.4&#8243; global_colors_info=&#8221;{}&#8221;][\/et_pb_map_pin][\/et_pb_fullwidth_map][\/et_pb_section]<\/p>\n","protected":false},"excerpt":{"rendered":"<p>Kontakt osKontakt osVi bestr\u00e6ber os p\u00e5 at besvare henvendelser s\u00e5 hurtigt som muligt. Udfyld venligst kontaktformularen herunder, s\u00e5 vender vi tilbage til dig p\u00e5 mail.S\u00e6son 2026 27\/3 &#8211; 18\/10 \u00c5bningstider reception Lavs\u00e6son09:30 &#8211; 11:00 &amp; 14.00 &#8211; 17:00 H\u00f8js\u00e6son09:00 &#8211; 19.00 Rosenvoldvej 197140 Stoubyinfo@rosenvoldcamping.dkFast net: +45 7569 1415Mobil: +45 2142 5242<\/p>\n","protected":false},"author":1,"featured_media":0,"parent":0,"menu_order":0,"comment_status":"closed","ping_status":"closed","template":"","meta":{"_et_pb_use_builder":"on","_et_pb_old_content":"","_et_gb_content_width":"","footnotes":""},"folder":[],"class_list":["post-28230","page","type-page","status-publish","hentry"],"yoast_head":"<!-- This site is optimized with the Yoast SEO plugin v27.5 - https:\/\/yoast.com\/product\/yoast-seo-wordpress\/ -->\n<title>Neem contact op met Rosenvold Strand Camping op tel. +45 75 69 14 15<\/title>\n<meta name=\"description\" content=\"Ervaar ontspannen kamperen op Rosenvold Strand. Neem contact met ons op via telefoon, e-mail of contactformulier voor een onvergetelijke vakantie-ervaring. Neem vandaag nog contact met ons op\" \/>\n<meta name=\"robots\" content=\"index, follow, max-snippet:-1, max-image-preview:large, max-video-preview:-1\" \/>\n<link rel=\"canonical\" href=\"https:\/\/rosenvoldcamping.dk\/nl\/neem-contact-met-ons-op\/\" \/>\n<meta property=\"og:locale\" content=\"nl_NL\" \/>\n<meta property=\"og:type\" content=\"article\" \/>\n<meta property=\"og:title\" content=\"Neem contact op met Rosenvold Strand Camping op tel. +45 75 69 14 15\" \/>\n<meta property=\"og:description\" content=\"Ervaar ontspannen kamperen op Rosenvold Strand. Neem contact met ons op via telefoon, e-mail of contactformulier voor een onvergetelijke vakantie-ervaring. Neem vandaag nog contact met ons op\" \/>\n<meta property=\"og:url\" content=\"https:\/\/rosenvoldcamping.dk\/nl\/neem-contact-met-ons-op\/\" \/>\n<meta property=\"og:site_name\" content=\"Rosenvold Camping\" \/>\n<meta property=\"article:modified_time\" content=\"2026-01-18T18:05:54+00:00\" \/>\n<meta name=\"twitter:card\" content=\"summary_large_image\" \/>\n<meta name=\"twitter:label1\" content=\"Geschatte leestijd\" \/>\n\t<meta name=\"twitter:data1\" content=\"8 minuten\" \/>\n<script type=\"application\/ld+json\" class=\"yoast-schema-graph\">{\"@context\":\"https:\\\/\\\/schema.org\",\"@graph\":[{\"@type\":\"WebPage\",\"@id\":\"https:\\\/\\\/rosenvoldcamping.dk\\\/nl\\\/neem-contact-met-ons-op\\\/\",\"url\":\"https:\\\/\\\/rosenvoldcamping.dk\\\/nl\\\/neem-contact-met-ons-op\\\/\",\"name\":\"Neem contact op met Rosenvold Strand Camping op tel. +45 75 69 14 15\",\"isPartOf\":{\"@id\":\"https:\\\/\\\/rosenvoldcamping.dk\\\/nl\\\/#website\"},\"datePublished\":\"2025-09-18T08:24:21+00:00\",\"dateModified\":\"2026-01-18T18:05:54+00:00\",\"description\":\"Ervaar ontspannen kamperen op Rosenvold Strand. Neem contact met ons op via telefoon, e-mail of contactformulier voor een onvergetelijke vakantie-ervaring. Neem vandaag nog contact met ons op\",\"breadcrumb\":{\"@id\":\"https:\\\/\\\/rosenvoldcamping.dk\\\/nl\\\/neem-contact-met-ons-op\\\/#breadcrumb\"},\"inLanguage\":\"nl-NL\",\"potentialAction\":[{\"@type\":\"ReadAction\",\"target\":[\"https:\\\/\\\/rosenvoldcamping.dk\\\/nl\\\/neem-contact-met-ons-op\\\/\"]}]},{\"@type\":\"BreadcrumbList\",\"@id\":\"https:\\\/\\\/rosenvoldcamping.dk\\\/nl\\\/neem-contact-met-ons-op\\\/#breadcrumb\",\"itemListElement\":[{\"@type\":\"ListItem\",\"position\":1,\"name\":\"Hjem\",\"item\":\"https:\\\/\\\/rosenvoldcamping.dk\\\/nl\\\/startpagina\\\/\"},{\"@type\":\"ListItem\",\"position\":2,\"name\":\"Neem contact met ons op\"}]},{\"@type\":\"WebSite\",\"@id\":\"https:\\\/\\\/rosenvoldcamping.dk\\\/nl\\\/#website\",\"url\":\"https:\\\/\\\/rosenvoldcamping.dk\\\/nl\\\/\",\"name\":\"Rosenvold Camping\",\"description\":\"En oase ved fjorden\",\"potentialAction\":[{\"@type\":\"SearchAction\",\"target\":{\"@type\":\"EntryPoint\",\"urlTemplate\":\"https:\\\/\\\/rosenvoldcamping.dk\\\/nl\\\/?s={search_term_string}\"},\"query-input\":{\"@type\":\"PropertyValueSpecification\",\"valueRequired\":true,\"valueName\":\"search_term_string\"}}],\"inLanguage\":\"nl-NL\"}]}<\/script>\n<!-- \/ Yoast SEO plugin. -->","yoast_head_json":{"title":"Neem contact op met Rosenvold Strand Camping op tel. +45 75 69 14 15","description":"Ervaar ontspannen kamperen op Rosenvold Strand. Neem contact met ons op via telefoon, e-mail of contactformulier voor een onvergetelijke vakantie-ervaring. Neem vandaag nog contact met ons op","robots":{"index":"index","follow":"follow","max-snippet":"max-snippet:-1","max-image-preview":"max-image-preview:large","max-video-preview":"max-video-preview:-1"},"canonical":"https:\/\/rosenvoldcamping.dk\/nl\/neem-contact-met-ons-op\/","og_locale":"nl_NL","og_type":"article","og_title":"Neem contact op met Rosenvold Strand Camping op tel. +45 75 69 14 15","og_description":"Ervaar ontspannen kamperen op Rosenvold Strand. Neem contact met ons op via telefoon, e-mail of contactformulier voor een onvergetelijke vakantie-ervaring. Neem vandaag nog contact met ons op","og_url":"https:\/\/rosenvoldcamping.dk\/nl\/neem-contact-met-ons-op\/","og_site_name":"Rosenvold Camping","article_modified_time":"2026-01-18T18:05:54+00:00","twitter_card":"summary_large_image","twitter_misc":{"Geschatte leestijd":"8 minuten"},"schema":{"@context":"https:\/\/schema.org","@graph":[{"@type":"WebPage","@id":"https:\/\/rosenvoldcamping.dk\/nl\/neem-contact-met-ons-op\/","url":"https:\/\/rosenvoldcamping.dk\/nl\/neem-contact-met-ons-op\/","name":"Neem contact op met Rosenvold Strand Camping op tel. +45 75 69 14 15","isPartOf":{"@id":"https:\/\/rosenvoldcamping.dk\/nl\/#website"},"datePublished":"2025-09-18T08:24:21+00:00","dateModified":"2026-01-18T18:05:54+00:00","description":"Ervaar ontspannen kamperen op Rosenvold Strand. Neem contact met ons op via telefoon, e-mail of contactformulier voor een onvergetelijke vakantie-ervaring. Neem vandaag nog contact met ons op","breadcrumb":{"@id":"https:\/\/rosenvoldcamping.dk\/nl\/neem-contact-met-ons-op\/#breadcrumb"},"inLanguage":"nl-NL","potentialAction":[{"@type":"ReadAction","target":["https:\/\/rosenvoldcamping.dk\/nl\/neem-contact-met-ons-op\/"]}]},{"@type":"BreadcrumbList","@id":"https:\/\/rosenvoldcamping.dk\/nl\/neem-contact-met-ons-op\/#breadcrumb","itemListElement":[{"@type":"ListItem","position":1,"name":"Hjem","item":"https:\/\/rosenvoldcamping.dk\/nl\/startpagina\/"},{"@type":"ListItem","position":2,"name":"Neem contact met ons op"}]},{"@type":"WebSite","@id":"https:\/\/rosenvoldcamping.dk\/nl\/#website","url":"https:\/\/rosenvoldcamping.dk\/nl\/","name":"Rosenvold Camping","description":"En oase ved fjorden","potentialAction":[{"@type":"SearchAction","target":{"@type":"EntryPoint","urlTemplate":"https:\/\/rosenvoldcamping.dk\/nl\/?s={search_term_string}"},"query-input":{"@type":"PropertyValueSpecification","valueRequired":true,"valueName":"search_term_string"}}],"inLanguage":"nl-NL"}]}},"_links":{"self":[{"href":"https:\/\/rosenvoldcamping.dk\/nl\/wp-json\/wp\/v2\/pages\/28230","targetHints":{"allow":["GET"]}}],"collection":[{"href":"https:\/\/rosenvoldcamping.dk\/nl\/wp-json\/wp\/v2\/pages"}],"about":[{"href":"https:\/\/rosenvoldcamping.dk\/nl\/wp-json\/wp\/v2\/types\/page"}],"author":[{"embeddable":true,"href":"https:\/\/rosenvoldcamping.dk\/nl\/wp-json\/wp\/v2\/users\/1"}],"replies":[{"embeddable":true,"href":"https:\/\/rosenvoldcamping.dk\/nl\/wp-json\/wp\/v2\/comments?post=28230"}],"version-history":[{"count":1,"href":"https:\/\/rosenvoldcamping.dk\/nl\/wp-json\/wp\/v2\/pages\/28230\/revisions"}],"predecessor-version":[{"id":28233,"href":"https:\/\/rosenvoldcamping.dk\/nl\/wp-json\/wp\/v2\/pages\/28230\/revisions\/28233"}],"wp:attachment":[{"href":"https:\/\/rosenvoldcamping.dk\/nl\/wp-json\/wp\/v2\/media?parent=28230"}],"wp:term":[{"taxonomy":"folder","embeddable":true,"href":"https:\/\/rosenvoldcamping.dk\/nl\/wp-json\/wp\/v2\/folder?post=28230"}],"curies":[{"name":"wp","href":"https:\/\/api.w.org\/{rel}","templated":true}]}}