{"id":28235,"date":"2025-09-18T09:24:38","date_gmt":"2025-09-18T08:24:38","guid":{"rendered":"https:\/\/rosenvoldcamping.dk\/camping-la-pinede\/"},"modified":"2026-01-18T19:05:54","modified_gmt":"2026-01-18T18:05:54","slug":"camping-la-pinede","status":"publish","type":"page","link":"https:\/\/rosenvoldcamping.dk\/nl\/camping-la-pinede\/","title":{"rendered":"Camping La Pin\u00e8de"},"content":{"rendered":"<p>[et_pb_section fb_built=&#8221;1&#8243; _builder_version=&#8221;4.27.4&#8243; background_image=&#8221;https:\/\/rosenvoldcamping.dk\/wp-content\/uploads\/2025\/09\/Rosenvold_camping_pladsen2.jpg&#8221; min_height=&#8221;450px&#8221; global_colors_info=&#8221;{}&#8221;][et_pb_row _builder_version=&#8221;4.16&#8243; global_colors_info=&#8221;{}&#8221;][et_pb_column type=&#8221;4_4&#8243; _builder_version=&#8221;4.16&#8243; custom_padding=&#8221;|||&#8221; global_colors_info=&#8221;{}&#8221; custom_padding__hover=&#8221;|||&#8221;][et_pb_divider divider_style=&#8221;dotted&#8221; divider_weight=&#8221;8px&#8221; _builder_version=&#8221;4.16&#8243; max_width=&#8221;8%&#8221; module_alignment=&#8221;center&#8221; custom_margin=&#8221;||15px&#8221; global_colors_info=&#8221;{}&#8221;][\/et_pb_divider][et_pb_text _builder_version=&#8221;4.27.4&#8243; header_font=&#8221;||||||||&#8221; header_2_font=&#8221;|800|||||||&#8221; header_2_text_align=&#8221;center&#8221; header_2_text_color=&#8221;#ffffff&#8221; header_2_font_size=&#8221;44px&#8221; custom_margin=&#8221;||15px&#8221; global_colors_info=&#8221;{}&#8221;][\/et_pb_text][\/et_pb_column][\/et_pb_row][\/et_pb_section][et_pb_section fb_built=&#8221;1&#8243; _builder_version=&#8221;4.16&#8243; global_colors_info=&#8221;{}&#8221; locked=&#8221;off&#8221;][et_pb_row padding_top_bottom_link_2=&#8221;true&#8221; padding_left_right_link_2=&#8221;true&#8221; _builder_version=&#8221;4.16&#8243; custom_padding=&#8221;32px|0px|0|0px|false|false&#8221; global_colors_info=&#8221;{}&#8221;][et_pb_column type=&#8221;4_4&#8243; _builder_version=&#8221;4.16&#8243; custom_padding=&#8221;|||&#8221; global_colors_info=&#8221;{}&#8221; custom_padding__hover=&#8221;|||&#8221;][et_pb_text _builder_version=&#8221;4.27.4&#8243; header_font=&#8221;||||||||&#8221; header_2_font=&#8221;|800|||||||&#8221; header_2_text_color=&#8221;#3a1d1d&#8221; header_2_font_size=&#8221;44px&#8221; custom_margin=&#8221;||15px&#8221; hover_enabled=&#8221;0&#8243; header_2_font_size_tablet=&#8221;&#8221; header_2_font_size_phone=&#8221;34px&#8221; header_2_font_size_last_edited=&#8221;on|phone&#8221; global_colors_info=&#8221;{}&#8221; sticky_enabled=&#8221;0&#8243;]<\/p>\n<h2>FERIE T\u00c6T VED SK\u00d8NNE JUELSMINDE<br \/>P\u00c5 DEN LOKALE CAMPINGPLADS<\/h2>\n<p>[\/et_pb_text][et_pb_text _builder_version=&#8221;4.27.4&#8243; header_font=&#8221;||||||||&#8221; header_2_font=&#8221;|800|||||||&#8221; header_2_text_color=&#8221;#3a1d1d&#8221; header_2_font_size=&#8221;44px&#8221; custom_margin=&#8221;||15px&#8221; hover_enabled=&#8221;0&#8243; header_2_font_size_tablet=&#8221;&#8221; header_2_font_size_phone=&#8221;34px&#8221; header_2_font_size_last_edited=&#8221;on|phone&#8221; global_colors_info=&#8221;{}&#8221; sticky_enabled=&#8221;0&#8243;]<\/p>\n<p>Camping Juelsminde<\/p>\n<p>[\/et_pb_text][et_pb_text _builder_version=&#8221;4.27.4&#8243; _module_preset=&#8221;default&#8221; hover_enabled=&#8221;0&#8243; global_colors_info=&#8221;{}&#8221; sticky_enabled=&#8221;0&#8243;]<\/p>\n<div>\n<p>T\u00e6t ved Juelsminde finder du Rosenvold Strand Camping \u2013 et hyggeligt omr\u00e5de med en beliggenhed t\u00e6t ved Juelsminde og med alle de faciliteter, du kunne \u00f8nske dig. Her tilbyder vi den store legeplads til b\u00f8rnene, hvor der er rig mulighed for at bruge sv\u00e6vebanen, hoppepuden og klatrev\u00e6g.<\/p>\n<p>Til de voksne tilbyder vi masser af sport, s\u00e5 I kan tage en omgang Beach volleyball, petanque, minigolf, SUP Board og Sit-on-Top kajak, n\u00e5r det passer jer. Alt dette og mere til.<\/p>\n<\/div>\n<div class=\"fusion-text fusion-text-2\">\n<h3 data-fontsize=\"24\" data-lineheight=\"28.8px\" class=\"fusion-responsive-typography-calculated\"><strong>En hyggelig campingplads ved Juelsminde<\/strong><\/h3>\n<p>Hos Rosenvold tilbyder vi mange muligheder for camping n\u00e6r Juelsminde. Vi har store \u00e5bne pladser, hvor du kan have din egen<span>\u00a0<\/span><a href=\"https:\/\/rosenvoldcamping.dk\/campingvogn\/\">campingvogn<\/a>, telt eller<span>\u00a0<\/span><a href=\"https:\/\/rosenvoldcamping.dk\/autocamper\/\">autocamper<\/a><span>\u00a0<\/span>med.<\/p>\n<p><strong><br \/>\nUdlejning er ogs\u00e5 muligt<\/strong><br \/>\nHar du ingen af dele, er det intet problem. Du kan leje campingvogne,<span>\u00a0<\/span><a href=\"https:\/\/rosenvoldcamping.dk\/udlejning\/familie-telte\/\">familietelte<\/a><span>\u00a0<\/span>og<span>\u00a0<\/span><a href=\"https:\/\/rosenvoldcamping.dk\/udlejning\/mobilhome\/\">mobile homes<\/a><span>\u00a0<\/span>hos os. Vil du have en helt anden oplevelse, er det ogs\u00e5 muligt at leje en af vores hyggelige<span>\u00a0<\/span><a href=\"https:\/\/rosenvoldcamping.dk\/udlejning\/hytter\/\">tr\u00e6hytter<\/a><span>\u00a0<\/span>med plads til 4 personer.<\/p>\n<p>S\u00f8ger du en campingplads ved Juelsminde, hvor du b\u00e5de kan tage del i festlighederne og tr\u00e6kke dig tilbage for at nyde den lokale natur, s\u00e5 er din s\u00f8gen forbi. Du finder det hele ved<span>\u00a0<\/span><a href=\"https:\/\/rosenvoldcamping.dk\/\">Rosenvold Strand Camping<\/a>, og du kan reservere dit ophold<span>\u00a0<\/span><a href=\"https:\/\/v2.onlinebooking.camp\/Rosenvold\">her<\/a>.<\/p>\n<\/div>\n<p>[\/et_pb_text][et_pb_divider divider_style=&#8221;dotted&#8221; divider_weight=&#8221;8px&#8221; _builder_version=&#8221;4.16&#8243; max_width=&#8221;7%&#8221; custom_margin=&#8221;||15px&#8221; custom_padding=&#8221;20px||&#8221; global_colors_info=&#8221;{}&#8221;][\/et_pb_divider][\/et_pb_column][\/et_pb_row][et_pb_row _builder_version=&#8221;4.27.4&#8243; _module_preset=&#8221;default&#8221; column_structure=&#8221;1_3,1_3,1_3&#8243; hover_enabled=&#8221;0&#8243; sticky_enabled=&#8221;0&#8243;][et_pb_column _builder_version=&#8221;4.27.4&#8243; _module_preset=&#8221;default&#8221; type=&#8221;1_3&#8243;][et_pb_image src=&#8221;https:\/\/rosenvoldcamping.dk\/wp-content\/uploads\/2025\/09\/RosenvoldStrandCamping-026.jpg&#8221; _builder_version=&#8221;4.27.4&#8243; _module_preset=&#8221;default&#8221; title_text=&#8221;RosenvoldStrandCamping-026&#8243; hover_enabled=&#8221;0&#8243; sticky_enabled=&#8221;0&#8243;][\/et_pb_image][\/et_pb_column][et_pb_column _builder_version=&#8221;4.27.4&#8243; _module_preset=&#8221;default&#8221; type=&#8221;1_3&#8243;][et_pb_image src=&#8221;https:\/\/rosenvoldcamping.dk\/wp-content\/uploads\/2025\/09\/pladskort-web-stor.jpg&#8221; _builder_version=&#8221;4.27.4&#8243; _module_preset=&#8221;default&#8221; title_text=&#8221;pladskort-web-stor&#8221; hover_enabled=&#8221;0&#8243; sticky_enabled=&#8221;0&#8243;][\/et_pb_image][\/et_pb_column][et_pb_column _builder_version=&#8221;4.27.4&#8243; _module_preset=&#8221;default&#8221; type=&#8221;1_3&#8243;][et_pb_image src=&#8221;https:\/\/rosenvoldcamping.dk\/wp-content\/uploads\/2025\/09\/DJI_0002-scaled.jpg&#8221; _builder_version=&#8221;4.27.4&#8243; _module_preset=&#8221;default&#8221; title_text=&#8221;DJI_0002&#8243; hover_enabled=&#8221;0&#8243; sticky_enabled=&#8221;0&#8243;][\/et_pb_image][\/et_pb_column][\/et_pb_row][et_pb_row padding_top_bottom_link_2=&#8221;true&#8221; padding_left_right_link_2=&#8221;true&#8221; _builder_version=&#8221;4.16&#8243; custom_padding=&#8221;32px|0px|0|0px|false|false&#8221; global_colors_info=&#8221;{}&#8221;][et_pb_column type=&#8221;4_4&#8243; _builder_version=&#8221;4.16&#8243; custom_padding=&#8221;|||&#8221; global_colors_info=&#8221;{}&#8221; custom_padding__hover=&#8221;|||&#8221;][et_pb_text _builder_version=&#8221;4.27.4&#8243; header_font=&#8221;||||||||&#8221; header_2_font=&#8221;|800|||||||&#8221; header_2_text_color=&#8221;#3a1d1d&#8221; header_2_font_size=&#8221;44px&#8221; custom_margin=&#8221;||15px&#8221; hover_enabled=&#8221;0&#8243; header_2_font_size_tablet=&#8221;&#8221; header_2_font_size_phone=&#8221;34px&#8221; header_2_font_size_last_edited=&#8221;on|phone&#8221; global_colors_info=&#8221;{}&#8221; sticky_enabled=&#8221;0&#8243;]<\/p>\n<h3 data-fontsize=\"24\" data-lineheight=\"28.8px\" class=\"fusion-responsive-typography-calculated\"><strong>Oplev n\u00e6romr\u00e5det omkring Juelsminde<\/strong><\/h3>\n<p>[\/et_pb_text][et_pb_text _builder_version=&#8221;4.27.4&#8243; _module_preset=&#8221;default&#8221; hover_enabled=&#8221;0&#8243; global_colors_info=&#8221;{}&#8221; sticky_enabled=&#8221;0&#8243;]<\/p>\n<p>Rosenvold ligger centralt for masser af naturoplevelser. Vores medarbejdere kan guide dig til gode fiskesteder t\u00e6t ved havet og gode g\u00e5ruter i frodige Staksrode Skov. Vi tilbyder desuden de rette forhold til bed\u2019n\u2019bike i samarbejde med Aktiv Danmark, s\u00e5 du kan f\u00e5 repareret din cykel imellem de mange cykelture i omr\u00e5det.<\/p>\n<p>Hvis du gerne vil ind til Juelsminde, findes der masser af sm\u00e5, mindre trafikerede veje og cykelstier, der f\u00f8rer direkte til byen fra Rosenvold. Her kan du g\u00e5 en tur i Juelsmindes hyggelige, stenbelagte gader eller tage ned til den travle lystb\u00e5dehavn med sk\u00f8nne spisesteder og en altid fantastisk stemning.<\/p>\n<p>Tr\u00e6nger du til at slappe fra Juelsminde et \u00f8jeblik, kan du tage tilbage til Rosenvold og nyde freden \u2013 omringet af naturen.<\/p>\n<p>&nbsp;<\/p>\n<p><strong>N\u00e5r I bes\u00f8ger Juelsminde<\/strong><\/p>\n<p>I finder en masse gode oplevelser i Juelsminde, hvor havnemilj\u00f8et er en popul\u00e6r destination at bes\u00f8ge. L\u00e6s mere om<span>\u00a0<\/span><a href=\"https:\/\/juelsmindehavn.dk\/\" target=\"_blank\" rel=\"noopener\">Juelsminde havn her<\/a>\u00a0 \u00a0<br \/>N\u00e5r I bes\u00f8ger Juelsminde, s\u00e5 er der ogs\u00e5 en r\u00e6kke gode spisesteder men ogs\u00e5 shopping muligheder \u2013<span>\u00a0<\/span><a href=\"https:\/\/www.visitjuelsminde.dk\/juelsminde\/oplevelser\/shopping\/shopping-i-juelsminde\" target=\"_blank\" rel=\"noopener\">Dem kan du se her<\/a>\u00a0<\/p>\n<p>[\/et_pb_text][\/et_pb_column][\/et_pb_row][\/et_pb_section]<\/p>\n","protected":false},"excerpt":{"rendered":"<p>FERIE T\u00c6T VED SK\u00d8NNE JUELSMINDEP\u00c5 DEN LOKALE CAMPINGPLADSCamping Juelsminde T\u00e6t ved Juelsminde finder du Rosenvold Strand Camping \u2013 et hyggeligt omr\u00e5de med en beliggenhed t\u00e6t ved Juelsminde og med alle de faciliteter, du kunne \u00f8nske dig. Her tilbyder vi den store legeplads til b\u00f8rnene, hvor der er rig mulighed for at bruge sv\u00e6vebanen, hoppepuden og [&hellip;]<\/p>\n","protected":false},"author":1,"featured_media":0,"parent":0,"menu_order":0,"comment_status":"closed","ping_status":"closed","template":"","meta":{"_et_pb_use_builder":"on","_et_pb_old_content":"","_et_gb_content_width":"","footnotes":""},"folder":[],"class_list":["post-28235","page","type-page","status-publish","hentry"],"yoast_head":"<!-- This site is optimized with the Yoast SEO plugin v27.3 - https:\/\/yoast.com\/product\/yoast-seo-wordpress\/ -->\n<title>Camping bij Juelsminde | Familiecamping aan zee \u279c<\/title>\n<meta name=\"description\" content=\"Kamperen in Juelsminde - Direct aan het water \u2714\ufe0fSjove faciliteiten voor kinderen van alle leeftijden \u2714\ufe0fT\u00e6t in Juelsminde stad en haven \u2714\ufe0fBestil kampeervakantie vandaag \u279c\" \/>\n<meta name=\"robots\" content=\"index, follow, max-snippet:-1, max-image-preview:large, max-video-preview:-1\" \/>\n<link rel=\"canonical\" href=\"https:\/\/rosenvoldcamping.dk\/nl\/camping-la-pinede\/\" \/>\n<meta property=\"og:locale\" content=\"nl_NL\" \/>\n<meta property=\"og:type\" content=\"article\" \/>\n<meta property=\"og:title\" content=\"Camping bij Juelsminde | Familiecamping aan zee \u279c\" \/>\n<meta property=\"og:description\" content=\"Kamperen in Juelsminde - Direct aan het water \u2714\ufe0fSjove faciliteiten voor kinderen van alle leeftijden \u2714\ufe0fT\u00e6t in Juelsminde stad en haven \u2714\ufe0fBestil kampeervakantie vandaag \u279c\" \/>\n<meta property=\"og:url\" content=\"https:\/\/rosenvoldcamping.dk\/nl\/camping-la-pinede\/\" \/>\n<meta property=\"og:site_name\" content=\"Rosenvold Camping\" \/>\n<meta property=\"article:modified_time\" content=\"2026-01-18T18:05:54+00:00\" \/>\n<meta name=\"twitter:card\" content=\"summary_large_image\" \/>\n<meta name=\"twitter:label1\" content=\"Geschatte leestijd\" \/>\n\t<meta name=\"twitter:data1\" content=\"5 minuten\" \/>\n<script type=\"application\/ld+json\" class=\"yoast-schema-graph\">{\"@context\":\"https:\\\/\\\/schema.org\",\"@graph\":[{\"@type\":\"WebPage\",\"@id\":\"https:\\\/\\\/rosenvoldcamping.dk\\\/nl\\\/camping-la-pinede\\\/\",\"url\":\"https:\\\/\\\/rosenvoldcamping.dk\\\/nl\\\/camping-la-pinede\\\/\",\"name\":\"Camping bij Juelsminde | Familiecamping aan zee \u279c\",\"isPartOf\":{\"@id\":\"https:\\\/\\\/rosenvoldcamping.dk\\\/nl\\\/#website\"},\"datePublished\":\"2025-09-18T08:24:38+00:00\",\"dateModified\":\"2026-01-18T18:05:54+00:00\",\"description\":\"Kamperen in Juelsminde - Direct aan het water \u2714\ufe0fSjove faciliteiten voor kinderen van alle leeftijden \u2714\ufe0fT\u00e6t in Juelsminde stad en haven \u2714\ufe0fBestil kampeervakantie vandaag \u279c\",\"breadcrumb\":{\"@id\":\"https:\\\/\\\/rosenvoldcamping.dk\\\/nl\\\/camping-la-pinede\\\/#breadcrumb\"},\"inLanguage\":\"nl-NL\",\"potentialAction\":[{\"@type\":\"ReadAction\",\"target\":[\"https:\\\/\\\/rosenvoldcamping.dk\\\/nl\\\/camping-la-pinede\\\/\"]}]},{\"@type\":\"BreadcrumbList\",\"@id\":\"https:\\\/\\\/rosenvoldcamping.dk\\\/nl\\\/camping-la-pinede\\\/#breadcrumb\",\"itemListElement\":[{\"@type\":\"ListItem\",\"position\":1,\"name\":\"Hjem\",\"item\":\"https:\\\/\\\/rosenvoldcamping.dk\\\/nl\\\/startpagina\\\/\"},{\"@type\":\"ListItem\",\"position\":2,\"name\":\"Camping La Pin\u00e8de\"}]},{\"@type\":\"WebSite\",\"@id\":\"https:\\\/\\\/rosenvoldcamping.dk\\\/nl\\\/#website\",\"url\":\"https:\\\/\\\/rosenvoldcamping.dk\\\/nl\\\/\",\"name\":\"Rosenvold Camping\",\"description\":\"En oase ved fjorden\",\"potentialAction\":[{\"@type\":\"SearchAction\",\"target\":{\"@type\":\"EntryPoint\",\"urlTemplate\":\"https:\\\/\\\/rosenvoldcamping.dk\\\/nl\\\/?s={search_term_string}\"},\"query-input\":{\"@type\":\"PropertyValueSpecification\",\"valueRequired\":true,\"valueName\":\"search_term_string\"}}],\"inLanguage\":\"nl-NL\"}]}<\/script>\n<!-- \/ Yoast SEO plugin. -->","yoast_head_json":{"title":"Camping bij Juelsminde | Familiecamping aan zee \u279c","description":"Kamperen in Juelsminde - Direct aan het water \u2714\ufe0fSjove faciliteiten voor kinderen van alle leeftijden \u2714\ufe0fT\u00e6t in Juelsminde stad en haven \u2714\ufe0fBestil kampeervakantie vandaag \u279c","robots":{"index":"index","follow":"follow","max-snippet":"max-snippet:-1","max-image-preview":"max-image-preview:large","max-video-preview":"max-video-preview:-1"},"canonical":"https:\/\/rosenvoldcamping.dk\/nl\/camping-la-pinede\/","og_locale":"nl_NL","og_type":"article","og_title":"Camping bij Juelsminde | Familiecamping aan zee \u279c","og_description":"Kamperen in Juelsminde - Direct aan het water \u2714\ufe0fSjove faciliteiten voor kinderen van alle leeftijden \u2714\ufe0fT\u00e6t in Juelsminde stad en haven \u2714\ufe0fBestil kampeervakantie vandaag \u279c","og_url":"https:\/\/rosenvoldcamping.dk\/nl\/camping-la-pinede\/","og_site_name":"Rosenvold Camping","article_modified_time":"2026-01-18T18:05:54+00:00","twitter_card":"summary_large_image","twitter_misc":{"Geschatte leestijd":"5 minuten"},"schema":{"@context":"https:\/\/schema.org","@graph":[{"@type":"WebPage","@id":"https:\/\/rosenvoldcamping.dk\/nl\/camping-la-pinede\/","url":"https:\/\/rosenvoldcamping.dk\/nl\/camping-la-pinede\/","name":"Camping bij Juelsminde | Familiecamping aan zee \u279c","isPartOf":{"@id":"https:\/\/rosenvoldcamping.dk\/nl\/#website"},"datePublished":"2025-09-18T08:24:38+00:00","dateModified":"2026-01-18T18:05:54+00:00","description":"Kamperen in Juelsminde - Direct aan het water \u2714\ufe0fSjove faciliteiten voor kinderen van alle leeftijden \u2714\ufe0fT\u00e6t in Juelsminde stad en haven \u2714\ufe0fBestil kampeervakantie vandaag \u279c","breadcrumb":{"@id":"https:\/\/rosenvoldcamping.dk\/nl\/camping-la-pinede\/#breadcrumb"},"inLanguage":"nl-NL","potentialAction":[{"@type":"ReadAction","target":["https:\/\/rosenvoldcamping.dk\/nl\/camping-la-pinede\/"]}]},{"@type":"BreadcrumbList","@id":"https:\/\/rosenvoldcamping.dk\/nl\/camping-la-pinede\/#breadcrumb","itemListElement":[{"@type":"ListItem","position":1,"name":"Hjem","item":"https:\/\/rosenvoldcamping.dk\/nl\/startpagina\/"},{"@type":"ListItem","position":2,"name":"Camping La Pin\u00e8de"}]},{"@type":"WebSite","@id":"https:\/\/rosenvoldcamping.dk\/nl\/#website","url":"https:\/\/rosenvoldcamping.dk\/nl\/","name":"Rosenvold Camping","description":"En oase ved fjorden","potentialAction":[{"@type":"SearchAction","target":{"@type":"EntryPoint","urlTemplate":"https:\/\/rosenvoldcamping.dk\/nl\/?s={search_term_string}"},"query-input":{"@type":"PropertyValueSpecification","valueRequired":true,"valueName":"search_term_string"}}],"inLanguage":"nl-NL"}]}},"_links":{"self":[{"href":"https:\/\/rosenvoldcamping.dk\/nl\/wp-json\/wp\/v2\/pages\/28235","targetHints":{"allow":["GET"]}}],"collection":[{"href":"https:\/\/rosenvoldcamping.dk\/nl\/wp-json\/wp\/v2\/pages"}],"about":[{"href":"https:\/\/rosenvoldcamping.dk\/nl\/wp-json\/wp\/v2\/types\/page"}],"author":[{"embeddable":true,"href":"https:\/\/rosenvoldcamping.dk\/nl\/wp-json\/wp\/v2\/users\/1"}],"replies":[{"embeddable":true,"href":"https:\/\/rosenvoldcamping.dk\/nl\/wp-json\/wp\/v2\/comments?post=28235"}],"version-history":[{"count":1,"href":"https:\/\/rosenvoldcamping.dk\/nl\/wp-json\/wp\/v2\/pages\/28235\/revisions"}],"predecessor-version":[{"id":28237,"href":"https:\/\/rosenvoldcamping.dk\/nl\/wp-json\/wp\/v2\/pages\/28235\/revisions\/28237"}],"wp:attachment":[{"href":"https:\/\/rosenvoldcamping.dk\/nl\/wp-json\/wp\/v2\/media?parent=28235"}],"wp:term":[{"taxonomy":"folder","embeddable":true,"href":"https:\/\/rosenvoldcamping.dk\/nl\/wp-json\/wp\/v2\/folder?post=28235"}],"curies":[{"name":"wp","href":"https:\/\/api.w.org\/{rel}","templated":true}]}}